{"id":4536,"date":"2025-07-08T15:37:45","date_gmt":"2025-07-08T15:37:45","guid":{"rendered":"https:\/\/ombrasole.com\/?page_id=4536"},"modified":"2026-04-21T13:24:24","modified_gmt":"2026-04-21T13:24:24","slug":"rideaux-retractables-a-la-verticale-pour-lexterieur","status":"publish","type":"page","link":"https:\/\/ombrasole.com\/fr\/rideaux-retractables-a-la-verticale-pour-lexterieur\/","title":{"rendered":"Mitico- Rideaux r\u00e9tractables \u00e0 manivelle"},"content":{"rendered":"\n<h4>\n\t\t\tMITICO\t<\/h4>\n<h1>\n\t\t\tRideaux \u00e0 manivelle<br \/>\u00c9crans r\u00e9tractables\t<\/h1>\n\t\t\t<a href=\"https:\/\/ombrasole.com\/fr\/estimation-gratuite\/\"  target=\"_self\">\n\t\t\t\t\t\t\tSoumission gratuite\n\t\t\t\t\t<\/a>\n<h2>\n\t\t\t  Rideaux et stores d&rsquo;ext\u00e9rieur r\u00e9tractables \u00e0 manivelle\t<\/h2>\n\t<p>Profitez d&rsquo;un confort absolu avec nos stores \u00e0 manivelle pour l&rsquo;ext\u00e9rieur, alliant design moderne et simplicit\u00e9 d&rsquo;utilisation. En tournant la manivelle vous modulez l&rsquo;ombre et la luminosit\u00e9 pour cr\u00e9er l&rsquo;ambiance parfaite en toute circonstance; Nos stores ext\u00e9rieurs manuels vous offrent une protection efficace contre le soleil, la pluie et les regards indiscrets en cr\u00e9ant un mure d&rsquo;intimit\u00e9. Apportez une touche d&rsquo;\u00e9l\u00e9gance et d&rsquo;innovation \u00e0 votre terrasse ou balcon et transformez votre espace ext\u00e9rieur en un v\u00e9ritable endroit confortable!<\/p>\n\t\t<figure itemscope itemtype=\"https:\/\/schema.org\/ImageObject\">\n\t\t\t\t<img decoding=\"async\" src=\"https:\/\/ombrasole.com\/wp-content\/uploads\/bb-plugin\/cache\/3-panorama-d32af4765a901b7dd074641935ee1720-.png\" alt=\"3\" height=\"600\" width=\"600\" title=\"3\" onerror=\"this.style.display='none'\" loading=\"lazy\" \/>\n\t<\/figure>\n<h5>Fabriqu\u00e9 sur mesure \u00e0 Montr\u00e9al<\/h5><p>Con\u00e7u et fabriqu\u00e9 avec fiert\u00e9 \u00e0 Montr\u00e9al (Qu\u00e9bec)<\/p>\n\t\t<figure itemscope itemtype=\"https:\/\/schema.org\/ImageObject\">\n\t\t\t\t<img decoding=\"async\" src=\"https:\/\/ombrasole.com\/wp-content\/uploads\/bb-plugin\/cache\/2-panorama-d885c163b9785ffe7f10521ba643cb18-.png\" alt=\"2\" height=\"600\" width=\"600\" title=\"2\" onerror=\"this.style.display='none'\" loading=\"lazy\" \/>\n\t<\/figure>\n<h5>Mat\u00e9riaux de base de haute qualit\u00e9<\/h5><p>Mat\u00e9riaux robustes et de haute qualit\u00e9 pour une durabilit\u00e9 sup\u00e9rieure, d&rsquo;origine locale<\/p>\n\t\t<figure itemscope itemtype=\"https:\/\/schema.org\/ImageObject\">\n\t\t\t\t<img decoding=\"async\" src=\"https:\/\/ombrasole.com\/wp-content\/uploads\/bb-plugin\/cache\/1-panorama-b29cb3db784423b02bfc996834dcb08a-.png\" alt=\"1\" height=\"600\" width=\"600\" title=\"1\" onerror=\"this.style.display='none'\" loading=\"lazy\" \/>\n\t<\/figure>\n<h5>Un service et des garanties solides<\/h5><p>Garantie de 10 ans sur le tissu Serge Ferrari, garantie de 15 ans sur la structure.<\/p>\n\t\t<figure itemscope itemtype=\"https:\/\/schema.org\/ImageObject\">\n\t\t\t\t<img decoding=\"async\" src=\"https:\/\/ombrasole.com\/wp-content\/uploads\/bb-plugin\/cache\/4-panorama-7ca450a1f2183e027615d2001680ac77-.png\" alt=\"4\" height=\"600\" width=\"600\" title=\"4\" onerror=\"this.style.display='none'\" loading=\"lazy\" \/>\n\t<\/figure>\n<h5>Rangement sans effort 4 saisons<\/h5><p>Un stockage sans stress. Toutes nos solutions sont con\u00e7ues pour les 4 saisons.<\/p>\n<h2>\n\t\t\tMITICO: Stores d&rsquo;ext\u00e9rieur innovant pour votre patio, votre balcon ou votre terrasse\t<\/h2>\n\t<p>Notre conception innovante emp\u00eache les ouvertures et le gonflement de la toile en cas de vents forts<\/p>\n\t<h3>Conception ing\u00e9nieuse<\/h3>\n<p>Con\u00e7u et fabriqu\u00e9 exclusivement dans notre usine \u00e0 Montr\u00e9al. Ce store ext\u00e9rieur \u00e0 manivelle se distingue par sa structure solide en aluminium extrud\u00e9, peint en noir\u00a0 ou en gris anodis\u00e9 clair.<\/p>\n<hr \/>\n<h3>Options de mat\u00e9riaux personnalis\u00e9s<\/h3>\n<p>Choisissez parmi les m\u00e8ches de Serge Ferrari Soltis 86 et 92 pour une protection optimale contre le soleil, la pluie et le vent, le tout accompagn\u00e9 d&rsquo;une garantie limit\u00e9e de 10 ans contre la d\u00e9coloration.<\/p>\n<hr \/>\n<h3>Sur mesure<\/h3>\n<p>Adapt\u00e9 \u00e0 vos besoins sp\u00e9cifiques, avec des ouvertures allant de 10&prime; \u00e0 15&prime; et des hauteurs de 84&Prime; \u00e0 120\u00a0\u00bb.<\/p>\n<hr \/>\n<h3>Syst\u00e8me de verrouillage r\u00e9volutionnaire coupe-vent<\/h3>\n<p>Un syst\u00e8me de verrouillage r\u00e9volutionnaire assure la stabilit\u00e9 une fois le rideau baiss\u00e9. Ce syst\u00e8me de verrouillage plac\u00e9 au bas du rideau att\u00e9nue les vents forts et emp\u00eache la toile de gonfler<\/p>\n<h4>\n\t\t\tTISSUS ET FOURNISSEURS DE HAUTE QUALIT\u00c9\t<\/h4>\n<figure itemscope itemtype=\"https:\/\/schema.org\/ImageObject\">\n\t\t\t\t<a href=\"https:\/\/ombrasole.com\/wp-content\/uploads\/2026\/03\/Soltis-86-CATALOGUE_compressed.pdf\"  target=\"_blank\" rel=\"noopener\"  itemprop=\"url\">\n\t\t\t\t<img decoding=\"async\" src=\"https:\/\/ombrasole.com\/wp-content\/uploads\/2024\/02\/soltis-logo-1.jpg\" alt=\"soltis-logo\" height=\"97\" width=\"314\" title=\"soltis-logo\" onerror=\"this.style.display='none'\" loading=\"lazy\" \/>\n\t\t\t\t<\/a>\n\t<\/figure>\n<h2>\n\t\t\tFAQ:\t<\/h2>\n<h2>\n\t\t\tMITICO: Store \u00e0 Rouleau\t<\/h2>\n\t<p>Que vous cherchiez \u00e0 cr\u00e9er une retraite paisible ou un espace de divertissement dynamique, ces FAQ sont con\u00e7ues pour vous aider \u00e0 optimiser votre patio, votre balcon ou votre terrasse avec le mod\u00e8le MITICO d&rsquo;Ombrasole.<\/p>\n\t\t\t\t\t<a role=\"heading\" aria-level=\"2\" tabindex=\"-1\"  id=\"fl-accordion--label-0\">Comment les rideaux \u00e0 manivelle MITICO mettent-ils en valeur les espaces ext\u00e9rieurs ?<\/a>\n\t\t\t\t\t\t\t\t\t\t\t<button type=\"button\" id=\"fl-accordion--icon-0\" aria-expanded=\"false\" aria-controls=\"fl-accordion--panel-0\"><i>Expand<\/i><\/button>\n\t\t\t\t\t<p>Les rideaux MITICO offrent une protection solide contre les rayons UV, la pluie fine et le vent. Ils cr\u00e9ent un environnement ext\u00e9rieur confortable, permettant de manger en toute tranquillit\u00e9 et de passer du temps devant sa tablette ou cellulaire sans \u00eatre \u00e9bloui.<\/p>\n\t\t\t\t\t<a role=\"heading\" aria-level=\"2\" tabindex=\"-1\"  id=\"fl-accordion--label-1\">Le MITICO peut-il \u00eatre personnalis\u00e9 pour s&rsquo;adapter \u00e0 la surface sp\u00e9cifique de mon patio ou de ma terrasse ?<\/a>\n\t\t\t\t\t\t\t\t\t\t\t<button type=\"button\" id=\"fl-accordion--icon-1\" aria-expanded=\"false\" aria-controls=\"fl-accordion--panel-1\"><i>Expand<\/i><\/button>\n\t\t\t\t\t<p>Oui, le MITICO est fabriqu\u00e9 sur mesure pour r\u00e9pondre aux besoins individuels, avec une gamme de ouvertures et de hauteurs pour s&rsquo;adapter parfaitement \u00e0 votre espace ext\u00e9rieur.<\/p>\n\t\t\t\t\t<a role=\"heading\" aria-level=\"2\" tabindex=\"-1\"  id=\"fl-accordion--label-2\">Quels types de mat\u00e9riaux puis-je choisir pour le MITICO et sont-ils durables ?<\/a>\n\t\t\t\t\t\t\t\t\t\t\t<button type=\"button\" id=\"fl-accordion--icon-2\" aria-expanded=\"false\" aria-controls=\"fl-accordion--panel-2\"><i>Expand<\/i><\/button>\n\t\t\t\t\t<p>Vous pouvez choisir n&rsquo;importe quelle couleur de m\u00e8che de la gamme de Serge Ferrari Soltis 86 ou 92.\u00a0 Les m\u00e8ches de Serge Ferrari offrent une excellente protection assurant ainsi une durabilit\u00e9 et des performances \u00e0 long terme.<\/p>\n\t\t\t\t\t<a role=\"heading\" aria-level=\"2\" tabindex=\"-1\"  id=\"fl-accordion--label-3\">  Le MITICO est-il difficile \u00e0 utiliser?<\/a>\n\t\t\t\t\t\t\t\t\t\t\t<button type=\"button\" id=\"fl-accordion--icon-3\" aria-expanded=\"false\" aria-controls=\"fl-accordion--panel-3\"><i>Expand<\/i><\/button>\n\t\t\t\t\t<p>Le MITICO est con\u00e7u pour \u00eatre facile \u00e0 utiliser n&rsquo;importe qui<\/p>\n\t\t\t\t\t<a role=\"heading\" aria-level=\"2\" tabindex=\"-1\"  id=\"fl-accordion--label-4\">Quelle est la garantie du MITICO?<\/a>\n\t\t\t\t\t\t\t\t\t\t\t<button type=\"button\" id=\"fl-accordion--icon-4\" aria-expanded=\"false\" aria-controls=\"fl-accordion--panel-4\"><i>Expand<\/i><\/button>\n\t\t\t\t\t<p>La structure du MITICO b\u00e9n\u00e9ficie d&rsquo;une garantie limit\u00e9e de 15 ans qui t\u00e9moigne de notre engagement en faveur de la qualit\u00e9 et de la satisfaction de nos clients. Serge Ferrari offre une garantie limit\u00e9e de 10 ans contre la d\u00e9coloration.\u00a0 \u00a0Durabilit\u00e9 assur\u00e9e!<\/p>\n<h2>\n\t\t\tObtenez un devis gratuit pour votre solution d&rsquo;auvent personnalis\u00e9e\t<\/h2>\n\t\t\t<a href=\"https:\/\/ombrasole.com\/fr\/estimation-gratuite\/\"  target=\"_self\">\n\t\t\t\t\t\t\tConsultez nos experts\n\t\t\t\t\t<\/a>\n\n","protected":false},"excerpt":{"rendered":"<p>MITICO Rideaux \u00e0 manivelle\u00c9crans r\u00e9tractables Soumission gratuite Rideaux et stores d&rsquo;ext\u00e9rieur r\u00e9tractables \u00e0 manivelle Profitez d&rsquo;un confort absolu avec nos stores \u00e0 manivelle pour l&rsquo;ext\u00e9rieur, alliant design moderne et simplicit\u00e9 d&rsquo;utilisation. En tournant la manivelle vous modulez l&rsquo;ombre et la luminosit\u00e9 pour cr\u00e9er l&rsquo;ambiance parfaite en toute circonstance; Nos stores ext\u00e9rieurs manuels vous offrent une&hellip;<\/p>\n","protected":false},"author":6,"featured_media":0,"parent":0,"menu_order":0,"comment_status":"closed","ping_status":"closed","template":"","meta":{"footnotes":""},"class_list":["post-4536","page","type-page","status-publish","hentry"],"yoast_head":"<!-- This site is optimized with the Yoast SEO plugin v27.4 - https:\/\/yoast.com\/product\/yoast-seo-wordpress\/ -->\n<title>Rideaux et stores d&#039;ext\u00e9rieur r\u00e9tractables motoris\u00e9s | Ombrasole Awnings<\/title>\n<meta name=\"description\" content=\"Voici les rideaux et stores r\u00e9tractables motoris\u00e9s TCL, la solution de pointe d&#039;Ombrasole pour le confort et l&#039;intimit\u00e9 \u00e0 l&#039;ext\u00e9rieur. Voici les rideaux et stores r\u00e9tractables motoris\u00e9s TCL, la solution de pointe d&#039;Ombrasole pour le confort et l&#039;intimit\u00e9 \u00e0 l&#039;ext\u00e9rieur.\" \/>\n<meta name=\"robots\" content=\"index, follow, max-snippet:-1, max-image-preview:large, max-video-preview:-1\" \/>\n<link rel=\"canonical\" href=\"https:\/\/ombrasole.com\/fr\/rideaux-retractables-a-la-verticale-pour-lexterieur\/\" \/>\n<meta property=\"og:locale\" content=\"fr_FR\" \/>\n<meta property=\"og:type\" content=\"article\" \/>\n<meta property=\"og:title\" content=\"Rideaux et stores d&#039;ext\u00e9rieur r\u00e9tractables motoris\u00e9s | Ombrasole Awnings\" \/>\n<meta property=\"og:description\" content=\"Voici les rideaux et stores r\u00e9tractables motoris\u00e9s TCL, la solution de pointe d&#039;Ombrasole pour le confort et l&#039;intimit\u00e9 \u00e0 l&#039;ext\u00e9rieur. Voici les rideaux et stores r\u00e9tractables motoris\u00e9s TCL, la solution de pointe d&#039;Ombrasole pour le confort et l&#039;intimit\u00e9 \u00e0 l&#039;ext\u00e9rieur.\" \/>\n<meta property=\"og:url\" content=\"https:\/\/ombrasole.com\/fr\/rideaux-retractables-a-la-verticale-pour-lexterieur\/\" \/>\n<meta property=\"og:site_name\" content=\"Ombrasole Awnings\" \/>\n<meta property=\"article:publisher\" content=\"https:\/\/www.facebook.com\/ombrasole\/\" \/>\n<meta property=\"article:modified_time\" content=\"2026-04-21T13:24:24+00:00\" \/>\n<meta property=\"og:image\" content=\"https:\/\/ombrasole.com\/wp-content\/uploads\/bb-plugin\/cache\/3-panorama-d32af4765a901b7dd074641935ee1720-.png\" \/>\n<meta name=\"twitter:card\" content=\"summary_large_image\" \/>\n<meta name=\"twitter:label1\" content=\"Dur\u00e9e de lecture estim\u00e9e\" \/>\n\t<meta name=\"twitter:data1\" content=\"5 minutes\" \/>\n<script type=\"application\/ld+json\" class=\"yoast-schema-graph\">{\"@context\":\"https:\\\/\\\/schema.org\",\"@graph\":[{\"@type\":\"WebPage\",\"@id\":\"https:\\\/\\\/ombrasole.com\\\/fr\\\/rideaux-retractables-a-la-verticale-pour-lexterieur\\\/\",\"url\":\"https:\\\/\\\/ombrasole.com\\\/fr\\\/rideaux-retractables-a-la-verticale-pour-lexterieur\\\/\",\"name\":\"Rideaux et stores d'ext\u00e9rieur r\u00e9tractables motoris\u00e9s | Ombrasole Awnings\",\"isPartOf\":{\"@id\":\"https:\\\/\\\/ombrasole.com\\\/fr\\\/#website\"},\"primaryImageOfPage\":{\"@id\":\"https:\\\/\\\/ombrasole.com\\\/fr\\\/rideaux-retractables-a-la-verticale-pour-lexterieur\\\/#primaryimage\"},\"image\":{\"@id\":\"https:\\\/\\\/ombrasole.com\\\/fr\\\/rideaux-retractables-a-la-verticale-pour-lexterieur\\\/#primaryimage\"},\"thumbnailUrl\":\"https:\\\/\\\/ombrasole.com\\\/wp-content\\\/uploads\\\/bb-plugin\\\/cache\\\/3-panorama-d32af4765a901b7dd074641935ee1720-.png\",\"datePublished\":\"2025-07-08T15:37:45+00:00\",\"dateModified\":\"2026-04-21T13:24:24+00:00\",\"description\":\"Voici les rideaux et stores r\u00e9tractables motoris\u00e9s TCL, la solution de pointe d'Ombrasole pour le confort et l'intimit\u00e9 \u00e0 l'ext\u00e9rieur. Voici les rideaux et stores r\u00e9tractables motoris\u00e9s TCL, la solution de pointe d'Ombrasole pour le confort et l'intimit\u00e9 \u00e0 l'ext\u00e9rieur.\",\"breadcrumb\":{\"@id\":\"https:\\\/\\\/ombrasole.com\\\/fr\\\/rideaux-retractables-a-la-verticale-pour-lexterieur\\\/#breadcrumb\"},\"inLanguage\":\"fr-FR\",\"potentialAction\":[{\"@type\":\"ReadAction\",\"target\":[\"https:\\\/\\\/ombrasole.com\\\/fr\\\/rideaux-retractables-a-la-verticale-pour-lexterieur\\\/\"]}]},{\"@type\":\"ImageObject\",\"inLanguage\":\"fr-FR\",\"@id\":\"https:\\\/\\\/ombrasole.com\\\/fr\\\/rideaux-retractables-a-la-verticale-pour-lexterieur\\\/#primaryimage\",\"url\":\"https:\\\/\\\/ombrasole.com\\\/wp-content\\\/uploads\\\/bb-plugin\\\/cache\\\/3-panorama-d32af4765a901b7dd074641935ee1720-.png\",\"contentUrl\":\"https:\\\/\\\/ombrasole.com\\\/wp-content\\\/uploads\\\/bb-plugin\\\/cache\\\/3-panorama-d32af4765a901b7dd074641935ee1720-.png\"},{\"@type\":\"BreadcrumbList\",\"@id\":\"https:\\\/\\\/ombrasole.com\\\/fr\\\/rideaux-retractables-a-la-verticale-pour-lexterieur\\\/#breadcrumb\",\"itemListElement\":[{\"@type\":\"ListItem\",\"position\":1,\"name\":\"Home\",\"item\":\"https:\\\/\\\/ombrasole.com\\\/fr\\\/\"},{\"@type\":\"ListItem\",\"position\":2,\"name\":\"Mitico- Rideaux r\u00e9tractables \u00e0 manivelle\"}]},{\"@type\":\"WebSite\",\"@id\":\"https:\\\/\\\/ombrasole.com\\\/fr\\\/#website\",\"url\":\"https:\\\/\\\/ombrasole.com\\\/fr\\\/\",\"name\":\"Ombrasole\",\"description\":\"Custom Made Awnings In Montreal, Our Style Makes The Difference\",\"publisher\":{\"@id\":\"https:\\\/\\\/ombrasole.com\\\/fr\\\/#organization\"},\"potentialAction\":[{\"@type\":\"SearchAction\",\"target\":{\"@type\":\"EntryPoint\",\"urlTemplate\":\"https:\\\/\\\/ombrasole.com\\\/fr\\\/?s={search_term_string}\"},\"query-input\":{\"@type\":\"PropertyValueSpecification\",\"valueRequired\":true,\"valueName\":\"search_term_string\"}}],\"inLanguage\":\"fr-FR\"},{\"@type\":\"Organization\",\"@id\":\"https:\\\/\\\/ombrasole.com\\\/fr\\\/#organization\",\"name\":\"Ombrasole\",\"alternateName\":\"Ombrasole Awnings\",\"url\":\"https:\\\/\\\/ombrasole.com\\\/fr\\\/\",\"logo\":{\"@type\":\"ImageObject\",\"inLanguage\":\"fr-FR\",\"@id\":\"https:\\\/\\\/ombrasole.com\\\/fr\\\/#\\\/schema\\\/logo\\\/image\\\/\",\"url\":\"https:\\\/\\\/ombrasole.com\\\/wp-content\\\/uploads\\\/2024\\\/01\\\/Ombrasole_logo_white.png\",\"contentUrl\":\"https:\\\/\\\/ombrasole.com\\\/wp-content\\\/uploads\\\/2024\\\/01\\\/Ombrasole_logo_white.png\",\"width\":328,\"height\":90,\"caption\":\"Ombrasole\"},\"image\":{\"@id\":\"https:\\\/\\\/ombrasole.com\\\/fr\\\/#\\\/schema\\\/logo\\\/image\\\/\"},\"sameAs\":[\"https:\\\/\\\/www.facebook.com\\\/ombrasole\\\/\"]}]}<\/script>\n<!-- \/ Yoast SEO plugin. -->","yoast_head_json":{"title":"Rideaux et stores d'ext\u00e9rieur r\u00e9tractables motoris\u00e9s | Ombrasole Awnings","description":"Voici les rideaux et stores r\u00e9tractables motoris\u00e9s TCL, la solution de pointe d'Ombrasole pour le confort et l'intimit\u00e9 \u00e0 l'ext\u00e9rieur. Voici les rideaux et stores r\u00e9tractables motoris\u00e9s TCL, la solution de pointe d'Ombrasole pour le confort et l'intimit\u00e9 \u00e0 l'ext\u00e9rieur.","robots":{"index":"index","follow":"follow","max-snippet":"max-snippet:-1","max-image-preview":"max-image-preview:large","max-video-preview":"max-video-preview:-1"},"canonical":"https:\/\/ombrasole.com\/fr\/rideaux-retractables-a-la-verticale-pour-lexterieur\/","og_locale":"fr_FR","og_type":"article","og_title":"Rideaux et stores d'ext\u00e9rieur r\u00e9tractables motoris\u00e9s | Ombrasole Awnings","og_description":"Voici les rideaux et stores r\u00e9tractables motoris\u00e9s TCL, la solution de pointe d'Ombrasole pour le confort et l'intimit\u00e9 \u00e0 l'ext\u00e9rieur. Voici les rideaux et stores r\u00e9tractables motoris\u00e9s TCL, la solution de pointe d'Ombrasole pour le confort et l'intimit\u00e9 \u00e0 l'ext\u00e9rieur.","og_url":"https:\/\/ombrasole.com\/fr\/rideaux-retractables-a-la-verticale-pour-lexterieur\/","og_site_name":"Ombrasole Awnings","article_publisher":"https:\/\/www.facebook.com\/ombrasole\/","article_modified_time":"2026-04-21T13:24:24+00:00","og_image":[{"url":"https:\/\/ombrasole.com\/wp-content\/uploads\/bb-plugin\/cache\/3-panorama-d32af4765a901b7dd074641935ee1720-.png","type":"","width":"","height":""}],"twitter_card":"summary_large_image","twitter_misc":{"Dur\u00e9e de lecture estim\u00e9e":"5 minutes"},"schema":{"@context":"https:\/\/schema.org","@graph":[{"@type":"WebPage","@id":"https:\/\/ombrasole.com\/fr\/rideaux-retractables-a-la-verticale-pour-lexterieur\/","url":"https:\/\/ombrasole.com\/fr\/rideaux-retractables-a-la-verticale-pour-lexterieur\/","name":"Rideaux et stores d'ext\u00e9rieur r\u00e9tractables motoris\u00e9s | Ombrasole Awnings","isPartOf":{"@id":"https:\/\/ombrasole.com\/fr\/#website"},"primaryImageOfPage":{"@id":"https:\/\/ombrasole.com\/fr\/rideaux-retractables-a-la-verticale-pour-lexterieur\/#primaryimage"},"image":{"@id":"https:\/\/ombrasole.com\/fr\/rideaux-retractables-a-la-verticale-pour-lexterieur\/#primaryimage"},"thumbnailUrl":"https:\/\/ombrasole.com\/wp-content\/uploads\/bb-plugin\/cache\/3-panorama-d32af4765a901b7dd074641935ee1720-.png","datePublished":"2025-07-08T15:37:45+00:00","dateModified":"2026-04-21T13:24:24+00:00","description":"Voici les rideaux et stores r\u00e9tractables motoris\u00e9s TCL, la solution de pointe d'Ombrasole pour le confort et l'intimit\u00e9 \u00e0 l'ext\u00e9rieur. Voici les rideaux et stores r\u00e9tractables motoris\u00e9s TCL, la solution de pointe d'Ombrasole pour le confort et l'intimit\u00e9 \u00e0 l'ext\u00e9rieur.","breadcrumb":{"@id":"https:\/\/ombrasole.com\/fr\/rideaux-retractables-a-la-verticale-pour-lexterieur\/#breadcrumb"},"inLanguage":"fr-FR","potentialAction":[{"@type":"ReadAction","target":["https:\/\/ombrasole.com\/fr\/rideaux-retractables-a-la-verticale-pour-lexterieur\/"]}]},{"@type":"ImageObject","inLanguage":"fr-FR","@id":"https:\/\/ombrasole.com\/fr\/rideaux-retractables-a-la-verticale-pour-lexterieur\/#primaryimage","url":"https:\/\/ombrasole.com\/wp-content\/uploads\/bb-plugin\/cache\/3-panorama-d32af4765a901b7dd074641935ee1720-.png","contentUrl":"https:\/\/ombrasole.com\/wp-content\/uploads\/bb-plugin\/cache\/3-panorama-d32af4765a901b7dd074641935ee1720-.png"},{"@type":"BreadcrumbList","@id":"https:\/\/ombrasole.com\/fr\/rideaux-retractables-a-la-verticale-pour-lexterieur\/#breadcrumb","itemListElement":[{"@type":"ListItem","position":1,"name":"Home","item":"https:\/\/ombrasole.com\/fr\/"},{"@type":"ListItem","position":2,"name":"Mitico- Rideaux r\u00e9tractables \u00e0 manivelle"}]},{"@type":"WebSite","@id":"https:\/\/ombrasole.com\/fr\/#website","url":"https:\/\/ombrasole.com\/fr\/","name":"Ombrasole","description":"Custom Made Awnings In Montreal, Our Style Makes The Difference","publisher":{"@id":"https:\/\/ombrasole.com\/fr\/#organization"},"potentialAction":[{"@type":"SearchAction","target":{"@type":"EntryPoint","urlTemplate":"https:\/\/ombrasole.com\/fr\/?s={search_term_string}"},"query-input":{"@type":"PropertyValueSpecification","valueRequired":true,"valueName":"search_term_string"}}],"inLanguage":"fr-FR"},{"@type":"Organization","@id":"https:\/\/ombrasole.com\/fr\/#organization","name":"Ombrasole","alternateName":"Ombrasole Awnings","url":"https:\/\/ombrasole.com\/fr\/","logo":{"@type":"ImageObject","inLanguage":"fr-FR","@id":"https:\/\/ombrasole.com\/fr\/#\/schema\/logo\/image\/","url":"https:\/\/ombrasole.com\/wp-content\/uploads\/2024\/01\/Ombrasole_logo_white.png","contentUrl":"https:\/\/ombrasole.com\/wp-content\/uploads\/2024\/01\/Ombrasole_logo_white.png","width":328,"height":90,"caption":"Ombrasole"},"image":{"@id":"https:\/\/ombrasole.com\/fr\/#\/schema\/logo\/image\/"},"sameAs":["https:\/\/www.facebook.com\/ombrasole\/"]}]}},"_links":{"self":[{"href":"https:\/\/ombrasole.com\/fr\/wp-json\/wp\/v2\/pages\/4536","targetHints":{"allow":["GET"]}}],"collection":[{"href":"https:\/\/ombrasole.com\/fr\/wp-json\/wp\/v2\/pages"}],"about":[{"href":"https:\/\/ombrasole.com\/fr\/wp-json\/wp\/v2\/types\/page"}],"author":[{"embeddable":true,"href":"https:\/\/ombrasole.com\/fr\/wp-json\/wp\/v2\/users\/6"}],"replies":[{"embeddable":true,"href":"https:\/\/ombrasole.com\/fr\/wp-json\/wp\/v2\/comments?post=4536"}],"version-history":[{"count":0,"href":"https:\/\/ombrasole.com\/fr\/wp-json\/wp\/v2\/pages\/4536\/revisions"}],"wp:attachment":[{"href":"https:\/\/ombrasole.com\/fr\/wp-json\/wp\/v2\/media?parent=4536"}],"curies":[{"name":"wp","href":"https:\/\/api.w.org\/{rel}","templated":true}]}}