{"id":3354,"date":"2024-07-24T15:29:18","date_gmt":"2024-07-24T15:29:18","guid":{"rendered":"https:\/\/ombrasole.com\/?page_id=3354"},"modified":"2026-04-10T19:12:37","modified_gmt":"2026-04-10T19:12:37","slug":"residentiel-vivace-pergola-motorisee-retractable","status":"publish","type":"page","link":"https:\/\/ombrasole.com\/fr\/residentiel-vivace-pergola-motorisee-retractable\/","title":{"rendered":"VIVACE : Pergola motoris\u00e9e &#038; r\u00e9tractable en aluminium"},"content":{"rendered":"\n\n\t\n<h4>\n\t\t\tVIVACE\t<\/h4>\n<h1>\n\t\t\tPergola motoris\u00e9e &#038; r\u00e9tractable en aluminium\t<\/h1>\n\t\t\t<a href=\"\/free-estimate\/\"  target=\"_self\">\n\t\t\t\t\t\t\tSoumission gratuite\n\t\t\t\t\t<\/a>\n<h2>\n\t\t\tL&rsquo;auvent de Patio r\u00e9sidentiel mi-pergola mi-toile\t<\/h2>\n\t<p>Le Vivace un autre chef d&rsquo;\u0153uvre d&rsquo;Ombrasole est une Pergola motoris\u00e9e \u00e0 toit r\u00e9tractable, facile \u00e0 utiliser pour convenir aux petits patios et aux terrasses r\u00e9sidentielles. Le Vivace vous permet de vous prot\u00e9ger du soleil ainsi que des intemp\u00e9ries. Une fois la toile r\u00e9tract\u00e9e en arri\u00e8re, il y a un d\u00e9gagement total du toit, vous pouvez profiter du soleil le jour ou admirer les \u00e9toiles durant les belles soir\u00e9es d&rsquo;\u00e9t\u00e9.<\/p>\n\t\t<figure itemscope itemtype=\"https:\/\/schema.org\/ImageObject\">\n\t\t\t\t<img decoding=\"async\" src=\"https:\/\/ombrasole.com\/wp-content\/uploads\/bb-plugin\/cache\/3-panorama-d32af4765a901b7dd074641935ee1720-.png\" alt=\"3\" height=\"600\" width=\"600\" title=\"3\" onerror=\"this.style.display='none'\" loading=\"lazy\" \/>\n\t<\/figure>\n<h5>Pergola sur mesure \u00e0 Montr\u00e9al<\/h5><p>Enti\u00e8rement con\u00e7ue et fabriqu\u00e9e dans notre usine de Montr\u00e9al ; promesse d&rsquo;une livraison et d&rsquo;une installation rapides.<\/p>\n\t\t<figure itemscope itemtype=\"https:\/\/schema.org\/ImageObject\">\n\t\t\t\t<img decoding=\"async\" src=\"https:\/\/ombrasole.com\/wp-content\/uploads\/bb-plugin\/cache\/2-panorama-d885c163b9785ffe7f10521ba643cb18-.png\" alt=\"2\" height=\"600\" width=\"600\" title=\"2\" onerror=\"this.style.display='none'\" loading=\"lazy\" \/>\n\t<\/figure>\n<h5>Mat\u00e9riaux r\u00e9sistants de haute qualit\u00e9<\/h5><p>Construit en aluminium extrud\u00e9 r\u00e9sistant \u00e0 la rouille et avec des raccords en acier inoxydable.<\/p>\n\t\t<figure itemscope itemtype=\"https:\/\/schema.org\/ImageObject\">\n\t\t\t\t<img decoding=\"async\" src=\"https:\/\/ombrasole.com\/wp-content\/uploads\/bb-plugin\/cache\/1-panorama-b29cb3db784423b02bfc996834dcb08a-.png\" alt=\"1\" height=\"600\" width=\"600\" title=\"1\" onerror=\"this.style.display='none'\" loading=\"lazy\" \/>\n\t<\/figure>\n<h5>Service rapide et garanties solides<\/h5><p>B\u00e9n\u00e9ficie d&rsquo;une garantie de 15 ans sur la structure en aluminium et de 5 ans sur le syst\u00e8me motoris\u00e9.<\/p>\n\t\t<figure itemscope itemtype=\"https:\/\/schema.org\/ImageObject\">\n\t\t\t\t<img decoding=\"async\" src=\"https:\/\/ombrasole.com\/wp-content\/uploads\/bb-plugin\/cache\/4-panorama-7ca450a1f2183e027615d2001680ac77-.png\" alt=\"4\" height=\"600\" width=\"600\" title=\"4\" onerror=\"this.style.display='none'\" loading=\"lazy\" \/>\n\t<\/figure>\n<h5>Stockage sans effort, aucun service n&rsquo;est requis<\/h5><p>Nos mod\u00e8les r\u00e9sistent \u00e0 l&rsquo;hiver et se rangent eux-m\u00eames pour un entretien sans effort.<\/p>\n<h2>\n\t\t\tVIVACE: Pergola motoris\u00e9e &#038; r\u00e9tractable en aluminium\t<\/h2>\n\t<p>Le Vivace \u00e9tant une Pergola motoris\u00e9e \u00e0 toit r\u00e9tractable, s&rsquo;installe facilement sur les petits patios sous les corniches des maisons sans avoir besoin de pente. Les goutti\u00e8res lat\u00e9rales int\u00e9gr\u00e9es \u00e0 la structure, guident parfaitement l&rsquo;eau de la pluie vers les poteaux.<\/p>\n<h2>\n\t\t\tNouveaut\u00e9: Cr\u00e9ation g\u00e9niale d&rsquo;une moustiquaire r\u00e9volutionnaire pour le toit !\t<\/h2>\n\t<p>Gr\u00e2ce \u00e0 cette moustiquaire adapt\u00e9e au toit de votre Pergola vous \u00eates prot\u00e9g\u00e9s en tout temps des moustiques et insectes. Toile ouverte ou r\u00e9tract\u00e9e en arri\u00e8re vous \u00eates \u00e0 l&rsquo;abri !<\/p>\n\t<h3>Design \u00e9l\u00e9gant et durabilit\u00e9<\/h3>\n<p>La structure est en aluminium extrud\u00e9 peint noir ou anodis\u00e9 gris pale, tr\u00e8s robuste avec un look moderne sans aucune pente; Vivace est Dessin\u00e9e et Fabriqu\u00e9e au Qu\u00e9bec pour r\u00e9sister au climat dur Nord-Am\u00e9riain<\/p>\n<hr \/>\n<h3>Toile de qualit\u00e9 sup\u00e9rieure en vinyle<\/h3>\n<p>La toile est en vinyle de qualit\u00e9 sup\u00e9rieure de marque Serge Ferrari; elle est imperm\u00e9able \u00e0 100% et ignifuge avec des coloris au choix; elle a une garantie limit\u00e9e de 15 ans pour la d\u00e9coloration<\/p>\n<hr \/>\n<h3>Pergola sur mesure et modulaire<\/h3>\nLa Pergola est fabriqu\u00e9e sur mesure un module est de 13&prime; avec une projection de 14&prime;.<br \/>\nLa structure est modulaire; quand on a plusieurs sections chaque toit est ind\u00e9pendant dans l&rsquo;ouverture et la fermeture.\n<hr \/>\n<h3>Syst\u00e8me de goutti\u00e8re lat\u00e9rale<\/h3>\n<p>Un syst\u00e8me de goutti\u00e8re lat\u00e9rale pour guider l&rsquo;eau de la pluie \u00e0 s&rsquo;\u00e9vacuer par les poteaux<\/p>\n<hr \/>\n<h3>Des options \u00e0 ajouter pour une protection optimale<\/h3>\n<p>Un syst\u00e8me de rideaux sur rail manuels avec fermetures \u00e9claires ou bien \u00e0 la verticale avec manivelle ou des stores motoris\u00e9s avec t\u00e9l\u00e9commande peuvent \u00eatre ajout\u00e9s en option pour vous prot\u00e9ger du soleil, de la pluie et du vent \u00e0 70% .<\/p>\n<hr \/>\n<hr \/>\n<h3>Moustiquaire au toit<\/h3>\n<p>Une innovation unique en Am\u00e9rique du Nord!\u00a0 la moustiquaire au toit est une option que vous pouvez ajouter \u00e0 votre Pergola r\u00e9tractable afin de vous prot\u00e9ger des moustiques et des insectes nuisibles quand vous r\u00e9tractez la toile en arri\u00e8re pour admirer les \u00e9toiles la nuit ou faire circuler l&rsquo;air!<\/p>\n<hr \/>\n<h3>Aucun effort pour le fonctionnement et la maintenance<\/h3>\nLe moteur SOMFY int\u00e9gr\u00e9 au toit vous permet de l&rsquo;ouvrir et de l&rsquo;arr\u00eater \u00e0 la position d\u00e9sir\u00e9e.<br \/>\nUne fois la toile r\u00e9tract\u00e9e, elle ferme en accord\u00e9on et rentre sous un caisson de protection en aluminium. Le toit sera compl\u00e8tement d\u00e9gag\u00e9 donc le soleil et la lumi\u00e8re rentrent \u00e0 la maison dans le cas o\u00f9 la Pergola est install\u00e9e sur votre patio.<br \/>\nAucun travail est requis pour l&rsquo;hiver; Aucune lubrification ni graissage est \u00e0 faire au printemps\n<h4>\n\t\t\tMAT\u00c9RIAUX ET FOURNISSEURS D&rsquo;HAUTE QUALIT\u00c9\t<\/h4>\n<figure itemscope itemtype=\"https:\/\/schema.org\/ImageObject\">\n\t\t\t\t<a href=\"https:\/\/ombrasole.com\/wp-content\/uploads\/2026\/03\/SERGE-FERRARI-502-CATALOGUE_compressed.pdf\"  target=\"_blank\" rel=\"noopener\"  itemprop=\"url\">\n\t\t\t\t<img decoding=\"async\" src=\"https:\/\/ombrasole.com\/wp-content\/uploads\/2024\/01\/serge-ferrari.png\" alt=\"serge ferrari\" height=\"150\" width=\"150\" title=\"serge ferrari\" onerror=\"this.style.display='none'\" loading=\"lazy\" \/>\n\t\t\t\t<\/a>\n\t<\/figure>\n<figure itemscope itemtype=\"https:\/\/schema.org\/ImageObject\">\n\t\t\t\t<a href=\"https:\/\/ombrasole.com\/wp-content\/uploads\/2026\/03\/Soltis-86-CATALOGUE_compressed.pdf\"  target=\"_blank\" rel=\"noopener\"  itemprop=\"url\">\n\t\t\t\t<img decoding=\"async\" src=\"https:\/\/ombrasole.com\/wp-content\/uploads\/2024\/02\/soltis-logo-1.jpg\" alt=\"soltis-logo\" height=\"97\" width=\"314\" title=\"soltis-logo\" onerror=\"this.style.display='none'\" loading=\"lazy\" \/>\n\t\t\t\t<\/a>\n\t<\/figure>\n<figure itemscope itemtype=\"https:\/\/schema.org\/ImageObject\">\n\t\t\t\t<a href=\"https:\/\/www.somfysystems.com\/en-us\/products\/awnings-screens-pergolas\/motorized-awnings\"  target=\"_blank\" rel=\"noopener\"  itemprop=\"url\">\n\t\t\t\t<img decoding=\"async\" src=\"https:\/\/ombrasole.com\/wp-content\/uploads\/2024\/01\/serge-ferrari-1.png\" alt=\"serge ferrari (1)\" height=\"150\" width=\"150\" title=\"serge ferrari (1)\" onerror=\"this.style.display='none'\" loading=\"lazy\" \/>\n\t\t\t\t<\/a>\n\t<\/figure>\n<h2>\n\t\t\tPergola Vivace : FAQ essentielles\t<\/h2>\n\t<p>Que vous envisagiez d&rsquo;am\u00e9liorer votre espace ext\u00e9rieur ou que vous pensez remplacer un produit que vous avez d\u00e9j\u00e0 nos FAQ sont con\u00e7ues pour vous guider en toute confiance dans le processus de prise de d\u00e9cision.<\/p>\n\t\t\t\t\t<a role=\"heading\" aria-level=\"2\" tabindex=\"-1\"  id=\"fl-accordion--label-0\">Est-ce que le Vivace est fabriqu\u00e9 sur mesure?<\/a>\n\t\t\t\t\t\t\t\t\t\t\t<button type=\"button\" id=\"fl-accordion--icon-0\" aria-expanded=\"false\" aria-controls=\"fl-accordion--panel-0\"><i>Expand<\/i><\/button>\n\t\t\t\t\t<p>Oui\u00a0 la Pergola Vivace est fabriqu\u00e9e sur mesure de 10&prime; \u00e0 13&prime; sur le mur avec une projection maximale de 16&prime;.<\/p>\n\t\t\t\t\t<a role=\"heading\" aria-level=\"2\" tabindex=\"-1\"  id=\"fl-accordion--label-1\">A quelle hauteur minimale s&rsquo;installe le Vivace?<\/a>\n\t\t\t\t\t\t\t\t\t\t\t<button type=\"button\" id=\"fl-accordion--icon-1\" aria-expanded=\"false\" aria-controls=\"fl-accordion--panel-1\"><i>Expand<\/i><\/button>\n\t\t\t\t\t<p>Le Vivace s&rsquo;installe \u00e0 une hauteur de 8&prime; et plus \u00e0 condition qu&rsquo;il y est un d\u00e9gagement de 10\u00a0\u00bb entre la porte patio et le toit (soffit)<\/p>\n\t\t\t\t\t<a role=\"heading\" aria-level=\"2\" tabindex=\"-1\"  id=\"fl-accordion--label-2\">Le Vivace demande-t-il une pente pour l&rsquo;\u00e9coulement de l&rsquo;eau de la pluie?<\/a>\n\t\t\t\t\t\t\t\t\t\t\t<button type=\"button\" id=\"fl-accordion--icon-2\" aria-expanded=\"false\" aria-controls=\"fl-accordion--panel-2\"><i>Expand<\/i><\/button>\n\t\t\t\t\t<p>Avec son Design ing\u00e9nieux, le Vivace ne demande aucune pente lors de l&rsquo;installation<\/p>\n\t\t\t\t\t<a role=\"heading\" aria-level=\"2\" tabindex=\"-1\"  id=\"fl-accordion--label-3\">Le Vivace peut -il \u00eatre manuel?<\/a>\n\t\t\t\t\t\t\t\t\t\t\t<button type=\"button\" id=\"fl-accordion--icon-3\" aria-expanded=\"false\" aria-controls=\"fl-accordion--panel-3\"><i>Expand<\/i><\/button>\n\t\t\t\t\t<p>Le Vivace est une Pergola motoris\u00e9e qui ne peut pas \u00eatre op\u00e9r\u00e9e \u00e0 l&rsquo;aide d&rsquo;une manivelle.<\/p>\n<p>Il n&rsquo;y a aucun probl\u00e8me s&rsquo;il y a une coupure d&rsquo;\u00e9lectricit\u00e9; la toile peut supporter la pluie normale.<\/p>\n<h2>\n\t\t\tObtenez un devis gratuit pour votre solution d&rsquo;auvent personnalis\u00e9e\t<\/h2>\n\t\t\t<a href=\"https:\/\/ombrasole.com\/free-estimate\/\"  target=\"_self\">\n\t\t\t\t\t\t\tConsultez nos experts\n\t\t\t\t\t<\/a>\n\n","protected":false},"excerpt":{"rendered":"<p>VIVACE Pergola motoris\u00e9e &#038; r\u00e9tractable en aluminium Soumission gratuite L&rsquo;auvent de Patio r\u00e9sidentiel mi-pergola mi-toile Le Vivace un autre chef d&rsquo;\u0153uvre d&rsquo;Ombrasole est une Pergola motoris\u00e9e \u00e0 toit r\u00e9tractable, facile \u00e0 utiliser pour convenir aux petits patios et aux terrasses r\u00e9sidentielles. Le Vivace vous permet de vous prot\u00e9ger du soleil ainsi que des intemp\u00e9ries. Une&hellip;<\/p>\n","protected":false},"author":1,"featured_media":0,"parent":0,"menu_order":0,"comment_status":"closed","ping_status":"closed","template":"","meta":{"footnotes":""},"class_list":["post-3354","page","type-page","status-publish","hentry"],"yoast_head":"<!-- This site is optimized with the Yoast SEO plugin v27.4 - https:\/\/yoast.com\/product\/yoast-seo-wordpress\/ -->\n<title>Pergola bioclimatique r\u00e9sidentielle | Ombrasole Awnings<\/title>\n<meta name=\"description\" content=\"Une solution moderne de pergola motoris\u00e9e sur mesure pour les entreprises D\u00e9couvrez l&#039;alliance parfaite du confort et du style avec l&#039;Eolo Star, une pergola bioclimatique motoris\u00e9e sur mesure, adapt\u00e9e \u00e0 votre maison.\" \/>\n<meta name=\"robots\" content=\"index, follow, max-snippet:-1, max-image-preview:large, max-video-preview:-1\" \/>\n<link rel=\"canonical\" href=\"https:\/\/ombrasole.com\/fr\/residentiel-vivace-pergola-motorisee-retractable\/\" \/>\n<meta property=\"og:locale\" content=\"fr_FR\" \/>\n<meta property=\"og:type\" content=\"article\" \/>\n<meta property=\"og:title\" content=\"Pergola bioclimatique r\u00e9sidentielle | Ombrasole Awnings\" \/>\n<meta property=\"og:description\" content=\"Une solution moderne de pergola motoris\u00e9e sur mesure pour les entreprises D\u00e9couvrez l&#039;alliance parfaite du confort et du style avec l&#039;Eolo Star, une pergola bioclimatique motoris\u00e9e sur mesure, adapt\u00e9e \u00e0 votre maison.\" \/>\n<meta property=\"og:url\" content=\"https:\/\/ombrasole.com\/fr\/residentiel-vivace-pergola-motorisee-retractable\/\" \/>\n<meta property=\"og:site_name\" content=\"Ombrasole Awnings\" \/>\n<meta property=\"article:publisher\" content=\"https:\/\/www.facebook.com\/ombrasole\/\" \/>\n<meta property=\"article:modified_time\" content=\"2026-04-10T19:12:37+00:00\" \/>\n<meta property=\"og:image\" content=\"https:\/\/ombrasole.com\/wp-content\/uploads\/bb-plugin\/cache\/3-panorama-d32af4765a901b7dd074641935ee1720-.png\" \/>\n<meta name=\"twitter:card\" content=\"summary_large_image\" \/>\n<meta name=\"twitter:label1\" content=\"Dur\u00e9e de lecture estim\u00e9e\" \/>\n\t<meta name=\"twitter:data1\" content=\"6 minutes\" \/>\n<script type=\"application\/ld+json\" class=\"yoast-schema-graph\">{\"@context\":\"https:\\\/\\\/schema.org\",\"@graph\":[{\"@type\":\"WebPage\",\"@id\":\"https:\\\/\\\/ombrasole.com\\\/fr\\\/residentiel-vivace-pergola-motorisee-retractable\\\/\",\"url\":\"https:\\\/\\\/ombrasole.com\\\/fr\\\/residentiel-vivace-pergola-motorisee-retractable\\\/\",\"name\":\"Pergola bioclimatique r\u00e9sidentielle | Ombrasole Awnings\",\"isPartOf\":{\"@id\":\"https:\\\/\\\/ombrasole.com\\\/fr\\\/#website\"},\"primaryImageOfPage\":{\"@id\":\"https:\\\/\\\/ombrasole.com\\\/fr\\\/residentiel-vivace-pergola-motorisee-retractable\\\/#primaryimage\"},\"image\":{\"@id\":\"https:\\\/\\\/ombrasole.com\\\/fr\\\/residentiel-vivace-pergola-motorisee-retractable\\\/#primaryimage\"},\"thumbnailUrl\":\"https:\\\/\\\/ombrasole.com\\\/wp-content\\\/uploads\\\/bb-plugin\\\/cache\\\/3-panorama-d32af4765a901b7dd074641935ee1720-.png\",\"datePublished\":\"2024-07-24T15:29:18+00:00\",\"dateModified\":\"2026-04-10T19:12:37+00:00\",\"description\":\"Une solution moderne de pergola motoris\u00e9e sur mesure pour les entreprises D\u00e9couvrez l'alliance parfaite du confort et du style avec l'Eolo Star, une pergola bioclimatique motoris\u00e9e sur mesure, adapt\u00e9e \u00e0 votre maison.\",\"breadcrumb\":{\"@id\":\"https:\\\/\\\/ombrasole.com\\\/fr\\\/residentiel-vivace-pergola-motorisee-retractable\\\/#breadcrumb\"},\"inLanguage\":\"fr-FR\",\"potentialAction\":[{\"@type\":\"ReadAction\",\"target\":[\"https:\\\/\\\/ombrasole.com\\\/fr\\\/residentiel-vivace-pergola-motorisee-retractable\\\/\"]}]},{\"@type\":\"ImageObject\",\"inLanguage\":\"fr-FR\",\"@id\":\"https:\\\/\\\/ombrasole.com\\\/fr\\\/residentiel-vivace-pergola-motorisee-retractable\\\/#primaryimage\",\"url\":\"https:\\\/\\\/ombrasole.com\\\/wp-content\\\/uploads\\\/bb-plugin\\\/cache\\\/3-panorama-d32af4765a901b7dd074641935ee1720-.png\",\"contentUrl\":\"https:\\\/\\\/ombrasole.com\\\/wp-content\\\/uploads\\\/bb-plugin\\\/cache\\\/3-panorama-d32af4765a901b7dd074641935ee1720-.png\"},{\"@type\":\"BreadcrumbList\",\"@id\":\"https:\\\/\\\/ombrasole.com\\\/fr\\\/residentiel-vivace-pergola-motorisee-retractable\\\/#breadcrumb\",\"itemListElement\":[{\"@type\":\"ListItem\",\"position\":1,\"name\":\"Home\",\"item\":\"https:\\\/\\\/ombrasole.com\\\/fr\\\/\"},{\"@type\":\"ListItem\",\"position\":2,\"name\":\"VIVACE : Pergola motoris\u00e9e &#038; r\u00e9tractable en aluminium\"}]},{\"@type\":\"WebSite\",\"@id\":\"https:\\\/\\\/ombrasole.com\\\/fr\\\/#website\",\"url\":\"https:\\\/\\\/ombrasole.com\\\/fr\\\/\",\"name\":\"Ombrasole\",\"description\":\"Custom Made Awnings In Montreal, Our Style Makes The Difference\",\"publisher\":{\"@id\":\"https:\\\/\\\/ombrasole.com\\\/fr\\\/#organization\"},\"potentialAction\":[{\"@type\":\"SearchAction\",\"target\":{\"@type\":\"EntryPoint\",\"urlTemplate\":\"https:\\\/\\\/ombrasole.com\\\/fr\\\/?s={search_term_string}\"},\"query-input\":{\"@type\":\"PropertyValueSpecification\",\"valueRequired\":true,\"valueName\":\"search_term_string\"}}],\"inLanguage\":\"fr-FR\"},{\"@type\":\"Organization\",\"@id\":\"https:\\\/\\\/ombrasole.com\\\/fr\\\/#organization\",\"name\":\"Ombrasole\",\"alternateName\":\"Ombrasole Awnings\",\"url\":\"https:\\\/\\\/ombrasole.com\\\/fr\\\/\",\"logo\":{\"@type\":\"ImageObject\",\"inLanguage\":\"fr-FR\",\"@id\":\"https:\\\/\\\/ombrasole.com\\\/fr\\\/#\\\/schema\\\/logo\\\/image\\\/\",\"url\":\"https:\\\/\\\/ombrasole.com\\\/wp-content\\\/uploads\\\/2024\\\/01\\\/Ombrasole_logo_white.png\",\"contentUrl\":\"https:\\\/\\\/ombrasole.com\\\/wp-content\\\/uploads\\\/2024\\\/01\\\/Ombrasole_logo_white.png\",\"width\":328,\"height\":90,\"caption\":\"Ombrasole\"},\"image\":{\"@id\":\"https:\\\/\\\/ombrasole.com\\\/fr\\\/#\\\/schema\\\/logo\\\/image\\\/\"},\"sameAs\":[\"https:\\\/\\\/www.facebook.com\\\/ombrasole\\\/\"]}]}<\/script>\n<!-- \/ Yoast SEO plugin. -->","yoast_head_json":{"title":"Pergola bioclimatique r\u00e9sidentielle | Ombrasole Awnings","description":"Une solution moderne de pergola motoris\u00e9e sur mesure pour les entreprises D\u00e9couvrez l'alliance parfaite du confort et du style avec l'Eolo Star, une pergola bioclimatique motoris\u00e9e sur mesure, adapt\u00e9e \u00e0 votre maison.","robots":{"index":"index","follow":"follow","max-snippet":"max-snippet:-1","max-image-preview":"max-image-preview:large","max-video-preview":"max-video-preview:-1"},"canonical":"https:\/\/ombrasole.com\/fr\/residentiel-vivace-pergola-motorisee-retractable\/","og_locale":"fr_FR","og_type":"article","og_title":"Pergola bioclimatique r\u00e9sidentielle | Ombrasole Awnings","og_description":"Une solution moderne de pergola motoris\u00e9e sur mesure pour les entreprises D\u00e9couvrez l'alliance parfaite du confort et du style avec l'Eolo Star, une pergola bioclimatique motoris\u00e9e sur mesure, adapt\u00e9e \u00e0 votre maison.","og_url":"https:\/\/ombrasole.com\/fr\/residentiel-vivace-pergola-motorisee-retractable\/","og_site_name":"Ombrasole Awnings","article_publisher":"https:\/\/www.facebook.com\/ombrasole\/","article_modified_time":"2026-04-10T19:12:37+00:00","og_image":[{"url":"https:\/\/ombrasole.com\/wp-content\/uploads\/bb-plugin\/cache\/3-panorama-d32af4765a901b7dd074641935ee1720-.png","type":"","width":"","height":""}],"twitter_card":"summary_large_image","twitter_misc":{"Dur\u00e9e de lecture estim\u00e9e":"6 minutes"},"schema":{"@context":"https:\/\/schema.org","@graph":[{"@type":"WebPage","@id":"https:\/\/ombrasole.com\/fr\/residentiel-vivace-pergola-motorisee-retractable\/","url":"https:\/\/ombrasole.com\/fr\/residentiel-vivace-pergola-motorisee-retractable\/","name":"Pergola bioclimatique r\u00e9sidentielle | Ombrasole Awnings","isPartOf":{"@id":"https:\/\/ombrasole.com\/fr\/#website"},"primaryImageOfPage":{"@id":"https:\/\/ombrasole.com\/fr\/residentiel-vivace-pergola-motorisee-retractable\/#primaryimage"},"image":{"@id":"https:\/\/ombrasole.com\/fr\/residentiel-vivace-pergola-motorisee-retractable\/#primaryimage"},"thumbnailUrl":"https:\/\/ombrasole.com\/wp-content\/uploads\/bb-plugin\/cache\/3-panorama-d32af4765a901b7dd074641935ee1720-.png","datePublished":"2024-07-24T15:29:18+00:00","dateModified":"2026-04-10T19:12:37+00:00","description":"Une solution moderne de pergola motoris\u00e9e sur mesure pour les entreprises D\u00e9couvrez l'alliance parfaite du confort et du style avec l'Eolo Star, une pergola bioclimatique motoris\u00e9e sur mesure, adapt\u00e9e \u00e0 votre maison.","breadcrumb":{"@id":"https:\/\/ombrasole.com\/fr\/residentiel-vivace-pergola-motorisee-retractable\/#breadcrumb"},"inLanguage":"fr-FR","potentialAction":[{"@type":"ReadAction","target":["https:\/\/ombrasole.com\/fr\/residentiel-vivace-pergola-motorisee-retractable\/"]}]},{"@type":"ImageObject","inLanguage":"fr-FR","@id":"https:\/\/ombrasole.com\/fr\/residentiel-vivace-pergola-motorisee-retractable\/#primaryimage","url":"https:\/\/ombrasole.com\/wp-content\/uploads\/bb-plugin\/cache\/3-panorama-d32af4765a901b7dd074641935ee1720-.png","contentUrl":"https:\/\/ombrasole.com\/wp-content\/uploads\/bb-plugin\/cache\/3-panorama-d32af4765a901b7dd074641935ee1720-.png"},{"@type":"BreadcrumbList","@id":"https:\/\/ombrasole.com\/fr\/residentiel-vivace-pergola-motorisee-retractable\/#breadcrumb","itemListElement":[{"@type":"ListItem","position":1,"name":"Home","item":"https:\/\/ombrasole.com\/fr\/"},{"@type":"ListItem","position":2,"name":"VIVACE : Pergola motoris\u00e9e &#038; r\u00e9tractable en aluminium"}]},{"@type":"WebSite","@id":"https:\/\/ombrasole.com\/fr\/#website","url":"https:\/\/ombrasole.com\/fr\/","name":"Ombrasole","description":"Custom Made Awnings In Montreal, Our Style Makes The Difference","publisher":{"@id":"https:\/\/ombrasole.com\/fr\/#organization"},"potentialAction":[{"@type":"SearchAction","target":{"@type":"EntryPoint","urlTemplate":"https:\/\/ombrasole.com\/fr\/?s={search_term_string}"},"query-input":{"@type":"PropertyValueSpecification","valueRequired":true,"valueName":"search_term_string"}}],"inLanguage":"fr-FR"},{"@type":"Organization","@id":"https:\/\/ombrasole.com\/fr\/#organization","name":"Ombrasole","alternateName":"Ombrasole Awnings","url":"https:\/\/ombrasole.com\/fr\/","logo":{"@type":"ImageObject","inLanguage":"fr-FR","@id":"https:\/\/ombrasole.com\/fr\/#\/schema\/logo\/image\/","url":"https:\/\/ombrasole.com\/wp-content\/uploads\/2024\/01\/Ombrasole_logo_white.png","contentUrl":"https:\/\/ombrasole.com\/wp-content\/uploads\/2024\/01\/Ombrasole_logo_white.png","width":328,"height":90,"caption":"Ombrasole"},"image":{"@id":"https:\/\/ombrasole.com\/fr\/#\/schema\/logo\/image\/"},"sameAs":["https:\/\/www.facebook.com\/ombrasole\/"]}]}},"_links":{"self":[{"href":"https:\/\/ombrasole.com\/fr\/wp-json\/wp\/v2\/pages\/3354","targetHints":{"allow":["GET"]}}],"collection":[{"href":"https:\/\/ombrasole.com\/fr\/wp-json\/wp\/v2\/pages"}],"about":[{"href":"https:\/\/ombrasole.com\/fr\/wp-json\/wp\/v2\/types\/page"}],"author":[{"embeddable":true,"href":"https:\/\/ombrasole.com\/fr\/wp-json\/wp\/v2\/users\/1"}],"replies":[{"embeddable":true,"href":"https:\/\/ombrasole.com\/fr\/wp-json\/wp\/v2\/comments?post=3354"}],"version-history":[{"count":0,"href":"https:\/\/ombrasole.com\/fr\/wp-json\/wp\/v2\/pages\/3354\/revisions"}],"wp:attachment":[{"href":"https:\/\/ombrasole.com\/fr\/wp-json\/wp\/v2\/media?parent=3354"}],"curies":[{"name":"wp","href":"https:\/\/api.w.org\/{rel}","templated":true}]}}