{"id":1889,"date":"2024-01-04T22:55:20","date_gmt":"2024-01-04T22:55:20","guid":{"rendered":"https:\/\/ombrasole.wpenginepowered.com\/a-propos-de-nous\/"},"modified":"2025-06-13T17:47:02","modified_gmt":"2025-06-13T17:47:02","slug":"a-propos-de-nous","status":"publish","type":"page","link":"https:\/\/ombrasole.com\/fr\/a-propos-de-nous\/","title":{"rendered":"A propos de nous"},"content":{"rendered":"\n<h4>\n\t\t\t\u00c0 PROPOS DE NOUS\t<\/h4>\n<h1>\n\t\t\t40 ans d&rsquo;activit\u00e9 dans le secteur des auvents.\t<\/h1>\n\t<p>D\u00e9couvrez l&rsquo;histoire d&rsquo;Ombrasole, son savoir-faire et son engagement.<\/p>\n<h2>\n\t\t\tNotre histoire\t<\/h2>\n\t<p>Ombrasole, avec plus de trois d\u00e9cennies et demie d&rsquo;exp\u00e9rience combin\u00e9e en Italie et au Canada, est \u00e0 la pointe de l&rsquo;innovation en mati\u00e8re d&rsquo;abris solaires, sp\u00e9cialis\u00e9e dans les auvents r\u00e9tractables et une gamme de solutions de protection solaire. Notre engagement \u00e0 utiliser des technologies de fabrication de pointe garantit \u00e0 nos clients des produits de la plus haute qualit\u00e9 \u00e0 des prix comp\u00e9titifs.<\/p>\n<p>Enracin\u00e9e au Qu\u00e9bec, Ombrasole se consacre \u00e0 la fabrication de chaque produit avec les meilleurs mat\u00e9riaux locaux, tels que l&rsquo;aluminium r\u00e9sistant \u00e0 la corrosion et l&rsquo;acier inoxydable. Cette volont\u00e9 d&rsquo;excellence a \u00e9t\u00e9 r\u00e9compens\u00e9e par des distinctions prestigieuses aux \u00c9tats-Unis et au Canada.<\/p>\n<p>Notre \u00e9quipe de conception est dirig\u00e9e par le c\u00e9l\u00e8bre designer italien M. Petrongolo, dont la vaste exp\u00e9rience aupr\u00e8s des plus grandes entreprises italiennes d&rsquo;auvents enrichit consid\u00e9rablement notre gamme de produits. Son expertise est maintenant la pierre angulaire de notre portefeuille diversifi\u00e9, offrant des abris solaires durables et de haute qualit\u00e9 qui incarnent l&rsquo;\u00e9l\u00e9gance italienne ici m\u00eame au Qu\u00e9bec.<\/p>\n\t\t<iframe loading=\"lazy\" \n  width=\"560\" \n  height=\"315\" \n  src=\"https:\/\/www.youtube.com\/embed\/byP0Wsp36ws?loop=1&#038;playlist=byP0Wsp36ws\" \n  title=\"YouTube video player\" \n  frameborder=\"0\" \n  allow=\"accelerometer; autoplay; clipboard-write; encrypted-media; gyroscope; picture-in-picture\" \n  allowfullscreen>\n<\/iframe>\t\n<h2>\n\t\t\tNotre mission\t<\/h2>\n\t<p>Chez Ombrasole, nous red\u00e9finissons l&rsquo;\u00e9l\u00e9gance en plein air. Notre mission est simple : fabriquer des auvents uniques et de grande qualit\u00e9, ici m\u00eame au Qu\u00e9bec. Nous n&rsquo;utilisons que les mat\u00e9riaux les plus nobles et nos cr\u00e9ations sont typiquement canadiennes, avec une touche de sophistication italienne. Nous nous engageons \u00e0 faire preuve d&rsquo;innovation, de qualit\u00e9 et de style, en cr\u00e9ant de nouvelles tendances dans le domaine de l&rsquo;am\u00e9nagement ext\u00e9rieur. Choisissez Ombrasole pour un m\u00e9lange d&rsquo;artisanat local et d&rsquo;excellence en mati\u00e8re de design mondial.<\/p>\n\t\t<iframe loading=\"lazy\" width=\"560\" height=\"315\" src=\"https:\/\/www.youtube-nocookie.com\/embed\/kSujQMQsvnY?si=Ldm_RZbgFtnilNmB&amp;controls=0&amp;start=4\" title=\"YouTube video player\" frameborder=\"0\" allow=\"accelerometer; autoplay; clipboard-write; encrypted-media; gyroscope; picture-in-picture; web-share\" allowfullscreen><\/iframe>\t\n<h2>\n\t\t\tNotre savoir-faire\t<\/h2>\n\t<p>Ombrasole excelle dans la fabrication de produits qui incarnent \u00e0 la fois l&rsquo;\u00e9l\u00e9gance et la durabilit\u00e9. Fi\u00e8rement con\u00e7us et fabriqu\u00e9s au Qu\u00e9bec, nos produits sont construits avec des mat\u00e9riaux de qualit\u00e9 sup\u00e9rieure provenant de sources locales, notamment de l&rsquo;aluminium r\u00e9sistant \u00e0 la rouille et de l&rsquo;acier inoxydable. Cet engagement en faveur de l&rsquo;excellence a \u00e9t\u00e9 r\u00e9compens\u00e9 par de nombreux prix prestigieux aux \u00c9tats-Unis et au Canada, honorant notre qualit\u00e9 exceptionnelle et notre conception innovante.<\/p>\n<p>L&rsquo;expertise de notre designer italien, M. Petrongolo, est au c\u0153ur de notre philosophie en mati\u00e8re de design. L&rsquo;exp\u00e9rience qu&rsquo;il a acquise aupr\u00e8s de grandes entreprises d&rsquo;auvents en Italie conf\u00e8re \u00e0 nos produits un niveau de sophistication et de savoir-faire in\u00e9gal\u00e9. Chez Ombrasole, nous nous distinguons en produisant nos propres auvents, garantissant ainsi que chaque produit t\u00e9moigne de notre engagement en faveur de la qualit\u00e9, plut\u00f4t que de simplement vendre des marques. Cette approche nous permet non seulement de nous d\u00e9marquer dans l&rsquo;industrie, mais aussi de garantir \u00e0 nos clients l&rsquo;authenticit\u00e9 et l&rsquo;excellence de nos produits.<\/p>\n\t\t\t<a href=\"https:\/\/ombrasole.com\/fr\/residentiel\/\" target=\"_self\">\n\t\t\t\t\t\t\tAuvents r\u00e9sidentiels\n\t\t\t\t\t<\/a>\n\t\t\t<a href=\"https:\/\/ombrasole.com\/fr\/commercial\/\" target=\"_self\">\n\t\t\t\t\t\t\tAuvents commerciaux\n\t\t\t\t\t<\/a>\n\t\t\t\t<img decoding=\"async\" src=\"https:\/\/ombrasole.com\/wp-content\/uploads\/2024\/01\/Screenshot-2024-01-30-at-6.34.01-PM.png\" alt=\"Screenshot 2024-01-30 at 6.34.01 PM\" itemprop=\"image\" height=\"681\" width=\"1522\" title=\"Screenshot 2024-01-30 at 6.34.01 PM\" onerror=\"this.style.display='none'\" loading='lazy' \/>\n<h2>\n\t\t\tPourquoi choisir les auvents Ombrasole ?\t<\/h2>\n\t<p>D\u00e9couvrez le savoir-faire exceptionnel qui fait d&rsquo;Ombrasole un chef de file dans la fabrication d&rsquo;auvents au Qu\u00e9bec.<\/p>\n\t\t\t<h3> Local Excellence in Material Quality<\/h3> <p>Crafted in Quebec: Superior Quality with Local Raw Materials. Ombrasole takes pride in its local roots, utilizing the finest materials Quebec has to offer. Our awnings and sun shelters are built with top-grade aluminum and stainless steel, ensuring they remain rust-free and retain their beauty for years.<\/p>\t\t\n\t\t\t<h3> Award-Winning Design and Expertise<\/h3> <p>International Acclaim: The Italian Design Influence of M. Petrongolo.Recognized in North America for outstanding quality and design, Ombrasole&rsquo;s products reflect the innovative vision of Italian Designer M. Petrongolo. His experience with Italy&rsquo;s renowned awning companies infuses each piece with a blend of artistic elegance and practical functionality.<\/p>\t\t\n\t\t\t<h3> Authenticity and Originality<\/h3> <p>Dedicated to creating distinctive and unique awnings, Ombrasole stands apart by producing its own exclusive designs. This commitment to originality ensures each awning is not just a sun shelter but a statement of style and individuality.<\/p>\t\t\n\t\t\t<h3> Robust Warranties<\/h3> <p>Confidence in our craftsmanship is reflected in our extended warranties &#8211; a 15-year guarantee on structural integrity and a 10-year warranty against discoloration and weather damage on our high-quality fabrics, ensuring long-term customer satisfaction.<\/p>\t\t\n\t\t\t<h3> Personalized Service and Quick Delivery<\/h3> <p>Ombrasole provides a unique, hands-on experience from our showroom to your home. Customers can customize their awnings to suit personal tastes, and with our efficient production line, we ensure a prompt delivery within 2-4 weeks, maintaining high standards of quality and care.<\/p>\t\t\n\t\t\t<h3> Authentic Customer Experiences<\/h3> <p>Pride in our work is evident in the real-life installations featured on our website. These are not just images; they&rsquo;re stories of satisfied customers across Quebec, showcasing how our awnings have transformed their outdoor spaces.<\/p>\t\t\n\t<h4>\n\t\t\tMAT\u00c9RIAUX ET FOURNISSEURS D&rsquo;HAUTE QUALIT\u00c9\t<\/h4>\n\t\t\t\t<a href=\"https:\/\/ombrasole.com\/wp-content\/uploads\/2024\/02\/sergeFerrariCatalog-1.pdf\"  target=\"_blank\" rel=\"noopener\"  itemprop=\"url\">\n\t\t\t\t<img decoding=\"async\" src=\"https:\/\/ombrasole.com\/wp-content\/uploads\/2024\/01\/serge-ferrari.png\" alt=\"serge ferrari\" itemprop=\"image\" height=\"150\" width=\"150\" title=\"serge ferrari\" onerror=\"this.style.display='none'\" loading='lazy' \/>\n\t\t\t\t<\/a>\n\t\t\t\t<a href=\"https:\/\/ombrasole.com\/wp-content\/uploads\/2024\/02\/soltisCatalog-1.pdf\"  target=\"_blank\" rel=\"noopener\"  itemprop=\"url\">\n\t\t\t\t<img decoding=\"async\" src=\"https:\/\/ombrasole.com\/wp-content\/uploads\/2024\/02\/soltis-logo.jpg\" alt=\"soltis-logo\" itemprop=\"image\" height=\"97\" width=\"314\" title=\"soltis-logo\" onerror=\"this.style.display='none'\" loading='lazy' \/>\n\t\t\t\t<\/a>\n\t\t\t\t<a href=\"https:\/\/lascan.ca\/classement-produits\/acrylic-fabric\/?lang=en\"  target=\"_blank\" rel=\"noopener\"  itemprop=\"url\">\n\t\t\t\t<img decoding=\"async\" src=\"https:\/\/ombrasole.com\/wp-content\/uploads\/2024\/01\/Untitled-design-12.png\" alt=\"Untitled design (12)\" itemprop=\"image\" height=\"150\" width=\"150\" title=\"Untitled design (12)\" onerror=\"this.style.display='none'\" loading='lazy' \/>\n\t\t\t\t<\/a>\n\t\t\t\t<a href=\"https:\/\/global.sunbrella.com\/fr-fr\/fabrics\/shade\"  target=\"_blank\" rel=\"noopener\"  itemprop=\"url\">\n\t\t\t\t<img decoding=\"async\" src=\"https:\/\/ombrasole.com\/wp-content\/uploads\/2024\/01\/Untitled-design-10.png\" alt=\"Untitled design (10)\" itemprop=\"image\" height=\"150\" width=\"150\" title=\"Untitled design (10)\" onerror=\"this.style.display='none'\" loading='lazy' \/>\n\t\t\t\t<\/a>\n\t\t\t\t<a href=\"https:\/\/www.somfysystems.com\/en-us\/products\/awnings-screens-pergolas\/motorized-awnings\"  target=\"_blank\" rel=\"noopener\"  itemprop=\"url\">\n\t\t\t\t<img decoding=\"async\" src=\"https:\/\/ombrasole.com\/wp-content\/uploads\/2024\/01\/serge-ferrari-1.png\" alt=\"serge ferrari (1)\" itemprop=\"image\" height=\"150\" width=\"150\" title=\"serge ferrari (1)\" onerror=\"this.style.display='none'\" loading='lazy' \/>\n\t\t\t\t<\/a>\n\t\t\t\t<img decoding=\"async\" src=\"https:\/\/ombrasole.com\/wp-content\/uploads\/2024\/02\/download-2.png\" alt=\"download (2)\" itemprop=\"image\" height=\"108\" width=\"467\" title=\"download (2)\" onerror=\"this.style.display='none'\" loading='lazy' \/>\n<h2>\n\t\t\tObtenez un devis gratuit pour votre solution d&rsquo;auvent personnalis\u00e9e\t<\/h2>\n\t\t\t<a href=\"https:\/\/ombrasole.com\/fr\/estimation-gratuite\/\" target=\"_self\">\n\t\t\t\t\t\t\tConsultez nos experts\n\t\t\t\t\t<\/a>\n\n","protected":false},"excerpt":{"rendered":"<p>\u00c0 PROPOS DE NOUS 40 ans d&rsquo;activit\u00e9 dans le secteur des auvents. D\u00e9couvrez l&rsquo;histoire d&rsquo;Ombrasole, son savoir-faire et son engagement. Notre histoire Ombrasole, avec plus de trois d\u00e9cennies et demie d&rsquo;exp\u00e9rience combin\u00e9e en Italie et au Canada, est \u00e0 la pointe de l&rsquo;innovation en mati\u00e8re d&rsquo;abris solaires, sp\u00e9cialis\u00e9e dans les auvents r\u00e9tractables et une gamme&hellip;<\/p>\n","protected":false},"author":1,"featured_media":0,"parent":0,"menu_order":0,"comment_status":"closed","ping_status":"closed","template":"","meta":{"footnotes":""},"class_list":["post-1889","page","type-page","status-publish","hentry"],"yoast_head":"<!-- This site is optimized with the Yoast SEO plugin v27.4 - https:\/\/yoast.com\/product\/yoast-seo-wordpress\/ -->\n<title>A propos de nous | Ombrasole Awnings<\/title>\n<meta name=\"robots\" content=\"index, follow, max-snippet:-1, max-image-preview:large, max-video-preview:-1\" \/>\n<link rel=\"canonical\" href=\"https:\/\/ombrasole.com\/fr\/a-propos-de-nous\/\" \/>\n<meta property=\"og:locale\" content=\"fr_FR\" \/>\n<meta property=\"og:type\" content=\"article\" \/>\n<meta property=\"og:title\" content=\"A propos de nous | Ombrasole Awnings\" \/>\n<meta property=\"og:description\" content=\"\u00c0 PROPOS DE NOUS 40 ans d&rsquo;activit\u00e9 dans le secteur des auvents. D\u00e9couvrez l&rsquo;histoire d&rsquo;Ombrasole, son savoir-faire et son engagement. Notre histoire Ombrasole, avec plus de trois d\u00e9cennies et demie d&rsquo;exp\u00e9rience combin\u00e9e en Italie et au Canada, est \u00e0 la pointe de l&rsquo;innovation en mati\u00e8re d&rsquo;abris solaires, sp\u00e9cialis\u00e9e dans les auvents r\u00e9tractables et une gamme&hellip;\" \/>\n<meta property=\"og:url\" content=\"https:\/\/ombrasole.com\/fr\/a-propos-de-nous\/\" \/>\n<meta property=\"og:site_name\" content=\"Ombrasole Awnings\" \/>\n<meta property=\"article:publisher\" content=\"https:\/\/www.facebook.com\/ombrasole\/\" \/>\n<meta property=\"article:modified_time\" content=\"2025-06-13T17:47:02+00:00\" \/>\n<meta property=\"og:image\" content=\"https:\/\/ombrasole.com\/wp-content\/uploads\/2024\/01\/Screenshot-2024-01-30-at-6.34.01-PM.png\" \/>\n<meta name=\"twitter:card\" content=\"summary_large_image\" \/>\n<meta name=\"twitter:label1\" content=\"Dur\u00e9e de lecture estim\u00e9e\" \/>\n\t<meta name=\"twitter:data1\" content=\"4 minutes\" \/>\n<script type=\"application\/ld+json\" class=\"yoast-schema-graph\">{\"@context\":\"https:\\\/\\\/schema.org\",\"@graph\":[{\"@type\":\"WebPage\",\"@id\":\"https:\\\/\\\/ombrasole.com\\\/fr\\\/a-propos-de-nous\\\/\",\"url\":\"https:\\\/\\\/ombrasole.com\\\/fr\\\/a-propos-de-nous\\\/\",\"name\":\"A propos de nous | Ombrasole Awnings\",\"isPartOf\":{\"@id\":\"https:\\\/\\\/ombrasole.com\\\/fr\\\/#website\"},\"primaryImageOfPage\":{\"@id\":\"https:\\\/\\\/ombrasole.com\\\/fr\\\/a-propos-de-nous\\\/#primaryimage\"},\"image\":{\"@id\":\"https:\\\/\\\/ombrasole.com\\\/fr\\\/a-propos-de-nous\\\/#primaryimage\"},\"thumbnailUrl\":\"https:\\\/\\\/ombrasole.com\\\/wp-content\\\/uploads\\\/2024\\\/01\\\/Screenshot-2024-01-30-at-6.34.01-PM.png\",\"datePublished\":\"2024-01-04T22:55:20+00:00\",\"dateModified\":\"2025-06-13T17:47:02+00:00\",\"breadcrumb\":{\"@id\":\"https:\\\/\\\/ombrasole.com\\\/fr\\\/a-propos-de-nous\\\/#breadcrumb\"},\"inLanguage\":\"fr-FR\",\"potentialAction\":[{\"@type\":\"ReadAction\",\"target\":[\"https:\\\/\\\/ombrasole.com\\\/fr\\\/a-propos-de-nous\\\/\"]}]},{\"@type\":\"ImageObject\",\"inLanguage\":\"fr-FR\",\"@id\":\"https:\\\/\\\/ombrasole.com\\\/fr\\\/a-propos-de-nous\\\/#primaryimage\",\"url\":\"https:\\\/\\\/ombrasole.com\\\/wp-content\\\/uploads\\\/2024\\\/01\\\/Screenshot-2024-01-30-at-6.34.01-PM.png\",\"contentUrl\":\"https:\\\/\\\/ombrasole.com\\\/wp-content\\\/uploads\\\/2024\\\/01\\\/Screenshot-2024-01-30-at-6.34.01-PM.png\"},{\"@type\":\"BreadcrumbList\",\"@id\":\"https:\\\/\\\/ombrasole.com\\\/fr\\\/a-propos-de-nous\\\/#breadcrumb\",\"itemListElement\":[{\"@type\":\"ListItem\",\"position\":1,\"name\":\"Home\",\"item\":\"https:\\\/\\\/ombrasole.com\\\/fr\\\/\"},{\"@type\":\"ListItem\",\"position\":2,\"name\":\"A propos de nous\"}]},{\"@type\":\"WebSite\",\"@id\":\"https:\\\/\\\/ombrasole.com\\\/fr\\\/#website\",\"url\":\"https:\\\/\\\/ombrasole.com\\\/fr\\\/\",\"name\":\"Ombrasole\",\"description\":\"Custom Made Awnings In Montreal, Our Style Makes The Difference\",\"publisher\":{\"@id\":\"https:\\\/\\\/ombrasole.com\\\/fr\\\/#organization\"},\"potentialAction\":[{\"@type\":\"SearchAction\",\"target\":{\"@type\":\"EntryPoint\",\"urlTemplate\":\"https:\\\/\\\/ombrasole.com\\\/fr\\\/?s={search_term_string}\"},\"query-input\":{\"@type\":\"PropertyValueSpecification\",\"valueRequired\":true,\"valueName\":\"search_term_string\"}}],\"inLanguage\":\"fr-FR\"},{\"@type\":\"Organization\",\"@id\":\"https:\\\/\\\/ombrasole.com\\\/fr\\\/#organization\",\"name\":\"Ombrasole\",\"alternateName\":\"Ombrasole Awnings\",\"url\":\"https:\\\/\\\/ombrasole.com\\\/fr\\\/\",\"logo\":{\"@type\":\"ImageObject\",\"inLanguage\":\"fr-FR\",\"@id\":\"https:\\\/\\\/ombrasole.com\\\/fr\\\/#\\\/schema\\\/logo\\\/image\\\/\",\"url\":\"https:\\\/\\\/ombrasole.com\\\/wp-content\\\/uploads\\\/2024\\\/01\\\/Ombrasole_logo_white.png\",\"contentUrl\":\"https:\\\/\\\/ombrasole.com\\\/wp-content\\\/uploads\\\/2024\\\/01\\\/Ombrasole_logo_white.png\",\"width\":328,\"height\":90,\"caption\":\"Ombrasole\"},\"image\":{\"@id\":\"https:\\\/\\\/ombrasole.com\\\/fr\\\/#\\\/schema\\\/logo\\\/image\\\/\"},\"sameAs\":[\"https:\\\/\\\/www.facebook.com\\\/ombrasole\\\/\"]}]}<\/script>\n<!-- \/ Yoast SEO plugin. -->","yoast_head_json":{"title":"A propos de nous | Ombrasole Awnings","robots":{"index":"index","follow":"follow","max-snippet":"max-snippet:-1","max-image-preview":"max-image-preview:large","max-video-preview":"max-video-preview:-1"},"canonical":"https:\/\/ombrasole.com\/fr\/a-propos-de-nous\/","og_locale":"fr_FR","og_type":"article","og_title":"A propos de nous | Ombrasole Awnings","og_description":"\u00c0 PROPOS DE NOUS 40 ans d&rsquo;activit\u00e9 dans le secteur des auvents. D\u00e9couvrez l&rsquo;histoire d&rsquo;Ombrasole, son savoir-faire et son engagement. Notre histoire Ombrasole, avec plus de trois d\u00e9cennies et demie d&rsquo;exp\u00e9rience combin\u00e9e en Italie et au Canada, est \u00e0 la pointe de l&rsquo;innovation en mati\u00e8re d&rsquo;abris solaires, sp\u00e9cialis\u00e9e dans les auvents r\u00e9tractables et une gamme&hellip;","og_url":"https:\/\/ombrasole.com\/fr\/a-propos-de-nous\/","og_site_name":"Ombrasole Awnings","article_publisher":"https:\/\/www.facebook.com\/ombrasole\/","article_modified_time":"2025-06-13T17:47:02+00:00","og_image":[{"url":"https:\/\/ombrasole.com\/wp-content\/uploads\/2024\/01\/Screenshot-2024-01-30-at-6.34.01-PM.png","type":"","width":"","height":""}],"twitter_card":"summary_large_image","twitter_misc":{"Dur\u00e9e de lecture estim\u00e9e":"4 minutes"},"schema":{"@context":"https:\/\/schema.org","@graph":[{"@type":"WebPage","@id":"https:\/\/ombrasole.com\/fr\/a-propos-de-nous\/","url":"https:\/\/ombrasole.com\/fr\/a-propos-de-nous\/","name":"A propos de nous | Ombrasole Awnings","isPartOf":{"@id":"https:\/\/ombrasole.com\/fr\/#website"},"primaryImageOfPage":{"@id":"https:\/\/ombrasole.com\/fr\/a-propos-de-nous\/#primaryimage"},"image":{"@id":"https:\/\/ombrasole.com\/fr\/a-propos-de-nous\/#primaryimage"},"thumbnailUrl":"https:\/\/ombrasole.com\/wp-content\/uploads\/2024\/01\/Screenshot-2024-01-30-at-6.34.01-PM.png","datePublished":"2024-01-04T22:55:20+00:00","dateModified":"2025-06-13T17:47:02+00:00","breadcrumb":{"@id":"https:\/\/ombrasole.com\/fr\/a-propos-de-nous\/#breadcrumb"},"inLanguage":"fr-FR","potentialAction":[{"@type":"ReadAction","target":["https:\/\/ombrasole.com\/fr\/a-propos-de-nous\/"]}]},{"@type":"ImageObject","inLanguage":"fr-FR","@id":"https:\/\/ombrasole.com\/fr\/a-propos-de-nous\/#primaryimage","url":"https:\/\/ombrasole.com\/wp-content\/uploads\/2024\/01\/Screenshot-2024-01-30-at-6.34.01-PM.png","contentUrl":"https:\/\/ombrasole.com\/wp-content\/uploads\/2024\/01\/Screenshot-2024-01-30-at-6.34.01-PM.png"},{"@type":"BreadcrumbList","@id":"https:\/\/ombrasole.com\/fr\/a-propos-de-nous\/#breadcrumb","itemListElement":[{"@type":"ListItem","position":1,"name":"Home","item":"https:\/\/ombrasole.com\/fr\/"},{"@type":"ListItem","position":2,"name":"A propos de nous"}]},{"@type":"WebSite","@id":"https:\/\/ombrasole.com\/fr\/#website","url":"https:\/\/ombrasole.com\/fr\/","name":"Ombrasole","description":"Custom Made Awnings In Montreal, Our Style Makes The Difference","publisher":{"@id":"https:\/\/ombrasole.com\/fr\/#organization"},"potentialAction":[{"@type":"SearchAction","target":{"@type":"EntryPoint","urlTemplate":"https:\/\/ombrasole.com\/fr\/?s={search_term_string}"},"query-input":{"@type":"PropertyValueSpecification","valueRequired":true,"valueName":"search_term_string"}}],"inLanguage":"fr-FR"},{"@type":"Organization","@id":"https:\/\/ombrasole.com\/fr\/#organization","name":"Ombrasole","alternateName":"Ombrasole Awnings","url":"https:\/\/ombrasole.com\/fr\/","logo":{"@type":"ImageObject","inLanguage":"fr-FR","@id":"https:\/\/ombrasole.com\/fr\/#\/schema\/logo\/image\/","url":"https:\/\/ombrasole.com\/wp-content\/uploads\/2024\/01\/Ombrasole_logo_white.png","contentUrl":"https:\/\/ombrasole.com\/wp-content\/uploads\/2024\/01\/Ombrasole_logo_white.png","width":328,"height":90,"caption":"Ombrasole"},"image":{"@id":"https:\/\/ombrasole.com\/fr\/#\/schema\/logo\/image\/"},"sameAs":["https:\/\/www.facebook.com\/ombrasole\/"]}]}},"_links":{"self":[{"href":"https:\/\/ombrasole.com\/fr\/wp-json\/wp\/v2\/pages\/1889","targetHints":{"allow":["GET"]}}],"collection":[{"href":"https:\/\/ombrasole.com\/fr\/wp-json\/wp\/v2\/pages"}],"about":[{"href":"https:\/\/ombrasole.com\/fr\/wp-json\/wp\/v2\/types\/page"}],"author":[{"embeddable":true,"href":"https:\/\/ombrasole.com\/fr\/wp-json\/wp\/v2\/users\/1"}],"replies":[{"embeddable":true,"href":"https:\/\/ombrasole.com\/fr\/wp-json\/wp\/v2\/comments?post=1889"}],"version-history":[{"count":0,"href":"https:\/\/ombrasole.com\/fr\/wp-json\/wp\/v2\/pages\/1889\/revisions"}],"wp:attachment":[{"href":"https:\/\/ombrasole.com\/fr\/wp-json\/wp\/v2\/media?parent=1889"}],"curies":[{"name":"wp","href":"https:\/\/api.w.org\/{rel}","templated":true}]}}