{"id":1888,"date":"2024-01-04T23:13:12","date_gmt":"2024-01-04T23:13:12","guid":{"rendered":"https:\/\/ombrasole.wpenginepowered.com\/commercial-marquises-de-terrasse-capriccio\/"},"modified":"2026-04-01T20:18:34","modified_gmt":"2026-04-01T20:18:34","slug":"commercial-marquises-de-terrasse-capriccio","status":"publish","type":"page","link":"https:\/\/ombrasole.com\/fr\/commercial\/auvents-de-terrasse-capriccio\/","title":{"rendered":"Commercial &#8211; Marquises de terrasse &#8211; Capriccio"},"content":{"rendered":"\n<h4>\n\t\t\tCAPRICCIO\t<\/h4>\n<h1>\n\t\t\tCommercial<br \/>Auvents de terrasse commerciaux\t<\/h1>\n\t\t\t<a href=\"https:\/\/ombrasole.com\/fr\/estimation-gratuite\/\"  target=\"_self\">\n\t\t\t\t\t\t\tSoumission gratuite\n\t\t\t\t\t<\/a>\n<h2>\n\t\t\tLa solution d&rsquo;auvent moderne et contemporaine pour les entreprises\t<\/h2>\n\t<p>Le store Capriccio Terrace n&rsquo;est pas seulement un ajout \u00e0 votre espace commercial, c&rsquo;est une transformation. Con\u00e7u pour r\u00e9pondre aux besoins des entreprises qui cherchent \u00e0 se distinguer sur un march\u00e9 concurrentiel, le store Capriccio allie \u00e9l\u00e9gance, fonctionnalit\u00e9 et durabilit\u00e9. Qu&rsquo;il s&rsquo;agisse d&rsquo;un restaurant, d&rsquo;un caf\u00e9 ou de tout autre espace commercial ext\u00e9rieur, il promet une exp\u00e9rience al fresco in\u00e9gal\u00e9e.<\/p>\n\t\t<figure itemscope itemtype=\"https:\/\/schema.org\/ImageObject\">\n\t\t\t\t<img decoding=\"async\" src=\"https:\/\/ombrasole.com\/wp-content\/uploads\/bb-plugin\/cache\/3-panorama-d32af4765a901b7dd074641935ee1720-.png\" alt=\"3\" height=\"600\" width=\"600\" title=\"3\" onerror=\"this.style.display='none'\" loading=\"lazy\" \/>\n\t<\/figure>\n<h5>Auvents sur mesure \u00e0 Montr\u00e9al<\/h5><p>Enti\u00e8rement con\u00e7u et fabriqu\u00e9 dans notre usine de Montr\u00e9al ; promesse d&rsquo;une livraison et d&rsquo;une installation rapides.<\/p>\n\t\t<figure itemscope itemtype=\"https:\/\/schema.org\/ImageObject\">\n\t\t\t\t<img decoding=\"async\" src=\"https:\/\/ombrasole.com\/wp-content\/uploads\/bb-plugin\/cache\/2-panorama-d885c163b9785ffe7f10521ba643cb18-.png\" alt=\"2\" height=\"600\" width=\"600\" title=\"2\" onerror=\"this.style.display='none'\" loading=\"lazy\" \/>\n\t<\/figure>\n<h5>Mat\u00e9riaux r\u00e9sistants de haute qualit\u00e9<\/h5><p>Construit en aluminium extrud\u00e9 r\u00e9sistant \u00e0 la rouille et avec des raccords en acier inoxydable.<\/p>\n\t\t<figure itemscope itemtype=\"https:\/\/schema.org\/ImageObject\">\n\t\t\t\t<img decoding=\"async\" src=\"https:\/\/ombrasole.com\/wp-content\/uploads\/bb-plugin\/cache\/1-panorama-b29cb3db784423b02bfc996834dcb08a-.png\" alt=\"1\" height=\"600\" width=\"600\" title=\"1\" onerror=\"this.style.display='none'\" loading=\"lazy\" \/>\n\t<\/figure>\n<h5>Service rapide et garanties solides<\/h5><p>Garantie de 15 ans sur la structure en aluminium et de 15 ans sur le tissu.<\/p>\n\t\t<figure itemscope itemtype=\"https:\/\/schema.org\/ImageObject\">\n\t\t\t\t<img decoding=\"async\" src=\"https:\/\/ombrasole.com\/wp-content\/uploads\/bb-plugin\/cache\/4-panorama-7ca450a1f2183e027615d2001680ac77-.png\" alt=\"4\" height=\"600\" width=\"600\" title=\"4\" onerror=\"this.style.display='none'\" loading=\"lazy\" \/>\n\t<\/figure>\n<h5>Stockage sans effort, aucun service n&rsquo;est requis<\/h5><p>Nos mod\u00e8les r\u00e9sistent \u00e0 l&rsquo;hiver et se rangent eux-m\u00eames pour un entretien sans effort.<\/p>\n<h2>\n\t\t\tCapriccio : L&rsquo;auvent de terrasse commerciale sur mesure du Qu\u00e9bec pour les entreprises\t<\/h2>\n\t<p>Fabriqu\u00e9 avec pr\u00e9cision et soin au Qu\u00e9bec, l&rsquo;auvent de terrasse Capriccio t\u00e9moigne de l&rsquo;engagement d&rsquo;Ombrasole envers la qualit\u00e9. Sa structure, en aluminium extrud\u00e9 peint en noir, offre un aspect moderne et \u00e9pur\u00e9 tout en garantissant la robustesse. Avec une garantie de 15 ans sur la structure et la toile vinyle haut de gamme de Serge Ferrari, \u00e9galement garantie 15 ans, cet auvent est con\u00e7u pour r\u00e9sister au temps et aux intemp\u00e9ries.<\/p>\n\t<h3>Personnalisation et flexibilit\u00e9 : adapt\u00e9 \u00e0 vos besoins commerciaux<\/h3>\n<p>Sachant que chaque entreprise est unique, l&rsquo;auvent Capriccio offre une flexibilit\u00e9 consid\u00e9rable dans la conception. Chaque section, pouvant aller jusqu&rsquo;\u00e0 14 pieds de large, fonctionne de mani\u00e8re ind\u00e9pendante avec sa propre toile motoris\u00e9e, permettant une personnalisation de l&rsquo;ombre ou de l&rsquo;exposition au soleil. L&rsquo;auvent est modulaire au-del\u00e0 de cette largeur, avec des projections allant de 10 \u00e0 24 pieds, assurant un ajustement parfait pour toute taille de terrasse. Le choix de diverses couleurs pour la toile en vinyle de Serge Ferrari durable, imperm\u00e9able et ignifuge permet une personnalisation suppl\u00e9mentaire pour correspondre \u00e0 l&rsquo;esth\u00e9tique de votre \u00e9tablissement.<\/p>\n<hr \/>\n<h3>Technologie avanc\u00e9e pour faciliter l&rsquo;utilisation et vous procurer un confort<\/h3>\n<p>La facilit\u00e9 d&rsquo;op\u00e9ration est au c\u0153ur de la conception du Capriccio. Avec une t\u00e9l\u00e9commande et le moteur Somfy, ajuster chaque section est sans effort. L&rsquo;application innovante MyLink sur le t\u00e9l\u00e9phone apporte la commodit\u00e9 \u00e0 un niveau sup\u00e9rieur, vous permettant d&rsquo;ouvrir et de fermer votre auvent ou vos rideaux motoris\u00e9s \u00e0 distance. Cette int\u00e9gration technologique assure que la gestion de votre espace ext\u00e9rieur est simple et efficace.<\/p>\n<hr \/>\n<h3>R\u00e9sistant aux intemp\u00e9ries et sans entretien<\/h3>\n<p>Pr\u00e9par\u00e9 pour toutes les conditions m\u00e9t\u00e9orologiques, le Capriccio offre une protection optimale contre les rayons UV et les mauvais temps avec son toit motoris\u00e9 r\u00e9tractable. Le syst\u00e8me de goutti\u00e8re innovant int\u00e9gr\u00e9 entre les sections et une goutti\u00e8re en fa\u00e7ade dans la structure assurent que l&rsquo;eau de pluie est efficacement g\u00e9r\u00e9e; vos clients seront confortablement assis sans aucun souci. L&rsquo;auvent ne n\u00e9cessite aucun entretien avant l&rsquo;hiver, car la toile se r\u00e9tracte sous un couvercle protecteur en aluminium, et les rideaux se roulent dans leur bo\u00eetier , \u00e9liminant les corv\u00e9es de rangement.<\/p>\n<hr \/>\n<h3>Am\u00e9liorez l&rsquo;exp\u00e9rience de vos clients<\/h3>\n<p>L&rsquo;auvent de terrasse Capriccio ne concerne pas seulement la protection ; il s&rsquo;agit de cr\u00e9er un espace ext\u00e9rieur convivial et confortable pour vos clients. Que ce soit les jours ensoleill\u00e9s ou les nuits \u00e9toil\u00e9es, cet auvent fournit un cadre avec la meilleure ambiance ce qui va am\u00e9liorer l&rsquo;exp\u00e9rience globale de vos clients par cons\u00e9quent g\u00e9n\u00e9rer potentiellement plus de nouveaux clients et plus revenus de votre entreprise.<\/p>\n<hr \/>\n<h3>Personnalisable pour des exigences commerciales uniques<\/h3>\n<p>Avec des options tel que les rideaux motoris\u00e9s pour la protection solaire et surtout des intemp\u00e9ries, des lumi\u00e8res LED et des chauffages, le Capriccio offre une gamme de fonctionnalit\u00e9s pour am\u00e9liorer l&rsquo;exp\u00e9rience ext\u00e9rieure, ce qui en fait un choix id\u00e9al pour les entreprises cherchant \u00e0 optimiser leurs espaces ext\u00e9rieurs.<\/p>\n<h4>\n\t\t\tTISSUS ET FOURNISSEURS DE HAUTE QUALIT\u00c9\t<\/h4>\n<figure itemscope itemtype=\"https:\/\/schema.org\/ImageObject\">\n\t\t\t\t<a href=\"https:\/\/ombrasole.com\/wp-content\/uploads\/2026\/03\/SERGE-FERRARI-502-CATALOGUE_compressed.pdf\"  target=\"_blank\" rel=\"noopener\"  itemprop=\"url\">\n\t\t\t\t<img decoding=\"async\" src=\"https:\/\/ombrasole.com\/wp-content\/uploads\/2024\/01\/serge-ferrari.png\" alt=\"serge ferrari\" height=\"150\" width=\"150\" title=\"serge ferrari\" onerror=\"this.style.display='none'\" loading=\"lazy\" \/>\n\t\t\t\t<\/a>\n\t<\/figure>\n<figure itemscope itemtype=\"https:\/\/schema.org\/ImageObject\">\n\t\t\t\t<a href=\"https:\/\/ombrasole.com\/wp-content\/uploads\/2026\/03\/Soltis-86-CATALOGUE_compressed.pdf\"  target=\"_blank\" rel=\"noopener\"  itemprop=\"url\">\n\t\t\t\t<img decoding=\"async\" src=\"https:\/\/ombrasole.com\/wp-content\/uploads\/2024\/02\/soltis-logo-1.jpg\" alt=\"soltis-logo\" height=\"97\" width=\"314\" title=\"soltis-logo\" onerror=\"this.style.display='none'\" loading=\"lazy\" \/>\n\t\t\t\t<\/a>\n\t<\/figure>\n<figure itemscope itemtype=\"https:\/\/schema.org\/ImageObject\">\n\t\t\t\t<a href=\"https:\/\/www.somfysystems.com\/en-us\/products\/awnings-screens-pergolas\/motorized-awnings\"  target=\"_blank\" rel=\"noopener\"  itemprop=\"url\">\n\t\t\t\t<img decoding=\"async\" src=\"https:\/\/ombrasole.com\/wp-content\/uploads\/2024\/01\/serge-ferrari-1.png\" alt=\"serge ferrari (1)\" height=\"150\" width=\"150\" title=\"serge ferrari (1)\" onerror=\"this.style.display='none'\" loading=\"lazy\" \/>\n\t\t\t\t<\/a>\n\t<\/figure>\n<h2>\n\t\t\tStore de terrasse commercial Capriccio : FAQ\t<\/h2>\n\t<p>Notre section FAQ essentielle est con\u00e7ue pour fournir aux entreprises des informations d\u00e9taill\u00e9es sur le store de terrasse commercial Capriccio, couvrant des aspects allant de la fonctionnalit\u00e9 et de la personnalisation \u00e0 l&rsquo;installation, garantissant que vous disposez de toutes les informations n\u00e9cessaires pour prendre une d\u00e9cision \u00e9clair\u00e9e pour l&rsquo;am\u00e9lioration de votre espace ext\u00e9rieur commercial.<\/p>\n\t\t\t\t\t<a role=\"heading\" aria-level=\"2\" tabindex=\"-1\"  id=\"fl-accordion--label-0\">Quelles sont les options de personnalisation disponibles pour le store Capriccio ?<\/a>\n\t\t\t\t\t\t\t\t\t\t\t<button type=\"button\" id=\"fl-accordion--icon-0\" aria-expanded=\"false\" aria-controls=\"fl-accordion--panel-0\"><i>Expand<\/i><\/button>\n\t\t\t\t\t<p>Le store Capriccio est enti\u00e8rement personnalisable pour s&rsquo;adapter au style et aux besoins uniques de votre entreprise. Vous pouvez choisir parmi une vari\u00e9t\u00e9 de couleurs dans la toile vinyle Ferrari durable, imperm\u00e9able et ignifuge. En outre, chaque section, d&rsquo;une largeur maximale de 14 pieds, fonctionne ind\u00e9pendamment, ce qui permet une gestion personnalis\u00e9e de l&rsquo;ombrage. La conception modulaire du store s&rsquo;adapte aux terrasses de diff\u00e9rentes tailles.<\/p>\n\t\t\t\t\t<a role=\"heading\" aria-level=\"2\" tabindex=\"-1\"  id=\"fl-accordion--label-1\">Comment l&rsquo;auvent Capriccio r\u00e9siste-t-il aux intemp\u00e9ries ?<\/a>\n\t\t\t\t\t\t\t\t\t\t\t<button type=\"button\" id=\"fl-accordion--icon-1\" aria-expanded=\"false\" aria-controls=\"fl-accordion--panel-1\"><i>Expand<\/i><\/button>\n\t\t\t\t\t<p>Le store Capriccio est con\u00e7u pour offrir une protection optimale contre les diverses conditions m\u00e9t\u00e9orologiques. Il est dot\u00e9 d&rsquo;un toit r\u00e9tractable motoris\u00e9 qui prot\u00e8ge des UV et de la pluie, et d&rsquo;un syst\u00e8me de goutti\u00e8res innovant qui g\u00e8re efficacement l&rsquo;eau de pluie. La structure en aluminium extrud\u00e9 et la toile de haute qualit\u00e9 garantissent la durabilit\u00e9 de la structure face aux intemp\u00e9ries. De plus, l&rsquo;auvent ne n\u00e9cessite aucun entretien avant l&rsquo;hiver, car il se r\u00e9tracte sous une housse de protection.<\/p>\n\t\t\t\t\t<a role=\"heading\" aria-level=\"2\" tabindex=\"-1\"  id=\"fl-accordion--label-2\">L&rsquo;auvent Capriccio est-il facile \u00e0 utiliser ?<\/a>\n\t\t\t\t\t\t\t\t\t\t\t<button type=\"button\" id=\"fl-accordion--icon-2\" aria-expanded=\"false\" aria-controls=\"fl-accordion--panel-2\"><i>Expand<\/i><\/button>\n\t\t\t\t\t<p>Oui, l&rsquo;auvent Capriccio est con\u00e7u pour \u00eatre facile \u00e0 utiliser. Il est \u00e9quip\u00e9 d&rsquo;une t\u00e9l\u00e9commande et d&rsquo;un moteur Somfy, permettant de r\u00e9gler chaque section sans effort. Pour plus de commodit\u00e9, l&rsquo;application t\u00e9l\u00e9phonique MyLink vous permet de commander l&rsquo;auvent \u00e0 distance, ce qui vous permet de g\u00e9rer votre espace ext\u00e9rieur en toute transparence.<\/p>\n\t\t\t\t\t<a role=\"heading\" aria-level=\"2\" tabindex=\"-1\"  id=\"fl-accordion--label-3\">Quelle est la p\u00e9riode de garantie du store Capriccio et que couvre-t-elle ?<\/a>\n\t\t\t\t\t\t\t\t\t\t\t<button type=\"button\" id=\"fl-accordion--icon-3\" aria-expanded=\"false\" aria-controls=\"fl-accordion--panel-3\"><i>Expand<\/i><\/button>\n\t\t\t\t\t<p>Le store Capriccio b\u00e9n\u00e9ficie d&rsquo;une garantie de 15 ans sur la structure, ce qui assure une durabilit\u00e9 \u00e0 long terme et une tranquillit\u00e9 d&rsquo;esprit. En outre, la toile vinyle haut de gamme de Serge Ferrari est assortie d&rsquo;une garantie limit\u00e9e de 15 ans, couvrant tout d\u00e9faut de mat\u00e9riau et de fabrication.<\/p>\n\t\t\t\t\t<a role=\"heading\" aria-level=\"2\" tabindex=\"-1\"  id=\"fl-accordion--label-4\">Le store Capriccio peut-il am\u00e9liorer l&rsquo;espace ext\u00e9rieur de mon entreprise en termes d&rsquo;exp\u00e9rience client ?<\/a>\n\t\t\t\t\t\t\t\t\t\t\t<button type=\"button\" id=\"fl-accordion--icon-4\" aria-expanded=\"false\" aria-controls=\"fl-accordion--panel-4\"><i>Expand<\/i><\/button>\n\t\t\t\t\t<p>Absolument. Le store Capriccio n&rsquo;offre pas seulement une protection contre les \u00e9l\u00e9ments, il cr\u00e9e \u00e9galement une ambiance ext\u00e9rieure accueillante et confortable pour vos clients. Son design \u00e9l\u00e9gant et ses caract\u00e9ristiques fonctionnelles am\u00e9liorent l&rsquo;exp\u00e9rience globale du client, rendant votre espace ext\u00e9rieur plus attrayant et augmentant potentiellement l&rsquo;attractivit\u00e9 et le chiffre d&rsquo;affaires de votre entreprise.<\/p>\n<h2>\n\t\t\tObtenez un devis gratuit pour votre solution d&rsquo;auvent personnalis\u00e9e\t<\/h2>\n\t\t\t<a href=\"https:\/\/ombrasole.com\/fr\/estimation-gratuite\/\"  target=\"_self\">\n\t\t\t\t\t\t\tConsultez nos experts\n\t\t\t\t\t<\/a>\n\n","protected":false},"excerpt":{"rendered":"<p>CAPRICCIO CommercialAuvents de terrasse commerciaux Soumission gratuite La solution d&rsquo;auvent moderne et contemporaine pour les entreprises Le store Capriccio Terrace n&rsquo;est pas seulement un ajout \u00e0 votre espace commercial, c&rsquo;est une transformation. Con\u00e7u pour r\u00e9pondre aux besoins des entreprises qui cherchent \u00e0 se distinguer sur un march\u00e9 concurrentiel, le store Capriccio allie \u00e9l\u00e9gance, fonctionnalit\u00e9 et&hellip;<\/p>\n","protected":false},"author":1,"featured_media":0,"parent":0,"menu_order":0,"comment_status":"closed","ping_status":"closed","template":"","meta":{"footnotes":""},"class_list":["post-1888","page","type-page","status-publish","hentry"],"yoast_head":"<!-- This site is optimized with the Yoast SEO plugin v27.3 - https:\/\/yoast.com\/product\/yoast-seo-wordpress\/ -->\n<title>Auvents de terrasse pour les commerces | Ombrasole Awnings<\/title>\n<meta name=\"description\" content=\"Le store Capriccio Terrace n&#039;est pas seulement un ajout \u00e0 votre espace commercial, c&#039;est une transformation. Le store Capriccio Terrace n&#039;est pas seulement un ajout \u00e0 votre espace commercial, c&#039;est une transformation. Qu&#039;il s&#039;agisse d&#039;un restaurant, d&#039;un caf\u00e9 ou de tout autre espace commercial ext\u00e9rieur, il promet une exp\u00e9rience al fresco in\u00e9gal\u00e9e.\" \/>\n<meta name=\"robots\" content=\"index, follow, max-snippet:-1, max-image-preview:large, max-video-preview:-1\" \/>\n<link rel=\"canonical\" href=\"https:\/\/ombrasole.com\/fr\/commercial\/auvents-de-terrasse-capriccio\/\" \/>\n<meta property=\"og:locale\" content=\"fr_FR\" \/>\n<meta property=\"og:type\" content=\"article\" \/>\n<meta property=\"og:title\" content=\"Auvents de terrasse pour les commerces | Ombrasole Awnings\" \/>\n<meta property=\"og:description\" content=\"Le store Capriccio Terrace n&#039;est pas seulement un ajout \u00e0 votre espace commercial, c&#039;est une transformation. Le store Capriccio Terrace n&#039;est pas seulement un ajout \u00e0 votre espace commercial, c&#039;est une transformation. Qu&#039;il s&#039;agisse d&#039;un restaurant, d&#039;un caf\u00e9 ou de tout autre espace commercial ext\u00e9rieur, il promet une exp\u00e9rience al fresco in\u00e9gal\u00e9e.\" \/>\n<meta property=\"og:url\" content=\"https:\/\/ombrasole.com\/fr\/commercial\/auvents-de-terrasse-capriccio\/\" \/>\n<meta property=\"og:site_name\" content=\"Ombrasole Awnings\" \/>\n<meta property=\"article:publisher\" content=\"https:\/\/www.facebook.com\/ombrasole\/\" \/>\n<meta property=\"article:modified_time\" content=\"2026-04-01T20:18:34+00:00\" \/>\n<meta property=\"og:image\" content=\"https:\/\/ombrasole.com\/wp-content\/uploads\/bb-plugin\/cache\/3-panorama-d32af4765a901b7dd074641935ee1720-.png\" \/>\n<meta name=\"twitter:card\" content=\"summary_large_image\" \/>\n<meta name=\"twitter:label1\" content=\"Dur\u00e9e de lecture estim\u00e9e\" \/>\n\t<meta name=\"twitter:data1\" content=\"6 minutes\" \/>\n<script type=\"application\/ld+json\" class=\"yoast-schema-graph\">{\"@context\":\"https:\\\/\\\/schema.org\",\"@graph\":[{\"@type\":\"WebPage\",\"@id\":\"https:\\\/\\\/ombrasole.com\\\/fr\\\/commercial\\\/auvents-de-terrasse-capriccio\\\/\",\"url\":\"https:\\\/\\\/ombrasole.com\\\/fr\\\/commercial\\\/auvents-de-terrasse-capriccio\\\/\",\"name\":\"Auvents de terrasse pour les commerces | Ombrasole Awnings\",\"isPartOf\":{\"@id\":\"https:\\\/\\\/ombrasole.com\\\/fr\\\/#website\"},\"primaryImageOfPage\":{\"@id\":\"https:\\\/\\\/ombrasole.com\\\/fr\\\/commercial\\\/auvents-de-terrasse-capriccio\\\/#primaryimage\"},\"image\":{\"@id\":\"https:\\\/\\\/ombrasole.com\\\/fr\\\/commercial\\\/auvents-de-terrasse-capriccio\\\/#primaryimage\"},\"thumbnailUrl\":\"https:\\\/\\\/ombrasole.com\\\/wp-content\\\/uploads\\\/bb-plugin\\\/cache\\\/3-panorama-d32af4765a901b7dd074641935ee1720-.png\",\"datePublished\":\"2024-01-04T23:13:12+00:00\",\"dateModified\":\"2026-04-01T20:18:34+00:00\",\"description\":\"Le store Capriccio Terrace n'est pas seulement un ajout \u00e0 votre espace commercial, c'est une transformation. Le store Capriccio Terrace n'est pas seulement un ajout \u00e0 votre espace commercial, c'est une transformation. Qu'il s'agisse d'un restaurant, d'un caf\u00e9 ou de tout autre espace commercial ext\u00e9rieur, il promet une exp\u00e9rience al fresco in\u00e9gal\u00e9e.\",\"breadcrumb\":{\"@id\":\"https:\\\/\\\/ombrasole.com\\\/fr\\\/commercial\\\/auvents-de-terrasse-capriccio\\\/#breadcrumb\"},\"inLanguage\":\"fr-FR\",\"potentialAction\":[{\"@type\":\"ReadAction\",\"target\":[\"https:\\\/\\\/ombrasole.com\\\/fr\\\/commercial\\\/auvents-de-terrasse-capriccio\\\/\"]}]},{\"@type\":\"ImageObject\",\"inLanguage\":\"fr-FR\",\"@id\":\"https:\\\/\\\/ombrasole.com\\\/fr\\\/commercial\\\/auvents-de-terrasse-capriccio\\\/#primaryimage\",\"url\":\"https:\\\/\\\/ombrasole.com\\\/wp-content\\\/uploads\\\/bb-plugin\\\/cache\\\/3-panorama-d32af4765a901b7dd074641935ee1720-.png\",\"contentUrl\":\"https:\\\/\\\/ombrasole.com\\\/wp-content\\\/uploads\\\/bb-plugin\\\/cache\\\/3-panorama-d32af4765a901b7dd074641935ee1720-.png\"},{\"@type\":\"BreadcrumbList\",\"@id\":\"https:\\\/\\\/ombrasole.com\\\/fr\\\/commercial\\\/auvents-de-terrasse-capriccio\\\/#breadcrumb\",\"itemListElement\":[{\"@type\":\"ListItem\",\"position\":1,\"name\":\"Home\",\"item\":\"https:\\\/\\\/ombrasole.com\\\/fr\\\/\"},{\"@type\":\"ListItem\",\"position\":2,\"name\":\"Commercial &#8211; Marquises de terrasse &#8211; Capriccio\"}]},{\"@type\":\"WebSite\",\"@id\":\"https:\\\/\\\/ombrasole.com\\\/fr\\\/#website\",\"url\":\"https:\\\/\\\/ombrasole.com\\\/fr\\\/\",\"name\":\"Ombrasole\",\"description\":\"Custom Made Awnings In Montreal, Our Style Makes The Difference\",\"publisher\":{\"@id\":\"https:\\\/\\\/ombrasole.com\\\/fr\\\/#organization\"},\"potentialAction\":[{\"@type\":\"SearchAction\",\"target\":{\"@type\":\"EntryPoint\",\"urlTemplate\":\"https:\\\/\\\/ombrasole.com\\\/fr\\\/?s={search_term_string}\"},\"query-input\":{\"@type\":\"PropertyValueSpecification\",\"valueRequired\":true,\"valueName\":\"search_term_string\"}}],\"inLanguage\":\"fr-FR\"},{\"@type\":\"Organization\",\"@id\":\"https:\\\/\\\/ombrasole.com\\\/fr\\\/#organization\",\"name\":\"Ombrasole\",\"alternateName\":\"Ombrasole Awnings\",\"url\":\"https:\\\/\\\/ombrasole.com\\\/fr\\\/\",\"logo\":{\"@type\":\"ImageObject\",\"inLanguage\":\"fr-FR\",\"@id\":\"https:\\\/\\\/ombrasole.com\\\/fr\\\/#\\\/schema\\\/logo\\\/image\\\/\",\"url\":\"https:\\\/\\\/ombrasole.com\\\/wp-content\\\/uploads\\\/2024\\\/01\\\/Ombrasole_logo_white.png\",\"contentUrl\":\"https:\\\/\\\/ombrasole.com\\\/wp-content\\\/uploads\\\/2024\\\/01\\\/Ombrasole_logo_white.png\",\"width\":328,\"height\":90,\"caption\":\"Ombrasole\"},\"image\":{\"@id\":\"https:\\\/\\\/ombrasole.com\\\/fr\\\/#\\\/schema\\\/logo\\\/image\\\/\"},\"sameAs\":[\"https:\\\/\\\/www.facebook.com\\\/ombrasole\\\/\"]}]}<\/script>\n<!-- \/ Yoast SEO plugin. -->","yoast_head_json":{"title":"Auvents de terrasse pour les commerces | Ombrasole Awnings","description":"Le store Capriccio Terrace n'est pas seulement un ajout \u00e0 votre espace commercial, c'est une transformation. Le store Capriccio Terrace n'est pas seulement un ajout \u00e0 votre espace commercial, c'est une transformation. Qu'il s'agisse d'un restaurant, d'un caf\u00e9 ou de tout autre espace commercial ext\u00e9rieur, il promet une exp\u00e9rience al fresco in\u00e9gal\u00e9e.","robots":{"index":"index","follow":"follow","max-snippet":"max-snippet:-1","max-image-preview":"max-image-preview:large","max-video-preview":"max-video-preview:-1"},"canonical":"https:\/\/ombrasole.com\/fr\/commercial\/auvents-de-terrasse-capriccio\/","og_locale":"fr_FR","og_type":"article","og_title":"Auvents de terrasse pour les commerces | Ombrasole Awnings","og_description":"Le store Capriccio Terrace n'est pas seulement un ajout \u00e0 votre espace commercial, c'est une transformation. Le store Capriccio Terrace n'est pas seulement un ajout \u00e0 votre espace commercial, c'est une transformation. Qu'il s'agisse d'un restaurant, d'un caf\u00e9 ou de tout autre espace commercial ext\u00e9rieur, il promet une exp\u00e9rience al fresco in\u00e9gal\u00e9e.","og_url":"https:\/\/ombrasole.com\/fr\/commercial\/auvents-de-terrasse-capriccio\/","og_site_name":"Ombrasole Awnings","article_publisher":"https:\/\/www.facebook.com\/ombrasole\/","article_modified_time":"2026-04-01T20:18:34+00:00","og_image":[{"url":"https:\/\/ombrasole.com\/wp-content\/uploads\/bb-plugin\/cache\/3-panorama-d32af4765a901b7dd074641935ee1720-.png","type":"","width":"","height":""}],"twitter_card":"summary_large_image","twitter_misc":{"Dur\u00e9e de lecture estim\u00e9e":"6 minutes"},"schema":{"@context":"https:\/\/schema.org","@graph":[{"@type":"WebPage","@id":"https:\/\/ombrasole.com\/fr\/commercial\/auvents-de-terrasse-capriccio\/","url":"https:\/\/ombrasole.com\/fr\/commercial\/auvents-de-terrasse-capriccio\/","name":"Auvents de terrasse pour les commerces | Ombrasole Awnings","isPartOf":{"@id":"https:\/\/ombrasole.com\/fr\/#website"},"primaryImageOfPage":{"@id":"https:\/\/ombrasole.com\/fr\/commercial\/auvents-de-terrasse-capriccio\/#primaryimage"},"image":{"@id":"https:\/\/ombrasole.com\/fr\/commercial\/auvents-de-terrasse-capriccio\/#primaryimage"},"thumbnailUrl":"https:\/\/ombrasole.com\/wp-content\/uploads\/bb-plugin\/cache\/3-panorama-d32af4765a901b7dd074641935ee1720-.png","datePublished":"2024-01-04T23:13:12+00:00","dateModified":"2026-04-01T20:18:34+00:00","description":"Le store Capriccio Terrace n'est pas seulement un ajout \u00e0 votre espace commercial, c'est une transformation. Le store Capriccio Terrace n'est pas seulement un ajout \u00e0 votre espace commercial, c'est une transformation. Qu'il s'agisse d'un restaurant, d'un caf\u00e9 ou de tout autre espace commercial ext\u00e9rieur, il promet une exp\u00e9rience al fresco in\u00e9gal\u00e9e.","breadcrumb":{"@id":"https:\/\/ombrasole.com\/fr\/commercial\/auvents-de-terrasse-capriccio\/#breadcrumb"},"inLanguage":"fr-FR","potentialAction":[{"@type":"ReadAction","target":["https:\/\/ombrasole.com\/fr\/commercial\/auvents-de-terrasse-capriccio\/"]}]},{"@type":"ImageObject","inLanguage":"fr-FR","@id":"https:\/\/ombrasole.com\/fr\/commercial\/auvents-de-terrasse-capriccio\/#primaryimage","url":"https:\/\/ombrasole.com\/wp-content\/uploads\/bb-plugin\/cache\/3-panorama-d32af4765a901b7dd074641935ee1720-.png","contentUrl":"https:\/\/ombrasole.com\/wp-content\/uploads\/bb-plugin\/cache\/3-panorama-d32af4765a901b7dd074641935ee1720-.png"},{"@type":"BreadcrumbList","@id":"https:\/\/ombrasole.com\/fr\/commercial\/auvents-de-terrasse-capriccio\/#breadcrumb","itemListElement":[{"@type":"ListItem","position":1,"name":"Home","item":"https:\/\/ombrasole.com\/fr\/"},{"@type":"ListItem","position":2,"name":"Commercial &#8211; Marquises de terrasse &#8211; Capriccio"}]},{"@type":"WebSite","@id":"https:\/\/ombrasole.com\/fr\/#website","url":"https:\/\/ombrasole.com\/fr\/","name":"Ombrasole","description":"Custom Made Awnings In Montreal, Our Style Makes The Difference","publisher":{"@id":"https:\/\/ombrasole.com\/fr\/#organization"},"potentialAction":[{"@type":"SearchAction","target":{"@type":"EntryPoint","urlTemplate":"https:\/\/ombrasole.com\/fr\/?s={search_term_string}"},"query-input":{"@type":"PropertyValueSpecification","valueRequired":true,"valueName":"search_term_string"}}],"inLanguage":"fr-FR"},{"@type":"Organization","@id":"https:\/\/ombrasole.com\/fr\/#organization","name":"Ombrasole","alternateName":"Ombrasole Awnings","url":"https:\/\/ombrasole.com\/fr\/","logo":{"@type":"ImageObject","inLanguage":"fr-FR","@id":"https:\/\/ombrasole.com\/fr\/#\/schema\/logo\/image\/","url":"https:\/\/ombrasole.com\/wp-content\/uploads\/2024\/01\/Ombrasole_logo_white.png","contentUrl":"https:\/\/ombrasole.com\/wp-content\/uploads\/2024\/01\/Ombrasole_logo_white.png","width":328,"height":90,"caption":"Ombrasole"},"image":{"@id":"https:\/\/ombrasole.com\/fr\/#\/schema\/logo\/image\/"},"sameAs":["https:\/\/www.facebook.com\/ombrasole\/"]}]}},"_links":{"self":[{"href":"https:\/\/ombrasole.com\/fr\/wp-json\/wp\/v2\/pages\/1888","targetHints":{"allow":["GET"]}}],"collection":[{"href":"https:\/\/ombrasole.com\/fr\/wp-json\/wp\/v2\/pages"}],"about":[{"href":"https:\/\/ombrasole.com\/fr\/wp-json\/wp\/v2\/types\/page"}],"author":[{"embeddable":true,"href":"https:\/\/ombrasole.com\/fr\/wp-json\/wp\/v2\/users\/1"}],"replies":[{"embeddable":true,"href":"https:\/\/ombrasole.com\/fr\/wp-json\/wp\/v2\/comments?post=1888"}],"version-history":[{"count":0,"href":"https:\/\/ombrasole.com\/fr\/wp-json\/wp\/v2\/pages\/1888\/revisions"}],"wp:attachment":[{"href":"https:\/\/ombrasole.com\/fr\/wp-json\/wp\/v2\/media?parent=1888"}],"curies":[{"name":"wp","href":"https:\/\/api.w.org\/{rel}","templated":true}]}}