{"id":1887,"date":"2024-01-04T23:45:16","date_gmt":"2024-01-04T23:45:16","guid":{"rendered":"https:\/\/ombrasole.wpenginepowered.com\/commercial-pergola-motorisee-bioclimatique-eolo\/"},"modified":"2026-04-10T19:13:48","modified_gmt":"2026-04-10T19:13:48","slug":"commercial-pergola-motorisee-bioclimatique-eolo","status":"publish","type":"page","link":"https:\/\/ombrasole.com\/fr\/commercial\/pergola-motorisee-bioclimatique-eolo\/","title":{"rendered":"Commercial &#8211; Pergola motoris\u00e9e bioclimatique &#8211; Eolo"},"content":{"rendered":"\n<h4>\n\t\t\tEOLO STAR\t<\/h4>\n<h1>\n\t\t\tPergola Bioclimatique commerciale motoris\u00e9e\t<\/h1>\n\t\t\t<a href=\"https:\/\/ombrasole.com\/fr\/estimation-gratuite\/\"  target=\"_self\">\n\t\t\t\t\t\t\tSoumission gratuite\n\t\t\t\t\t<\/a>\n<h2>\n\t\t\tUne solution moderne de pergola motoris\u00e9e sur mesure pour les entreprises\t<\/h2>\n\t<p>La pergola Eolo Star est une pergola bioclimatique motoris\u00e9e, con\u00e7ue sur mesure et minutieusement \u00e9labor\u00e9e pour les environnements commerciaux.<\/p>\n<p>Cette solution ext\u00e9rieure innovante offre un moyen sophistiqu\u00e9 de r\u00e9guler la lumi\u00e8re du soleil et le flux d&rsquo;air, transformant les zones ext\u00e9rieures de votre entreprise en espaces polyvalents utilisables tout au long de l&rsquo;ann\u00e9e. Id\u00e9al pour les lieux d&rsquo;accueil, les terrasses d&rsquo;entreprise ou tout espace ext\u00e9rieur commercial, l&rsquo;Eolo Star allie fonctionnalit\u00e9 et style, garantissant \u00e0 vos invit\u00e9s ou employ\u00e9s un environnement adaptable et confortable.<\/p>\n\t\t<figure itemscope itemtype=\"https:\/\/schema.org\/ImageObject\">\n\t\t\t\t<img decoding=\"async\" src=\"https:\/\/ombrasole.com\/wp-content\/uploads\/bb-plugin\/cache\/3-panorama-d32af4765a901b7dd074641935ee1720-.png\" alt=\"3\" height=\"600\" width=\"600\" title=\"3\" onerror=\"this.style.display='none'\" loading=\"lazy\" \/>\n\t<\/figure>\n<h5>Auvents sur mesure \u00e0 Montr\u00e9al<\/h5><p>Enti\u00e8rement con\u00e7u et fabriqu\u00e9 dans notre usine de Montr\u00e9al ; promesse d&rsquo;une livraison et d&rsquo;une installation rapides.<\/p>\n\t\t<figure itemscope itemtype=\"https:\/\/schema.org\/ImageObject\">\n\t\t\t\t<img decoding=\"async\" src=\"https:\/\/ombrasole.com\/wp-content\/uploads\/bb-plugin\/cache\/2-panorama-d885c163b9785ffe7f10521ba643cb18-.png\" alt=\"2\" height=\"600\" width=\"600\" title=\"2\" onerror=\"this.style.display='none'\" loading=\"lazy\" \/>\n\t<\/figure>\n<h5>Mat\u00e9riaux r\u00e9sistants de haute qualit\u00e9<\/h5><p>Construit en aluminium extrud\u00e9 r\u00e9sistant \u00e0 la rouille et avec des raccords en acier inoxydable.<\/p>\n\t\t<figure itemscope itemtype=\"https:\/\/schema.org\/ImageObject\">\n\t\t\t\t<img decoding=\"async\" src=\"https:\/\/ombrasole.com\/wp-content\/uploads\/bb-plugin\/cache\/1-panorama-b29cb3db784423b02bfc996834dcb08a-.png\" alt=\"1\" height=\"600\" width=\"600\" title=\"1\" onerror=\"this.style.display='none'\" loading=\"lazy\" \/>\n\t<\/figure>\n<h5>Service rapide et garanties solides<\/h5><p>B\u00e9n\u00e9ficie d&rsquo;une garantie de 15 ans sur la structure en aluminium et de 5 ans sur le syst\u00e8me motoris\u00e9.<\/p>\n\t\t<figure itemscope itemtype=\"https:\/\/schema.org\/ImageObject\">\n\t\t\t\t<img decoding=\"async\" src=\"https:\/\/ombrasole.com\/wp-content\/uploads\/bb-plugin\/cache\/4-panorama-7ca450a1f2183e027615d2001680ac77-.png\" alt=\"4\" height=\"600\" width=\"600\" title=\"4\" onerror=\"this.style.display='none'\" loading=\"lazy\" \/>\n\t<\/figure>\n<h5>Stockage sans effort, aucun service n&rsquo;est requis<\/h5><p>Nos mod\u00e8les r\u00e9sistent \u00e0 l&rsquo;hiver et se rangent eux-m\u00eames pour un entretien sans effort.<\/p>\n<h2>\n\t\t\tEolo Star : La Pergola Bioclimatique Ultime avec Volets Motoris\u00e9s\t<\/h2>\n\t<p>Fi\u00e8rement con\u00e7u et fabriqu\u00e9 \u00e0 Montr\u00e9al, au Qu\u00e9bec, l&rsquo;Eolo Star refl\u00e8te un engagement en faveur de l&rsquo;artisanat local et de la qualit\u00e9, en accord avec l&rsquo;\u00e9thique des entreprises qui recherchent des solutions d&rsquo;origine locale.<\/p>\n\t<h3>Lamelles orientables motoris\u00e9es pour un confort personnalis\u00e9<\/h3>\n<p>L&rsquo;Eolo Star pr\u00e9sente des lamelles orientables motoris\u00e9es en aluminium extrud\u00e9 anodis\u00e9 gris clair. Avec une t\u00e9l\u00e9commande, ajustez sans effort les lamelles jusqu&rsquo;\u00e0 160 degr\u00e9s pour contr\u00f4ler la lumi\u00e8re du soleil et le flux d&rsquo;air ainsi que la pluie, cr\u00e9ant l&rsquo;ambiance parfaite pour vos r\u00e9unions familiales ou votre temps de relaxation personnel.<\/p>\n<hr \/>\n<h3>Design robuste, \u00c9l\u00e9gant et Durable<\/h3>\n<p>Construit en aluminium extrud\u00e9 en noir ou gris clair, l&rsquo;Eolo Star n&rsquo;est pas seulement esth\u00e9tiquement agr\u00e9able mais \u00e9galement incroyablement durable. Il est livr\u00e9 avec une garantie limit\u00e9e de 15 ans sur la structure et une garantie de 5 ans sur le m\u00e9canisme et le moteur Somfy, assurant un plaisir durable dans votre oasis de jardin ou patio.<\/p>\n<hr \/>\n<h3>Esth\u00e9tique personnalis\u00e9e selon votre design de marque<\/h3>\n<p>Con\u00e7u pour s&rsquo;int\u00e9grer parfaitement \u00e0 votre maison, l&rsquo;Eolo Star offre un profile au p\u00e9rim\u00e8tre \u00e9l\u00e9gant o\u00f9 les lamelles en aluminium sont cach\u00e9es de la vue ext\u00e9rieure, garantissant un esth\u00e9tique et un Look \u00e9pur\u00e9!<\/p>\n<hr \/>\n<h3>Gestion innovante des eaux de pluie<\/h3>\n<p>Profitez de la vie en plein air sans soucis m\u00e9t\u00e9orologiques. Le syst\u00e8me de goutti\u00e8res int\u00e9gr\u00e9 de la pergola canalise efficacement l&rsquo;eau de pluie \u00e0 travers ses poteaux, gardant votre patio sec et confortable.<\/p>\n<hr \/>\n<h3>Rideaux r\u00e9volutionnaires anti-vent<\/h3>\n<p>Rideaux de protection solaire tr\u00e8s r\u00e9sistants au vent; ils peuvent \u00eatre manuels avec roulettes sur rails ou \u00e0 rouleau motoris\u00e9 avec un syst\u00e8me de blocage anti-vent r\u00e9volutionnaire qui vous permet de profiter d&rsquo;air frais agr\u00e9able en \u00e9t\u00e9 et de chaleur confortable en hiver ainsi que de vues d\u00e9gag\u00e9es sur l&rsquo;ext\u00e9rieur toute l&rsquo;ann\u00e9e. Le design ing\u00e9nieux des rideaux manuels ne n\u00e9cessite aucun ancrage au sol.<\/p>\n<hr \/>\n<h3>Personnalisable pour des exigences commerciales uniques<\/h3>\n<p>Avec des options de lumi\u00e8res LED et de chauffages radiants, l&rsquo;Eolo Star offre une gamme d&rsquo;options de personnalisation pour \u00e9lever l&rsquo;exp\u00e9rience en plein air tout au long de l&rsquo;ann\u00e9e.<\/p>\n<h4>\n\t\t\tMAT\u00c9RIAUX ET FOURNISSEURS D&rsquo;HAUTE QUALIT\u00c9\t<\/h4>\n<figure itemscope itemtype=\"https:\/\/schema.org\/ImageObject\">\n\t\t\t\t<a href=\"https:\/\/ombrasole.com\/wp-content\/uploads\/2026\/03\/Soltis-86-CATALOGUE_compressed.pdf\"  target=\"_blank\" rel=\"noopener\"  itemprop=\"url\">\n\t\t\t\t<img decoding=\"async\" src=\"https:\/\/ombrasole.com\/wp-content\/uploads\/2024\/02\/soltis-logo-1.jpg\" alt=\"soltis-logo\" height=\"97\" width=\"314\" title=\"soltis-logo\" onerror=\"this.style.display='none'\" loading=\"lazy\" \/>\n\t\t\t\t<\/a>\n\t<\/figure>\n<figure itemscope itemtype=\"https:\/\/schema.org\/ImageObject\">\n\t\t\t\t<a href=\"https:\/\/www.somfysystems.com\/en-us\/products\/awnings-screens-pergolas\/motorized-awnings\"  target=\"_blank\" rel=\"noopener\"  itemprop=\"url\">\n\t\t\t\t<img decoding=\"async\" src=\"https:\/\/ombrasole.com\/wp-content\/uploads\/2024\/01\/serge-ferrari-1.png\" alt=\"serge ferrari (1)\" height=\"150\" width=\"150\" title=\"serge ferrari (1)\" onerror=\"this.style.display='none'\" loading=\"lazy\" \/>\n\t\t\t\t<\/a>\n\t<\/figure>\n<h2>\n\t\t\tPergola commerciale Eolo Star : FAQ essentielles\t<\/h2>\n\t<p>Notre section FAQ essentielles est con\u00e7ue pour fournir aux entreprises des informations d\u00e9taill\u00e9es sur la pergola en aluminium Eolo Star, couvrant les aspects de la fonctionnalit\u00e9 et de la personnalisation jusqu&rsquo;\u00e0 l&rsquo;installation, garantissant que vous disposez de toutes les informations n\u00e9cessaires pour prendre une d\u00e9cision \u00e9clair\u00e9e pour l&rsquo;am\u00e9lioration de votre espace ext\u00e9rieur commercial.<\/p>\n\t\t\t\t\t<a role=\"heading\" aria-level=\"2\" tabindex=\"-1\"  id=\"fl-accordion--label-0\">Pourquoi la pergola EOLO STAR convient-elle aux espaces commerciaux ?<\/a>\n\t\t\t\t\t\t\t\t\t\t\t<button type=\"button\" id=\"fl-accordion--icon-0\" aria-expanded=\"false\" aria-controls=\"fl-accordion--panel-0\"><i>Expand<\/i><\/button>\n\t\t\t\t\t<p>La pergola EOLO STAR a \u00e9t\u00e9 con\u00e7ue pour r\u00e9pondre aux besoins des entreprises. Il est dot\u00e9 d&rsquo;une structure robuste, de dimensions personnalisables et de persiennes motoris\u00e9es, ce qui le rend id\u00e9al pour divers environnements commerciaux tels que les patios de restaurants, les terrasses d&rsquo;h\u00f4tels et les espaces ext\u00e9rieurs d&rsquo;entreprises. Ses rideaux en maille int\u00e9gr\u00e9s offrent une protection suppl\u00e9mentaire contre les intemp\u00e9ries et les insectes, garantissant un environnement confortable pour les clients et le personnel.<\/p>\n\t\t\t\t\t<a role=\"heading\" aria-level=\"2\" tabindex=\"-1\"  id=\"fl-accordion--label-1\">La pergola EOLO STAR peut-elle \u00eatre personnalis\u00e9e pour s&rsquo;adapter aux dimensions et au style sp\u00e9cifiques d&rsquo;une entreprise ?<\/a>\n\t\t\t\t\t\t\t\t\t\t\t<button type=\"button\" id=\"fl-accordion--icon-1\" aria-expanded=\"false\" aria-controls=\"fl-accordion--panel-1\"><i>Expand<\/i><\/button>\n\t\t\t\t\t<p>Absolument. La pergola EOLO STAR est enti\u00e8rement personnalisable pour r\u00e9pondre aux exigences uniques de chaque entreprise. La largeur et la longueur peuvent \u00eatre ajust\u00e9es pour s&rsquo;adapter \u00e0 des espaces ext\u00e9rieurs sp\u00e9cifiques, et la pergola est disponible en diff\u00e9rentes couleurs et mat\u00e9riaux pour s&rsquo;adapter \u00e0 l&rsquo;esth\u00e9tique de votre entreprise.<\/p>\n\t\t\t\t\t<a role=\"heading\" aria-level=\"2\" tabindex=\"-1\"  id=\"fl-accordion--label-2\">Comment la pergola EOLO STAR g\u00e8re-t-elle l&rsquo;eau de pluie dans les espaces commerciaux ?<\/a>\n\t\t\t\t\t\t\t\t\t\t\t<button type=\"button\" id=\"fl-accordion--icon-2\" aria-expanded=\"false\" aria-controls=\"fl-accordion--panel-2\"><i>Expand<\/i><\/button>\n\t\t\t\t\t<p>La pergola EOLO STAR est \u00e9quip\u00e9e d&rsquo;un syst\u00e8me innovant de gestion de l&rsquo;eau de pluie. Ses goutti\u00e8res int\u00e9gr\u00e9es canalisent efficacement l&rsquo;eau de pluie \u00e0 travers les poteaux de la pergola, ce qui permet de garder la zone inf\u00e9rieure s\u00e8che et utilisable par temps de pluie. Cette caract\u00e9ristique est cruciale pour maintenir un espace ext\u00e9rieur fonctionnel et confortable pour les entreprises, quel que soit le temps.<\/p>\n\t\t\t\t\t<a role=\"heading\" aria-level=\"2\" tabindex=\"-1\"  id=\"fl-accordion--label-3\">La pergola peut-elle \u00eatre personnalis\u00e9e pour s&rsquo;adapter \u00e0 l&rsquo;ext\u00e9rieur de ma maison ?<\/a>\n\t\t\t\t\t\t\t\t\t\t\t<button type=\"button\" id=\"fl-accordion--icon-3\" aria-expanded=\"false\" aria-controls=\"fl-accordion--panel-3\"><i>Expand<\/i><\/button>\n\t\t\t\t\t<p>Absolument ! La pergola en aluminium Eolo Star est disponible en diff\u00e9rentes couleurs et peut \u00eatre \u00e9quip\u00e9e d&rsquo;\u00e9l\u00e9ments suppl\u00e9mentaires tels que l&rsquo;\u00e9clairage LED, les chauffages radiants et les \u00e9crans de protection solaire. Ces options vous permettent de personnaliser la pergola pour qu&rsquo;elle s&rsquo;harmonise avec le design ext\u00e9rieur de votre maison et r\u00e9ponde \u00e0 vos besoins sp\u00e9cifiques.<\/p>\n\t\t\t\t\t<a role=\"heading\" aria-level=\"2\" tabindex=\"-1\"  id=\"fl-accordion--label-4\">Quel est le processus d&rsquo;installation de la pergola en aluminium Eolo Star et combien de temps cela prend-il ?<\/a>\n\t\t\t\t\t\t\t\t\t\t\t<button type=\"button\" id=\"fl-accordion--icon-4\" aria-expanded=\"false\" aria-controls=\"fl-accordion--panel-4\"><i>Expand<\/i><\/button>\n\t\t\t\t\t<p>Le processus d&rsquo;installation de la pergola en aluminium Eolo Star est efficace et non intrusif. Notre \u00e9quipe de professionnels se chargera de l&rsquo;installation, en veillant \u00e0 ce qu&rsquo;elle s&rsquo;int\u00e8gre parfaitement \u00e0 votre espace ext\u00e9rieur. La dur\u00e9e de l&rsquo;installation varie en fonction de la taille et de la personnalisation de la pergola, mais prend g\u00e9n\u00e9ralement quelques jours. Notre objectif est de minimiser les perturbations et de vous offrir une exp\u00e9rience d&rsquo;installation rapide et sans heurts.<\/p>\n<h2>\n\t\t\tObtenez un devis gratuit pour votre solution d&rsquo;auvent personnalis\u00e9e\t<\/h2>\n\t\t\t<a href=\"https:\/\/ombrasole.com\/fr\/estimation-gratuite\/\"  target=\"_self\">\n\t\t\t\t\t\t\tConsultez nos experts\n\t\t\t\t\t<\/a>\n\n","protected":false},"excerpt":{"rendered":"<p>EOLO STAR Pergola Bioclimatique commerciale motoris\u00e9e Soumission gratuite Une solution moderne de pergola motoris\u00e9e sur mesure pour les entreprises La pergola Eolo Star est une pergola bioclimatique motoris\u00e9e, con\u00e7ue sur mesure et minutieusement \u00e9labor\u00e9e pour les environnements commerciaux. Cette solution ext\u00e9rieure innovante offre un moyen sophistiqu\u00e9 de r\u00e9guler la lumi\u00e8re du soleil et le flux&hellip;<\/p>\n","protected":false},"author":1,"featured_media":0,"parent":0,"menu_order":0,"comment_status":"closed","ping_status":"closed","template":"","meta":{"footnotes":""},"class_list":["post-1887","page","type-page","status-publish","hentry"],"yoast_head":"<!-- This site is optimized with the Yoast SEO plugin v27.3 - https:\/\/yoast.com\/product\/yoast-seo-wordpress\/ -->\n<title>Pergola motoris\u00e9e bioclimatique Eolo pour commerce | Ombrasole Awnings<\/title>\n<meta name=\"description\" content=\"Une solution moderne de pergola motoris\u00e9e sur mesure pour les entreprises D\u00e9couvrez l&#039;alliance parfaite du confort et du style avec l&#039;Eolo Star, une pergola bioclimatique motoris\u00e9e sur mesure, adapt\u00e9e \u00e0 votre maison.\" \/>\n<meta name=\"robots\" content=\"index, follow, max-snippet:-1, max-image-preview:large, max-video-preview:-1\" \/>\n<link rel=\"canonical\" href=\"https:\/\/ombrasole.com\/fr\/commercial\/pergola-motorisee-bioclimatique-eolo\/\" \/>\n<meta property=\"og:locale\" content=\"fr_FR\" \/>\n<meta property=\"og:type\" content=\"article\" \/>\n<meta property=\"og:title\" content=\"Pergola motoris\u00e9e bioclimatique Eolo pour commerce | Ombrasole Awnings\" \/>\n<meta property=\"og:description\" content=\"Une solution moderne de pergola motoris\u00e9e sur mesure pour les entreprises D\u00e9couvrez l&#039;alliance parfaite du confort et du style avec l&#039;Eolo Star, une pergola bioclimatique motoris\u00e9e sur mesure, adapt\u00e9e \u00e0 votre maison.\" \/>\n<meta property=\"og:url\" content=\"https:\/\/ombrasole.com\/fr\/commercial\/pergola-motorisee-bioclimatique-eolo\/\" \/>\n<meta property=\"og:site_name\" content=\"Ombrasole Awnings\" \/>\n<meta property=\"article:publisher\" content=\"https:\/\/www.facebook.com\/ombrasole\/\" \/>\n<meta property=\"article:modified_time\" content=\"2026-04-10T19:13:48+00:00\" \/>\n<meta property=\"og:image\" content=\"https:\/\/ombrasole.com\/wp-content\/uploads\/bb-plugin\/cache\/3-panorama-d32af4765a901b7dd074641935ee1720-.png\" \/>\n<meta name=\"twitter:card\" content=\"summary_large_image\" \/>\n<meta name=\"twitter:label1\" content=\"Dur\u00e9e de lecture estim\u00e9e\" \/>\n\t<meta name=\"twitter:data1\" content=\"6 minutes\" \/>\n<script type=\"application\/ld+json\" class=\"yoast-schema-graph\">{\"@context\":\"https:\\\/\\\/schema.org\",\"@graph\":[{\"@type\":\"WebPage\",\"@id\":\"https:\\\/\\\/ombrasole.com\\\/fr\\\/commercial\\\/pergola-motorisee-bioclimatique-eolo\\\/\",\"url\":\"https:\\\/\\\/ombrasole.com\\\/fr\\\/commercial\\\/pergola-motorisee-bioclimatique-eolo\\\/\",\"name\":\"Pergola motoris\u00e9e bioclimatique Eolo pour commerce | Ombrasole Awnings\",\"isPartOf\":{\"@id\":\"https:\\\/\\\/ombrasole.com\\\/fr\\\/#website\"},\"primaryImageOfPage\":{\"@id\":\"https:\\\/\\\/ombrasole.com\\\/fr\\\/commercial\\\/pergola-motorisee-bioclimatique-eolo\\\/#primaryimage\"},\"image\":{\"@id\":\"https:\\\/\\\/ombrasole.com\\\/fr\\\/commercial\\\/pergola-motorisee-bioclimatique-eolo\\\/#primaryimage\"},\"thumbnailUrl\":\"https:\\\/\\\/ombrasole.com\\\/wp-content\\\/uploads\\\/bb-plugin\\\/cache\\\/3-panorama-d32af4765a901b7dd074641935ee1720-.png\",\"datePublished\":\"2024-01-04T23:45:16+00:00\",\"dateModified\":\"2026-04-10T19:13:48+00:00\",\"description\":\"Une solution moderne de pergola motoris\u00e9e sur mesure pour les entreprises D\u00e9couvrez l'alliance parfaite du confort et du style avec l'Eolo Star, une pergola bioclimatique motoris\u00e9e sur mesure, adapt\u00e9e \u00e0 votre maison.\",\"breadcrumb\":{\"@id\":\"https:\\\/\\\/ombrasole.com\\\/fr\\\/commercial\\\/pergola-motorisee-bioclimatique-eolo\\\/#breadcrumb\"},\"inLanguage\":\"fr-FR\",\"potentialAction\":[{\"@type\":\"ReadAction\",\"target\":[\"https:\\\/\\\/ombrasole.com\\\/fr\\\/commercial\\\/pergola-motorisee-bioclimatique-eolo\\\/\"]}]},{\"@type\":\"ImageObject\",\"inLanguage\":\"fr-FR\",\"@id\":\"https:\\\/\\\/ombrasole.com\\\/fr\\\/commercial\\\/pergola-motorisee-bioclimatique-eolo\\\/#primaryimage\",\"url\":\"https:\\\/\\\/ombrasole.com\\\/wp-content\\\/uploads\\\/bb-plugin\\\/cache\\\/3-panorama-d32af4765a901b7dd074641935ee1720-.png\",\"contentUrl\":\"https:\\\/\\\/ombrasole.com\\\/wp-content\\\/uploads\\\/bb-plugin\\\/cache\\\/3-panorama-d32af4765a901b7dd074641935ee1720-.png\"},{\"@type\":\"BreadcrumbList\",\"@id\":\"https:\\\/\\\/ombrasole.com\\\/fr\\\/commercial\\\/pergola-motorisee-bioclimatique-eolo\\\/#breadcrumb\",\"itemListElement\":[{\"@type\":\"ListItem\",\"position\":1,\"name\":\"Home\",\"item\":\"https:\\\/\\\/ombrasole.com\\\/fr\\\/\"},{\"@type\":\"ListItem\",\"position\":2,\"name\":\"Commercial &#8211; Pergola motoris\u00e9e bioclimatique &#8211; Eolo\"}]},{\"@type\":\"WebSite\",\"@id\":\"https:\\\/\\\/ombrasole.com\\\/fr\\\/#website\",\"url\":\"https:\\\/\\\/ombrasole.com\\\/fr\\\/\",\"name\":\"Ombrasole\",\"description\":\"Custom Made Awnings In Montreal, Our Style Makes The Difference\",\"publisher\":{\"@id\":\"https:\\\/\\\/ombrasole.com\\\/fr\\\/#organization\"},\"potentialAction\":[{\"@type\":\"SearchAction\",\"target\":{\"@type\":\"EntryPoint\",\"urlTemplate\":\"https:\\\/\\\/ombrasole.com\\\/fr\\\/?s={search_term_string}\"},\"query-input\":{\"@type\":\"PropertyValueSpecification\",\"valueRequired\":true,\"valueName\":\"search_term_string\"}}],\"inLanguage\":\"fr-FR\"},{\"@type\":\"Organization\",\"@id\":\"https:\\\/\\\/ombrasole.com\\\/fr\\\/#organization\",\"name\":\"Ombrasole\",\"alternateName\":\"Ombrasole Awnings\",\"url\":\"https:\\\/\\\/ombrasole.com\\\/fr\\\/\",\"logo\":{\"@type\":\"ImageObject\",\"inLanguage\":\"fr-FR\",\"@id\":\"https:\\\/\\\/ombrasole.com\\\/fr\\\/#\\\/schema\\\/logo\\\/image\\\/\",\"url\":\"https:\\\/\\\/ombrasole.com\\\/wp-content\\\/uploads\\\/2024\\\/01\\\/Ombrasole_logo_white.png\",\"contentUrl\":\"https:\\\/\\\/ombrasole.com\\\/wp-content\\\/uploads\\\/2024\\\/01\\\/Ombrasole_logo_white.png\",\"width\":328,\"height\":90,\"caption\":\"Ombrasole\"},\"image\":{\"@id\":\"https:\\\/\\\/ombrasole.com\\\/fr\\\/#\\\/schema\\\/logo\\\/image\\\/\"},\"sameAs\":[\"https:\\\/\\\/www.facebook.com\\\/ombrasole\\\/\"]}]}<\/script>\n<!-- \/ Yoast SEO plugin. -->","yoast_head_json":{"title":"Pergola motoris\u00e9e bioclimatique Eolo pour commerce | Ombrasole Awnings","description":"Une solution moderne de pergola motoris\u00e9e sur mesure pour les entreprises D\u00e9couvrez l'alliance parfaite du confort et du style avec l'Eolo Star, une pergola bioclimatique motoris\u00e9e sur mesure, adapt\u00e9e \u00e0 votre maison.","robots":{"index":"index","follow":"follow","max-snippet":"max-snippet:-1","max-image-preview":"max-image-preview:large","max-video-preview":"max-video-preview:-1"},"canonical":"https:\/\/ombrasole.com\/fr\/commercial\/pergola-motorisee-bioclimatique-eolo\/","og_locale":"fr_FR","og_type":"article","og_title":"Pergola motoris\u00e9e bioclimatique Eolo pour commerce | Ombrasole Awnings","og_description":"Une solution moderne de pergola motoris\u00e9e sur mesure pour les entreprises D\u00e9couvrez l'alliance parfaite du confort et du style avec l'Eolo Star, une pergola bioclimatique motoris\u00e9e sur mesure, adapt\u00e9e \u00e0 votre maison.","og_url":"https:\/\/ombrasole.com\/fr\/commercial\/pergola-motorisee-bioclimatique-eolo\/","og_site_name":"Ombrasole Awnings","article_publisher":"https:\/\/www.facebook.com\/ombrasole\/","article_modified_time":"2026-04-10T19:13:48+00:00","og_image":[{"url":"https:\/\/ombrasole.com\/wp-content\/uploads\/bb-plugin\/cache\/3-panorama-d32af4765a901b7dd074641935ee1720-.png","type":"","width":"","height":""}],"twitter_card":"summary_large_image","twitter_misc":{"Dur\u00e9e de lecture estim\u00e9e":"6 minutes"},"schema":{"@context":"https:\/\/schema.org","@graph":[{"@type":"WebPage","@id":"https:\/\/ombrasole.com\/fr\/commercial\/pergola-motorisee-bioclimatique-eolo\/","url":"https:\/\/ombrasole.com\/fr\/commercial\/pergola-motorisee-bioclimatique-eolo\/","name":"Pergola motoris\u00e9e bioclimatique Eolo pour commerce | Ombrasole Awnings","isPartOf":{"@id":"https:\/\/ombrasole.com\/fr\/#website"},"primaryImageOfPage":{"@id":"https:\/\/ombrasole.com\/fr\/commercial\/pergola-motorisee-bioclimatique-eolo\/#primaryimage"},"image":{"@id":"https:\/\/ombrasole.com\/fr\/commercial\/pergola-motorisee-bioclimatique-eolo\/#primaryimage"},"thumbnailUrl":"https:\/\/ombrasole.com\/wp-content\/uploads\/bb-plugin\/cache\/3-panorama-d32af4765a901b7dd074641935ee1720-.png","datePublished":"2024-01-04T23:45:16+00:00","dateModified":"2026-04-10T19:13:48+00:00","description":"Une solution moderne de pergola motoris\u00e9e sur mesure pour les entreprises D\u00e9couvrez l'alliance parfaite du confort et du style avec l'Eolo Star, une pergola bioclimatique motoris\u00e9e sur mesure, adapt\u00e9e \u00e0 votre maison.","breadcrumb":{"@id":"https:\/\/ombrasole.com\/fr\/commercial\/pergola-motorisee-bioclimatique-eolo\/#breadcrumb"},"inLanguage":"fr-FR","potentialAction":[{"@type":"ReadAction","target":["https:\/\/ombrasole.com\/fr\/commercial\/pergola-motorisee-bioclimatique-eolo\/"]}]},{"@type":"ImageObject","inLanguage":"fr-FR","@id":"https:\/\/ombrasole.com\/fr\/commercial\/pergola-motorisee-bioclimatique-eolo\/#primaryimage","url":"https:\/\/ombrasole.com\/wp-content\/uploads\/bb-plugin\/cache\/3-panorama-d32af4765a901b7dd074641935ee1720-.png","contentUrl":"https:\/\/ombrasole.com\/wp-content\/uploads\/bb-plugin\/cache\/3-panorama-d32af4765a901b7dd074641935ee1720-.png"},{"@type":"BreadcrumbList","@id":"https:\/\/ombrasole.com\/fr\/commercial\/pergola-motorisee-bioclimatique-eolo\/#breadcrumb","itemListElement":[{"@type":"ListItem","position":1,"name":"Home","item":"https:\/\/ombrasole.com\/fr\/"},{"@type":"ListItem","position":2,"name":"Commercial &#8211; Pergola motoris\u00e9e bioclimatique &#8211; Eolo"}]},{"@type":"WebSite","@id":"https:\/\/ombrasole.com\/fr\/#website","url":"https:\/\/ombrasole.com\/fr\/","name":"Ombrasole","description":"Custom Made Awnings In Montreal, Our Style Makes The Difference","publisher":{"@id":"https:\/\/ombrasole.com\/fr\/#organization"},"potentialAction":[{"@type":"SearchAction","target":{"@type":"EntryPoint","urlTemplate":"https:\/\/ombrasole.com\/fr\/?s={search_term_string}"},"query-input":{"@type":"PropertyValueSpecification","valueRequired":true,"valueName":"search_term_string"}}],"inLanguage":"fr-FR"},{"@type":"Organization","@id":"https:\/\/ombrasole.com\/fr\/#organization","name":"Ombrasole","alternateName":"Ombrasole Awnings","url":"https:\/\/ombrasole.com\/fr\/","logo":{"@type":"ImageObject","inLanguage":"fr-FR","@id":"https:\/\/ombrasole.com\/fr\/#\/schema\/logo\/image\/","url":"https:\/\/ombrasole.com\/wp-content\/uploads\/2024\/01\/Ombrasole_logo_white.png","contentUrl":"https:\/\/ombrasole.com\/wp-content\/uploads\/2024\/01\/Ombrasole_logo_white.png","width":328,"height":90,"caption":"Ombrasole"},"image":{"@id":"https:\/\/ombrasole.com\/fr\/#\/schema\/logo\/image\/"},"sameAs":["https:\/\/www.facebook.com\/ombrasole\/"]}]}},"_links":{"self":[{"href":"https:\/\/ombrasole.com\/fr\/wp-json\/wp\/v2\/pages\/1887","targetHints":{"allow":["GET"]}}],"collection":[{"href":"https:\/\/ombrasole.com\/fr\/wp-json\/wp\/v2\/pages"}],"about":[{"href":"https:\/\/ombrasole.com\/fr\/wp-json\/wp\/v2\/types\/page"}],"author":[{"embeddable":true,"href":"https:\/\/ombrasole.com\/fr\/wp-json\/wp\/v2\/users\/1"}],"replies":[{"embeddable":true,"href":"https:\/\/ombrasole.com\/fr\/wp-json\/wp\/v2\/comments?post=1887"}],"version-history":[{"count":0,"href":"https:\/\/ombrasole.com\/fr\/wp-json\/wp\/v2\/pages\/1887\/revisions"}],"wp:attachment":[{"href":"https:\/\/ombrasole.com\/fr\/wp-json\/wp\/v2\/media?parent=1887"}],"curies":[{"name":"wp","href":"https:\/\/api.w.org\/{rel}","templated":true}]}}