{"id":1885,"date":"2024-01-04T23:00:55","date_gmt":"2024-01-04T23:00:55","guid":{"rendered":"https:\/\/ombrasole.wpenginepowered.com\/blog\/"},"modified":"2024-03-07T19:43:32","modified_gmt":"2024-03-07T19:43:32","slug":"blog","status":"publish","type":"page","link":"https:\/\/ombrasole.com\/fr\/blogue\/","title":{"rendered":"Blog"},"content":{"rendered":"\n<h5>\n\t\tBLOGUE\n\t<\/h5>\n<h1>\n\t\tL&rsquo;art de vivre \u00e0 l&rsquo;ext\u00e9rieur\n\t<\/h1>\n\t<p>D\u00e9couvrez l&rsquo;art de vivre en plein air dans notre dernier blog. Apprenez comment transformer votre jardin en une oasis multifonctionnelle, parfaite pour la relaxation, le divertissement et les moments en famille.<\/p>\n\t\t\t\t<img loading=\"lazy\" decoding=\"async\" src=\"https:\/\/ombrasole.com\/wp-content\/uploads\/2024\/02\/Capriccio-Pergola-Fabric-Residentiel.png\" alt=\"Capriccio Pergola Fabric Residentiel\" itemprop=\"image\" height=\"1080\" width=\"1920\" title=\"Capriccio Pergola Fabric Residentiel\" onerror=\"this.style.display='none'\"  \/>\n<h5>\n\t\tEN VEDETTE\n\t<\/h5>\n<h2>\n\t\tAgencer les maisons de Montr\u00e9al avec les auvents, pergolas et abris Ombrasole\n\t<\/h2>\n\t<p>La combinaison unique de sophistication urbaine et d&rsquo;amour pour les espaces ext\u00e9rieurs de Montr\u00e9al en fait un march\u00e9 de choix pour les solutions de vie en plein air de haute qualit\u00e9.<\/p>\n\t\t\t<a href=\"https:\/\/ombrasole.com\/fr\/blog\/ameliorer-les-maisons-de-montreal-avec-des-auvents-des-pergolas-et-des-abris-exterieurs-en-ombrasole\/\" target=\"_self\" rel=\"noopener\">\n\t\t\t\t\t\t\tLire l&rsquo;article\n\t\t\t\t\t<\/a>\n<h5>\n\t\tPLUS R\u00c9CENTS\n\t<\/h5>\n<h3>\n\t\tD\u00e9couvrez nos derniers articles\n\t<\/h3>\n<p>Tout ce que vous devez savoir sur les auvents sur mesure, l&rsquo;entretien des auvents ext\u00e9rieures, la d\u00e9coration ext\u00e9rieure et plus encore.<\/p>\n\n","protected":false},"excerpt":{"rendered":"<p>BLOGUE L&rsquo;art de vivre \u00e0 l&rsquo;ext\u00e9rieur D\u00e9couvrez l&rsquo;art de vivre en plein air dans notre dernier blog. Apprenez comment transformer votre jardin en une oasis multifonctionnelle, parfaite pour la relaxation, le divertissement et les moments en famille. EN VEDETTE Agencer les maisons de Montr\u00e9al avec les auvents, pergolas et abris Ombrasole La combinaison unique de&hellip;<\/p>\n","protected":false},"author":1,"featured_media":0,"parent":0,"menu_order":0,"comment_status":"closed","ping_status":"closed","template":"","meta":{"footnotes":""},"class_list":["post-1885","page","type-page","status-publish","hentry"],"yoast_head":"<!-- This site is optimized with the Yoast SEO plugin v27.4 - https:\/\/yoast.com\/product\/yoast-seo-wordpress\/ -->\n<title>Blogue Auvents, Pergolas, Abris Ext\u00e9rieurs<\/title>\n<meta name=\"robots\" content=\"index, follow, max-snippet:-1, max-image-preview:large, max-video-preview:-1\" \/>\n<link rel=\"canonical\" href=\"https:\/\/ombrasole.com\/fr\/blogue\/\" \/>\n<meta property=\"og:locale\" content=\"fr_FR\" \/>\n<meta property=\"og:type\" content=\"article\" \/>\n<meta property=\"og:title\" content=\"Blogue Auvents, Pergolas, Abris Ext\u00e9rieurs\" \/>\n<meta property=\"og:description\" content=\"BLOGUE L&rsquo;art de vivre \u00e0 l&rsquo;ext\u00e9rieur D\u00e9couvrez l&rsquo;art de vivre en plein air dans notre dernier blog. Apprenez comment transformer votre jardin en une oasis multifonctionnelle, parfaite pour la relaxation, le divertissement et les moments en famille. EN VEDETTE Agencer les maisons de Montr\u00e9al avec les auvents, pergolas et abris Ombrasole La combinaison unique de&hellip;\" \/>\n<meta property=\"og:url\" content=\"https:\/\/ombrasole.com\/fr\/blogue\/\" \/>\n<meta property=\"og:site_name\" content=\"Ombrasole Awnings\" \/>\n<meta property=\"article:publisher\" content=\"https:\/\/www.facebook.com\/ombrasole\/\" \/>\n<meta property=\"article:modified_time\" content=\"2024-03-07T19:43:32+00:00\" \/>\n<meta property=\"og:image\" content=\"https:\/\/ombrasole.com\/wp-content\/uploads\/2024\/02\/Capriccio-Pergola-Fabric-Residentiel.png\" \/>\n<meta name=\"twitter:card\" content=\"summary_large_image\" \/>\n<script type=\"application\/ld+json\" class=\"yoast-schema-graph\">{\"@context\":\"https:\\\/\\\/schema.org\",\"@graph\":[{\"@type\":\"WebPage\",\"@id\":\"https:\\\/\\\/ombrasole.com\\\/fr\\\/blogue\\\/\",\"url\":\"https:\\\/\\\/ombrasole.com\\\/fr\\\/blogue\\\/\",\"name\":\"Blogue Auvents, Pergolas, Abris Ext\u00e9rieurs\",\"isPartOf\":{\"@id\":\"https:\\\/\\\/ombrasole.com\\\/fr\\\/#website\"},\"primaryImageOfPage\":{\"@id\":\"https:\\\/\\\/ombrasole.com\\\/fr\\\/blogue\\\/#primaryimage\"},\"image\":{\"@id\":\"https:\\\/\\\/ombrasole.com\\\/fr\\\/blogue\\\/#primaryimage\"},\"thumbnailUrl\":\"https:\\\/\\\/ombrasole.com\\\/wp-content\\\/uploads\\\/2024\\\/02\\\/Capriccio-Pergola-Fabric-Residentiel.png\",\"datePublished\":\"2024-01-04T23:00:55+00:00\",\"dateModified\":\"2024-03-07T19:43:32+00:00\",\"breadcrumb\":{\"@id\":\"https:\\\/\\\/ombrasole.com\\\/fr\\\/blogue\\\/#breadcrumb\"},\"inLanguage\":\"fr-FR\",\"potentialAction\":[{\"@type\":\"ReadAction\",\"target\":[\"https:\\\/\\\/ombrasole.com\\\/fr\\\/blogue\\\/\"]}]},{\"@type\":\"ImageObject\",\"inLanguage\":\"fr-FR\",\"@id\":\"https:\\\/\\\/ombrasole.com\\\/fr\\\/blogue\\\/#primaryimage\",\"url\":\"https:\\\/\\\/ombrasole.com\\\/wp-content\\\/uploads\\\/2024\\\/02\\\/Capriccio-Pergola-Fabric-Residentiel.png\",\"contentUrl\":\"https:\\\/\\\/ombrasole.com\\\/wp-content\\\/uploads\\\/2024\\\/02\\\/Capriccio-Pergola-Fabric-Residentiel.png\"},{\"@type\":\"BreadcrumbList\",\"@id\":\"https:\\\/\\\/ombrasole.com\\\/fr\\\/blogue\\\/#breadcrumb\",\"itemListElement\":[{\"@type\":\"ListItem\",\"position\":1,\"name\":\"Home\",\"item\":\"https:\\\/\\\/ombrasole.com\\\/fr\\\/\"},{\"@type\":\"ListItem\",\"position\":2,\"name\":\"Blog\"}]},{\"@type\":\"WebSite\",\"@id\":\"https:\\\/\\\/ombrasole.com\\\/fr\\\/#website\",\"url\":\"https:\\\/\\\/ombrasole.com\\\/fr\\\/\",\"name\":\"Ombrasole\",\"description\":\"Custom Made Awnings In Montreal, Our Style Makes The Difference\",\"publisher\":{\"@id\":\"https:\\\/\\\/ombrasole.com\\\/fr\\\/#organization\"},\"potentialAction\":[{\"@type\":\"SearchAction\",\"target\":{\"@type\":\"EntryPoint\",\"urlTemplate\":\"https:\\\/\\\/ombrasole.com\\\/fr\\\/?s={search_term_string}\"},\"query-input\":{\"@type\":\"PropertyValueSpecification\",\"valueRequired\":true,\"valueName\":\"search_term_string\"}}],\"inLanguage\":\"fr-FR\"},{\"@type\":\"Organization\",\"@id\":\"https:\\\/\\\/ombrasole.com\\\/fr\\\/#organization\",\"name\":\"Ombrasole\",\"alternateName\":\"Ombrasole Awnings\",\"url\":\"https:\\\/\\\/ombrasole.com\\\/fr\\\/\",\"logo\":{\"@type\":\"ImageObject\",\"inLanguage\":\"fr-FR\",\"@id\":\"https:\\\/\\\/ombrasole.com\\\/fr\\\/#\\\/schema\\\/logo\\\/image\\\/\",\"url\":\"https:\\\/\\\/ombrasole.com\\\/wp-content\\\/uploads\\\/2024\\\/01\\\/Ombrasole_logo_white.png\",\"contentUrl\":\"https:\\\/\\\/ombrasole.com\\\/wp-content\\\/uploads\\\/2024\\\/01\\\/Ombrasole_logo_white.png\",\"width\":328,\"height\":90,\"caption\":\"Ombrasole\"},\"image\":{\"@id\":\"https:\\\/\\\/ombrasole.com\\\/fr\\\/#\\\/schema\\\/logo\\\/image\\\/\"},\"sameAs\":[\"https:\\\/\\\/www.facebook.com\\\/ombrasole\\\/\"]}]}<\/script>\n<!-- \/ Yoast SEO plugin. -->","yoast_head_json":{"title":"Blogue Auvents, Pergolas, Abris Ext\u00e9rieurs","robots":{"index":"index","follow":"follow","max-snippet":"max-snippet:-1","max-image-preview":"max-image-preview:large","max-video-preview":"max-video-preview:-1"},"canonical":"https:\/\/ombrasole.com\/fr\/blogue\/","og_locale":"fr_FR","og_type":"article","og_title":"Blogue Auvents, Pergolas, Abris Ext\u00e9rieurs","og_description":"BLOGUE L&rsquo;art de vivre \u00e0 l&rsquo;ext\u00e9rieur D\u00e9couvrez l&rsquo;art de vivre en plein air dans notre dernier blog. Apprenez comment transformer votre jardin en une oasis multifonctionnelle, parfaite pour la relaxation, le divertissement et les moments en famille. EN VEDETTE Agencer les maisons de Montr\u00e9al avec les auvents, pergolas et abris Ombrasole La combinaison unique de&hellip;","og_url":"https:\/\/ombrasole.com\/fr\/blogue\/","og_site_name":"Ombrasole Awnings","article_publisher":"https:\/\/www.facebook.com\/ombrasole\/","article_modified_time":"2024-03-07T19:43:32+00:00","og_image":[{"url":"https:\/\/ombrasole.com\/wp-content\/uploads\/2024\/02\/Capriccio-Pergola-Fabric-Residentiel.png","type":"","width":"","height":""}],"twitter_card":"summary_large_image","schema":{"@context":"https:\/\/schema.org","@graph":[{"@type":"WebPage","@id":"https:\/\/ombrasole.com\/fr\/blogue\/","url":"https:\/\/ombrasole.com\/fr\/blogue\/","name":"Blogue Auvents, Pergolas, Abris Ext\u00e9rieurs","isPartOf":{"@id":"https:\/\/ombrasole.com\/fr\/#website"},"primaryImageOfPage":{"@id":"https:\/\/ombrasole.com\/fr\/blogue\/#primaryimage"},"image":{"@id":"https:\/\/ombrasole.com\/fr\/blogue\/#primaryimage"},"thumbnailUrl":"https:\/\/ombrasole.com\/wp-content\/uploads\/2024\/02\/Capriccio-Pergola-Fabric-Residentiel.png","datePublished":"2024-01-04T23:00:55+00:00","dateModified":"2024-03-07T19:43:32+00:00","breadcrumb":{"@id":"https:\/\/ombrasole.com\/fr\/blogue\/#breadcrumb"},"inLanguage":"fr-FR","potentialAction":[{"@type":"ReadAction","target":["https:\/\/ombrasole.com\/fr\/blogue\/"]}]},{"@type":"ImageObject","inLanguage":"fr-FR","@id":"https:\/\/ombrasole.com\/fr\/blogue\/#primaryimage","url":"https:\/\/ombrasole.com\/wp-content\/uploads\/2024\/02\/Capriccio-Pergola-Fabric-Residentiel.png","contentUrl":"https:\/\/ombrasole.com\/wp-content\/uploads\/2024\/02\/Capriccio-Pergola-Fabric-Residentiel.png"},{"@type":"BreadcrumbList","@id":"https:\/\/ombrasole.com\/fr\/blogue\/#breadcrumb","itemListElement":[{"@type":"ListItem","position":1,"name":"Home","item":"https:\/\/ombrasole.com\/fr\/"},{"@type":"ListItem","position":2,"name":"Blog"}]},{"@type":"WebSite","@id":"https:\/\/ombrasole.com\/fr\/#website","url":"https:\/\/ombrasole.com\/fr\/","name":"Ombrasole","description":"Custom Made Awnings In Montreal, Our Style Makes The Difference","publisher":{"@id":"https:\/\/ombrasole.com\/fr\/#organization"},"potentialAction":[{"@type":"SearchAction","target":{"@type":"EntryPoint","urlTemplate":"https:\/\/ombrasole.com\/fr\/?s={search_term_string}"},"query-input":{"@type":"PropertyValueSpecification","valueRequired":true,"valueName":"search_term_string"}}],"inLanguage":"fr-FR"},{"@type":"Organization","@id":"https:\/\/ombrasole.com\/fr\/#organization","name":"Ombrasole","alternateName":"Ombrasole Awnings","url":"https:\/\/ombrasole.com\/fr\/","logo":{"@type":"ImageObject","inLanguage":"fr-FR","@id":"https:\/\/ombrasole.com\/fr\/#\/schema\/logo\/image\/","url":"https:\/\/ombrasole.com\/wp-content\/uploads\/2024\/01\/Ombrasole_logo_white.png","contentUrl":"https:\/\/ombrasole.com\/wp-content\/uploads\/2024\/01\/Ombrasole_logo_white.png","width":328,"height":90,"caption":"Ombrasole"},"image":{"@id":"https:\/\/ombrasole.com\/fr\/#\/schema\/logo\/image\/"},"sameAs":["https:\/\/www.facebook.com\/ombrasole\/"]}]}},"_links":{"self":[{"href":"https:\/\/ombrasole.com\/fr\/wp-json\/wp\/v2\/pages\/1885","targetHints":{"allow":["GET"]}}],"collection":[{"href":"https:\/\/ombrasole.com\/fr\/wp-json\/wp\/v2\/pages"}],"about":[{"href":"https:\/\/ombrasole.com\/fr\/wp-json\/wp\/v2\/types\/page"}],"author":[{"embeddable":true,"href":"https:\/\/ombrasole.com\/fr\/wp-json\/wp\/v2\/users\/1"}],"replies":[{"embeddable":true,"href":"https:\/\/ombrasole.com\/fr\/wp-json\/wp\/v2\/comments?post=1885"}],"version-history":[{"count":0,"href":"https:\/\/ombrasole.com\/fr\/wp-json\/wp\/v2\/pages\/1885\/revisions"}],"wp:attachment":[{"href":"https:\/\/ombrasole.com\/fr\/wp-json\/wp\/v2\/media?parent=1885"}],"curies":[{"name":"wp","href":"https:\/\/api.w.org\/{rel}","templated":true}]}}