{"id":1881,"date":"2024-01-04T23:45:16","date_gmt":"2024-01-04T23:45:16","guid":{"rendered":"https:\/\/ombrasole.wpenginepowered.com\/commercial-brise-soleil-retractables-motorises-pour-lexterieur-tcl\/"},"modified":"2026-04-01T20:25:37","modified_gmt":"2026-04-01T20:25:37","slug":"commercial-brise-soleil-retractables-motorises-pour-lexterieur-tcl","status":"publish","type":"page","link":"https:\/\/ombrasole.com\/fr\/commercial\/rideaux-retractables-motorises-exterieur-tcl\/","title":{"rendered":"Commercial &#8211; Brise-soleil r\u00e9tractables motoris\u00e9s pour l&rsquo;ext\u00e9rieur &#8211; TCL"},"content":{"rendered":"\n<h4>\n\t\t\tTCL\t<\/h4>\n<h1>\n\t\t\tRideaux motoris\u00e9s<br \/>\u00c9crans r\u00e9tractables\t<\/h1>\n\t\t\t<a href=\"https:\/\/ombrasole.com\/fr\/estimation-gratuite\/\"  target=\"_self\">\n\t\t\t\t\t\t\tSoumission gratuite\n\t\t\t\t\t<\/a>\n<h2>\n\t\t\t  Moustiquaires r\u00e9tractables motoris\u00e9es pour l&rsquo;ext\u00e9rieur \u00e0 usage commercial\t<\/h2>\n\t<p>Voici les rideaux et stores r\u00e9tractables motoris\u00e9s TCL, la solution de pointe d&rsquo;Ombrasole pour la protection de l&rsquo;intimit\u00e9 des entreprises en plein air. Con\u00e7ues avec pr\u00e9cision au Qu\u00e9bec, ces moustiquaires motoris\u00e9es sont votre bouclier contre l&rsquo;\u00e9blouissement du soleil, la pluie inattendue et les insectes ind\u00e9sirables.<\/p>\n<p>Transformez votre terrasse ou votre pergola statique en un havre de paix o\u00f9 les rayons UV et les regards indiscrets sont tenus \u00e0 distance, et o\u00f9 le divertissement et la d\u00e9tente ne sont pas interrompus par les \u00e9l\u00e9ments.<\/p>\n<p>Id\u00e9aux pour les entreprises en \u00e9t\u00e9, les rideaux TCL prot\u00e8gent les enfants contre les moustiques et les gu\u00eapes et permettent de manger et de se d\u00e9tendre en plein air sans \u00eatre d\u00e9rang\u00e9.<\/p>\n\t\t<figure itemscope itemtype=\"https:\/\/schema.org\/ImageObject\">\n\t\t\t\t<img decoding=\"async\" src=\"https:\/\/ombrasole.com\/wp-content\/uploads\/bb-plugin\/cache\/3-panorama-d32af4765a901b7dd074641935ee1720-.png\" alt=\"3\" height=\"600\" width=\"600\" title=\"3\" onerror=\"this.style.display='none'\" loading=\"lazy\" \/>\n\t<\/figure>\n<h5>Fabriqu\u00e9 sur mesure \u00e0 Montr\u00e9al<\/h5><p>Con\u00e7u et fabriqu\u00e9 avec fiert\u00e9 \u00e0 Montr\u00e9al (Qu\u00e9bec)<\/p>\n\t\t<figure itemscope itemtype=\"https:\/\/schema.org\/ImageObject\">\n\t\t\t\t<img decoding=\"async\" src=\"https:\/\/ombrasole.com\/wp-content\/uploads\/bb-plugin\/cache\/2-panorama-d885c163b9785ffe7f10521ba643cb18-.png\" alt=\"2\" height=\"600\" width=\"600\" title=\"2\" onerror=\"this.style.display='none'\" loading=\"lazy\" \/>\n\t<\/figure>\n<h5>Mat\u00e9riaux de base de haute qualit\u00e9<\/h5><p>Mat\u00e9riaux robustes et de haute qualit\u00e9 pour une durabilit\u00e9 sup\u00e9rieure, d&rsquo;origine locale<\/p>\n\t\t<figure itemscope itemtype=\"https:\/\/schema.org\/ImageObject\">\n\t\t\t\t<img decoding=\"async\" src=\"https:\/\/ombrasole.com\/wp-content\/uploads\/bb-plugin\/cache\/1-panorama-b29cb3db784423b02bfc996834dcb08a-.png\" alt=\"1\" height=\"600\" width=\"600\" title=\"1\" onerror=\"this.style.display='none'\" loading=\"lazy\" \/>\n\t<\/figure>\n<h5>Un service et des garanties solides<\/h5><p>Garantie de 10 ans sur le tissu Serge Ferrari, garantie de 15 ans sur la structure.<\/p>\n\t\t<figure itemscope itemtype=\"https:\/\/schema.org\/ImageObject\">\n\t\t\t\t<img decoding=\"async\" src=\"https:\/\/ombrasole.com\/wp-content\/uploads\/bb-plugin\/cache\/4-panorama-7ca450a1f2183e027615d2001680ac77-.png\" alt=\"4\" height=\"600\" width=\"600\" title=\"4\" onerror=\"this.style.display='none'\" loading=\"lazy\" \/>\n\t<\/figure>\n<h5>Rangement sans effort 4 saisons<\/h5><p>Un stockage sans stress. Toutes nos solutions sont con\u00e7ues pour les 4 saisons.<\/p>\n<h2>\n\t\t\tTCL : Stores d&rsquo;ext\u00e9rieur motoris\u00e9s pour terrasses commerciales\t<\/h2>\n\t<p>Offrez un confort absolu \u00e0 vos clients avec nos stores motoris\u00e9s pour l&rsquo;ext\u00e9rieur, alliant design moderne et technologie avanc\u00e9e. D&rsquo;une simple pression sur un bouton, ajustez l&rsquo;ombre et la luminosit\u00e9 pour cr\u00e9er l&rsquo;ambiance parfaite en toute circonstance. R\u00e9sistants aux intemp\u00e9ries et con\u00e7us pour durer, nos stores vous offrent une protection optimale contre le soleil, la pluie et les regards indiscrets. Apportez une touche d&rsquo;\u00e9l\u00e9gance et d&rsquo;innovation \u00e0 votre terrasse afin d&rsquo;attirer les clients et augmenter vos revenus!<\/p>\n\t<h3>Conception ing\u00e9nieuse<\/h3>\n<p>Con\u00e7u et fabriqu\u00e9 exclusivement au Qu\u00e9bec, cet \u00e9quipement pr\u00e9sente une structure en aluminium extrud\u00e9 peint en noir ou gris anodis\u00e9 clair et une cassette qui prot\u00e8ge la toile en hiver, \u00e9liminant ainsi le besoin de stockage saisonnier.<\/p>\n<hr \/>\n<h3>Options de mat\u00e9riaux personnalis\u00e9s<\/h3>\n<p>Choisissez parmi les m\u00e8ches de Serge Ferrari ou Suntex pour une protection optimale contre les insectes, le soleil, la pluie et le vent, le tout accompagn\u00e9 d&rsquo;une garantie limit\u00e9e de 10 ans contre la d\u00e9coloration.<\/p>\n<hr \/>\n<h3>Sur mesure<\/h3>\n<p>Adapt\u00e9 \u00e0 vos besoins sp\u00e9cifiques, avec des largeurs allant de 10&prime; \u00e0 15&prime; et des hauteurs de 84&Prime; \u00e0 120\u00a0\u00bb.<\/p>\n<hr \/>\n<h3>Motorisation Somfy fiable<\/h3>\n<p>Profitez de la commodit\u00e9 et de la fiabilit\u00e9 reconnue des moteurs Somfy, soutenus par une garantie limit\u00e9e de 5 ans.<\/p>\n<hr \/>\n<h3>Syst\u00e8me de verrouillage r\u00e9volutionnaire coupe-vent<\/h3>\n<p>Un syst\u00e8me de verrouillage r\u00e9volutionnaire assure la stabilit\u00e9 une fois le rideau baiss\u00e9. Ce syst\u00e8me de verrouillage plac\u00e9 au bas du rideau att\u00e9nue les vents forts.<\/p>\n<hr \/>\n<h3>Conception conviviale<\/h3>\n<p>Contrairement aux syst\u00e8mes \u00e0 fermeture \u00e9clair traditionnels, la conception du TCL permet un repositionnement facile du tissu dans les rails lat\u00e9raux par le client.<\/p>\n<h4>\n\t\t\tTISSUS ET FOURNISSEURS DE HAUTE QUALIT\u00c9\t<\/h4>\n<figure itemscope itemtype=\"https:\/\/schema.org\/ImageObject\">\n\t\t\t\t<a href=\"https:\/\/ombrasole.com\/wp-content\/uploads\/2026\/03\/Soltis-86-CATALOGUE_compressed.pdf\"  target=\"_blank\" rel=\"noopener\"  itemprop=\"url\">\n\t\t\t\t<img decoding=\"async\" src=\"https:\/\/ombrasole.com\/wp-content\/uploads\/2024\/02\/soltis-logo-1.jpg\" alt=\"soltis-logo\" height=\"97\" width=\"314\" title=\"soltis-logo\" onerror=\"this.style.display='none'\" loading=\"lazy\" \/>\n\t\t\t\t<\/a>\n\t<\/figure>\n<figure itemscope itemtype=\"https:\/\/schema.org\/ImageObject\">\n\t\t\t\t<a href=\"https:\/\/www.somfysystems.com\/en-us\/products\/awnings-screens-pergolas\/motorized-awnings\"  target=\"_blank\" rel=\"noopener\"  itemprop=\"url\">\n\t\t\t\t<img decoding=\"async\" src=\"https:\/\/ombrasole.com\/wp-content\/uploads\/2024\/01\/serge-ferrari-1.png\" alt=\"serge ferrari (1)\" height=\"150\" width=\"150\" title=\"serge ferrari (1)\" onerror=\"this.style.display='none'\" loading=\"lazy\" \/>\n\t\t\t\t<\/a>\n\t<\/figure>\n<h2>\n\t\t\tTLC Stores \u00e0 enroulement motoris\u00e9s pour l&rsquo;ext\u00e9rieur FAQs\t<\/h2>\n\t<p>Que vous cherchiez \u00e0 cr\u00e9er une retraite paisible ou un espace de divertissement dynamique, ces FAQ sont con\u00e7ues pour vous aider \u00e0 optimiser votre patio ou votre terrasse avec le mod\u00e8le TCL d&rsquo;Ombrasole.<\/p>\n\t\t\t\t\t<a role=\"heading\" aria-level=\"2\" tabindex=\"-1\"  id=\"fl-accordion--label-0\">Comment les rideaux motoris\u00e9s TCL mettent-ils en valeur les espaces ext\u00e9rieurs ?<\/a>\n\t\t\t\t\t\t\t\t\t\t\t<button type=\"button\" id=\"fl-accordion--icon-0\" aria-expanded=\"false\" aria-controls=\"fl-accordion--panel-0\"><i>Expand<\/i><\/button>\n\t\t\t\t\t<p>Les rideaux TCL offrent une protection solide contre les rayons UV, la pluie fine et le vent, tout en offrant un bouclier contre les insectes. Ils cr\u00e9ent un environnement ext\u00e9rieur confortable, permettant de manger en toute tranquillit\u00e9 et de passer du temps devant un \u00e9cran sans \u00eatre \u00e9bloui.<\/p>\n\t\t\t\t\t<a role=\"heading\" aria-level=\"2\" tabindex=\"-1\"  id=\"fl-accordion--label-1\">Le TCL peut-il \u00eatre personnalis\u00e9 pour s&rsquo;adapter \u00e0 la surface sp\u00e9cifique de mon patio ou de ma terrasse ?<\/a>\n\t\t\t\t\t\t\t\t\t\t\t<button type=\"button\" id=\"fl-accordion--icon-1\" aria-expanded=\"false\" aria-controls=\"fl-accordion--panel-1\"><i>Expand<\/i><\/button>\n\t\t\t\t\t<p>Oui, le TCL est fabriqu\u00e9 sur mesure pour r\u00e9pondre aux besoins individuels, avec une gamme de largeurs et de hauteurs pour s&rsquo;adapter parfaitement \u00e0 votre espace ext\u00e9rieur.<\/p>\n\t\t\t\t\t<a role=\"heading\" aria-level=\"2\" tabindex=\"-1\"  id=\"fl-accordion--label-2\">Quels types de mat\u00e9riaux puis-je choisir pour le TCL et sont-ils durables ?<\/a>\n\t\t\t\t\t\t\t\t\t\t\t<button type=\"button\" id=\"fl-accordion--icon-2\" aria-expanded=\"false\" aria-controls=\"fl-accordion--panel-2\"><i>Expand<\/i><\/button>\n\t\t\t\t\t<p>Vous pouvez choisir parmi les mat\u00e9riaux Serge Ferrari Mesh ou Suntex, qui offrent tous deux une excellente protection et une garantie limit\u00e9e de 10 ans contre la d\u00e9coloration, assurant ainsi une durabilit\u00e9 et des performances \u00e0 long terme.<\/p>\n\t\t\t\t\t<a role=\"heading\" aria-level=\"2\" tabindex=\"-1\"  id=\"fl-accordion--label-3\">  Le TCL est-il difficile \u00e0 utiliser et que se passe-t-il si le tissu sort du rail ?<\/a>\n\t\t\t\t\t\t\t\t\t\t\t<button type=\"button\" id=\"fl-accordion--icon-3\" aria-expanded=\"false\" aria-controls=\"fl-accordion--panel-3\"><i>Expand<\/i><\/button>\n\t\t\t\t\t<p>Le TCL est con\u00e7u pour \u00eatre facile \u00e0 utiliser, avec une motorisation Somfy pour un fonctionnement en douceur. Si le tissu sort du rail, il peut \u00eatre facilement r\u00e9ins\u00e9r\u00e9 par le client, sans n\u00e9cessiter d&rsquo;assistance technique, contrairement \u00e0 d&rsquo;autres options du march\u00e9 avec des syst\u00e8mes de fermeture \u00e0 glissi\u00e8re.<\/p>\n\t\t\t\t\t<a role=\"heading\" aria-level=\"2\" tabindex=\"-1\"  id=\"fl-accordion--label-4\">Quelle est la garantie du TCL ?<\/a>\n\t\t\t\t\t\t\t\t\t\t\t<button type=\"button\" id=\"fl-accordion--icon-4\" aria-expanded=\"false\" aria-controls=\"fl-accordion--panel-4\"><i>Expand<\/i><\/button>\n\t\t\t\t\t<p>La structure du TCL b\u00e9n\u00e9ficie d&rsquo;une garantie limit\u00e9e de 15 ans et le moteur Somfy d&rsquo;une garantie limit\u00e9e de 5 ans, ce qui t\u00e9moigne de notre engagement en faveur de la qualit\u00e9 et de la satisfaction de nos clients.<\/p>\n<h2>\n\t\t\tObtenez un devis gratuit pour votre solution d&rsquo;auvent personnalis\u00e9e\t<\/h2>\n\t\t\t<a href=\"https:\/\/ombrasole.com\/fr\/estimation-gratuite\/\"  target=\"_self\">\n\t\t\t\t\t\t\tConsultez nos experts\n\t\t\t\t\t<\/a>\n\n","protected":false},"excerpt":{"rendered":"<p>TCL Rideaux motoris\u00e9s\u00c9crans r\u00e9tractables Soumission gratuite Moustiquaires r\u00e9tractables motoris\u00e9es pour l&rsquo;ext\u00e9rieur \u00e0 usage commercial Voici les rideaux et stores r\u00e9tractables motoris\u00e9s TCL, la solution de pointe d&rsquo;Ombrasole pour la protection de l&rsquo;intimit\u00e9 des entreprises en plein air. Con\u00e7ues avec pr\u00e9cision au Qu\u00e9bec, ces moustiquaires motoris\u00e9es sont votre bouclier contre l&rsquo;\u00e9blouissement du soleil, la pluie inattendue&hellip;<\/p>\n","protected":false},"author":1,"featured_media":0,"parent":0,"menu_order":0,"comment_status":"closed","ping_status":"closed","template":"","meta":{"footnotes":""},"class_list":["post-1881","page","type-page","status-publish","hentry"],"yoast_head":"<!-- This site is optimized with the Yoast SEO plugin v27.4 - https:\/\/yoast.com\/product\/yoast-seo-wordpress\/ -->\n<title>Rideaux r\u00e9tractables motoris\u00e9es pour commerces | Ombrasole Awnings<\/title>\n<meta name=\"description\" content=\"Rideaux motoris\u00e9s r\u00e9tractables Voici les rideaux et stores r\u00e9tractables motoris\u00e9s TCL, la solution de pointe d&#039;Ombrasole pour la protection de l&#039;intimit\u00e9 des entreprises en plein air.\" \/>\n<meta name=\"robots\" content=\"index, follow, max-snippet:-1, max-image-preview:large, max-video-preview:-1\" \/>\n<link rel=\"canonical\" href=\"https:\/\/ombrasole.com\/fr\/commercial\/rideaux-retractables-motorises-exterieur-tcl\/\" \/>\n<meta property=\"og:locale\" content=\"fr_FR\" \/>\n<meta property=\"og:type\" content=\"article\" \/>\n<meta property=\"og:title\" content=\"Rideaux r\u00e9tractables motoris\u00e9es pour commerces | Ombrasole Awnings\" \/>\n<meta property=\"og:description\" content=\"Rideaux motoris\u00e9s r\u00e9tractables Voici les rideaux et stores r\u00e9tractables motoris\u00e9s TCL, la solution de pointe d&#039;Ombrasole pour la protection de l&#039;intimit\u00e9 des entreprises en plein air.\" \/>\n<meta property=\"og:url\" content=\"https:\/\/ombrasole.com\/fr\/commercial\/rideaux-retractables-motorises-exterieur-tcl\/\" \/>\n<meta property=\"og:site_name\" content=\"Ombrasole Awnings\" \/>\n<meta property=\"article:publisher\" content=\"https:\/\/www.facebook.com\/ombrasole\/\" \/>\n<meta property=\"article:modified_time\" content=\"2026-04-01T20:25:37+00:00\" \/>\n<meta property=\"og:image\" content=\"https:\/\/ombrasole.com\/wp-content\/uploads\/bb-plugin\/cache\/3-panorama-d32af4765a901b7dd074641935ee1720-.png\" \/>\n<meta name=\"twitter:card\" content=\"summary_large_image\" \/>\n<meta name=\"twitter:label1\" content=\"Dur\u00e9e de lecture estim\u00e9e\" \/>\n\t<meta name=\"twitter:data1\" content=\"5 minutes\" \/>\n<script type=\"application\/ld+json\" class=\"yoast-schema-graph\">{\"@context\":\"https:\\\/\\\/schema.org\",\"@graph\":[{\"@type\":\"WebPage\",\"@id\":\"https:\\\/\\\/ombrasole.com\\\/fr\\\/commercial\\\/rideaux-retractables-motorises-exterieur-tcl\\\/\",\"url\":\"https:\\\/\\\/ombrasole.com\\\/fr\\\/commercial\\\/rideaux-retractables-motorises-exterieur-tcl\\\/\",\"name\":\"Rideaux r\u00e9tractables motoris\u00e9es pour commerces | Ombrasole Awnings\",\"isPartOf\":{\"@id\":\"https:\\\/\\\/ombrasole.com\\\/fr\\\/#website\"},\"primaryImageOfPage\":{\"@id\":\"https:\\\/\\\/ombrasole.com\\\/fr\\\/commercial\\\/rideaux-retractables-motorises-exterieur-tcl\\\/#primaryimage\"},\"image\":{\"@id\":\"https:\\\/\\\/ombrasole.com\\\/fr\\\/commercial\\\/rideaux-retractables-motorises-exterieur-tcl\\\/#primaryimage\"},\"thumbnailUrl\":\"https:\\\/\\\/ombrasole.com\\\/wp-content\\\/uploads\\\/bb-plugin\\\/cache\\\/3-panorama-d32af4765a901b7dd074641935ee1720-.png\",\"datePublished\":\"2024-01-04T23:45:16+00:00\",\"dateModified\":\"2026-04-01T20:25:37+00:00\",\"description\":\"Rideaux motoris\u00e9s r\u00e9tractables Voici les rideaux et stores r\u00e9tractables motoris\u00e9s TCL, la solution de pointe d'Ombrasole pour la protection de l'intimit\u00e9 des entreprises en plein air.\",\"breadcrumb\":{\"@id\":\"https:\\\/\\\/ombrasole.com\\\/fr\\\/commercial\\\/rideaux-retractables-motorises-exterieur-tcl\\\/#breadcrumb\"},\"inLanguage\":\"fr-FR\",\"potentialAction\":[{\"@type\":\"ReadAction\",\"target\":[\"https:\\\/\\\/ombrasole.com\\\/fr\\\/commercial\\\/rideaux-retractables-motorises-exterieur-tcl\\\/\"]}]},{\"@type\":\"ImageObject\",\"inLanguage\":\"fr-FR\",\"@id\":\"https:\\\/\\\/ombrasole.com\\\/fr\\\/commercial\\\/rideaux-retractables-motorises-exterieur-tcl\\\/#primaryimage\",\"url\":\"https:\\\/\\\/ombrasole.com\\\/wp-content\\\/uploads\\\/bb-plugin\\\/cache\\\/3-panorama-d32af4765a901b7dd074641935ee1720-.png\",\"contentUrl\":\"https:\\\/\\\/ombrasole.com\\\/wp-content\\\/uploads\\\/bb-plugin\\\/cache\\\/3-panorama-d32af4765a901b7dd074641935ee1720-.png\"},{\"@type\":\"BreadcrumbList\",\"@id\":\"https:\\\/\\\/ombrasole.com\\\/fr\\\/commercial\\\/rideaux-retractables-motorises-exterieur-tcl\\\/#breadcrumb\",\"itemListElement\":[{\"@type\":\"ListItem\",\"position\":1,\"name\":\"Home\",\"item\":\"https:\\\/\\\/ombrasole.com\\\/fr\\\/\"},{\"@type\":\"ListItem\",\"position\":2,\"name\":\"Commercial &#8211; Brise-soleil r\u00e9tractables motoris\u00e9s pour l&rsquo;ext\u00e9rieur &#8211; TCL\"}]},{\"@type\":\"WebSite\",\"@id\":\"https:\\\/\\\/ombrasole.com\\\/fr\\\/#website\",\"url\":\"https:\\\/\\\/ombrasole.com\\\/fr\\\/\",\"name\":\"Ombrasole\",\"description\":\"Custom Made Awnings In Montreal, Our Style Makes The Difference\",\"publisher\":{\"@id\":\"https:\\\/\\\/ombrasole.com\\\/fr\\\/#organization\"},\"potentialAction\":[{\"@type\":\"SearchAction\",\"target\":{\"@type\":\"EntryPoint\",\"urlTemplate\":\"https:\\\/\\\/ombrasole.com\\\/fr\\\/?s={search_term_string}\"},\"query-input\":{\"@type\":\"PropertyValueSpecification\",\"valueRequired\":true,\"valueName\":\"search_term_string\"}}],\"inLanguage\":\"fr-FR\"},{\"@type\":\"Organization\",\"@id\":\"https:\\\/\\\/ombrasole.com\\\/fr\\\/#organization\",\"name\":\"Ombrasole\",\"alternateName\":\"Ombrasole Awnings\",\"url\":\"https:\\\/\\\/ombrasole.com\\\/fr\\\/\",\"logo\":{\"@type\":\"ImageObject\",\"inLanguage\":\"fr-FR\",\"@id\":\"https:\\\/\\\/ombrasole.com\\\/fr\\\/#\\\/schema\\\/logo\\\/image\\\/\",\"url\":\"https:\\\/\\\/ombrasole.com\\\/wp-content\\\/uploads\\\/2024\\\/01\\\/Ombrasole_logo_white.png\",\"contentUrl\":\"https:\\\/\\\/ombrasole.com\\\/wp-content\\\/uploads\\\/2024\\\/01\\\/Ombrasole_logo_white.png\",\"width\":328,\"height\":90,\"caption\":\"Ombrasole\"},\"image\":{\"@id\":\"https:\\\/\\\/ombrasole.com\\\/fr\\\/#\\\/schema\\\/logo\\\/image\\\/\"},\"sameAs\":[\"https:\\\/\\\/www.facebook.com\\\/ombrasole\\\/\"]}]}<\/script>\n<!-- \/ Yoast SEO plugin. -->","yoast_head_json":{"title":"Rideaux r\u00e9tractables motoris\u00e9es pour commerces | Ombrasole Awnings","description":"Rideaux motoris\u00e9s r\u00e9tractables Voici les rideaux et stores r\u00e9tractables motoris\u00e9s TCL, la solution de pointe d'Ombrasole pour la protection de l'intimit\u00e9 des entreprises en plein air.","robots":{"index":"index","follow":"follow","max-snippet":"max-snippet:-1","max-image-preview":"max-image-preview:large","max-video-preview":"max-video-preview:-1"},"canonical":"https:\/\/ombrasole.com\/fr\/commercial\/rideaux-retractables-motorises-exterieur-tcl\/","og_locale":"fr_FR","og_type":"article","og_title":"Rideaux r\u00e9tractables motoris\u00e9es pour commerces | Ombrasole Awnings","og_description":"Rideaux motoris\u00e9s r\u00e9tractables Voici les rideaux et stores r\u00e9tractables motoris\u00e9s TCL, la solution de pointe d'Ombrasole pour la protection de l'intimit\u00e9 des entreprises en plein air.","og_url":"https:\/\/ombrasole.com\/fr\/commercial\/rideaux-retractables-motorises-exterieur-tcl\/","og_site_name":"Ombrasole Awnings","article_publisher":"https:\/\/www.facebook.com\/ombrasole\/","article_modified_time":"2026-04-01T20:25:37+00:00","og_image":[{"url":"https:\/\/ombrasole.com\/wp-content\/uploads\/bb-plugin\/cache\/3-panorama-d32af4765a901b7dd074641935ee1720-.png","type":"","width":"","height":""}],"twitter_card":"summary_large_image","twitter_misc":{"Dur\u00e9e de lecture estim\u00e9e":"5 minutes"},"schema":{"@context":"https:\/\/schema.org","@graph":[{"@type":"WebPage","@id":"https:\/\/ombrasole.com\/fr\/commercial\/rideaux-retractables-motorises-exterieur-tcl\/","url":"https:\/\/ombrasole.com\/fr\/commercial\/rideaux-retractables-motorises-exterieur-tcl\/","name":"Rideaux r\u00e9tractables motoris\u00e9es pour commerces | Ombrasole Awnings","isPartOf":{"@id":"https:\/\/ombrasole.com\/fr\/#website"},"primaryImageOfPage":{"@id":"https:\/\/ombrasole.com\/fr\/commercial\/rideaux-retractables-motorises-exterieur-tcl\/#primaryimage"},"image":{"@id":"https:\/\/ombrasole.com\/fr\/commercial\/rideaux-retractables-motorises-exterieur-tcl\/#primaryimage"},"thumbnailUrl":"https:\/\/ombrasole.com\/wp-content\/uploads\/bb-plugin\/cache\/3-panorama-d32af4765a901b7dd074641935ee1720-.png","datePublished":"2024-01-04T23:45:16+00:00","dateModified":"2026-04-01T20:25:37+00:00","description":"Rideaux motoris\u00e9s r\u00e9tractables Voici les rideaux et stores r\u00e9tractables motoris\u00e9s TCL, la solution de pointe d'Ombrasole pour la protection de l'intimit\u00e9 des entreprises en plein air.","breadcrumb":{"@id":"https:\/\/ombrasole.com\/fr\/commercial\/rideaux-retractables-motorises-exterieur-tcl\/#breadcrumb"},"inLanguage":"fr-FR","potentialAction":[{"@type":"ReadAction","target":["https:\/\/ombrasole.com\/fr\/commercial\/rideaux-retractables-motorises-exterieur-tcl\/"]}]},{"@type":"ImageObject","inLanguage":"fr-FR","@id":"https:\/\/ombrasole.com\/fr\/commercial\/rideaux-retractables-motorises-exterieur-tcl\/#primaryimage","url":"https:\/\/ombrasole.com\/wp-content\/uploads\/bb-plugin\/cache\/3-panorama-d32af4765a901b7dd074641935ee1720-.png","contentUrl":"https:\/\/ombrasole.com\/wp-content\/uploads\/bb-plugin\/cache\/3-panorama-d32af4765a901b7dd074641935ee1720-.png"},{"@type":"BreadcrumbList","@id":"https:\/\/ombrasole.com\/fr\/commercial\/rideaux-retractables-motorises-exterieur-tcl\/#breadcrumb","itemListElement":[{"@type":"ListItem","position":1,"name":"Home","item":"https:\/\/ombrasole.com\/fr\/"},{"@type":"ListItem","position":2,"name":"Commercial &#8211; Brise-soleil r\u00e9tractables motoris\u00e9s pour l&rsquo;ext\u00e9rieur &#8211; TCL"}]},{"@type":"WebSite","@id":"https:\/\/ombrasole.com\/fr\/#website","url":"https:\/\/ombrasole.com\/fr\/","name":"Ombrasole","description":"Custom Made Awnings In Montreal, Our Style Makes The Difference","publisher":{"@id":"https:\/\/ombrasole.com\/fr\/#organization"},"potentialAction":[{"@type":"SearchAction","target":{"@type":"EntryPoint","urlTemplate":"https:\/\/ombrasole.com\/fr\/?s={search_term_string}"},"query-input":{"@type":"PropertyValueSpecification","valueRequired":true,"valueName":"search_term_string"}}],"inLanguage":"fr-FR"},{"@type":"Organization","@id":"https:\/\/ombrasole.com\/fr\/#organization","name":"Ombrasole","alternateName":"Ombrasole Awnings","url":"https:\/\/ombrasole.com\/fr\/","logo":{"@type":"ImageObject","inLanguage":"fr-FR","@id":"https:\/\/ombrasole.com\/fr\/#\/schema\/logo\/image\/","url":"https:\/\/ombrasole.com\/wp-content\/uploads\/2024\/01\/Ombrasole_logo_white.png","contentUrl":"https:\/\/ombrasole.com\/wp-content\/uploads\/2024\/01\/Ombrasole_logo_white.png","width":328,"height":90,"caption":"Ombrasole"},"image":{"@id":"https:\/\/ombrasole.com\/fr\/#\/schema\/logo\/image\/"},"sameAs":["https:\/\/www.facebook.com\/ombrasole\/"]}]}},"_links":{"self":[{"href":"https:\/\/ombrasole.com\/fr\/wp-json\/wp\/v2\/pages\/1881","targetHints":{"allow":["GET"]}}],"collection":[{"href":"https:\/\/ombrasole.com\/fr\/wp-json\/wp\/v2\/pages"}],"about":[{"href":"https:\/\/ombrasole.com\/fr\/wp-json\/wp\/v2\/types\/page"}],"author":[{"embeddable":true,"href":"https:\/\/ombrasole.com\/fr\/wp-json\/wp\/v2\/users\/1"}],"replies":[{"embeddable":true,"href":"https:\/\/ombrasole.com\/fr\/wp-json\/wp\/v2\/comments?post=1881"}],"version-history":[{"count":0,"href":"https:\/\/ombrasole.com\/fr\/wp-json\/wp\/v2\/pages\/1881\/revisions"}],"wp:attachment":[{"href":"https:\/\/ombrasole.com\/fr\/wp-json\/wp\/v2\/media?parent=1881"}],"curies":[{"name":"wp","href":"https:\/\/api.w.org\/{rel}","templated":true}]}}