{"id":1878,"date":"2024-01-04T23:45:16","date_gmt":"2024-01-04T23:45:16","guid":{"rendered":"https:\/\/ombrasole.wpenginepowered.com\/residentiel-plp\/"},"modified":"2026-03-03T15:27:33","modified_gmt":"2026-03-03T15:27:33","slug":"residentiel-plp","status":"publish","type":"page","link":"https:\/\/ombrasole.com\/fr\/residentiel\/","title":{"rendered":"R\u00e9sidentiel &#8211; PLP"},"content":{"rendered":"\n<h4>\n\t\t\tNOS PRODUITS\t<\/h4>\n<h1>\n\t\t\tAuvents, pergolas et abris r\u00e9sidentiels\t<\/h1>\n\t<p>D\u00e9couvrez la gamme compl\u00e8te d&rsquo;auvents, de pergolas et d&rsquo;abris d&rsquo;Ombrasole, con\u00e7us avec expertise pour r\u00e9pondre \u00e0 tous les besoins r\u00e9sidentiels.<\/p>\n\t\t\t<a href=\"\/free-estimate\/\"  target=\"_self\">\n\t\t\t\t\t\t\tSoumission gratuite\n\t\t\t\t\t<\/a>\n<h2>\n\t\t\tAuvents r\u00e9sidentiels\t<\/h2>\n<figure itemscope itemtype=\"https:\/\/schema.org\/ImageObject\">\n\t\t\t\t<a href=\"https:\/\/ombrasole.com\/fr\/residentiel\/auvents-de-terrasse-capriccio\/\"  target=\"_self\" itemprop=\"url\">\n\t\t\t\t<img decoding=\"async\" src=\"https:\/\/ombrasole.com\/wp-content\/uploads\/2024\/02\/Capriccio-Awning-Residential.png\" alt=\"Capriccio Awning Residential\" height=\"1080\" width=\"1920\" title=\"Capriccio Awning Residential\" onerror=\"this.style.display='none'\" loading=\"lazy\" \/>\n\t\t\t\t<\/a>\n\t<\/figure>\n<h4>\n\t\t\tCAPRICCIO\t<\/h4>\n<h3>\n\t\t<a href=\"https:\/\/ombrasole.com\/fr\/residentiel\/auvents-de-terrasse-capriccio\/\" title=\"Auvents de terrasse r\u00e9sidentiels\"  target=\"_self\">\n\t\t\tAuvents de terrasse r\u00e9sidentiels\t\t<\/a>\n\t<\/h3>\n\t<p>D\u00e9couvrez le charme \u00e9l\u00e9gant des auvents de terrasse Capriccio d&rsquo;Ombrasole, con\u00e7us sp\u00e9cifiquement pour les besoins ext\u00e9rieurs de votre maison.<\/p>\n<figure itemscope itemtype=\"https:\/\/schema.org\/ImageObject\">\n\t\t\t\t<a href=\"https:\/\/ombrasole.com\/fr\/residentiel-vivace-pergola-motorisee-retractable\/\"  target=\"_self\" itemprop=\"url\">\n\t\t\t\t<img decoding=\"async\" src=\"https:\/\/ombrasole.com\/wp-content\/uploads\/2026\/01\/IMG_4033-Recupere.jpg\" alt=\"IMG_4033-R\u00e9cup\u00e9r\u00e9\" height=\"1536\" width=\"2048\" title=\"IMG_4033-R\u00e9cup\u00e9r\u00e9\" onerror=\"this.style.display='none'\" loading=\"lazy\" \/>\n\t\t\t\t<\/a>\n\t<\/figure>\n<h4>\n\t\t\tVIVACE\t<\/h4>\n<h3>\n\t\t<a href=\"https:\/\/ombrasole.com\/fr\/residentiel-vivace-pergola-motorisee-retractable\/\" title=\"Pergola motoris\u00e9e &amp; r\u00e9tractable :\"  target=\"_self\">\n\t\t\tPergola motoris\u00e9e &#038; r\u00e9tractable :\t\t<\/a>\n\t<\/h3>\n\t<p>D\u00e9couvrez le design d\u00e9construit de la Pergola motoris\u00e9e et r\u00e9tractable d&rsquo;Ombrasole, parfaitement adapt\u00e9e \u00e0 vos espaces ext\u00e9rieurs r\u00e9sidentiels.<\/p>\n<figure itemscope itemtype=\"https:\/\/schema.org\/ImageObject\">\n\t\t\t\t<a href=\"https:\/\/ombrasole.com\/fr\/residentiel\/auvents-retractables-veratenda\/\"  target=\"_self\" itemprop=\"url\">\n\t\t\t\t<img decoding=\"async\" src=\"https:\/\/ombrasole.com\/wp-content\/uploads\/2024\/02\/Retractable-Awning-Veratenda-Ombrasole-Bleu.png\" alt=\"Retractable Awning Veratenda Ombrasole Bleu\" height=\"1080\" width=\"1920\" title=\"Retractable Awning Veratenda Ombrasole Bleu\" onerror=\"this.style.display='none'\" loading=\"lazy\" \/>\n\t\t\t\t<\/a>\n\t<\/figure>\n<h4>\n\t\t\tVERATENDA\t<\/h4>\n<h3>\n\t\t<a href=\"https:\/\/ombrasole.com\/fr\/residentiel\/auvents-retractables-veratenda\/\" title=\"Auvents r\u00e9tractables\"  target=\"_self\">\n\t\t\tAuvents r\u00e9tractables\t\t<\/a>\n\t<\/h3>\n\t<p>D\u00e9couvrez les auvents r\u00e9tractables Veratenda d&rsquo;Ombrasole, con\u00e7us sur mesure pour les besoins ext\u00e9rieurs de votre maison.<\/p>\n<h2>\n\t\t\tPergolas, abris et stores motoris\u00e9es\t<\/h2>\n<figure itemscope itemtype=\"https:\/\/schema.org\/ImageObject\">\n\t\t\t\t<a href=\"https:\/\/ombrasole.com\/fr\/residentiel\/pergola-motorisee-bioclimatique-eolo\/\"  target=\"_self\" itemprop=\"url\">\n\t\t\t\t<img decoding=\"async\" src=\"https:\/\/ombrasole.com\/wp-content\/uploads\/2026\/01\/33333.jpg\" alt=\"pergola bioclimatique\" height=\"1536\" width=\"2048\" title=\"33333\" onerror=\"this.style.display='none'\" loading=\"lazy\" \/>\n\t\t\t\t<\/a>\n\t<\/figure>\n<h4>\n\t\t\tEOLO STAR\t<\/h4>\n<h3>\n\t\t<a href=\"https:\/\/ombrasole.com\/fr\/residentiel\/pergola-motorisee-bioclimatique-eolo\/\" title=\"Pergola bioclimatique motoris\u00e9e\"  target=\"_self\">\n\t\t\tPergola bioclimatique motoris\u00e9e\t\t<\/a>\n\t<\/h3>\n\t<p>D\u00e9couvrez la pergola bioclimatique motoris\u00e9e Eolo Star d&rsquo;Ombrasole, id\u00e9ale pour embellir les espaces ext\u00e9rieurs de votre maison.<\/p>\n<figure itemscope itemtype=\"https:\/\/schema.org\/ImageObject\">\n\t\t\t\t<a href=\"https:\/\/ombrasole.com\/fr\/residentiel\/abri-solaire-pour-patio-pergolina\/\"  target=\"_self\" itemprop=\"url\">\n\t\t\t\t<img decoding=\"async\" src=\"https:\/\/ombrasole.com\/wp-content\/uploads\/2024\/02\/Pergolina-Sun-Shelter.jpg\" alt=\"Pergolina Sun Shelter\" height=\"1080\" width=\"1920\" title=\"Pergolina Sun Shelter\" onerror=\"this.style.display='none'\" loading=\"lazy\" \/>\n\t\t\t\t<\/a>\n\t<\/figure>\n<h4>\n\t\t\tPERGOLINA\t<\/h4>\n<h3>\n\t\t<a href=\"https:\/\/ombrasole.com\/residential\/patio-sun-shelter\/\" title=\"Abri soleil pour patio\"  target=\"_self\">\n\t\t\tAbri soleil pour patio\t\t<\/a>\n\t<\/h3>\n\t<p>D\u00e9couvrez le luxe sur mesure de l&rsquo;abri solaire de patio Pergolina d&rsquo;Ombrasole, con\u00e7u pour les petits espaces ext\u00e9rieurs de votre maison.<\/p>\n<figure itemscope itemtype=\"https:\/\/schema.org\/ImageObject\">\n\t\t\t\t<a href=\"https:\/\/ombrasole.com\/fr\/residentiel\/rideaux-retractables-motorises-exterieur-tcl\/\"  target=\"_self\" itemprop=\"url\">\n\t\t\t\t<img decoding=\"async\" src=\"https:\/\/ombrasole.com\/wp-content\/uploads\/2024\/02\/TCL-Motorized-Screens.png\" alt=\"Residential outdoor  curtains\" height=\"1080\" width=\"1920\" title=\"TCL Motorized Screens\" onerror=\"this.style.display='none'\" loading=\"lazy\" \/>\n\t\t\t\t<\/a>\n\t<\/figure>\n<h4>\n\t\t\tTCL\t<\/h4>\n<h3>\n\t\t<a href=\"https:\/\/ombrasole.com\/fr\/residentiel\/rideaux-retractables-motorises-exterieur-tcl\/\" title=\"Moustiquaires r\u00e9tractables motoris\u00e9es pour patio\"  target=\"_self\">\n\t\t\tMoustiquaires r\u00e9tractables motoris\u00e9es pour patio \t\t<\/a>\n\t<\/h3>\n\t<p>D\u00e9couvrez la sophistication sur mesure des auvents r\u00e9tractables motoris\u00e9s TCL d&rsquo;Ombrasole, qui conviennent parfaitement \u00e0 l&rsquo;ext\u00e9rieur de votre maison.<\/p>\n<h2>\n\t\t\tAutres produits\t<\/h2>\n<figure itemscope itemtype=\"https:\/\/schema.org\/ImageObject\">\n\t\t\t\t<a href=\"https:\/\/ombrasole.com\/fr\/residentiel\/meubles-de-jardin\/\"  target=\"_self\" itemprop=\"url\">\n\t\t\t\t<img decoding=\"async\" src=\"https:\/\/ombrasole.com\/wp-content\/uploads\/2024\/01\/1257-L-2.jpeg\" alt=\"\" onerror=\"this.style.display='none'\" loading=\"lazy\" \/>\n\t\t\t\t<\/a>\n\t<\/figure>\n<h4>\n\t\t\tLIBERTY &amp; GIOTTO\t<\/h4>\n<h3>\n\t\t<a href=\"https:\/\/ombrasole.com\/fr\/residentiel\/meubles-de-jardin\/\" title=\"Meubles de jardin sur mesure\"  target=\"_self\">\n\t\t\tMeubles de jardin sur mesure\t\t<\/a>\n\t<\/h3>\n\t<p>D\u00e9couvrez les avantages de la personnalisation des meubles de jardin Liberty et Giotto d&rsquo;Ombrasole, con\u00e7us en fonction du style ext\u00e9rieur de votre maison.<\/p>\n<h2>\n\t\t\tObtenez un devis gratuit pour votre solution d&rsquo;auvent personnalis\u00e9e\t<\/h2>\n\t\t\t<a href=\"https:\/\/ombrasole.com\/free-estimate\/\"  target=\"_self\">\n\t\t\t\t\t\t\tConsultez nos experts\n\t\t\t\t\t<\/a>\n\n","protected":false},"excerpt":{"rendered":"<p>NOS PRODUITS Auvents, pergolas et abris r\u00e9sidentiels D\u00e9couvrez la gamme compl\u00e8te d&rsquo;auvents, de pergolas et d&rsquo;abris d&rsquo;Ombrasole, con\u00e7us avec expertise pour r\u00e9pondre \u00e0 tous les besoins r\u00e9sidentiels. Soumission gratuite Auvents r\u00e9sidentiels CAPRICCIO Auvents de terrasse r\u00e9sidentiels D\u00e9couvrez le charme \u00e9l\u00e9gant des auvents de terrasse Capriccio d&rsquo;Ombrasole, con\u00e7us sp\u00e9cifiquement pour les besoins ext\u00e9rieurs de votre maison.&hellip;<\/p>\n","protected":false},"author":1,"featured_media":0,"parent":0,"menu_order":0,"comment_status":"closed","ping_status":"closed","template":"","meta":{"footnotes":""},"class_list":["post-1878","page","type-page","status-publish","hentry"],"yoast_head":"<!-- This site is optimized with the Yoast SEO plugin v27.4 - https:\/\/yoast.com\/product\/yoast-seo-wordpress\/ -->\n<title>Auvents, pergolas et abris residentiels sur mesure | Ombrasole Awnings<\/title>\n<meta name=\"description\" content=\"D\u00e9couvrez la gamme compl\u00e8te d&#039;auvents, de pergolas et d&#039;abris d&#039;Ombrasole, con\u00e7us avec expertise pour r\u00e9pondre \u00e0 tous les besoins r\u00e9sidentiels.\" \/>\n<meta name=\"robots\" content=\"index, follow, max-snippet:-1, max-image-preview:large, max-video-preview:-1\" \/>\n<link rel=\"canonical\" href=\"https:\/\/ombrasole.com\/fr\/residentiel\/\" \/>\n<meta property=\"og:locale\" content=\"fr_FR\" \/>\n<meta property=\"og:type\" content=\"article\" \/>\n<meta property=\"og:title\" content=\"Auvents, pergolas et abris residentiels sur mesure | Ombrasole Awnings\" \/>\n<meta property=\"og:description\" content=\"D\u00e9couvrez la gamme compl\u00e8te d&#039;auvents, de pergolas et d&#039;abris d&#039;Ombrasole, con\u00e7us avec expertise pour r\u00e9pondre \u00e0 tous les besoins r\u00e9sidentiels.\" \/>\n<meta property=\"og:url\" content=\"https:\/\/ombrasole.com\/fr\/residentiel\/\" \/>\n<meta property=\"og:site_name\" content=\"Ombrasole Awnings\" \/>\n<meta property=\"article:publisher\" content=\"https:\/\/www.facebook.com\/ombrasole\/\" \/>\n<meta property=\"article:modified_time\" content=\"2026-03-03T15:27:33+00:00\" \/>\n<meta property=\"og:image\" content=\"https:\/\/ombrasole.com\/wp-content\/uploads\/2024\/02\/Capriccio-Awning-Residential.png\" \/>\n<meta name=\"twitter:card\" content=\"summary_large_image\" \/>\n<meta name=\"twitter:label1\" content=\"Dur\u00e9e de lecture estim\u00e9e\" \/>\n\t<meta name=\"twitter:data1\" content=\"3 minutes\" \/>\n<script type=\"application\/ld+json\" class=\"yoast-schema-graph\">{\"@context\":\"https:\\\/\\\/schema.org\",\"@graph\":[{\"@type\":\"WebPage\",\"@id\":\"https:\\\/\\\/ombrasole.com\\\/fr\\\/residentiel\\\/\",\"url\":\"https:\\\/\\\/ombrasole.com\\\/fr\\\/residentiel\\\/\",\"name\":\"Auvents, pergolas et abris residentiels sur mesure | Ombrasole Awnings\",\"isPartOf\":{\"@id\":\"https:\\\/\\\/ombrasole.com\\\/fr\\\/#website\"},\"primaryImageOfPage\":{\"@id\":\"https:\\\/\\\/ombrasole.com\\\/fr\\\/residentiel\\\/#primaryimage\"},\"image\":{\"@id\":\"https:\\\/\\\/ombrasole.com\\\/fr\\\/residentiel\\\/#primaryimage\"},\"thumbnailUrl\":\"https:\\\/\\\/ombrasole.com\\\/wp-content\\\/uploads\\\/2024\\\/02\\\/Capriccio-Awning-Residential.png\",\"datePublished\":\"2024-01-04T23:45:16+00:00\",\"dateModified\":\"2026-03-03T15:27:33+00:00\",\"description\":\"D\u00e9couvrez la gamme compl\u00e8te d'auvents, de pergolas et d'abris d'Ombrasole, con\u00e7us avec expertise pour r\u00e9pondre \u00e0 tous les besoins r\u00e9sidentiels.\",\"breadcrumb\":{\"@id\":\"https:\\\/\\\/ombrasole.com\\\/fr\\\/residentiel\\\/#breadcrumb\"},\"inLanguage\":\"fr-FR\",\"potentialAction\":[{\"@type\":\"ReadAction\",\"target\":[\"https:\\\/\\\/ombrasole.com\\\/fr\\\/residentiel\\\/\"]}]},{\"@type\":\"ImageObject\",\"inLanguage\":\"fr-FR\",\"@id\":\"https:\\\/\\\/ombrasole.com\\\/fr\\\/residentiel\\\/#primaryimage\",\"url\":\"https:\\\/\\\/ombrasole.com\\\/wp-content\\\/uploads\\\/2024\\\/02\\\/Capriccio-Awning-Residential.png\",\"contentUrl\":\"https:\\\/\\\/ombrasole.com\\\/wp-content\\\/uploads\\\/2024\\\/02\\\/Capriccio-Awning-Residential.png\"},{\"@type\":\"BreadcrumbList\",\"@id\":\"https:\\\/\\\/ombrasole.com\\\/fr\\\/residentiel\\\/#breadcrumb\",\"itemListElement\":[{\"@type\":\"ListItem\",\"position\":1,\"name\":\"Home\",\"item\":\"https:\\\/\\\/ombrasole.com\\\/fr\\\/\"},{\"@type\":\"ListItem\",\"position\":2,\"name\":\"R\u00e9sidentiel &#8211; PLP\"}]},{\"@type\":\"WebSite\",\"@id\":\"https:\\\/\\\/ombrasole.com\\\/fr\\\/#website\",\"url\":\"https:\\\/\\\/ombrasole.com\\\/fr\\\/\",\"name\":\"Ombrasole\",\"description\":\"Custom Made Awnings In Montreal, Our Style Makes The Difference\",\"publisher\":{\"@id\":\"https:\\\/\\\/ombrasole.com\\\/fr\\\/#organization\"},\"potentialAction\":[{\"@type\":\"SearchAction\",\"target\":{\"@type\":\"EntryPoint\",\"urlTemplate\":\"https:\\\/\\\/ombrasole.com\\\/fr\\\/?s={search_term_string}\"},\"query-input\":{\"@type\":\"PropertyValueSpecification\",\"valueRequired\":true,\"valueName\":\"search_term_string\"}}],\"inLanguage\":\"fr-FR\"},{\"@type\":\"Organization\",\"@id\":\"https:\\\/\\\/ombrasole.com\\\/fr\\\/#organization\",\"name\":\"Ombrasole\",\"alternateName\":\"Ombrasole Awnings\",\"url\":\"https:\\\/\\\/ombrasole.com\\\/fr\\\/\",\"logo\":{\"@type\":\"ImageObject\",\"inLanguage\":\"fr-FR\",\"@id\":\"https:\\\/\\\/ombrasole.com\\\/fr\\\/#\\\/schema\\\/logo\\\/image\\\/\",\"url\":\"https:\\\/\\\/ombrasole.com\\\/wp-content\\\/uploads\\\/2024\\\/01\\\/Ombrasole_logo_white.png\",\"contentUrl\":\"https:\\\/\\\/ombrasole.com\\\/wp-content\\\/uploads\\\/2024\\\/01\\\/Ombrasole_logo_white.png\",\"width\":328,\"height\":90,\"caption\":\"Ombrasole\"},\"image\":{\"@id\":\"https:\\\/\\\/ombrasole.com\\\/fr\\\/#\\\/schema\\\/logo\\\/image\\\/\"},\"sameAs\":[\"https:\\\/\\\/www.facebook.com\\\/ombrasole\\\/\"]}]}<\/script>\n<!-- \/ Yoast SEO plugin. -->","yoast_head_json":{"title":"Auvents, pergolas et abris residentiels sur mesure | Ombrasole Awnings","description":"D\u00e9couvrez la gamme compl\u00e8te d'auvents, de pergolas et d'abris d'Ombrasole, con\u00e7us avec expertise pour r\u00e9pondre \u00e0 tous les besoins r\u00e9sidentiels.","robots":{"index":"index","follow":"follow","max-snippet":"max-snippet:-1","max-image-preview":"max-image-preview:large","max-video-preview":"max-video-preview:-1"},"canonical":"https:\/\/ombrasole.com\/fr\/residentiel\/","og_locale":"fr_FR","og_type":"article","og_title":"Auvents, pergolas et abris residentiels sur mesure | Ombrasole Awnings","og_description":"D\u00e9couvrez la gamme compl\u00e8te d'auvents, de pergolas et d'abris d'Ombrasole, con\u00e7us avec expertise pour r\u00e9pondre \u00e0 tous les besoins r\u00e9sidentiels.","og_url":"https:\/\/ombrasole.com\/fr\/residentiel\/","og_site_name":"Ombrasole Awnings","article_publisher":"https:\/\/www.facebook.com\/ombrasole\/","article_modified_time":"2026-03-03T15:27:33+00:00","og_image":[{"url":"https:\/\/ombrasole.com\/wp-content\/uploads\/2024\/02\/Capriccio-Awning-Residential.png","type":"","width":"","height":""}],"twitter_card":"summary_large_image","twitter_misc":{"Dur\u00e9e de lecture estim\u00e9e":"3 minutes"},"schema":{"@context":"https:\/\/schema.org","@graph":[{"@type":"WebPage","@id":"https:\/\/ombrasole.com\/fr\/residentiel\/","url":"https:\/\/ombrasole.com\/fr\/residentiel\/","name":"Auvents, pergolas et abris residentiels sur mesure | Ombrasole Awnings","isPartOf":{"@id":"https:\/\/ombrasole.com\/fr\/#website"},"primaryImageOfPage":{"@id":"https:\/\/ombrasole.com\/fr\/residentiel\/#primaryimage"},"image":{"@id":"https:\/\/ombrasole.com\/fr\/residentiel\/#primaryimage"},"thumbnailUrl":"https:\/\/ombrasole.com\/wp-content\/uploads\/2024\/02\/Capriccio-Awning-Residential.png","datePublished":"2024-01-04T23:45:16+00:00","dateModified":"2026-03-03T15:27:33+00:00","description":"D\u00e9couvrez la gamme compl\u00e8te d'auvents, de pergolas et d'abris d'Ombrasole, con\u00e7us avec expertise pour r\u00e9pondre \u00e0 tous les besoins r\u00e9sidentiels.","breadcrumb":{"@id":"https:\/\/ombrasole.com\/fr\/residentiel\/#breadcrumb"},"inLanguage":"fr-FR","potentialAction":[{"@type":"ReadAction","target":["https:\/\/ombrasole.com\/fr\/residentiel\/"]}]},{"@type":"ImageObject","inLanguage":"fr-FR","@id":"https:\/\/ombrasole.com\/fr\/residentiel\/#primaryimage","url":"https:\/\/ombrasole.com\/wp-content\/uploads\/2024\/02\/Capriccio-Awning-Residential.png","contentUrl":"https:\/\/ombrasole.com\/wp-content\/uploads\/2024\/02\/Capriccio-Awning-Residential.png"},{"@type":"BreadcrumbList","@id":"https:\/\/ombrasole.com\/fr\/residentiel\/#breadcrumb","itemListElement":[{"@type":"ListItem","position":1,"name":"Home","item":"https:\/\/ombrasole.com\/fr\/"},{"@type":"ListItem","position":2,"name":"R\u00e9sidentiel &#8211; PLP"}]},{"@type":"WebSite","@id":"https:\/\/ombrasole.com\/fr\/#website","url":"https:\/\/ombrasole.com\/fr\/","name":"Ombrasole","description":"Custom Made Awnings In Montreal, Our Style Makes The Difference","publisher":{"@id":"https:\/\/ombrasole.com\/fr\/#organization"},"potentialAction":[{"@type":"SearchAction","target":{"@type":"EntryPoint","urlTemplate":"https:\/\/ombrasole.com\/fr\/?s={search_term_string}"},"query-input":{"@type":"PropertyValueSpecification","valueRequired":true,"valueName":"search_term_string"}}],"inLanguage":"fr-FR"},{"@type":"Organization","@id":"https:\/\/ombrasole.com\/fr\/#organization","name":"Ombrasole","alternateName":"Ombrasole Awnings","url":"https:\/\/ombrasole.com\/fr\/","logo":{"@type":"ImageObject","inLanguage":"fr-FR","@id":"https:\/\/ombrasole.com\/fr\/#\/schema\/logo\/image\/","url":"https:\/\/ombrasole.com\/wp-content\/uploads\/2024\/01\/Ombrasole_logo_white.png","contentUrl":"https:\/\/ombrasole.com\/wp-content\/uploads\/2024\/01\/Ombrasole_logo_white.png","width":328,"height":90,"caption":"Ombrasole"},"image":{"@id":"https:\/\/ombrasole.com\/fr\/#\/schema\/logo\/image\/"},"sameAs":["https:\/\/www.facebook.com\/ombrasole\/"]}]}},"_links":{"self":[{"href":"https:\/\/ombrasole.com\/fr\/wp-json\/wp\/v2\/pages\/1878","targetHints":{"allow":["GET"]}}],"collection":[{"href":"https:\/\/ombrasole.com\/fr\/wp-json\/wp\/v2\/pages"}],"about":[{"href":"https:\/\/ombrasole.com\/fr\/wp-json\/wp\/v2\/types\/page"}],"author":[{"embeddable":true,"href":"https:\/\/ombrasole.com\/fr\/wp-json\/wp\/v2\/users\/1"}],"replies":[{"embeddable":true,"href":"https:\/\/ombrasole.com\/fr\/wp-json\/wp\/v2\/comments?post=1878"}],"version-history":[{"count":0,"href":"https:\/\/ombrasole.com\/fr\/wp-json\/wp\/v2\/pages\/1878\/revisions"}],"wp:attachment":[{"href":"https:\/\/ombrasole.com\/fr\/wp-json\/wp\/v2\/media?parent=1878"}],"curies":[{"name":"wp","href":"https:\/\/api.w.org\/{rel}","templated":true}]}}