{"id":1876,"date":"2024-01-04T23:45:16","date_gmt":"2024-01-04T23:45:16","guid":{"rendered":"https:\/\/ombrasole.wpenginepowered.com\/commercial-stores-pergolas-ombrages\/"},"modified":"2026-01-29T19:22:06","modified_gmt":"2026-01-29T19:22:06","slug":"commercial-stores-pergolas-ombrages","status":"publish","type":"page","link":"https:\/\/ombrasole.com\/fr\/commercial\/","title":{"rendered":"Auvents Commerciaux : Auvents, Pergolas, Rideaux, Abris"},"content":{"rendered":"\n<h4>\n\t\t\tNOS PRODUITS\t<\/h4>\n<h1>\n\t\t\tAuvents, pergolas et abris commerciaux\t<\/h1>\n\t<p>D\u00e9couvrez la gamme compl\u00e8te d&rsquo;auvents, de pergolas et d&rsquo;abris d&rsquo;Ombrasole, con\u00e7us avec expertise pour r\u00e9pondre \u00e0 tous les besoins des entreprises.<\/p>\n\t\t\t<a href=\"https:\/\/ombrasole.com\/fr\/estimation-gratuite\/\"  target=\"_self\">\n\t\t\t\t\t\t\tSoumission gratuite\n\t\t\t\t\t<\/a>\n<h2>\n\t\t\tAuvents commerciaux\t<\/h2>\n<figure itemscope itemtype=\"https:\/\/schema.org\/ImageObject\">\n\t\t\t\t<a href=\"https:\/\/ombrasole.com\/fr\/commercial\/auvents-de-terrasse-capriccio\/\"  target=\"_self\" itemprop=\"url\">\n\t\t\t\t<img decoding=\"async\" src=\"https:\/\/ombrasole.com\/wp-content\/uploads\/2024\/02\/Capriccio-Commercial-Awning-Restaurant.jpg\" alt=\"Commercial awning for your business\" height=\"1080\" width=\"1920\" title=\"Capriccio Commercial Awning Restaurant\" onerror=\"this.style.display='none'\" loading=\"lazy\" \/>\n\t\t\t\t<\/a>\n\t<\/figure>\n<h4>\n\t\t\tCAPRICCIO\t<\/h4>\n<h3>\n\t\t<a href=\"https:\/\/ombrasole.com\/fr\/commercial\/auvents-de-terrasse-capriccio\/\" title=\"Auvents de terrasse commerciaux\"  target=\"_self\">\n\t\t\tAuvents de terrasse commerciaux\t\t<\/a>\n\t<\/h3>\n\tD\u00e9couvrez le charme \u00e9l\u00e9gant et verdoyant de l&rsquo;\u00e9glise d&rsquo;Ombrasole.<br \/>\nCapriccio Terrace Awnings, notre mod\u00e8le d&rsquo;auvent de terrasse le plus recherch\u00e9 par les entreprises.\n<figure itemscope itemtype=\"https:\/\/schema.org\/ImageObject\">\n\t\t\t\t<a href=\"https:\/\/ombrasole.com\/fr\/commercial\/pergola-motorisee-bioclimatique-eolo\/\"  target=\"_self\" itemprop=\"url\">\n\t\t\t\t<img decoding=\"async\" src=\"https:\/\/ombrasole.com\/wp-content\/uploads\/2026\/01\/Motorized-Pergola-.jpg\" alt=\"Motorized Pergola\" height=\"922\" width=\"2048\" title=\"Motorized Pergola\" onerror=\"this.style.display='none'\" loading=\"lazy\" \/>\n\t\t\t\t<\/a>\n\t<\/figure>\n<h4>\n\t\t\tEOLO STAR\t<\/h4>\n<h3>\n\t\t<a href=\"https:\/\/ombrasole.com\/fr\/commercial\/pergola-motorisee-bioclimatique-eolo\/\" title=\"Pergola bioclimatique motoris\u00e9e\"  target=\"_self\">\n\t\t\tPergola bioclimatique motoris\u00e9e\t\t<\/a>\n\t<\/h3>\n\t<p>D\u00e9couvrez le savoir-faire artisanal de la pergola bioclimatique motoris\u00e9e Eolo Star d&rsquo;Ombrasole, la derni\u00e8re n\u00e9e des pergolas commerciales.<\/p>\n<figure itemscope itemtype=\"https:\/\/schema.org\/ImageObject\">\n\t\t\t\t<a href=\"https:\/\/ombrasole.com\/fr\/commercial\/auvents-fixes-retractables-attico\/\"  target=\"_self\" itemprop=\"url\">\n\t\t\t\t<img decoding=\"async\" src=\"https:\/\/ombrasole.com\/wp-content\/uploads\/2024\/02\/Untitled-design-2.jpg\" alt=\"Untitled design (2)\" height=\"1080\" width=\"1920\" title=\"Untitled design (2)\" onerror=\"this.style.display='none'\" loading=\"lazy\" \/>\n\t\t\t\t<\/a>\n\t<\/figure>\n<h4>\n\t\t\tATTICO\t<\/h4>\n<h3>\n\t\t<a href=\"https:\/\/ombrasole.com\/fr\/commercial\/auvents-fixes-retractables-attico\/\" title=\"Auvents fixes r\u00e9tractables\"  target=\"_self\">\n\t\t\tAuvents fixes r\u00e9tractables\t\t<\/a>\n\t<\/h3>\n\t<p>D\u00e9couvrez le design d\u00e9construit des auvents r\u00e9tractables fixes Attico d&rsquo;Ombrasole, parfaitement adapt\u00e9s \u00e0 un usage commercial.<\/p>\n<h2>\n\t\t\tStores commerciaux motoris\u00e9s r\u00e9tractables\t<\/h2>\n<figure itemscope itemtype=\"https:\/\/schema.org\/ImageObject\">\n\t\t\t\t<a href=\"https:\/\/ombrasole.com\/fr\/commercial\/rideaux-retractables-motorises-exterieur-tcl\/\"  target=\"_self\" itemprop=\"url\">\n\t\t\t\t<img decoding=\"async\" src=\"https:\/\/ombrasole.com\/wp-content\/uploads\/2024\/02\/TCL-Motorized-Screens-Commercial.png\" alt=\"TCL Motorized Screens Commercial\" height=\"1080\" width=\"1920\" title=\"TCL Motorized Screens Commercial\" onerror=\"this.style.display='none'\" loading=\"lazy\" \/>\n\t\t\t\t<\/a>\n\t<\/figure>\n<h4>\n\t\t\tTCL\t<\/h4>\n<h3>\n\t\t<a href=\"https:\/\/ombrasole.com\/fr\/commercial\/rideaux-retractables-motorises-exterieur-tcl\/\" title=\"Moustiquaires r\u00e9tractables motoris\u00e9es pour terrasses commerciales\"  target=\"_self\">\n\t\t\tMoustiquaires r\u00e9tractables motoris\u00e9es pour terrasses commerciales\t\t<\/a>\n\t<\/h3>\n\t<p>D\u00e9couvrez le design d\u00e9construit des auvents r\u00e9tractables fixes Attico d&rsquo;Ombrasole, parfaitement adapt\u00e9s \u00e0 un usage commercial.<\/p>\n<h2>\n\t\t\tObtenez un devis gratuit pour votre solution d&rsquo;auvent personnalis\u00e9e\t<\/h2>\n\t\t\t<a href=\"https:\/\/ombrasole.com\/fr\/estimation-gratuite\/\"  target=\"_self\">\n\t\t\t\t\t\t\tConsultez nos experts\n\t\t\t\t\t<\/a>\n\n","protected":false},"excerpt":{"rendered":"<p>NOS PRODUITS Auvents, pergolas et abris commerciaux D\u00e9couvrez la gamme compl\u00e8te d&rsquo;auvents, de pergolas et d&rsquo;abris d&rsquo;Ombrasole, con\u00e7us avec expertise pour r\u00e9pondre \u00e0 tous les besoins des entreprises. Soumission gratuite Auvents commerciaux CAPRICCIO Auvents de terrasse commerciaux D\u00e9couvrez le charme \u00e9l\u00e9gant et verdoyant de l&rsquo;\u00e9glise d&rsquo;Ombrasole. Capriccio Terrace Awnings, notre mod\u00e8le d&rsquo;auvent de terrasse le&hellip;<\/p>\n","protected":false},"author":1,"featured_media":0,"parent":0,"menu_order":0,"comment_status":"closed","ping_status":"closed","template":"","meta":{"footnotes":""},"class_list":["post-1876","page","type-page","status-publish","hentry"],"yoast_head":"<!-- This site is optimized with the Yoast SEO plugin v27.4 - https:\/\/yoast.com\/product\/yoast-seo-wordpress\/ -->\n<title>Auvents Commerciaux : Auvents, Pergolas, Rideaux, Abris | Ombrasole Awnings<\/title>\n<meta name=\"robots\" content=\"index, follow, max-snippet:-1, max-image-preview:large, max-video-preview:-1\" \/>\n<link rel=\"canonical\" href=\"https:\/\/ombrasole.com\/fr\/commercial\/\" \/>\n<meta property=\"og:locale\" content=\"fr_FR\" \/>\n<meta property=\"og:type\" content=\"article\" \/>\n<meta property=\"og:title\" content=\"Auvents Commerciaux : Auvents, Pergolas, Rideaux, Abris | Ombrasole Awnings\" \/>\n<meta property=\"og:description\" content=\"NOS PRODUITS Auvents, pergolas et abris commerciaux D\u00e9couvrez la gamme compl\u00e8te d&rsquo;auvents, de pergolas et d&rsquo;abris d&rsquo;Ombrasole, con\u00e7us avec expertise pour r\u00e9pondre \u00e0 tous les besoins des entreprises. Soumission gratuite Auvents commerciaux CAPRICCIO Auvents de terrasse commerciaux D\u00e9couvrez le charme \u00e9l\u00e9gant et verdoyant de l&rsquo;\u00e9glise d&rsquo;Ombrasole. Capriccio Terrace Awnings, notre mod\u00e8le d&rsquo;auvent de terrasse le&hellip;\" \/>\n<meta property=\"og:url\" content=\"https:\/\/ombrasole.com\/fr\/commercial\/\" \/>\n<meta property=\"og:site_name\" content=\"Ombrasole Awnings\" \/>\n<meta property=\"article:publisher\" content=\"https:\/\/www.facebook.com\/ombrasole\/\" \/>\n<meta property=\"article:modified_time\" content=\"2026-01-29T19:22:06+00:00\" \/>\n<meta property=\"og:image\" content=\"https:\/\/ombrasole.com\/wp-content\/uploads\/2024\/02\/Capriccio-Commercial-Awning-Restaurant.jpg\" \/>\n<meta name=\"twitter:card\" content=\"summary_large_image\" \/>\n<meta name=\"twitter:label1\" content=\"Dur\u00e9e de lecture estim\u00e9e\" \/>\n\t<meta name=\"twitter:data1\" content=\"2 minutes\" \/>\n<script type=\"application\/ld+json\" class=\"yoast-schema-graph\">{\"@context\":\"https:\\\/\\\/schema.org\",\"@graph\":[{\"@type\":\"WebPage\",\"@id\":\"https:\\\/\\\/ombrasole.com\\\/fr\\\/commercial\\\/\",\"url\":\"https:\\\/\\\/ombrasole.com\\\/fr\\\/commercial\\\/\",\"name\":\"Auvents Commerciaux : Auvents, Pergolas, Rideaux, Abris | Ombrasole Awnings\",\"isPartOf\":{\"@id\":\"https:\\\/\\\/ombrasole.com\\\/fr\\\/#website\"},\"primaryImageOfPage\":{\"@id\":\"https:\\\/\\\/ombrasole.com\\\/fr\\\/commercial\\\/#primaryimage\"},\"image\":{\"@id\":\"https:\\\/\\\/ombrasole.com\\\/fr\\\/commercial\\\/#primaryimage\"},\"thumbnailUrl\":\"https:\\\/\\\/ombrasole.com\\\/wp-content\\\/uploads\\\/2024\\\/02\\\/Capriccio-Commercial-Awning-Restaurant.jpg\",\"datePublished\":\"2024-01-04T23:45:16+00:00\",\"dateModified\":\"2026-01-29T19:22:06+00:00\",\"breadcrumb\":{\"@id\":\"https:\\\/\\\/ombrasole.com\\\/fr\\\/commercial\\\/#breadcrumb\"},\"inLanguage\":\"fr-FR\",\"potentialAction\":[{\"@type\":\"ReadAction\",\"target\":[\"https:\\\/\\\/ombrasole.com\\\/fr\\\/commercial\\\/\"]}]},{\"@type\":\"ImageObject\",\"inLanguage\":\"fr-FR\",\"@id\":\"https:\\\/\\\/ombrasole.com\\\/fr\\\/commercial\\\/#primaryimage\",\"url\":\"https:\\\/\\\/ombrasole.com\\\/wp-content\\\/uploads\\\/2024\\\/02\\\/Capriccio-Commercial-Awning-Restaurant.jpg\",\"contentUrl\":\"https:\\\/\\\/ombrasole.com\\\/wp-content\\\/uploads\\\/2024\\\/02\\\/Capriccio-Commercial-Awning-Restaurant.jpg\"},{\"@type\":\"BreadcrumbList\",\"@id\":\"https:\\\/\\\/ombrasole.com\\\/fr\\\/commercial\\\/#breadcrumb\",\"itemListElement\":[{\"@type\":\"ListItem\",\"position\":1,\"name\":\"Home\",\"item\":\"https:\\\/\\\/ombrasole.com\\\/fr\\\/\"},{\"@type\":\"ListItem\",\"position\":2,\"name\":\"Auvents Commerciaux : Auvents, Pergolas, Rideaux, Abris\"}]},{\"@type\":\"WebSite\",\"@id\":\"https:\\\/\\\/ombrasole.com\\\/fr\\\/#website\",\"url\":\"https:\\\/\\\/ombrasole.com\\\/fr\\\/\",\"name\":\"Ombrasole\",\"description\":\"Custom Made Awnings In Montreal, Our Style Makes The Difference\",\"publisher\":{\"@id\":\"https:\\\/\\\/ombrasole.com\\\/fr\\\/#organization\"},\"potentialAction\":[{\"@type\":\"SearchAction\",\"target\":{\"@type\":\"EntryPoint\",\"urlTemplate\":\"https:\\\/\\\/ombrasole.com\\\/fr\\\/?s={search_term_string}\"},\"query-input\":{\"@type\":\"PropertyValueSpecification\",\"valueRequired\":true,\"valueName\":\"search_term_string\"}}],\"inLanguage\":\"fr-FR\"},{\"@type\":\"Organization\",\"@id\":\"https:\\\/\\\/ombrasole.com\\\/fr\\\/#organization\",\"name\":\"Ombrasole\",\"alternateName\":\"Ombrasole Awnings\",\"url\":\"https:\\\/\\\/ombrasole.com\\\/fr\\\/\",\"logo\":{\"@type\":\"ImageObject\",\"inLanguage\":\"fr-FR\",\"@id\":\"https:\\\/\\\/ombrasole.com\\\/fr\\\/#\\\/schema\\\/logo\\\/image\\\/\",\"url\":\"https:\\\/\\\/ombrasole.com\\\/wp-content\\\/uploads\\\/2024\\\/01\\\/Ombrasole_logo_white.png\",\"contentUrl\":\"https:\\\/\\\/ombrasole.com\\\/wp-content\\\/uploads\\\/2024\\\/01\\\/Ombrasole_logo_white.png\",\"width\":328,\"height\":90,\"caption\":\"Ombrasole\"},\"image\":{\"@id\":\"https:\\\/\\\/ombrasole.com\\\/fr\\\/#\\\/schema\\\/logo\\\/image\\\/\"},\"sameAs\":[\"https:\\\/\\\/www.facebook.com\\\/ombrasole\\\/\"]}]}<\/script>\n<!-- \/ Yoast SEO plugin. -->","yoast_head_json":{"title":"Auvents Commerciaux : Auvents, Pergolas, Rideaux, Abris | Ombrasole Awnings","robots":{"index":"index","follow":"follow","max-snippet":"max-snippet:-1","max-image-preview":"max-image-preview:large","max-video-preview":"max-video-preview:-1"},"canonical":"https:\/\/ombrasole.com\/fr\/commercial\/","og_locale":"fr_FR","og_type":"article","og_title":"Auvents Commerciaux : Auvents, Pergolas, Rideaux, Abris | Ombrasole Awnings","og_description":"NOS PRODUITS Auvents, pergolas et abris commerciaux D\u00e9couvrez la gamme compl\u00e8te d&rsquo;auvents, de pergolas et d&rsquo;abris d&rsquo;Ombrasole, con\u00e7us avec expertise pour r\u00e9pondre \u00e0 tous les besoins des entreprises. Soumission gratuite Auvents commerciaux CAPRICCIO Auvents de terrasse commerciaux D\u00e9couvrez le charme \u00e9l\u00e9gant et verdoyant de l&rsquo;\u00e9glise d&rsquo;Ombrasole. Capriccio Terrace Awnings, notre mod\u00e8le d&rsquo;auvent de terrasse le&hellip;","og_url":"https:\/\/ombrasole.com\/fr\/commercial\/","og_site_name":"Ombrasole Awnings","article_publisher":"https:\/\/www.facebook.com\/ombrasole\/","article_modified_time":"2026-01-29T19:22:06+00:00","og_image":[{"url":"https:\/\/ombrasole.com\/wp-content\/uploads\/2024\/02\/Capriccio-Commercial-Awning-Restaurant.jpg","type":"","width":"","height":""}],"twitter_card":"summary_large_image","twitter_misc":{"Dur\u00e9e de lecture estim\u00e9e":"2 minutes"},"schema":{"@context":"https:\/\/schema.org","@graph":[{"@type":"WebPage","@id":"https:\/\/ombrasole.com\/fr\/commercial\/","url":"https:\/\/ombrasole.com\/fr\/commercial\/","name":"Auvents Commerciaux : Auvents, Pergolas, Rideaux, Abris | Ombrasole Awnings","isPartOf":{"@id":"https:\/\/ombrasole.com\/fr\/#website"},"primaryImageOfPage":{"@id":"https:\/\/ombrasole.com\/fr\/commercial\/#primaryimage"},"image":{"@id":"https:\/\/ombrasole.com\/fr\/commercial\/#primaryimage"},"thumbnailUrl":"https:\/\/ombrasole.com\/wp-content\/uploads\/2024\/02\/Capriccio-Commercial-Awning-Restaurant.jpg","datePublished":"2024-01-04T23:45:16+00:00","dateModified":"2026-01-29T19:22:06+00:00","breadcrumb":{"@id":"https:\/\/ombrasole.com\/fr\/commercial\/#breadcrumb"},"inLanguage":"fr-FR","potentialAction":[{"@type":"ReadAction","target":["https:\/\/ombrasole.com\/fr\/commercial\/"]}]},{"@type":"ImageObject","inLanguage":"fr-FR","@id":"https:\/\/ombrasole.com\/fr\/commercial\/#primaryimage","url":"https:\/\/ombrasole.com\/wp-content\/uploads\/2024\/02\/Capriccio-Commercial-Awning-Restaurant.jpg","contentUrl":"https:\/\/ombrasole.com\/wp-content\/uploads\/2024\/02\/Capriccio-Commercial-Awning-Restaurant.jpg"},{"@type":"BreadcrumbList","@id":"https:\/\/ombrasole.com\/fr\/commercial\/#breadcrumb","itemListElement":[{"@type":"ListItem","position":1,"name":"Home","item":"https:\/\/ombrasole.com\/fr\/"},{"@type":"ListItem","position":2,"name":"Auvents Commerciaux : Auvents, Pergolas, Rideaux, Abris"}]},{"@type":"WebSite","@id":"https:\/\/ombrasole.com\/fr\/#website","url":"https:\/\/ombrasole.com\/fr\/","name":"Ombrasole","description":"Custom Made Awnings In Montreal, Our Style Makes The Difference","publisher":{"@id":"https:\/\/ombrasole.com\/fr\/#organization"},"potentialAction":[{"@type":"SearchAction","target":{"@type":"EntryPoint","urlTemplate":"https:\/\/ombrasole.com\/fr\/?s={search_term_string}"},"query-input":{"@type":"PropertyValueSpecification","valueRequired":true,"valueName":"search_term_string"}}],"inLanguage":"fr-FR"},{"@type":"Organization","@id":"https:\/\/ombrasole.com\/fr\/#organization","name":"Ombrasole","alternateName":"Ombrasole Awnings","url":"https:\/\/ombrasole.com\/fr\/","logo":{"@type":"ImageObject","inLanguage":"fr-FR","@id":"https:\/\/ombrasole.com\/fr\/#\/schema\/logo\/image\/","url":"https:\/\/ombrasole.com\/wp-content\/uploads\/2024\/01\/Ombrasole_logo_white.png","contentUrl":"https:\/\/ombrasole.com\/wp-content\/uploads\/2024\/01\/Ombrasole_logo_white.png","width":328,"height":90,"caption":"Ombrasole"},"image":{"@id":"https:\/\/ombrasole.com\/fr\/#\/schema\/logo\/image\/"},"sameAs":["https:\/\/www.facebook.com\/ombrasole\/"]}]}},"_links":{"self":[{"href":"https:\/\/ombrasole.com\/fr\/wp-json\/wp\/v2\/pages\/1876","targetHints":{"allow":["GET"]}}],"collection":[{"href":"https:\/\/ombrasole.com\/fr\/wp-json\/wp\/v2\/pages"}],"about":[{"href":"https:\/\/ombrasole.com\/fr\/wp-json\/wp\/v2\/types\/page"}],"author":[{"embeddable":true,"href":"https:\/\/ombrasole.com\/fr\/wp-json\/wp\/v2\/users\/1"}],"replies":[{"embeddable":true,"href":"https:\/\/ombrasole.com\/fr\/wp-json\/wp\/v2\/comments?post=1876"}],"version-history":[{"count":0,"href":"https:\/\/ombrasole.com\/fr\/wp-json\/wp\/v2\/pages\/1876\/revisions"}],"wp:attachment":[{"href":"https:\/\/ombrasole.com\/fr\/wp-json\/wp\/v2\/media?parent=1876"}],"curies":[{"name":"wp","href":"https:\/\/api.w.org\/{rel}","templated":true}]}}