{"id":1875,"date":"2024-01-17T00:11:57","date_gmt":"2024-01-17T00:11:57","guid":{"rendered":"https:\/\/ombrasole.wpenginepowered.com\/residentiel-marquises-de-terrasse-capriccio\/"},"modified":"2026-04-01T20:17:30","modified_gmt":"2026-04-01T20:17:30","slug":"residentiel-marquises-de-terrasse-capriccio","status":"publish","type":"page","link":"https:\/\/ombrasole.com\/fr\/residentiel\/auvents-de-terrasse-capriccio\/","title":{"rendered":"Auvents de terrasse r\u00e9sidentiels"},"content":{"rendered":"\n\n\t\n<h4>\n\t\t\tCAPRICCIO\t<\/h4>\n<h1>\n\t\t\tAuvents de terrasse<br \/>r\u00e9sidentiels\t<\/h1>\n\t\t\t<a href=\"https:\/\/ombrasole.com\/fr\/estimation-gratuite\/\"  target=\"_self\">\n\t\t\t\t\t\t\tSoumission gratuite\n\t\t\t\t\t<\/a>\n<h2>\n\t\t\tL&rsquo;auvent de terrasse r\u00e9sidentiel \t<\/h2>\n\t<p>Le chef-d&rsquo;\u0153uvre d&rsquo;Ombrasole, un phare de l&rsquo;innovation et du luxe en mati\u00e8re de vie en plein air. Fabriqu\u00e9 avec pr\u00e9cision au c\u0153ur du Qu\u00e9bec, cet auvent de terrasse r\u00e9tractable transcende la simple fonctionnalit\u00e9 pour devenir un \u00e9l\u00e9ment de distinction pour votre jardin, votre patio ou votre balcon.<\/p>\n<p>L&rsquo;auvent de terrasse Capriccio est plus qu&rsquo;un ajout \u00e0 votre espace, c&rsquo;est une am\u00e9lioration de votre style de vie, vous permettant de profiter de la beaut\u00e9 des saisons dans un confort et un style in\u00e9gal\u00e9s. Faites de Capriccio votre choix pour une retraite ext\u00e9rieure luxueuse et sans entretien.<\/p>\n\t\t<figure itemscope itemtype=\"https:\/\/schema.org\/ImageObject\">\n\t\t\t\t<img decoding=\"async\" src=\"https:\/\/ombrasole.com\/wp-content\/uploads\/bb-plugin\/cache\/3-panorama-d32af4765a901b7dd074641935ee1720-.png\" alt=\"3\" height=\"600\" width=\"600\" title=\"3\" onerror=\"this.style.display='none'\" loading=\"lazy\" \/>\n\t<\/figure>\n<h5>Auvents sur mesure \u00e0 Montr\u00e9al<\/h5><p>Enti\u00e8rement con\u00e7u et fabriqu\u00e9 dans notre usine de Montr\u00e9al ; promesse d&rsquo;une livraison et d&rsquo;une installation rapides.<\/p>\n\t\t<figure itemscope itemtype=\"https:\/\/schema.org\/ImageObject\">\n\t\t\t\t<img decoding=\"async\" src=\"https:\/\/ombrasole.com\/wp-content\/uploads\/bb-plugin\/cache\/2-panorama-d885c163b9785ffe7f10521ba643cb18-.png\" alt=\"2\" height=\"600\" width=\"600\" title=\"2\" onerror=\"this.style.display='none'\" loading=\"lazy\" \/>\n\t<\/figure>\n<h5>Mat\u00e9riaux r\u00e9sistants de haute qualit\u00e9<\/h5><p>Construit en aluminium extrud\u00e9 r\u00e9sistant \u00e0 la rouille et avec des raccords en acier inoxydable.<\/p>\n\t\t<figure itemscope itemtype=\"https:\/\/schema.org\/ImageObject\">\n\t\t\t\t<img decoding=\"async\" src=\"https:\/\/ombrasole.com\/wp-content\/uploads\/bb-plugin\/cache\/1-panorama-b29cb3db784423b02bfc996834dcb08a-.png\" alt=\"1\" height=\"600\" width=\"600\" title=\"1\" onerror=\"this.style.display='none'\" loading=\"lazy\" \/>\n\t<\/figure>\n<h5>Service rapide et garanties solides<\/h5><p>Garantie de 15 ans sur la structure en aluminium, garantie de 15 ans sur les tissus.<\/p>\n\t\t<figure itemscope itemtype=\"https:\/\/schema.org\/ImageObject\">\n\t\t\t\t<img decoding=\"async\" src=\"https:\/\/ombrasole.com\/wp-content\/uploads\/bb-plugin\/cache\/4-panorama-7ca450a1f2183e027615d2001680ac77-.png\" alt=\"4\" height=\"600\" width=\"600\" title=\"4\" onerror=\"this.style.display='none'\" loading=\"lazy\" \/>\n\t<\/figure>\n<h5>Stockage sans effort, aucun service n&rsquo;est requis<\/h5><p>Nos mod\u00e8les r\u00e9sistent \u00e0 l&rsquo;hiver et se rangent eux-m\u00eames pour un entretien sans effort.<\/p>\n<h2>\n\t\t\tCapriccio : L&rsquo;auvent de terrasse qui transforme votre maison\t<\/h2>\n\t<p>L&rsquo;auvent de terrasse Capriccio, un triomphe du design d&rsquo;Ombrasole, est un luxueux auvent motoris\u00e9 con\u00e7u au Qu\u00e9bec. De conception modulaire, il s&rsquo;adapte \u00e0 des espaces personnalis\u00e9s allant jusqu&rsquo;\u00e0 24 pieds de projection, chaque section de 14 pieds de large fonctionne de mani\u00e8re ind\u00e9pendante. Les goutti\u00e8res de fa\u00e7ade et lat\u00e9rales int\u00e9gr\u00e9es \u00e0 la structure canalisent la pluie dans les poteaux, tandis que les rideaux motoris\u00e9s en option offrent intimit\u00e9 et protection. Admirez le ciel ou prot\u00e9gez-vous des intemp\u00e9ries, le tout gr\u00e2ce \u00e0 une simple t\u00e9l\u00e9commande qui vous permet d&rsquo;en profiter tout au long de l&rsquo;ann\u00e9e sans entretien saisonnier.<\/p>\n<h2>\n\t\t\tNouvelle Option : Moustiquaire r\u00e9volutionnaire pour le toit !\t<\/h2>\n\t<p>Gr\u00e2ce \u00e0 cette moustiquaire adapt\u00e9e au toit de votre auvent de terrasse Capriccio vous \u00eates prot\u00e9g\u00e9s en tout temps des moustiques et insectes. Toile ouverte ou r\u00e9tract\u00e9e en arri\u00e8re vous \u00eates \u00e0 l&rsquo;abri !<\/p>\n\t\t\t<h3> Design \u00e9l\u00e9gant et durabilit\u00e9<\/h3> <p>Con\u00e7u avec une structure \u00e9l\u00e9gante en aluminium extrud\u00e9, peinte en noir sophistiqu\u00e9 ou anodis\u00e9 gris, le Capriccio allie beaut\u00e9 et solidit\u00e9. Autres couleurs personnalis\u00e9es sont disponibles en option. Sa construction robuste, garantie 15 ans, assure une performance durable. Le design innovant de l&rsquo;auvent permet une vue d\u00e9gag\u00e9e du toit lorsqu&rsquo;il est r\u00e9tract\u00e9, parfait pour les nuits \u00e9toil\u00e9es ou les journ\u00e9es ensoleill\u00e9es.<\/p>\t\t\n\t\t\t<h3> Tissu de haute qualit\u00e9 pour toutes les saisons<\/h3> <p>Le tissu du Capriccio, un vinyle de premi\u00e8re qualit\u00e9 de Serge Ferrari, est 100% imperm\u00e9able et ignifuge, garantissant protection et tranquillit\u00e9 d&rsquo;esprit. Disponible dans une vari\u00e9t\u00e9 de couleurs, cette toile durable est fabriqu\u00e9e avec pr\u00e9cision gr\u00e2ce \u00e0 une technologie avanc\u00e9e, assurant une garantie limit\u00e9e de 15 ans par le fabricant.<\/p>\t\t\n\t\t\t<h3> Moustiquaire au toit<\/h3> <p>Une innovation unique en Am\u00e9rique du Nord ! La moustiquaire au toit est une option que vous pouvez ajouter \u00e0 votre auvent de terrasse r\u00e9tractable afin de vous prot\u00e9ger des moustiques et des insectes nuisibles quand vous r\u00e9tractez la toile en arri\u00e8re pour admirer les \u00e9toiles la nuit ou faire circuler l&rsquo;air!<\/p>\t\t\n\t\t\t<h3> Design personnalisable et modulaire<\/h3> <p>Chaque section de 14 pieds fonctionne ind\u00e9pendamment, aliment\u00e9e par son propre moteur pour un contr\u00f4le sur mesure de l&rsquo;ombrage. Ce syst\u00e8me modulaire, s&rsquo;\u00e9tendant jusqu&rsquo;\u00e0 24 pieds de projection, permet des r\u00e9glages individualis\u00e9s via une t\u00e9l\u00e9commande ou l&rsquo;application innovante MyLink pour t\u00e9l\u00e9phone.<\/p>\t\t\n\t\t\t<h3> Gestion innovante des eaux de pluie<\/h3> <p>\u00c9quip\u00e9 d&rsquo;un syst\u00e8me de goutti\u00e8res lat\u00e9rales et de fa\u00e7ade int\u00e9gr\u00e9 \u00e0 sa structure, l&rsquo;auvent Capriccio canalise efficacement les eaux de pluie par les poteaux, garantissant que votre espace ext\u00e9rieur reste sec et agr\u00e9able, qu&rsquo;il pleuve ou qu&rsquo;il fasse beau.<\/p>\t\t\n\t\t\t<h3> Structure personnalisable et modulaire<\/h3> <p>Optimisez votre exp\u00e9rience en plein air avec des rideaux motoris\u00e9s \u00e0 la verticale et leur syst\u00e8me de blocage anti-vent ou des rideaux \u00e0 la verticale avec manivelle ou sur rail avec roulettes, offrant protection et intimit\u00e9 suppl\u00e9mentaires.Personnalisez votre auvent avec des lumi\u00e8res LED ou des chaufferettes radiant (en option).<\/p>\t\t\n\t\t\t<h3> Fonctionnement et entretien sans effort<\/h3> <p>D\u00e9couvrez la simplicit\u00e9 d&rsquo;un toit r\u00e9tractable motoris\u00e9 et de rideaux, contr\u00f4l\u00e9s \u00e0 distance pour votre commodit\u00e9. Sans entretien hivernal n\u00e9cessaire, la toile et les rideaux se r\u00e9tractent soigneusement dans leurs housses de protection en aluminium, simplifiant vos pr\u00e9paratifs saisonniers.<\/p>\t\t\n\t<h4>\n\t\t\tMAT\u00c9RIAUX ET FOURNISSEURS D&rsquo;HAUTE QUALIT\u00c9\t<\/h4>\n<figure itemscope itemtype=\"https:\/\/schema.org\/ImageObject\">\n\t\t\t\t<a href=\"https:\/\/ombrasole.com\/wp-content\/uploads\/2026\/03\/SERGE-FERRARI-502-CATALOGUE_compressed.pdf\"  target=\"_blank\" rel=\"noopener\"  itemprop=\"url\">\n\t\t\t\t<img decoding=\"async\" src=\"https:\/\/ombrasole.com\/wp-content\/uploads\/2024\/01\/serge-ferrari.png\" alt=\"serge ferrari\" height=\"150\" width=\"150\" title=\"serge ferrari\" onerror=\"this.style.display='none'\" loading=\"lazy\" \/>\n\t\t\t\t<\/a>\n\t<\/figure>\n<figure itemscope itemtype=\"https:\/\/schema.org\/ImageObject\">\n\t\t\t\t<a href=\"https:\/\/ombrasole.com\/wp-content\/uploads\/2026\/03\/Soltis-86-CATALOGUE_compressed.pdf\"  target=\"_blank\" rel=\"noopener\"  itemprop=\"url\">\n\t\t\t\t<img decoding=\"async\" src=\"https:\/\/ombrasole.com\/wp-content\/uploads\/2024\/02\/soltis-logo-1.jpg\" alt=\"soltis-logo\" height=\"97\" width=\"314\" title=\"soltis-logo\" onerror=\"this.style.display='none'\" loading=\"lazy\" \/>\n\t\t\t\t<\/a>\n\t<\/figure>\n<figure itemscope itemtype=\"https:\/\/schema.org\/ImageObject\">\n\t\t\t\t<a href=\"https:\/\/www.somfysystems.com\/en-us\/products\/awnings-screens-pergolas\/motorized-awnings\"  target=\"_blank\" rel=\"noopener\"  itemprop=\"url\">\n\t\t\t\t<img decoding=\"async\" src=\"https:\/\/ombrasole.com\/wp-content\/uploads\/2024\/01\/serge-ferrari-1.png\" alt=\"serge ferrari (1)\" height=\"150\" width=\"150\" title=\"serge ferrari (1)\" onerror=\"this.style.display='none'\" loading=\"lazy\" \/>\n\t\t\t\t<\/a>\n\t<\/figure>\n<h2>\n\t\t\tFAQ sur les auvents de terrasse Capriccio\t<\/h2>\n\t<p>Que vous envisagiez d&rsquo;am\u00e9liorer votre espace ext\u00e9rieur ou de remplacer un produit que vous avez d\u00e9j\u00e0, nos FAQ sont con\u00e7ues pour vous guider en toute confiance dans le processus de prise de d\u00e9cision.<\/p>\n\t\t\t\t\t<a role=\"heading\" aria-level=\"2\" tabindex=\"-1\"  id=\"fl-accordion--label-0\">Qu&rsquo;est-ce qui distingue le Capriccio des autres auvents du march\u00e9 ?<\/a>\n\t\t\t\t\t\t\t\t\t\t\t<button type=\"button\" id=\"fl-accordion--icon-0\" aria-expanded=\"false\" aria-controls=\"fl-accordion--panel-0\"><i>Expand<\/i><\/button>\n\t\t\t\t\t<p>Le Capriccio se distingue par son cadre robuste en aluminium extrud\u00e9 et sa toile en vinyle Serge Ferrari de premi\u00e8re qualit\u00e9, offrant une durabilit\u00e9 in\u00e9gal\u00e9e et une garantie de 15 ans. Sa conception modulaire s&rsquo;adapte \u00e0 des tailles personnalis\u00e9es allant jusqu&rsquo;\u00e0 24 pieds, et son syst\u00e8me \u00e9l\u00e9gant et r\u00e9tractable s&rsquo;int\u00e8gre parfaitement \u00e0 tous les styles architecturaux.<\/p>\n\t\t\t\t\t<a role=\"heading\" aria-level=\"2\" tabindex=\"-1\"  id=\"fl-accordion--label-1\">Comment le Capriccio se comporte-t-il dans diverses conditions m\u00e9t\u00e9orologiques ?<\/a>\n\t\t\t\t\t\t\t\t\t\t\t<button type=\"button\" id=\"fl-accordion--icon-1\" aria-expanded=\"false\" aria-controls=\"fl-accordion--panel-1\"><i>Expand<\/i><\/button>\n\t\t\t\t\t<p>Con\u00e7u pour r\u00e9sister au climat qu\u00e9b\u00e9cois quatre saisons, l&rsquo;auvent est dot\u00e9 d&rsquo;une toile imperm\u00e9able et ignifug\u00e9e, tandis que son syst\u00e8me de goutti\u00e8re int\u00e9gr\u00e9 g\u00e8re efficacement l&rsquo;eau de pluie, assurant une performance optimale dans diverses conditions m\u00e9t\u00e9orologiques.<\/p>\n\t\t\t\t\t<a role=\"heading\" aria-level=\"2\" tabindex=\"-1\"  id=\"fl-accordion--label-2\">L&rsquo;auvent Capriccio est-il personnalisable en termes de design et de couleurs ?<\/a>\n\t\t\t\t\t\t\t\t\t\t\t<button type=\"button\" id=\"fl-accordion--icon-2\" aria-expanded=\"false\" aria-controls=\"fl-accordion--panel-2\"><i>Expand<\/i><\/button>\n\t\t\t\t\t<p>Absolument. Le store est disponible en diff\u00e9rentes couleurs pour compl\u00e9ter votre d\u00e9cor ext\u00e9rieur, et sa nature modulaire permet de l&rsquo;adapter \u00e0 votre terrasse ou \u00e0 votre espace ext\u00e9rieur sp\u00e9cifique.<\/p>\n\t\t\t\t\t<a role=\"heading\" aria-level=\"2\" tabindex=\"-1\"  id=\"fl-accordion--label-3\">  Quel type d&rsquo;entretien le Capriccio n\u00e9cessite-t-il ?<\/a>\n\t\t\t\t\t\t\t\t\t\t\t<button type=\"button\" id=\"fl-accordion--icon-3\" aria-expanded=\"false\" aria-controls=\"fl-accordion--panel-3\"><i>Expand<\/i><\/button>\n\t\t\t\t\t<p>L&rsquo;auvent est con\u00e7u pour ne n\u00e9cessiter que peu d&rsquo;entretien. La toile r\u00e9tractable est rang\u00e9e dans un capot en aluminium qui la prot\u00e8ge des intemp\u00e9ries lorsqu&rsquo;elle n&rsquo;est pas utilis\u00e9e, et l&rsquo;ensemble du syst\u00e8me est con\u00e7u pour un nettoyage et un entretien faciles.<\/p>\n\t\t\t\t\t<a role=\"heading\" aria-level=\"2\" tabindex=\"-1\"  id=\"fl-accordion--label-4\">Le Capriccio peut-il \u00eatre utilis\u00e9 manuellement ou est-il uniquement motoris\u00e9 ?<\/a>\n\t\t\t\t\t\t\t\t\t\t\t<button type=\"button\" id=\"fl-accordion--icon-4\" aria-expanded=\"false\" aria-controls=\"fl-accordion--panel-4\"><i>Expand<\/i><\/button>\n\t\t\t\t\t<p>Le Capriccio est \u00e9quip\u00e9 d&rsquo;un m\u00e9canisme motoris\u00e9 qui permet de l&rsquo;actionner sans effort \u00e0 l&rsquo;aide d&rsquo;une t\u00e9l\u00e9commande, ce qui ajoute une touche de confort et de luxe. Il offre \u00e9galement des capacit\u00e9s de commande intelligente gr\u00e2ce \u00e0 l&rsquo;application MyLink, qui vous permet de contr\u00f4ler le v\u00e9hicule o\u00f9 que vous soyez.<\/p>\n<h2>\n\t\t\tObtenez un devis gratuit pour votre solution d&rsquo;auvent personnalis\u00e9e\t<\/h2>\n\t\t\t<a href=\"https:\/\/ombrasole.com\/fr\/estimation-gratuite\/\"  target=\"_self\">\n\t\t\t\t\t\t\tConsultez nos experts\n\t\t\t\t\t<\/a>\n\n","protected":false},"excerpt":{"rendered":"<p>CAPRICCIO Auvents de terrasser\u00e9sidentiels Soumission gratuite L&rsquo;auvent de terrasse r\u00e9sidentiel Le chef-d&rsquo;\u0153uvre d&rsquo;Ombrasole, un phare de l&rsquo;innovation et du luxe en mati\u00e8re de vie en plein air. Fabriqu\u00e9 avec pr\u00e9cision au c\u0153ur du Qu\u00e9bec, cet auvent de terrasse r\u00e9tractable transcende la simple fonctionnalit\u00e9 pour devenir un \u00e9l\u00e9ment de distinction pour votre jardin, votre patio ou&hellip;<\/p>\n","protected":false},"author":1,"featured_media":0,"parent":0,"menu_order":0,"comment_status":"closed","ping_status":"closed","template":"","meta":{"footnotes":""},"class_list":["post-1875","page","type-page","status-publish","hentry"],"yoast_head":"<!-- This site is optimized with the Yoast SEO plugin v27.3 - https:\/\/yoast.com\/product\/yoast-seo-wordpress\/ -->\n<title>Auvents r\u00e9sidentiels fait sur m\u00e9sure \u00e0 Montr\u00e9al | Ombrasole Awnings<\/title>\n<meta name=\"description\" content=\"L&#039;auvent de terrasse Capriccio est plus qu&#039;un ajout \u00e0 votre espace, c&#039;est une am\u00e9lioration de votre style de vie, vous permettant de profiter de la beaut\u00e9 des saisons dans un confort et un style in\u00e9gal\u00e9s. Faite sur mesure au coeur du Qu\u00e9bec\" \/>\n<meta name=\"robots\" content=\"index, follow, max-snippet:-1, max-image-preview:large, max-video-preview:-1\" \/>\n<link rel=\"canonical\" href=\"https:\/\/ombrasole.com\/fr\/residentiel\/auvents-de-terrasse-capriccio\/\" \/>\n<meta property=\"og:locale\" content=\"fr_FR\" \/>\n<meta property=\"og:type\" content=\"article\" \/>\n<meta property=\"og:title\" content=\"Auvents r\u00e9sidentiels fait sur m\u00e9sure \u00e0 Montr\u00e9al | Ombrasole Awnings\" \/>\n<meta property=\"og:description\" content=\"L&#039;auvent de terrasse Capriccio est plus qu&#039;un ajout \u00e0 votre espace, c&#039;est une am\u00e9lioration de votre style de vie, vous permettant de profiter de la beaut\u00e9 des saisons dans un confort et un style in\u00e9gal\u00e9s. Faite sur mesure au coeur du Qu\u00e9bec\" \/>\n<meta property=\"og:url\" content=\"https:\/\/ombrasole.com\/fr\/residentiel\/auvents-de-terrasse-capriccio\/\" \/>\n<meta property=\"og:site_name\" content=\"Ombrasole Awnings\" \/>\n<meta property=\"article:publisher\" content=\"https:\/\/www.facebook.com\/ombrasole\/\" \/>\n<meta property=\"article:modified_time\" content=\"2026-04-01T20:17:30+00:00\" \/>\n<meta property=\"og:image\" content=\"https:\/\/ombrasole.com\/wp-content\/uploads\/bb-plugin\/cache\/3-panorama-d32af4765a901b7dd074641935ee1720-.png\" \/>\n<meta name=\"twitter:card\" content=\"summary_large_image\" \/>\n<meta name=\"twitter:label1\" content=\"Dur\u00e9e de lecture estim\u00e9e\" \/>\n\t<meta name=\"twitter:data1\" content=\"6 minutes\" \/>\n<script type=\"application\/ld+json\" class=\"yoast-schema-graph\">{\"@context\":\"https:\\\/\\\/schema.org\",\"@graph\":[{\"@type\":\"WebPage\",\"@id\":\"https:\\\/\\\/ombrasole.com\\\/fr\\\/residentiel\\\/auvents-de-terrasse-capriccio\\\/\",\"url\":\"https:\\\/\\\/ombrasole.com\\\/fr\\\/residentiel\\\/auvents-de-terrasse-capriccio\\\/\",\"name\":\"Auvents r\u00e9sidentiels fait sur m\u00e9sure \u00e0 Montr\u00e9al | Ombrasole Awnings\",\"isPartOf\":{\"@id\":\"https:\\\/\\\/ombrasole.com\\\/fr\\\/#website\"},\"primaryImageOfPage\":{\"@id\":\"https:\\\/\\\/ombrasole.com\\\/fr\\\/residentiel\\\/auvents-de-terrasse-capriccio\\\/#primaryimage\"},\"image\":{\"@id\":\"https:\\\/\\\/ombrasole.com\\\/fr\\\/residentiel\\\/auvents-de-terrasse-capriccio\\\/#primaryimage\"},\"thumbnailUrl\":\"https:\\\/\\\/ombrasole.com\\\/wp-content\\\/uploads\\\/bb-plugin\\\/cache\\\/3-panorama-d32af4765a901b7dd074641935ee1720-.png\",\"datePublished\":\"2024-01-17T00:11:57+00:00\",\"dateModified\":\"2026-04-01T20:17:30+00:00\",\"description\":\"L'auvent de terrasse Capriccio est plus qu'un ajout \u00e0 votre espace, c'est une am\u00e9lioration de votre style de vie, vous permettant de profiter de la beaut\u00e9 des saisons dans un confort et un style in\u00e9gal\u00e9s. Faite sur mesure au coeur du Qu\u00e9bec\",\"breadcrumb\":{\"@id\":\"https:\\\/\\\/ombrasole.com\\\/fr\\\/residentiel\\\/auvents-de-terrasse-capriccio\\\/#breadcrumb\"},\"inLanguage\":\"fr-FR\",\"potentialAction\":[{\"@type\":\"ReadAction\",\"target\":[\"https:\\\/\\\/ombrasole.com\\\/fr\\\/residentiel\\\/auvents-de-terrasse-capriccio\\\/\"]}]},{\"@type\":\"ImageObject\",\"inLanguage\":\"fr-FR\",\"@id\":\"https:\\\/\\\/ombrasole.com\\\/fr\\\/residentiel\\\/auvents-de-terrasse-capriccio\\\/#primaryimage\",\"url\":\"https:\\\/\\\/ombrasole.com\\\/wp-content\\\/uploads\\\/bb-plugin\\\/cache\\\/3-panorama-d32af4765a901b7dd074641935ee1720-.png\",\"contentUrl\":\"https:\\\/\\\/ombrasole.com\\\/wp-content\\\/uploads\\\/bb-plugin\\\/cache\\\/3-panorama-d32af4765a901b7dd074641935ee1720-.png\"},{\"@type\":\"BreadcrumbList\",\"@id\":\"https:\\\/\\\/ombrasole.com\\\/fr\\\/residentiel\\\/auvents-de-terrasse-capriccio\\\/#breadcrumb\",\"itemListElement\":[{\"@type\":\"ListItem\",\"position\":1,\"name\":\"Home\",\"item\":\"https:\\\/\\\/ombrasole.com\\\/fr\\\/\"},{\"@type\":\"ListItem\",\"position\":2,\"name\":\"Auvents de terrasse r\u00e9sidentiels\"}]},{\"@type\":\"WebSite\",\"@id\":\"https:\\\/\\\/ombrasole.com\\\/fr\\\/#website\",\"url\":\"https:\\\/\\\/ombrasole.com\\\/fr\\\/\",\"name\":\"Ombrasole\",\"description\":\"Custom Made Awnings In Montreal, Our Style Makes The Difference\",\"publisher\":{\"@id\":\"https:\\\/\\\/ombrasole.com\\\/fr\\\/#organization\"},\"potentialAction\":[{\"@type\":\"SearchAction\",\"target\":{\"@type\":\"EntryPoint\",\"urlTemplate\":\"https:\\\/\\\/ombrasole.com\\\/fr\\\/?s={search_term_string}\"},\"query-input\":{\"@type\":\"PropertyValueSpecification\",\"valueRequired\":true,\"valueName\":\"search_term_string\"}}],\"inLanguage\":\"fr-FR\"},{\"@type\":\"Organization\",\"@id\":\"https:\\\/\\\/ombrasole.com\\\/fr\\\/#organization\",\"name\":\"Ombrasole\",\"alternateName\":\"Ombrasole Awnings\",\"url\":\"https:\\\/\\\/ombrasole.com\\\/fr\\\/\",\"logo\":{\"@type\":\"ImageObject\",\"inLanguage\":\"fr-FR\",\"@id\":\"https:\\\/\\\/ombrasole.com\\\/fr\\\/#\\\/schema\\\/logo\\\/image\\\/\",\"url\":\"https:\\\/\\\/ombrasole.com\\\/wp-content\\\/uploads\\\/2024\\\/01\\\/Ombrasole_logo_white.png\",\"contentUrl\":\"https:\\\/\\\/ombrasole.com\\\/wp-content\\\/uploads\\\/2024\\\/01\\\/Ombrasole_logo_white.png\",\"width\":328,\"height\":90,\"caption\":\"Ombrasole\"},\"image\":{\"@id\":\"https:\\\/\\\/ombrasole.com\\\/fr\\\/#\\\/schema\\\/logo\\\/image\\\/\"},\"sameAs\":[\"https:\\\/\\\/www.facebook.com\\\/ombrasole\\\/\"]}]}<\/script>\n<!-- \/ Yoast SEO plugin. -->","yoast_head_json":{"title":"Auvents r\u00e9sidentiels fait sur m\u00e9sure \u00e0 Montr\u00e9al | Ombrasole Awnings","description":"L'auvent de terrasse Capriccio est plus qu'un ajout \u00e0 votre espace, c'est une am\u00e9lioration de votre style de vie, vous permettant de profiter de la beaut\u00e9 des saisons dans un confort et un style in\u00e9gal\u00e9s. Faite sur mesure au coeur du Qu\u00e9bec","robots":{"index":"index","follow":"follow","max-snippet":"max-snippet:-1","max-image-preview":"max-image-preview:large","max-video-preview":"max-video-preview:-1"},"canonical":"https:\/\/ombrasole.com\/fr\/residentiel\/auvents-de-terrasse-capriccio\/","og_locale":"fr_FR","og_type":"article","og_title":"Auvents r\u00e9sidentiels fait sur m\u00e9sure \u00e0 Montr\u00e9al | Ombrasole Awnings","og_description":"L'auvent de terrasse Capriccio est plus qu'un ajout \u00e0 votre espace, c'est une am\u00e9lioration de votre style de vie, vous permettant de profiter de la beaut\u00e9 des saisons dans un confort et un style in\u00e9gal\u00e9s. Faite sur mesure au coeur du Qu\u00e9bec","og_url":"https:\/\/ombrasole.com\/fr\/residentiel\/auvents-de-terrasse-capriccio\/","og_site_name":"Ombrasole Awnings","article_publisher":"https:\/\/www.facebook.com\/ombrasole\/","article_modified_time":"2026-04-01T20:17:30+00:00","og_image":[{"url":"https:\/\/ombrasole.com\/wp-content\/uploads\/bb-plugin\/cache\/3-panorama-d32af4765a901b7dd074641935ee1720-.png","type":"","width":"","height":""}],"twitter_card":"summary_large_image","twitter_misc":{"Dur\u00e9e de lecture estim\u00e9e":"6 minutes"},"schema":{"@context":"https:\/\/schema.org","@graph":[{"@type":"WebPage","@id":"https:\/\/ombrasole.com\/fr\/residentiel\/auvents-de-terrasse-capriccio\/","url":"https:\/\/ombrasole.com\/fr\/residentiel\/auvents-de-terrasse-capriccio\/","name":"Auvents r\u00e9sidentiels fait sur m\u00e9sure \u00e0 Montr\u00e9al | Ombrasole Awnings","isPartOf":{"@id":"https:\/\/ombrasole.com\/fr\/#website"},"primaryImageOfPage":{"@id":"https:\/\/ombrasole.com\/fr\/residentiel\/auvents-de-terrasse-capriccio\/#primaryimage"},"image":{"@id":"https:\/\/ombrasole.com\/fr\/residentiel\/auvents-de-terrasse-capriccio\/#primaryimage"},"thumbnailUrl":"https:\/\/ombrasole.com\/wp-content\/uploads\/bb-plugin\/cache\/3-panorama-d32af4765a901b7dd074641935ee1720-.png","datePublished":"2024-01-17T00:11:57+00:00","dateModified":"2026-04-01T20:17:30+00:00","description":"L'auvent de terrasse Capriccio est plus qu'un ajout \u00e0 votre espace, c'est une am\u00e9lioration de votre style de vie, vous permettant de profiter de la beaut\u00e9 des saisons dans un confort et un style in\u00e9gal\u00e9s. Faite sur mesure au coeur du Qu\u00e9bec","breadcrumb":{"@id":"https:\/\/ombrasole.com\/fr\/residentiel\/auvents-de-terrasse-capriccio\/#breadcrumb"},"inLanguage":"fr-FR","potentialAction":[{"@type":"ReadAction","target":["https:\/\/ombrasole.com\/fr\/residentiel\/auvents-de-terrasse-capriccio\/"]}]},{"@type":"ImageObject","inLanguage":"fr-FR","@id":"https:\/\/ombrasole.com\/fr\/residentiel\/auvents-de-terrasse-capriccio\/#primaryimage","url":"https:\/\/ombrasole.com\/wp-content\/uploads\/bb-plugin\/cache\/3-panorama-d32af4765a901b7dd074641935ee1720-.png","contentUrl":"https:\/\/ombrasole.com\/wp-content\/uploads\/bb-plugin\/cache\/3-panorama-d32af4765a901b7dd074641935ee1720-.png"},{"@type":"BreadcrumbList","@id":"https:\/\/ombrasole.com\/fr\/residentiel\/auvents-de-terrasse-capriccio\/#breadcrumb","itemListElement":[{"@type":"ListItem","position":1,"name":"Home","item":"https:\/\/ombrasole.com\/fr\/"},{"@type":"ListItem","position":2,"name":"Auvents de terrasse r\u00e9sidentiels"}]},{"@type":"WebSite","@id":"https:\/\/ombrasole.com\/fr\/#website","url":"https:\/\/ombrasole.com\/fr\/","name":"Ombrasole","description":"Custom Made Awnings In Montreal, Our Style Makes The Difference","publisher":{"@id":"https:\/\/ombrasole.com\/fr\/#organization"},"potentialAction":[{"@type":"SearchAction","target":{"@type":"EntryPoint","urlTemplate":"https:\/\/ombrasole.com\/fr\/?s={search_term_string}"},"query-input":{"@type":"PropertyValueSpecification","valueRequired":true,"valueName":"search_term_string"}}],"inLanguage":"fr-FR"},{"@type":"Organization","@id":"https:\/\/ombrasole.com\/fr\/#organization","name":"Ombrasole","alternateName":"Ombrasole Awnings","url":"https:\/\/ombrasole.com\/fr\/","logo":{"@type":"ImageObject","inLanguage":"fr-FR","@id":"https:\/\/ombrasole.com\/fr\/#\/schema\/logo\/image\/","url":"https:\/\/ombrasole.com\/wp-content\/uploads\/2024\/01\/Ombrasole_logo_white.png","contentUrl":"https:\/\/ombrasole.com\/wp-content\/uploads\/2024\/01\/Ombrasole_logo_white.png","width":328,"height":90,"caption":"Ombrasole"},"image":{"@id":"https:\/\/ombrasole.com\/fr\/#\/schema\/logo\/image\/"},"sameAs":["https:\/\/www.facebook.com\/ombrasole\/"]}]}},"_links":{"self":[{"href":"https:\/\/ombrasole.com\/fr\/wp-json\/wp\/v2\/pages\/1875","targetHints":{"allow":["GET"]}}],"collection":[{"href":"https:\/\/ombrasole.com\/fr\/wp-json\/wp\/v2\/pages"}],"about":[{"href":"https:\/\/ombrasole.com\/fr\/wp-json\/wp\/v2\/types\/page"}],"author":[{"embeddable":true,"href":"https:\/\/ombrasole.com\/fr\/wp-json\/wp\/v2\/users\/1"}],"replies":[{"embeddable":true,"href":"https:\/\/ombrasole.com\/fr\/wp-json\/wp\/v2\/comments?post=1875"}],"version-history":[{"count":0,"href":"https:\/\/ombrasole.com\/fr\/wp-json\/wp\/v2\/pages\/1875\/revisions"}],"wp:attachment":[{"href":"https:\/\/ombrasole.com\/fr\/wp-json\/wp\/v2\/media?parent=1875"}],"curies":[{"name":"wp","href":"https:\/\/api.w.org\/{rel}","templated":true}]}}