{"id":1871,"date":"2024-01-17T00:21:56","date_gmt":"2024-01-17T00:21:56","guid":{"rendered":"https:\/\/ombrasole.wpenginepowered.com\/residentiel-abri-solaire-pour-patio-pergolina\/"},"modified":"2026-04-01T20:22:03","modified_gmt":"2026-04-01T20:22:03","slug":"residentiel-abri-solaire-pour-patio-pergolina","status":"publish","type":"page","link":"https:\/\/ombrasole.com\/fr\/residentiel\/abri-solaire-pour-patio-pergolina\/","title":{"rendered":"R\u00e9sidentiel &#8211; Abri solaire pour patio &#8211; Pergolina"},"content":{"rendered":"\n<h4>\n\t\t\tPERGOLINA\t<\/h4>\n<h1>\n\t\t\tAbri soleil pour patio\t<\/h1>\n\t\t\t<a href=\"\/free-estimate\/\"  target=\"_self\">\n\t\t\t\t\t\t\tSoumission gratuite\n\t\t\t\t\t<\/a>\n<h2>\n\t\t\tUn abri solaire compact et charmant pour le patio\t<\/h2>\n\t<p>Voici le Pergolina Patio Sun Shelter &#8211; la charmante petite pergola d&rsquo;Ombrasole, con\u00e7ue pour ceux qui recherchent une protection solaire \u00e0 la fois \u00e9l\u00e9gante et efficace dans des espaces ext\u00e9rieurs confortables. Fabriqu\u00e9 avec finesse au Qu\u00e9bec, cet auvent personnalisable s&rsquo;int\u00e8gre parfaitement dans les petites terrasses, les balcons ou les jardins. Avec la Pergolina, offrez-vous un havre de confort personnel, \u00e0 l&rsquo;abri des rayons UV et de la pluie fine, assur\u00e9 par la durabilit\u00e9 reconnue des mat\u00e9riaux Serge Ferrari.<\/p>\n<p>Son syst\u00e8me r\u00e9tractable sophistiqu\u00e9, actionn\u00e9 manuellement, offre un m\u00e9lange harmonieux de luxe et de praticit\u00e9, parfait pour am\u00e9liorer votre plaisir \u00e0 l&rsquo;ext\u00e9rieur.<\/p>\n\t\t<figure itemscope itemtype=\"https:\/\/schema.org\/ImageObject\">\n\t\t\t\t<img decoding=\"async\" src=\"https:\/\/ombrasole.com\/wp-content\/uploads\/bb-plugin\/cache\/3-panorama-d32af4765a901b7dd074641935ee1720-.png\" alt=\"3\" height=\"600\" width=\"600\" title=\"3\" onerror=\"this.style.display='none'\" loading=\"lazy\" \/>\n\t<\/figure>\n<h5>Auvents sur mesure \u00e0 Montr\u00e9al<\/h5><p>Enti\u00e8rement con\u00e7u et fabriqu\u00e9 dans notre usine de Montr\u00e9al ; promesse d&rsquo;une livraison et d&rsquo;une installation rapides.<\/p>\n\t\t<figure itemscope itemtype=\"https:\/\/schema.org\/ImageObject\">\n\t\t\t\t<img decoding=\"async\" src=\"https:\/\/ombrasole.com\/wp-content\/uploads\/bb-plugin\/cache\/2-panorama-d885c163b9785ffe7f10521ba643cb18-.png\" alt=\"2\" height=\"600\" width=\"600\" title=\"2\" onerror=\"this.style.display='none'\" loading=\"lazy\" \/>\n\t<\/figure>\n<h5>Mat\u00e9riaux r\u00e9sistants de haute qualit\u00e9<\/h5><p>Construit en aluminium extrud\u00e9 r\u00e9sistant \u00e0 la rouille et avec des raccords en acier inoxydable.<\/p>\n\t\t<figure itemscope itemtype=\"https:\/\/schema.org\/ImageObject\">\n\t\t\t\t<img decoding=\"async\" src=\"https:\/\/ombrasole.com\/wp-content\/uploads\/bb-plugin\/cache\/1-panorama-b29cb3db784423b02bfc996834dcb08a-.png\" alt=\"1\" height=\"600\" width=\"600\" title=\"1\" onerror=\"this.style.display='none'\" loading=\"lazy\" \/>\n\t<\/figure>\n<h5>Service rapide et garanties solides<\/h5><p>Garantie de 15 ans sur les tissus, garantie de 15 ans sur la structure en aluminium.<\/p>\n\t\t<figure itemscope itemtype=\"https:\/\/schema.org\/ImageObject\">\n\t\t\t\t<img decoding=\"async\" src=\"https:\/\/ombrasole.com\/wp-content\/uploads\/bb-plugin\/cache\/4-panorama-7ca450a1f2183e027615d2001680ac77-.png\" alt=\"4\" height=\"600\" width=\"600\" title=\"4\" onerror=\"this.style.display='none'\" loading=\"lazy\" \/>\n\t<\/figure>\n<h5>Stockage sans effort, aucun service n&rsquo;est requis<\/h5><p>Nos mod\u00e8les r\u00e9sistent \u00e0 l&rsquo;hiver et se rangent eux-m\u00eames pour un entretien sans effort.<\/p>\n<h2>\n\t\t\tPergolina : Un abri solaire moderne et contemporain pour le patio\t<\/h2>\n\t<p>Cet auvent r\u00e9tractable m\u00e9ticuleusement con\u00e7u constitue une oasis de tranquillit\u00e9 pour vos petites terrasses, vos balcons pittoresques ou vos jardins pleins de vie. La Pergolina, dont la conception et le savoir-faire sont issus de l&rsquo;expertise des meilleurs artisans du Qu\u00e9bec, est un t\u00e9moignage de la qualit\u00e9 sup\u00e9rieure et des prouesses de la fabrication locale.<\/p>\n<p>Le store Pergolina est plus qu&rsquo;une solution d&rsquo;ombrage ; c&rsquo;est un ornement durable, \u00e9l\u00e9gant et fonctionnel qui promet de transformer vos espaces ext\u00e9rieurs en un havre de confort et de beaut\u00e9 tout au long de l&rsquo;ann\u00e9e. Choisissez le Pergolina pour un m\u00e9lange d&rsquo;innovation moderne et de charme intemporel, consolidant la valeur de votre \u00e9chapp\u00e9e sereine en plein air.<\/p>\n\t<h3>Excellence de fabrication locale<\/h3>\n<p>Con\u00e7ue et produite enti\u00e8rement au Qu\u00e9bec, en utilisant uniquement les meilleurs mat\u00e9riaux pour une qualit\u00e9 sup\u00e9rieure.<\/p>\n<hr \/>\n<h3>Structure durable<\/h3>\n<p>Un cadre robuste en aluminium extrud\u00e9 peint en noir offre une garantie limit\u00e9e de 15 ans, assurant une fiabilit\u00e9 et une durabilit\u00e9 pour les ann\u00e9es \u00e0 venir.<\/p>\n<hr \/>\n<h3>Toit r\u00e9tractable<\/h3>\n<p>Le syst\u00e8me de toit r\u00e9tractable convivial fonctionne avec une manivelle et une corde manuelle, permettant une ouverture et une fermeture simple et sans effort.<\/p>\n<hr \/>\n<h3>M\u00e9canisme de verrouillage<\/h3>\n<p>Dispose d&rsquo;un syst\u00e8me de blocage qui s\u00e9curise le toit lorsqu&rsquo;il est enti\u00e8rement ouvert. Le toit se r\u00e9tracte intelligemment comme un accord\u00e9on sous un capot en aluminium, \u00e9liminant le tracas du stockage annuel.<\/p>\n<hr \/>\n<h3>Rideaux manuels en option<\/h3>\n<p>Am\u00e9liorez votre espace avec des rideaux lat\u00e9raux optionnels pour plus d&rsquo;intimit\u00e9 et de protection.<\/p>\n<hr \/>\n<h3>R\u00e9sistant aux changements de la m\u00e9t\u00e9o<\/h3>\n<p>La structure en aluminium de la Pergolina est construite pour r\u00e9sister aux changements m\u00e9t\u00e9orologiques drastiques, offrant une valeur \u00e0 long terme et une tranquillit\u00e9 d&rsquo;esprit.<\/p>\n<h4>\n\t\t\tMAT\u00c9RIAUX ET FOURNISSEURS D&rsquo;HAUTE QUALIT\u00c9\t<\/h4>\n<figure itemscope itemtype=\"https:\/\/schema.org\/ImageObject\">\n\t\t\t\t<a href=\"https:\/\/ombrasole.com\/wp-content\/uploads\/2026\/03\/SERGE-FERRARI-502-CATALOGUE_compressed.pdf\"  target=\"_blank\" rel=\"noopener\"  itemprop=\"url\">\n\t\t\t\t<img decoding=\"async\" src=\"https:\/\/ombrasole.com\/wp-content\/uploads\/2024\/01\/serge-ferrari.png\" alt=\"serge ferrari\" height=\"150\" width=\"150\" title=\"serge ferrari\" onerror=\"this.style.display='none'\" loading=\"lazy\" \/>\n\t\t\t\t<\/a>\n\t<\/figure>\n<figure itemscope itemtype=\"https:\/\/schema.org\/ImageObject\">\n\t\t\t\t<a href=\"https:\/\/ombrasole.com\/wp-content\/uploads\/2026\/03\/Soltis-86-CATALOGUE_compressed.pdf\"  target=\"_blank\" rel=\"noopener\"  itemprop=\"url\">\n\t\t\t\t<img decoding=\"async\" src=\"https:\/\/ombrasole.com\/wp-content\/uploads\/2024\/02\/soltis-logo.jpg\" alt=\"soltis-logo\" height=\"97\" width=\"314\" title=\"soltis-logo\" onerror=\"this.style.display='none'\" loading=\"lazy\" \/>\n\t\t\t\t<\/a>\n\t<\/figure>\n<h2>\n\t\t\tFAQ sur l&rsquo;abri de jardin Pegolina\t<\/h2>\n\t<p>Entrez dans notre section FAQ d\u00e9di\u00e9e au store de terrasse Pergolina, votre ressource pour prendre des d\u00e9cisions \u00e9clair\u00e9es sur l&rsquo;am\u00e9lioration de vos espaces ext\u00e9rieurs personnels.<\/p>\n\t\t\t\t\t<a role=\"heading\" aria-level=\"2\" tabindex=\"-1\"  id=\"fl-accordion--label-0\">Pour quelle taille d&rsquo;espace la Pergolina est-elle con\u00e7ue ?<\/a>\n\t\t\t\t\t\t\t\t\t\t\t<button type=\"button\" id=\"fl-accordion--icon-0\" aria-expanded=\"false\" aria-controls=\"fl-accordion--panel-0\"><i>Expand<\/i><\/button>\n\t\t\t\t\t<p>La Pergolina est id\u00e9ale pour les espaces ext\u00e9rieurs de petite et moyenne taille, tels que les patios, les balcons et les jardins. Sa structure compacte a \u00e9t\u00e9 sp\u00e9cialement con\u00e7ue pour s&rsquo;adapter aux espaces restreints tout en offrant une ombre et une protection suffisantes.<\/p>\n\t\t\t\t\t<a role=\"heading\" aria-level=\"2\" tabindex=\"-1\"  id=\"fl-accordion--label-1\">Quelle est la r\u00e9sistance de la Pergolina aux conditions climatiques extr\u00eames ?<\/a>\n\t\t\t\t\t\t\t\t\t\t\t<button type=\"button\" id=\"fl-accordion--icon-1\" aria-expanded=\"false\" aria-controls=\"fl-accordion--panel-1\"><i>Expand<\/i><\/button>\n\t\t\t\t\t<p>Construit dans un souci de durabilit\u00e9, le Pergolina est dot\u00e9 d&rsquo;une structure en aluminium extrud\u00e9 et d&rsquo;un mat\u00e9riau en vinyle Serge Ferrari de premi\u00e8re qualit\u00e9, tous deux r\u00e9sistants aux intemp\u00e9ries et con\u00e7us pour supporter les rigueurs des conditions m\u00e9t\u00e9orologiques extr\u00eames, garantissant ainsi des performances durables.<\/p>\n\t\t\t\t\t<a role=\"heading\" aria-level=\"2\" tabindex=\"-1\"  id=\"fl-accordion--label-2\">La couleur de la Pergolina peut-elle \u00eatre personnalis\u00e9e pour s&rsquo;harmoniser avec mon d\u00e9cor ext\u00e9rieur ?<\/a>\n\t\t\t\t\t\t\t\t\t\t\t<button type=\"button\" id=\"fl-accordion--icon-2\" aria-expanded=\"false\" aria-controls=\"fl-accordion--panel-2\"><i>Expand<\/i><\/button>\n\t\t\t\t\t<p>Oui, le Pergolina est disponible dans une vari\u00e9t\u00e9 d&rsquo;options de couleurs pour compl\u00e9ter votre d\u00e9cor ext\u00e9rieur de mani\u00e8re transparente. Le mat\u00e9riau vinyle Serge Ferrari offre une palette de couleurs au choix, garantissant l&rsquo;alignement esth\u00e9tique avec votre maison ou votre entreprise.<\/p>\n\t\t\t\t\t<a role=\"heading\" aria-level=\"2\" tabindex=\"-1\"  id=\"fl-accordion--label-3\">L&rsquo;auvent Pergolina est-il facile \u00e0 utiliser ?<\/a>\n\t\t\t\t\t\t\t\t\t\t\t<button type=\"button\" id=\"fl-accordion--icon-3\" aria-expanded=\"false\" aria-controls=\"fl-accordion--panel-3\"><i>Expand<\/i><\/button>\n\t\t\t\t\t<p>Absolument, le Pergolina est dot\u00e9 d&rsquo;un syst\u00e8me r\u00e9tractable manuel facile \u00e0 utiliser. \u00c0 l&rsquo;aide d&rsquo;une manivelle et d&rsquo;un cordon, vous pouvez facilement ouvrir ou fermer l&rsquo;auvent, qui comprend \u00e9galement une fonction de blocage automatique pour le maintenir ouvert en toute s\u00e9curit\u00e9.<\/p>\n\t\t\t\t\t<a role=\"heading\" aria-level=\"2\" tabindex=\"-1\"  id=\"fl-accordion--label-4\">Quel est l&rsquo;entretien n\u00e9cessaire pour le store Pergolina ?<\/a>\n\t\t\t\t\t\t\t\t\t\t\t<button type=\"button\" id=\"fl-accordion--icon-4\" aria-expanded=\"false\" aria-controls=\"fl-accordion--panel-4\"><i>Expand<\/i><\/button>\n\t\t\t\t\t<p>La Pergolina ne n\u00e9cessite qu&rsquo;un minimum d&rsquo;entretien. La structure en aluminium et la toile en vinyle sont con\u00e7ues pour \u00eatre facilement nettoy\u00e9es avec de l&rsquo;eau et du savon. Il n&rsquo;est pas n\u00e9cessaire de l&rsquo;entreposer chaque ann\u00e9e, car l&rsquo;auvent se r\u00e9tracte sous un capot de protection, le prot\u00e9geant ainsi des intemp\u00e9ries hivernales.<\/p>\n<h2>\n\t\t\tObtenez un devis gratuit pour votre solution d&rsquo;auvent personnalis\u00e9e\t<\/h2>\n\t\t\t<a href=\"https:\/\/ombrasole.com\/free-estimate\/\"  target=\"_self\">\n\t\t\t\t\t\t\tConsultez nos experts\n\t\t\t\t\t<\/a>\n\n","protected":false},"excerpt":{"rendered":"<p>PERGOLINA Abri soleil pour patio Soumission gratuite Un abri solaire compact et charmant pour le patio Voici le Pergolina Patio Sun Shelter &#8211; la charmante petite pergola d&rsquo;Ombrasole, con\u00e7ue pour ceux qui recherchent une protection solaire \u00e0 la fois \u00e9l\u00e9gante et efficace dans des espaces ext\u00e9rieurs confortables. Fabriqu\u00e9 avec finesse au Qu\u00e9bec, cet auvent personnalisable&hellip;<\/p>\n","protected":false},"author":1,"featured_media":0,"parent":0,"menu_order":0,"comment_status":"closed","ping_status":"closed","template":"","meta":{"footnotes":""},"class_list":["post-1871","page","type-page","status-publish","hentry"],"yoast_head":"<!-- This site is optimized with the Yoast SEO plugin v27.3 - https:\/\/yoast.com\/product\/yoast-seo-wordpress\/ -->\n<title>Un abri solaire compact et charmant pour le patio | Ombrasole Awnings<\/title>\n<meta name=\"description\" content=\"Voici le Pergolina - la charmante petite pergola d&#039;Ombrasole, con\u00e7ue pour ceux qui recherchent une protection solaire \u00e0 la fois \u00e9l\u00e9gante et efficace dans des espaces ext\u00e9rieurs confortables. Voici la Pergolina - la charmante petite pergola d&#039;Ombrasole, con\u00e7ue pour ceux qui recherchent une protection solaire \u00e0 la fois \u00e9l\u00e9gante et efficace dans des espaces ext\u00e9rieurs confortables.\" \/>\n<meta name=\"robots\" content=\"index, follow, max-snippet:-1, max-image-preview:large, max-video-preview:-1\" \/>\n<link rel=\"canonical\" href=\"https:\/\/ombrasole.com\/fr\/residentiel\/abri-solaire-pour-patio-pergolina\/\" \/>\n<meta property=\"og:locale\" content=\"fr_FR\" \/>\n<meta property=\"og:type\" content=\"article\" \/>\n<meta property=\"og:title\" content=\"Un abri solaire compact et charmant pour le patio | Ombrasole Awnings\" \/>\n<meta property=\"og:description\" content=\"Voici le Pergolina - la charmante petite pergola d&#039;Ombrasole, con\u00e7ue pour ceux qui recherchent une protection solaire \u00e0 la fois \u00e9l\u00e9gante et efficace dans des espaces ext\u00e9rieurs confortables. Voici la Pergolina - la charmante petite pergola d&#039;Ombrasole, con\u00e7ue pour ceux qui recherchent une protection solaire \u00e0 la fois \u00e9l\u00e9gante et efficace dans des espaces ext\u00e9rieurs confortables.\" \/>\n<meta property=\"og:url\" content=\"https:\/\/ombrasole.com\/fr\/residentiel\/abri-solaire-pour-patio-pergolina\/\" \/>\n<meta property=\"og:site_name\" content=\"Ombrasole Awnings\" \/>\n<meta property=\"article:publisher\" content=\"https:\/\/www.facebook.com\/ombrasole\/\" \/>\n<meta property=\"article:modified_time\" content=\"2026-04-01T20:22:03+00:00\" \/>\n<meta property=\"og:image\" content=\"https:\/\/ombrasole.com\/wp-content\/uploads\/bb-plugin\/cache\/3-panorama-d32af4765a901b7dd074641935ee1720-.png\" \/>\n<meta name=\"twitter:card\" content=\"summary_large_image\" \/>\n<meta name=\"twitter:label1\" content=\"Dur\u00e9e de lecture estim\u00e9e\" \/>\n\t<meta name=\"twitter:data1\" content=\"5 minutes\" \/>\n<script type=\"application\/ld+json\" class=\"yoast-schema-graph\">{\"@context\":\"https:\\\/\\\/schema.org\",\"@graph\":[{\"@type\":\"WebPage\",\"@id\":\"https:\\\/\\\/ombrasole.com\\\/fr\\\/residentiel\\\/abri-solaire-pour-patio-pergolina\\\/\",\"url\":\"https:\\\/\\\/ombrasole.com\\\/fr\\\/residentiel\\\/abri-solaire-pour-patio-pergolina\\\/\",\"name\":\"Un abri solaire compact et charmant pour le patio | Ombrasole Awnings\",\"isPartOf\":{\"@id\":\"https:\\\/\\\/ombrasole.com\\\/fr\\\/#website\"},\"primaryImageOfPage\":{\"@id\":\"https:\\\/\\\/ombrasole.com\\\/fr\\\/residentiel\\\/abri-solaire-pour-patio-pergolina\\\/#primaryimage\"},\"image\":{\"@id\":\"https:\\\/\\\/ombrasole.com\\\/fr\\\/residentiel\\\/abri-solaire-pour-patio-pergolina\\\/#primaryimage\"},\"thumbnailUrl\":\"https:\\\/\\\/ombrasole.com\\\/wp-content\\\/uploads\\\/bb-plugin\\\/cache\\\/3-panorama-d32af4765a901b7dd074641935ee1720-.png\",\"datePublished\":\"2024-01-17T00:21:56+00:00\",\"dateModified\":\"2026-04-01T20:22:03+00:00\",\"description\":\"Voici le Pergolina - la charmante petite pergola d'Ombrasole, con\u00e7ue pour ceux qui recherchent une protection solaire \u00e0 la fois \u00e9l\u00e9gante et efficace dans des espaces ext\u00e9rieurs confortables. Voici la Pergolina - la charmante petite pergola d'Ombrasole, con\u00e7ue pour ceux qui recherchent une protection solaire \u00e0 la fois \u00e9l\u00e9gante et efficace dans des espaces ext\u00e9rieurs confortables.\",\"breadcrumb\":{\"@id\":\"https:\\\/\\\/ombrasole.com\\\/fr\\\/residentiel\\\/abri-solaire-pour-patio-pergolina\\\/#breadcrumb\"},\"inLanguage\":\"fr-FR\",\"potentialAction\":[{\"@type\":\"ReadAction\",\"target\":[\"https:\\\/\\\/ombrasole.com\\\/fr\\\/residentiel\\\/abri-solaire-pour-patio-pergolina\\\/\"]}]},{\"@type\":\"ImageObject\",\"inLanguage\":\"fr-FR\",\"@id\":\"https:\\\/\\\/ombrasole.com\\\/fr\\\/residentiel\\\/abri-solaire-pour-patio-pergolina\\\/#primaryimage\",\"url\":\"https:\\\/\\\/ombrasole.com\\\/wp-content\\\/uploads\\\/bb-plugin\\\/cache\\\/3-panorama-d32af4765a901b7dd074641935ee1720-.png\",\"contentUrl\":\"https:\\\/\\\/ombrasole.com\\\/wp-content\\\/uploads\\\/bb-plugin\\\/cache\\\/3-panorama-d32af4765a901b7dd074641935ee1720-.png\"},{\"@type\":\"BreadcrumbList\",\"@id\":\"https:\\\/\\\/ombrasole.com\\\/fr\\\/residentiel\\\/abri-solaire-pour-patio-pergolina\\\/#breadcrumb\",\"itemListElement\":[{\"@type\":\"ListItem\",\"position\":1,\"name\":\"Home\",\"item\":\"https:\\\/\\\/ombrasole.com\\\/fr\\\/\"},{\"@type\":\"ListItem\",\"position\":2,\"name\":\"R\u00e9sidentiel &#8211; Abri solaire pour patio &#8211; Pergolina\"}]},{\"@type\":\"WebSite\",\"@id\":\"https:\\\/\\\/ombrasole.com\\\/fr\\\/#website\",\"url\":\"https:\\\/\\\/ombrasole.com\\\/fr\\\/\",\"name\":\"Ombrasole\",\"description\":\"Custom Made Awnings In Montreal, Our Style Makes The Difference\",\"publisher\":{\"@id\":\"https:\\\/\\\/ombrasole.com\\\/fr\\\/#organization\"},\"potentialAction\":[{\"@type\":\"SearchAction\",\"target\":{\"@type\":\"EntryPoint\",\"urlTemplate\":\"https:\\\/\\\/ombrasole.com\\\/fr\\\/?s={search_term_string}\"},\"query-input\":{\"@type\":\"PropertyValueSpecification\",\"valueRequired\":true,\"valueName\":\"search_term_string\"}}],\"inLanguage\":\"fr-FR\"},{\"@type\":\"Organization\",\"@id\":\"https:\\\/\\\/ombrasole.com\\\/fr\\\/#organization\",\"name\":\"Ombrasole\",\"alternateName\":\"Ombrasole Awnings\",\"url\":\"https:\\\/\\\/ombrasole.com\\\/fr\\\/\",\"logo\":{\"@type\":\"ImageObject\",\"inLanguage\":\"fr-FR\",\"@id\":\"https:\\\/\\\/ombrasole.com\\\/fr\\\/#\\\/schema\\\/logo\\\/image\\\/\",\"url\":\"https:\\\/\\\/ombrasole.com\\\/wp-content\\\/uploads\\\/2024\\\/01\\\/Ombrasole_logo_white.png\",\"contentUrl\":\"https:\\\/\\\/ombrasole.com\\\/wp-content\\\/uploads\\\/2024\\\/01\\\/Ombrasole_logo_white.png\",\"width\":328,\"height\":90,\"caption\":\"Ombrasole\"},\"image\":{\"@id\":\"https:\\\/\\\/ombrasole.com\\\/fr\\\/#\\\/schema\\\/logo\\\/image\\\/\"},\"sameAs\":[\"https:\\\/\\\/www.facebook.com\\\/ombrasole\\\/\"]}]}<\/script>\n<!-- \/ Yoast SEO plugin. -->","yoast_head_json":{"title":"Un abri solaire compact et charmant pour le patio | Ombrasole Awnings","description":"Voici le Pergolina - la charmante petite pergola d'Ombrasole, con\u00e7ue pour ceux qui recherchent une protection solaire \u00e0 la fois \u00e9l\u00e9gante et efficace dans des espaces ext\u00e9rieurs confortables. Voici la Pergolina - la charmante petite pergola d'Ombrasole, con\u00e7ue pour ceux qui recherchent une protection solaire \u00e0 la fois \u00e9l\u00e9gante et efficace dans des espaces ext\u00e9rieurs confortables.","robots":{"index":"index","follow":"follow","max-snippet":"max-snippet:-1","max-image-preview":"max-image-preview:large","max-video-preview":"max-video-preview:-1"},"canonical":"https:\/\/ombrasole.com\/fr\/residentiel\/abri-solaire-pour-patio-pergolina\/","og_locale":"fr_FR","og_type":"article","og_title":"Un abri solaire compact et charmant pour le patio | Ombrasole Awnings","og_description":"Voici le Pergolina - la charmante petite pergola d'Ombrasole, con\u00e7ue pour ceux qui recherchent une protection solaire \u00e0 la fois \u00e9l\u00e9gante et efficace dans des espaces ext\u00e9rieurs confortables. Voici la Pergolina - la charmante petite pergola d'Ombrasole, con\u00e7ue pour ceux qui recherchent une protection solaire \u00e0 la fois \u00e9l\u00e9gante et efficace dans des espaces ext\u00e9rieurs confortables.","og_url":"https:\/\/ombrasole.com\/fr\/residentiel\/abri-solaire-pour-patio-pergolina\/","og_site_name":"Ombrasole Awnings","article_publisher":"https:\/\/www.facebook.com\/ombrasole\/","article_modified_time":"2026-04-01T20:22:03+00:00","og_image":[{"url":"https:\/\/ombrasole.com\/wp-content\/uploads\/bb-plugin\/cache\/3-panorama-d32af4765a901b7dd074641935ee1720-.png","type":"","width":"","height":""}],"twitter_card":"summary_large_image","twitter_misc":{"Dur\u00e9e de lecture estim\u00e9e":"5 minutes"},"schema":{"@context":"https:\/\/schema.org","@graph":[{"@type":"WebPage","@id":"https:\/\/ombrasole.com\/fr\/residentiel\/abri-solaire-pour-patio-pergolina\/","url":"https:\/\/ombrasole.com\/fr\/residentiel\/abri-solaire-pour-patio-pergolina\/","name":"Un abri solaire compact et charmant pour le patio | Ombrasole Awnings","isPartOf":{"@id":"https:\/\/ombrasole.com\/fr\/#website"},"primaryImageOfPage":{"@id":"https:\/\/ombrasole.com\/fr\/residentiel\/abri-solaire-pour-patio-pergolina\/#primaryimage"},"image":{"@id":"https:\/\/ombrasole.com\/fr\/residentiel\/abri-solaire-pour-patio-pergolina\/#primaryimage"},"thumbnailUrl":"https:\/\/ombrasole.com\/wp-content\/uploads\/bb-plugin\/cache\/3-panorama-d32af4765a901b7dd074641935ee1720-.png","datePublished":"2024-01-17T00:21:56+00:00","dateModified":"2026-04-01T20:22:03+00:00","description":"Voici le Pergolina - la charmante petite pergola d'Ombrasole, con\u00e7ue pour ceux qui recherchent une protection solaire \u00e0 la fois \u00e9l\u00e9gante et efficace dans des espaces ext\u00e9rieurs confortables. Voici la Pergolina - la charmante petite pergola d'Ombrasole, con\u00e7ue pour ceux qui recherchent une protection solaire \u00e0 la fois \u00e9l\u00e9gante et efficace dans des espaces ext\u00e9rieurs confortables.","breadcrumb":{"@id":"https:\/\/ombrasole.com\/fr\/residentiel\/abri-solaire-pour-patio-pergolina\/#breadcrumb"},"inLanguage":"fr-FR","potentialAction":[{"@type":"ReadAction","target":["https:\/\/ombrasole.com\/fr\/residentiel\/abri-solaire-pour-patio-pergolina\/"]}]},{"@type":"ImageObject","inLanguage":"fr-FR","@id":"https:\/\/ombrasole.com\/fr\/residentiel\/abri-solaire-pour-patio-pergolina\/#primaryimage","url":"https:\/\/ombrasole.com\/wp-content\/uploads\/bb-plugin\/cache\/3-panorama-d32af4765a901b7dd074641935ee1720-.png","contentUrl":"https:\/\/ombrasole.com\/wp-content\/uploads\/bb-plugin\/cache\/3-panorama-d32af4765a901b7dd074641935ee1720-.png"},{"@type":"BreadcrumbList","@id":"https:\/\/ombrasole.com\/fr\/residentiel\/abri-solaire-pour-patio-pergolina\/#breadcrumb","itemListElement":[{"@type":"ListItem","position":1,"name":"Home","item":"https:\/\/ombrasole.com\/fr\/"},{"@type":"ListItem","position":2,"name":"R\u00e9sidentiel &#8211; Abri solaire pour patio &#8211; Pergolina"}]},{"@type":"WebSite","@id":"https:\/\/ombrasole.com\/fr\/#website","url":"https:\/\/ombrasole.com\/fr\/","name":"Ombrasole","description":"Custom Made Awnings In Montreal, Our Style Makes The Difference","publisher":{"@id":"https:\/\/ombrasole.com\/fr\/#organization"},"potentialAction":[{"@type":"SearchAction","target":{"@type":"EntryPoint","urlTemplate":"https:\/\/ombrasole.com\/fr\/?s={search_term_string}"},"query-input":{"@type":"PropertyValueSpecification","valueRequired":true,"valueName":"search_term_string"}}],"inLanguage":"fr-FR"},{"@type":"Organization","@id":"https:\/\/ombrasole.com\/fr\/#organization","name":"Ombrasole","alternateName":"Ombrasole Awnings","url":"https:\/\/ombrasole.com\/fr\/","logo":{"@type":"ImageObject","inLanguage":"fr-FR","@id":"https:\/\/ombrasole.com\/fr\/#\/schema\/logo\/image\/","url":"https:\/\/ombrasole.com\/wp-content\/uploads\/2024\/01\/Ombrasole_logo_white.png","contentUrl":"https:\/\/ombrasole.com\/wp-content\/uploads\/2024\/01\/Ombrasole_logo_white.png","width":328,"height":90,"caption":"Ombrasole"},"image":{"@id":"https:\/\/ombrasole.com\/fr\/#\/schema\/logo\/image\/"},"sameAs":["https:\/\/www.facebook.com\/ombrasole\/"]}]}},"_links":{"self":[{"href":"https:\/\/ombrasole.com\/fr\/wp-json\/wp\/v2\/pages\/1871","targetHints":{"allow":["GET"]}}],"collection":[{"href":"https:\/\/ombrasole.com\/fr\/wp-json\/wp\/v2\/pages"}],"about":[{"href":"https:\/\/ombrasole.com\/fr\/wp-json\/wp\/v2\/types\/page"}],"author":[{"embeddable":true,"href":"https:\/\/ombrasole.com\/fr\/wp-json\/wp\/v2\/users\/1"}],"replies":[{"embeddable":true,"href":"https:\/\/ombrasole.com\/fr\/wp-json\/wp\/v2\/comments?post=1871"}],"version-history":[{"count":0,"href":"https:\/\/ombrasole.com\/fr\/wp-json\/wp\/v2\/pages\/1871\/revisions"}],"wp:attachment":[{"href":"https:\/\/ombrasole.com\/fr\/wp-json\/wp\/v2\/media?parent=1871"}],"curies":[{"name":"wp","href":"https:\/\/api.w.org\/{rel}","templated":true}]}}