{"id":1869,"date":"2024-01-04T23:45:16","date_gmt":"2024-01-04T23:45:16","guid":{"rendered":"https:\/\/ombrasole.wpenginepowered.com\/commercial-auvents-fixes-retractables-attico\/"},"modified":"2025-07-08T19:01:58","modified_gmt":"2025-07-08T19:01:58","slug":"commercial-auvents-fixes-retractables-attico","status":"publish","type":"page","link":"https:\/\/ombrasole.com\/fr\/commercial\/auvents-fixes-retractables-attico\/","title":{"rendered":"Commercial &#8211; Auvents fixes r\u00e9tractables &#8211; Attico"},"content":{"rendered":"\n<h4>\n\t\t\tATTICO\t<\/h4>\n<h1>\n\t\t\tCommercial Fixe<br \/>Auvents r\u00e9tractables\t<\/h1>\n\t\t\t<a href=\"https:\/\/ombrasole.com\/fr\/estimation-gratuite\/\" target=\"_self\">\n\t\t\t\t\t\t\tSoumission gratuite\n\t\t\t\t\t<\/a>\n<h2>\n\t\t\tAuvent r\u00e9tractable fixe commercial de premi\u00e8re qualit\u00e9 du Qu\u00e9bec\t<\/h2>\n\t<p>D\u00e9couvrez Attico, l&rsquo;incarnation de la sophistication et de la r\u00e9sistance dans les solutions d&rsquo;ombrage ext\u00e9rieur. Fi\u00e8rement con\u00e7u et fabriqu\u00e9 au Qu\u00e9bec par Ombrasole, cet auvent r\u00e9tractable fixe motoris\u00e9 est con\u00e7u pour le paysage commercial moderne. L&rsquo;Attico est le compl\u00e9ment id\u00e9al pour les terrasses de taille moyenne \u00e0 grande dans une vari\u00e9t\u00e9 d&rsquo;entreprises, y compris les restaurants, les bars, les h\u00f4tels et les salles \u00e0 manger publiques.<\/p>\n\t\t\t\t<img decoding=\"async\" src=\"https:\/\/ombrasole.com\/wp-content\/uploads\/bb-plugin\/cache\/3-panorama-d32af4765a901b7dd074641935ee1720-.png\" alt=\"3\" itemprop=\"image\" height=\"600\" width=\"600\" title=\"3\" onerror=\"this.style.display='none'\" loading='lazy' \/>\n<h5>Fabriqu\u00e9 sur mesure \u00e0 Montr\u00e9al<\/h5><p>Con\u00e7u et fabriqu\u00e9 avec fiert\u00e9 \u00e0 Montr\u00e9al (Qu\u00e9bec)<\/p>\n\t\t\t\t<img decoding=\"async\" src=\"https:\/\/ombrasole.com\/wp-content\/uploads\/bb-plugin\/cache\/2-panorama-d885c163b9785ffe7f10521ba643cb18-.png\" alt=\"2\" itemprop=\"image\" height=\"600\" width=\"600\" title=\"2\" onerror=\"this.style.display='none'\" loading='lazy' \/>\n<h5>Mat\u00e9riaux de base de haute qualit\u00e9<\/h5><p>Aluminium robuste fabriqu\u00e9 au Qu\u00e9bec et le meilleur des marques Uutdoor Fabrics.<\/p>\n\t\t\t\t<img decoding=\"async\" src=\"https:\/\/ombrasole.com\/wp-content\/uploads\/bb-plugin\/cache\/1-panorama-b29cb3db784423b02bfc996834dcb08a-.png\" alt=\"1\" itemprop=\"image\" height=\"600\" width=\"600\" title=\"1\" onerror=\"this.style.display='none'\" loading='lazy' \/>\n<h5>Un service et des garanties solides<\/h5><p>Garantie de 15 ans sur la structure en aluminium et la toile.<\/p>\n\t\t\t\t<img decoding=\"async\" src=\"https:\/\/ombrasole.com\/wp-content\/uploads\/bb-plugin\/cache\/4-panorama-7ca450a1f2183e027615d2001680ac77-.png\" alt=\"4\" itemprop=\"image\" height=\"600\" width=\"600\" title=\"4\" onerror=\"this.style.display='none'\" loading='lazy' \/>\n<h5>Maintenance sans faille<\/h5><p>La toile r\u00e9tract\u00e9e se range \u00e0 l&rsquo;int\u00e9rieur d&rsquo;un capot en aluminium, ce qui \u00e9limine la n\u00e9cessit\u00e9 d&rsquo;un entretien saisonnier.<\/p>\n<h2>\n\t\t\tAttico : Un store fixe motoris\u00e9 pour le patio, le spa ou la terrasse tout au long de l&rsquo;ann\u00e9e\t<\/h2>\n\t<p>La construction robuste de l&rsquo;Attico garantit une r\u00e9sistance durable aux diverses conditions m\u00e9t\u00e9orologiques, ce qui en fait un investissement fiable et durable pour votre entreprise. Son design \u00e9l\u00e9gant rehausse non seulement l&rsquo;attrait esth\u00e9tique de vos espaces ext\u00e9rieurs, mais offre \u00e9galement un avantage fonctionnel, en cr\u00e9ant une atmosph\u00e8re confortable et accueillante pour vos clients. Faites de l&rsquo;Attico une partie du voyage de votre entreprise vers la cr\u00e9ation de moments ext\u00e9rieurs m\u00e9morables.<\/p>\n\t<h3>Structure robuste et conception innovante pour une durabilit\u00e9 commerciale<\/h3>\n<p>L&rsquo;Attico est fabriqu\u00e9 avec une structure robuste en aluminium extrud\u00e9 peint en noir et gris p\u00e2le \u00e9l\u00e9gant et des accessoires en acier inoxydable. Cette structure robuste, rigoureusement con\u00e7ue pour le climat dur Nord-Am\u00e9ricain, est soutenue par une garantie limit\u00e9e de 15 ans, assurant une fiabilit\u00e9 \u00e0 long terme pour les entreprises. Son profile centrale en aluminium comprend un syst\u00e8me de goutti\u00e8re de pointe, sp\u00e9cialement con\u00e7u pour \u00e9viter la p\u00e9n\u00e9tration de l&rsquo;eau entre plusieurs sections &#8211; une caract\u00e9ristique vitale pour les grands espaces commerciaux.<\/p>\n<hr \/>\n<h3>Couverture personnalisable pour des besoins commerciaux vari\u00e9s<\/h3>\n<p>L&rsquo;Attico offre une couverture personnalisable. Chaque section, a une projection jusqu&rsquo;\u00e0 14&prime; pieds et fonctionne de mani\u00e8re ind\u00e9pendante, offrant flexibilit\u00e9 dans l&rsquo;utilisation et la disposition. Le m\u00e9canisme motoris\u00e9 assure une facilit\u00e9 d&rsquo;utilisation, un aspect crucial pour les environnements commerciaux occup\u00e9s. La toile descend en fa\u00e7ade jusqu&rsquo;\u00e0 3&prime; pieds pour une ombre et une protection suppl\u00e9mentaires; les options de largeur pour chaque module commencent \u00e0 partir de 10 pieds jusqu&rsquo;\u00e0 13&prime; pieds. Cette adaptabilit\u00e9 est cl\u00e9 pour les entreprises visant \u00e0 optimiser leurs zones ext\u00e9rieures.<\/p>\n<hr \/>\n<h3>Qualit\u00e9 sup\u00e9rieure du tissu pour des normes professionnelles<\/h3>\n<p>Choisissez parmi une panoplie de plus de 25 couleurs du tissu en vinyle de haute qualit\u00e9, assurant que la couleur s&rsquo;aligne avec le branding et l&rsquo;esth\u00e9tique de votre entreprise. La toile en vinyle de Serge Ferrari offre une protection robuste contre toutes les conditions m\u00e9t\u00e9orologiques, essentielle pour maintenir un environnement ext\u00e9rieur confortable et convivial pour les clients.<\/p>\n<hr \/>\n<h3>Protection m\u00e9t\u00e9orologique polyvalente pour une utilisation toute l&rsquo;ann\u00e9e<\/h3>\n<p>L&rsquo;Attico est con\u00e7u comme un auvent de 3 ou 4 saisons, adaptable \u00e0 diverses conditions m\u00e9t\u00e9orologiques gr\u00e2ce \u00e0 l&rsquo;ajustement de la pente. Les rideaux lat\u00e9raux et de fa\u00e7ade en m\u00e8che de Serge Ferrari offrent jusqu&rsquo;\u00e0 70% de protection contre le soleil, la pluie et le vent. Cette caract\u00e9ristique est cruciale pour maintenir un espace ext\u00e9rieur confortable pour les clients, sans compromettre la visibilit\u00e9 et la circulation de l&rsquo;air. Les goutti\u00e8res lat\u00e9rales int\u00e9gr\u00e9es avec les rideaux lat\u00e9raux assurent une gestion efficace de l&rsquo;eau, un aspect \u00e0 ne pas n\u00e9gliger pour maintenir un espace ext\u00e9rieur commercial soign\u00e9 et confortable.<\/p>\n<hr \/>\n<h3>Fonctionnement pratique pour des op\u00e9rations commerciales efficaces<\/h3>\n<p>Op\u00e9rez l&rsquo;auvent L&rsquo;Attico avec un simple clique sur un bouton de la t\u00e9l\u00e9commande; une fonctionnalit\u00e9 qui red\u00e9finit la commodit\u00e9 et la fonctionnalit\u00e9 dans les param\u00e8tres commerciaux. Cette facilit\u00e9 d&rsquo;op\u00e9ration est inestimable pour les entreprises, permettant des ajustements rapides de l&rsquo;environnement ext\u00e9rieur avec un minimum de perturbation, assurant une exp\u00e9rience constamment agr\u00e9able pour les clients.<\/p>\n<h4>\n\t\t\tTISSUS ET FOURNISSEURS DE HAUTE QUALIT\u00c9\t<\/h4>\n\t\t\t\t<a href=\"https:\/\/ombrasole.com\/wp-content\/uploads\/2024\/02\/sergeFerrariCatalog-1.pdf\"  target=\"_blank\" rel=\"noopener\"  itemprop=\"url\">\n\t\t\t\t<img decoding=\"async\" src=\"https:\/\/ombrasole.com\/wp-content\/uploads\/2024\/01\/serge-ferrari.png\" alt=\"serge ferrari\" itemprop=\"image\" height=\"150\" width=\"150\" title=\"serge ferrari\" onerror=\"this.style.display='none'\" loading='lazy' \/>\n\t\t\t\t<\/a>\n\t\t\t\t<a href=\"https:\/\/ombrasole.com\/wp-content\/uploads\/2024\/02\/soltisCatalog-1.pdf\"  target=\"_blank\" rel=\"noopener\"  itemprop=\"url\">\n\t\t\t\t<img decoding=\"async\" src=\"https:\/\/ombrasole.com\/wp-content\/uploads\/2024\/02\/soltis-logo.jpg\" alt=\"soltis-logo\" itemprop=\"image\" height=\"97\" width=\"314\" title=\"soltis-logo\" onerror=\"this.style.display='none'\" loading='lazy' \/>\n\t\t\t\t<\/a>\n\t\t\t\t<a href=\"https:\/\/www.somfysystems.com\/en-us\/products\/awnings-screens-pergolas\/motorized-awnings\"  target=\"_blank\" rel=\"noopener\"  itemprop=\"url\">\n\t\t\t\t<img decoding=\"async\" src=\"https:\/\/ombrasole.com\/wp-content\/uploads\/2024\/01\/serge-ferrari-1.png\" alt=\"serge ferrari (1)\" itemprop=\"image\" height=\"150\" width=\"150\" title=\"serge ferrari (1)\" onerror=\"this.style.display='none'\" loading='lazy' \/>\n\t\t\t\t<\/a>\n<h2>\n\t\t\tFAQ sur les auvents fixes r\u00e9tractables Attico Commercial\t<\/h2>\n\t<p>Que vous envisagiez d&rsquo;am\u00e9liorer l&rsquo;espace ext\u00e9rieur de votre entreprise avec l&rsquo;Attico ou que vous soyez d\u00e9j\u00e0 propri\u00e9taire et que vous souhaitiez optimiser son utilit\u00e9 et ses avantages, cette section est votre guide de r\u00e9f\u00e9rence.<\/p>\n\t\t\t\t\t<a href=\"#\"  id=\"fl-accordion--label-0\" tabindex=\"0\" aria-controls=\"fl-accordion--panel-0\">Comment l&rsquo;auvent Attico r\u00e9siste-t-il aux diff\u00e9rentes conditions m\u00e9t\u00e9orologiques ?<\/a>\n\t\t\t\t\t\t\t\t\t\t\t<a href=\"#\" id=\"fl-accordion--icon-0\"  tabindex=\"0\"><i title=\"Expand\">Expand<\/i><\/a>\n\t\t\t\t\t<p>L&rsquo;Attico est con\u00e7u avec une structure robuste en aluminium extrud\u00e9 et des accessoires en acier inoxydable, con\u00e7us sp\u00e9cifiquement pour le climat vari\u00e9 de l&rsquo;Am\u00e9rique du Nord. Ses mat\u00e9riaux et sa qualit\u00e9 de fabrication garantissent sa durabilit\u00e9 et sa r\u00e9sistance aux conditions m\u00e9t\u00e9orologiques difficiles, notamment aux fortes pluies, aux vents violents et \u00e0 la lumi\u00e8re intense du soleil.<\/p>\n\t\t\t\t\t<a href=\"#\"  id=\"fl-accordion--label-1\" tabindex=\"0\" aria-controls=\"fl-accordion--panel-1\">Quelles sont les options de personnalisation disponibles pour l&rsquo;auvent Attico en termes de taille, de couleur et de tissu ?<\/a>\n\t\t\t\t\t\t\t\t\t\t\t<a href=\"#\" id=\"fl-accordion--icon-1\"  tabindex=\"0\"><i title=\"Expand\">Expand<\/i><\/a>\n\t\t\t\t\t<p>La personnalisation est une caract\u00e9ristique cl\u00e9 de l&rsquo;Attico. Les clients peuvent choisir parmi une large gamme de tailles, avec des largeurs allant de 10 pieds \u00e0 des largeurs modulaires personnalis\u00e9es, et des saillies de 7 \u00e0 14 pieds. Plus de 25 options de couleurs sont disponibles pour le tissu en vinyle, ce qui permet d&rsquo;harmoniser l&rsquo;esth\u00e9tique avec le design de votre propri\u00e9t\u00e9. En outre, le type de tissu peut \u00eatre choisi en fonction des pr\u00e9f\u00e9rences personnelles, du climat et des exigences fonctionnelles.<\/p>\n\t\t\t\t\t<a href=\"#\"  id=\"fl-accordion--label-2\" tabindex=\"0\" aria-controls=\"fl-accordion--panel-2\">Comment le syst\u00e8me de goutti\u00e8re innovant de l&rsquo;auvent Attico am\u00e9liore-t-il sa fonctionnalit\u00e9 ?<\/a>\n\t\t\t\t\t\t\t\t\t\t\t<a href=\"#\" id=\"fl-accordion--icon-2\"  tabindex=\"0\"><i title=\"Expand\">Expand<\/i><\/a>\n\t\t\t\t\t<p>Le syst\u00e8me de goutti\u00e8res de l&rsquo;auvent Attico est une caract\u00e9ristique remarquable. Il est ing\u00e9nieusement con\u00e7u pour \u00e9viter l&rsquo;accumulation d&rsquo;eau, en particulier dans les installations \u00e0 plusieurs sections. Ce syst\u00e8me permet d&rsquo;\u00e9vacuer l&rsquo;eau de pluie de l&rsquo;auvent et de la zone situ\u00e9e en dessous, ce qui am\u00e9liore la fonctionnalit\u00e9 de l&rsquo;auvent et garantit que l&rsquo;espace situ\u00e9 en dessous reste sec et utilisable en cas de pluie l\u00e9g\u00e8re.<\/p>\n\t\t\t\t\t<a href=\"#\"  id=\"fl-accordion--label-3\" tabindex=\"0\" aria-controls=\"fl-accordion--panel-3\">Quels sont les avantages d&rsquo;opter pour un tissu \u00e0 mailles ou une moustiquaire pour les rideaux lat\u00e9raux ?<\/a>\n\t\t\t\t\t\t\t\t\t\t\t<a href=\"#\" id=\"fl-accordion--icon-3\"  tabindex=\"0\"><i title=\"Expand\">Expand<\/i><\/a>\n\t\t\t\t\t<p>L&rsquo;ajout d&rsquo;un filet ou d&rsquo;une moustiquaire aux rideaux lat\u00e9raux pr\u00e9sente plusieurs avantages. Le mat\u00e9riau en maille de Serge Ferrari offre jusqu&rsquo;\u00e0 70 % de protection contre le soleil, la pluie et le vent tout en permettant la circulation de l&rsquo;air, garantissant ainsi un environnement ext\u00e9rieur confortable. La moustiquaire est une excellente option pour les soir\u00e9es et les endroits o\u00f9 il y a des insectes. Elle offre une visibilit\u00e9 vers l&rsquo;ext\u00e9rieur de 90 % et une protection contre les insectes sans compromettre la circulation de l&rsquo;air.<\/p>\n\t\t\t\t\t<a href=\"#\"  id=\"fl-accordion--label-4\" tabindex=\"0\" aria-controls=\"fl-accordion--panel-4\">Pouvez-vous nous donner des d\u00e9tails sur la maintenance et l&rsquo;entretien n\u00e9cessaires pour assurer la long\u00e9vit\u00e9 de l&rsquo;auvent Attico ?<\/a>\n\t\t\t\t\t\t\t\t\t\t\t<a href=\"#\" id=\"fl-accordion--icon-4\"  tabindex=\"0\"><i title=\"Expand\">Expand<\/i><\/a>\n\t\t\t\t\t<p>L&rsquo;auvent Attico ne n\u00e9cessite qu&rsquo;un minimum d&rsquo;entretien. La structure en aluminium peut \u00eatre nettoy\u00e9e avec une solution d&rsquo;eau et de savon doux. Le tissu en vinyle doit \u00eatre lav\u00e9 de temps en temps pour \u00e9viter l&rsquo;accumulation de salet\u00e9s, \u00e0 l&rsquo;aide d&rsquo;une brosse douce et d&rsquo;un d\u00e9tergent doux. Il est important de laisser la toile s\u00e9cher compl\u00e8tement avant de remonter le store. Il est recommand\u00e9 de proc\u00e9der \u00e0 des contr\u00f4les r\u00e9guliers pour d\u00e9celer tout probl\u00e8me m\u00e9canique et de faire appel \u00e0 un professionnel pour toute r\u00e9paration ou tout r\u00e9glage important.<\/p>\n<h2>\n\t\t\tObtenez un devis gratuit pour votre solution d&rsquo;auvent personnalis\u00e9e\t<\/h2>\n\t\t\t<a href=\"https:\/\/ombrasole.com\/fr\/estimation-gratuite\/\" target=\"_self\">\n\t\t\t\t\t\t\tConsultez nos experts\n\t\t\t\t\t<\/a>\n\n","protected":false},"excerpt":{"rendered":"<p>ATTICO Commercial FixeAuvents r\u00e9tractables Soumission gratuite Auvent r\u00e9tractable fixe commercial de premi\u00e8re qualit\u00e9 du Qu\u00e9bec D\u00e9couvrez Attico, l&rsquo;incarnation de la sophistication et de la r\u00e9sistance dans les solutions d&rsquo;ombrage ext\u00e9rieur. Fi\u00e8rement con\u00e7u et fabriqu\u00e9 au Qu\u00e9bec par Ombrasole, cet auvent r\u00e9tractable fixe motoris\u00e9 est con\u00e7u pour le paysage commercial moderne. L&rsquo;Attico est le compl\u00e9ment id\u00e9al&hellip;<\/p>\n","protected":false},"author":1,"featured_media":0,"parent":0,"menu_order":0,"comment_status":"closed","ping_status":"closed","template":"","meta":{"footnotes":""},"class_list":["post-1869","page","type-page","status-publish","hentry"],"yoast_head":"<!-- This site is optimized with the Yoast SEO plugin v27.4 - https:\/\/yoast.com\/product\/yoast-seo-wordpress\/ -->\n<title>Auvents r\u00e9tractables pour les commerces | Ombrasole Awnings<\/title>\n<meta name=\"description\" content=\"D\u00e9couvrez Attico, l&#039;incarnation de la sophistication et de la r\u00e9sistance dans les solutions d&#039;ombrage ext\u00e9rieur. D\u00e9couvrez Attico, l&#039;incarnation de la sophistication et de la r\u00e9sistance dans les solutions d&#039;ombrage ext\u00e9rieur. D\u00e9couvrez Attico, l&#039;incarnation de la sophistication et de la r\u00e9sistance dans les solutions d&#039;ombrage ext\u00e9rieur.\" \/>\n<meta name=\"robots\" content=\"index, follow, max-snippet:-1, max-image-preview:large, max-video-preview:-1\" \/>\n<link rel=\"canonical\" href=\"https:\/\/ombrasole.com\/fr\/commercial\/auvents-fixes-retractables-attico\/\" \/>\n<meta property=\"og:locale\" content=\"fr_FR\" \/>\n<meta property=\"og:type\" content=\"article\" \/>\n<meta property=\"og:title\" content=\"Auvents r\u00e9tractables pour les commerces | Ombrasole Awnings\" \/>\n<meta property=\"og:description\" content=\"D\u00e9couvrez Attico, l&#039;incarnation de la sophistication et de la r\u00e9sistance dans les solutions d&#039;ombrage ext\u00e9rieur. D\u00e9couvrez Attico, l&#039;incarnation de la sophistication et de la r\u00e9sistance dans les solutions d&#039;ombrage ext\u00e9rieur. D\u00e9couvrez Attico, l&#039;incarnation de la sophistication et de la r\u00e9sistance dans les solutions d&#039;ombrage ext\u00e9rieur.\" \/>\n<meta property=\"og:url\" content=\"https:\/\/ombrasole.com\/fr\/commercial\/auvents-fixes-retractables-attico\/\" \/>\n<meta property=\"og:site_name\" content=\"Ombrasole Awnings\" \/>\n<meta property=\"article:publisher\" content=\"https:\/\/www.facebook.com\/ombrasole\/\" \/>\n<meta property=\"article:modified_time\" content=\"2025-07-08T19:01:58+00:00\" \/>\n<meta property=\"og:image\" content=\"https:\/\/ombrasole.com\/wp-content\/uploads\/bb-plugin\/cache\/3-panorama-d32af4765a901b7dd074641935ee1720-.png\" \/>\n<meta name=\"twitter:card\" content=\"summary_large_image\" \/>\n<meta name=\"twitter:label1\" content=\"Dur\u00e9e de lecture estim\u00e9e\" \/>\n\t<meta name=\"twitter:data1\" content=\"7 minutes\" \/>\n<script type=\"application\/ld+json\" class=\"yoast-schema-graph\">{\"@context\":\"https:\\\/\\\/schema.org\",\"@graph\":[{\"@type\":\"WebPage\",\"@id\":\"https:\\\/\\\/ombrasole.com\\\/fr\\\/commercial\\\/auvents-fixes-retractables-attico\\\/\",\"url\":\"https:\\\/\\\/ombrasole.com\\\/fr\\\/commercial\\\/auvents-fixes-retractables-attico\\\/\",\"name\":\"Auvents r\u00e9tractables pour les commerces | Ombrasole Awnings\",\"isPartOf\":{\"@id\":\"https:\\\/\\\/ombrasole.com\\\/fr\\\/#website\"},\"primaryImageOfPage\":{\"@id\":\"https:\\\/\\\/ombrasole.com\\\/fr\\\/commercial\\\/auvents-fixes-retractables-attico\\\/#primaryimage\"},\"image\":{\"@id\":\"https:\\\/\\\/ombrasole.com\\\/fr\\\/commercial\\\/auvents-fixes-retractables-attico\\\/#primaryimage\"},\"thumbnailUrl\":\"https:\\\/\\\/ombrasole.com\\\/wp-content\\\/uploads\\\/bb-plugin\\\/cache\\\/3-panorama-d32af4765a901b7dd074641935ee1720-.png\",\"datePublished\":\"2024-01-04T23:45:16+00:00\",\"dateModified\":\"2025-07-08T19:01:58+00:00\",\"description\":\"D\u00e9couvrez Attico, l'incarnation de la sophistication et de la r\u00e9sistance dans les solutions d'ombrage ext\u00e9rieur. D\u00e9couvrez Attico, l'incarnation de la sophistication et de la r\u00e9sistance dans les solutions d'ombrage ext\u00e9rieur. D\u00e9couvrez Attico, l'incarnation de la sophistication et de la r\u00e9sistance dans les solutions d'ombrage ext\u00e9rieur.\",\"breadcrumb\":{\"@id\":\"https:\\\/\\\/ombrasole.com\\\/fr\\\/commercial\\\/auvents-fixes-retractables-attico\\\/#breadcrumb\"},\"inLanguage\":\"fr-FR\",\"potentialAction\":[{\"@type\":\"ReadAction\",\"target\":[\"https:\\\/\\\/ombrasole.com\\\/fr\\\/commercial\\\/auvents-fixes-retractables-attico\\\/\"]}]},{\"@type\":\"ImageObject\",\"inLanguage\":\"fr-FR\",\"@id\":\"https:\\\/\\\/ombrasole.com\\\/fr\\\/commercial\\\/auvents-fixes-retractables-attico\\\/#primaryimage\",\"url\":\"https:\\\/\\\/ombrasole.com\\\/wp-content\\\/uploads\\\/bb-plugin\\\/cache\\\/3-panorama-d32af4765a901b7dd074641935ee1720-.png\",\"contentUrl\":\"https:\\\/\\\/ombrasole.com\\\/wp-content\\\/uploads\\\/bb-plugin\\\/cache\\\/3-panorama-d32af4765a901b7dd074641935ee1720-.png\"},{\"@type\":\"BreadcrumbList\",\"@id\":\"https:\\\/\\\/ombrasole.com\\\/fr\\\/commercial\\\/auvents-fixes-retractables-attico\\\/#breadcrumb\",\"itemListElement\":[{\"@type\":\"ListItem\",\"position\":1,\"name\":\"Home\",\"item\":\"https:\\\/\\\/ombrasole.com\\\/fr\\\/\"},{\"@type\":\"ListItem\",\"position\":2,\"name\":\"Commercial &#8211; Auvents fixes r\u00e9tractables &#8211; Attico\"}]},{\"@type\":\"WebSite\",\"@id\":\"https:\\\/\\\/ombrasole.com\\\/fr\\\/#website\",\"url\":\"https:\\\/\\\/ombrasole.com\\\/fr\\\/\",\"name\":\"Ombrasole\",\"description\":\"Custom Made Awnings In Montreal, Our Style Makes The Difference\",\"publisher\":{\"@id\":\"https:\\\/\\\/ombrasole.com\\\/fr\\\/#organization\"},\"potentialAction\":[{\"@type\":\"SearchAction\",\"target\":{\"@type\":\"EntryPoint\",\"urlTemplate\":\"https:\\\/\\\/ombrasole.com\\\/fr\\\/?s={search_term_string}\"},\"query-input\":{\"@type\":\"PropertyValueSpecification\",\"valueRequired\":true,\"valueName\":\"search_term_string\"}}],\"inLanguage\":\"fr-FR\"},{\"@type\":\"Organization\",\"@id\":\"https:\\\/\\\/ombrasole.com\\\/fr\\\/#organization\",\"name\":\"Ombrasole\",\"alternateName\":\"Ombrasole Awnings\",\"url\":\"https:\\\/\\\/ombrasole.com\\\/fr\\\/\",\"logo\":{\"@type\":\"ImageObject\",\"inLanguage\":\"fr-FR\",\"@id\":\"https:\\\/\\\/ombrasole.com\\\/fr\\\/#\\\/schema\\\/logo\\\/image\\\/\",\"url\":\"https:\\\/\\\/ombrasole.com\\\/wp-content\\\/uploads\\\/2024\\\/01\\\/Ombrasole_logo_white.png\",\"contentUrl\":\"https:\\\/\\\/ombrasole.com\\\/wp-content\\\/uploads\\\/2024\\\/01\\\/Ombrasole_logo_white.png\",\"width\":328,\"height\":90,\"caption\":\"Ombrasole\"},\"image\":{\"@id\":\"https:\\\/\\\/ombrasole.com\\\/fr\\\/#\\\/schema\\\/logo\\\/image\\\/\"},\"sameAs\":[\"https:\\\/\\\/www.facebook.com\\\/ombrasole\\\/\"]}]}<\/script>\n<!-- \/ Yoast SEO plugin. -->","yoast_head_json":{"title":"Auvents r\u00e9tractables pour les commerces | Ombrasole Awnings","description":"D\u00e9couvrez Attico, l'incarnation de la sophistication et de la r\u00e9sistance dans les solutions d'ombrage ext\u00e9rieur. D\u00e9couvrez Attico, l'incarnation de la sophistication et de la r\u00e9sistance dans les solutions d'ombrage ext\u00e9rieur. D\u00e9couvrez Attico, l'incarnation de la sophistication et de la r\u00e9sistance dans les solutions d'ombrage ext\u00e9rieur.","robots":{"index":"index","follow":"follow","max-snippet":"max-snippet:-1","max-image-preview":"max-image-preview:large","max-video-preview":"max-video-preview:-1"},"canonical":"https:\/\/ombrasole.com\/fr\/commercial\/auvents-fixes-retractables-attico\/","og_locale":"fr_FR","og_type":"article","og_title":"Auvents r\u00e9tractables pour les commerces | Ombrasole Awnings","og_description":"D\u00e9couvrez Attico, l'incarnation de la sophistication et de la r\u00e9sistance dans les solutions d'ombrage ext\u00e9rieur. D\u00e9couvrez Attico, l'incarnation de la sophistication et de la r\u00e9sistance dans les solutions d'ombrage ext\u00e9rieur. D\u00e9couvrez Attico, l'incarnation de la sophistication et de la r\u00e9sistance dans les solutions d'ombrage ext\u00e9rieur.","og_url":"https:\/\/ombrasole.com\/fr\/commercial\/auvents-fixes-retractables-attico\/","og_site_name":"Ombrasole Awnings","article_publisher":"https:\/\/www.facebook.com\/ombrasole\/","article_modified_time":"2025-07-08T19:01:58+00:00","og_image":[{"url":"https:\/\/ombrasole.com\/wp-content\/uploads\/bb-plugin\/cache\/3-panorama-d32af4765a901b7dd074641935ee1720-.png","type":"","width":"","height":""}],"twitter_card":"summary_large_image","twitter_misc":{"Dur\u00e9e de lecture estim\u00e9e":"7 minutes"},"schema":{"@context":"https:\/\/schema.org","@graph":[{"@type":"WebPage","@id":"https:\/\/ombrasole.com\/fr\/commercial\/auvents-fixes-retractables-attico\/","url":"https:\/\/ombrasole.com\/fr\/commercial\/auvents-fixes-retractables-attico\/","name":"Auvents r\u00e9tractables pour les commerces | Ombrasole Awnings","isPartOf":{"@id":"https:\/\/ombrasole.com\/fr\/#website"},"primaryImageOfPage":{"@id":"https:\/\/ombrasole.com\/fr\/commercial\/auvents-fixes-retractables-attico\/#primaryimage"},"image":{"@id":"https:\/\/ombrasole.com\/fr\/commercial\/auvents-fixes-retractables-attico\/#primaryimage"},"thumbnailUrl":"https:\/\/ombrasole.com\/wp-content\/uploads\/bb-plugin\/cache\/3-panorama-d32af4765a901b7dd074641935ee1720-.png","datePublished":"2024-01-04T23:45:16+00:00","dateModified":"2025-07-08T19:01:58+00:00","description":"D\u00e9couvrez Attico, l'incarnation de la sophistication et de la r\u00e9sistance dans les solutions d'ombrage ext\u00e9rieur. D\u00e9couvrez Attico, l'incarnation de la sophistication et de la r\u00e9sistance dans les solutions d'ombrage ext\u00e9rieur. D\u00e9couvrez Attico, l'incarnation de la sophistication et de la r\u00e9sistance dans les solutions d'ombrage ext\u00e9rieur.","breadcrumb":{"@id":"https:\/\/ombrasole.com\/fr\/commercial\/auvents-fixes-retractables-attico\/#breadcrumb"},"inLanguage":"fr-FR","potentialAction":[{"@type":"ReadAction","target":["https:\/\/ombrasole.com\/fr\/commercial\/auvents-fixes-retractables-attico\/"]}]},{"@type":"ImageObject","inLanguage":"fr-FR","@id":"https:\/\/ombrasole.com\/fr\/commercial\/auvents-fixes-retractables-attico\/#primaryimage","url":"https:\/\/ombrasole.com\/wp-content\/uploads\/bb-plugin\/cache\/3-panorama-d32af4765a901b7dd074641935ee1720-.png","contentUrl":"https:\/\/ombrasole.com\/wp-content\/uploads\/bb-plugin\/cache\/3-panorama-d32af4765a901b7dd074641935ee1720-.png"},{"@type":"BreadcrumbList","@id":"https:\/\/ombrasole.com\/fr\/commercial\/auvents-fixes-retractables-attico\/#breadcrumb","itemListElement":[{"@type":"ListItem","position":1,"name":"Home","item":"https:\/\/ombrasole.com\/fr\/"},{"@type":"ListItem","position":2,"name":"Commercial &#8211; Auvents fixes r\u00e9tractables &#8211; Attico"}]},{"@type":"WebSite","@id":"https:\/\/ombrasole.com\/fr\/#website","url":"https:\/\/ombrasole.com\/fr\/","name":"Ombrasole","description":"Custom Made Awnings In Montreal, Our Style Makes The Difference","publisher":{"@id":"https:\/\/ombrasole.com\/fr\/#organization"},"potentialAction":[{"@type":"SearchAction","target":{"@type":"EntryPoint","urlTemplate":"https:\/\/ombrasole.com\/fr\/?s={search_term_string}"},"query-input":{"@type":"PropertyValueSpecification","valueRequired":true,"valueName":"search_term_string"}}],"inLanguage":"fr-FR"},{"@type":"Organization","@id":"https:\/\/ombrasole.com\/fr\/#organization","name":"Ombrasole","alternateName":"Ombrasole Awnings","url":"https:\/\/ombrasole.com\/fr\/","logo":{"@type":"ImageObject","inLanguage":"fr-FR","@id":"https:\/\/ombrasole.com\/fr\/#\/schema\/logo\/image\/","url":"https:\/\/ombrasole.com\/wp-content\/uploads\/2024\/01\/Ombrasole_logo_white.png","contentUrl":"https:\/\/ombrasole.com\/wp-content\/uploads\/2024\/01\/Ombrasole_logo_white.png","width":328,"height":90,"caption":"Ombrasole"},"image":{"@id":"https:\/\/ombrasole.com\/fr\/#\/schema\/logo\/image\/"},"sameAs":["https:\/\/www.facebook.com\/ombrasole\/"]}]}},"_links":{"self":[{"href":"https:\/\/ombrasole.com\/fr\/wp-json\/wp\/v2\/pages\/1869","targetHints":{"allow":["GET"]}}],"collection":[{"href":"https:\/\/ombrasole.com\/fr\/wp-json\/wp\/v2\/pages"}],"about":[{"href":"https:\/\/ombrasole.com\/fr\/wp-json\/wp\/v2\/types\/page"}],"author":[{"embeddable":true,"href":"https:\/\/ombrasole.com\/fr\/wp-json\/wp\/v2\/users\/1"}],"replies":[{"embeddable":true,"href":"https:\/\/ombrasole.com\/fr\/wp-json\/wp\/v2\/comments?post=1869"}],"version-history":[{"count":0,"href":"https:\/\/ombrasole.com\/fr\/wp-json\/wp\/v2\/pages\/1869\/revisions"}],"wp:attachment":[{"href":"https:\/\/ombrasole.com\/fr\/wp-json\/wp\/v2\/media?parent=1869"}],"curies":[{"name":"wp","href":"https:\/\/api.w.org\/{rel}","templated":true}]}}