{"id":1867,"date":"2024-01-04T23:45:16","date_gmt":"2024-01-04T23:45:16","guid":{"rendered":"https:\/\/ombrasole.wpenginepowered.com\/estimation-gratuite\/"},"modified":"2026-03-02T15:55:03","modified_gmt":"2026-03-02T15:55:03","slug":"estimation-gratuite","status":"publish","type":"page","link":"https:\/\/ombrasole.com\/fr\/estimation-gratuite\/","title":{"rendered":"Soumission gratuite"},"content":{"rendered":"\n<h4>\n\t\t\tDEVIS GRATUIT\t<\/h4>\n<h1>\n\t\t\tParlez \u00e0 nos experts\t<\/h1>\n\t<p>Notre \u00e9quipe d&rsquo;experts vous fournira une \u00e9valuation personnalis\u00e9e adapt\u00e9e \u00e0 vos besoins et pr\u00e9f\u00e9rences sp\u00e9cifiques.<\/p>\n\t<iframe src=\"https:\/\/www.google.com\/maps\/embed\/v1\/place?q=8460%2C+rue+Pascal-Gagnon%0ASaint-L%C3%A9onard%2C+Montr%C3%A9al%0AQu%C3%A9bec%2C+H1P+1Y4%2C+Canada&#038;key=AIzaSyD09zQ9PNDNNy9TadMuzRV_UsPUoWKntt8\" aria-hidden=\"true\"><\/iframe>\n<h2>\n\t\t\tVisitez notre salle d&rsquo;exposition\t<\/h2>\n\t8460, rue Pascal-Gagnon<br \/>\nSaint-L\u00e9onard, Montr\u00e9al<br \/>\nQu\u00e9bec, H1P 1Y4, Canada\n<p><strong>Heures d&rsquo;ouverture<\/strong><\/p>\nLundi<br \/>\nMardi<br \/>\nMercredi<br \/>\nJeudi<br \/>\nVendredi<br \/>\nSamedi<br \/>\nDimanche\n9:00 &#8211; 05:00<br \/>\n9:00 &#8211; 05:00<br \/>\n9:00 &#8211; 05:00<br \/>\n9:00 &#8211; 05:00<br \/>\n9:00 &#8211; 05:00<br \/>\nFerm\u00e9 &#8211; (seulement avec rdv)<br \/>\nFerm\u00e9\n\t\t\t<a href=\"https:\/\/www.google.com\/maps\/dir\/\/ombrasole\/data=!4m6!4m5!1m1!4e2!1m2!1m1!1s0x4cc91e5a2c5408ab:0xa75072abc41ce19a?sa=X&#038;ved=2ahUKEwjWvIL24YeEAxXIFVkFHaGfC5oQ9Rd6BAg2EAA\"  target=\"_blank\" rel=\"noopener\"    rel=\"noopener\">\n\t\t\t\t\t\t\tObtenir un itin\u00e9raire\n\t\t\t\t\t<\/a>\n  <iframe \n    src=\"https:\/\/www.youtube.com\/embed\/LvU_52IEzO4?autoplay=1&#038;loop=1&#038;playlist=LvU_52IEzO4&#038;rel=0&#038;controls=0&#038;modestbranding=1\" \n    frameborder=\"0\" \n    allow=\"autoplay; encrypted-media\" \n    allowfullscreen>\n  <\/iframe>\n\n","protected":false},"excerpt":{"rendered":"<p>DEVIS GRATUIT Parlez \u00e0 nos experts Notre \u00e9quipe d&rsquo;experts vous fournira une \u00e9valuation personnalis\u00e9e adapt\u00e9e \u00e0 vos besoins et pr\u00e9f\u00e9rences sp\u00e9cifiques. Visitez notre salle d&rsquo;exposition 8460, rue Pascal-Gagnon Saint-L\u00e9onard, Montr\u00e9al Qu\u00e9bec, H1P 1Y4, Canada Heures d&rsquo;ouverture Lundi Mardi Mercredi Jeudi Vendredi Samedi Dimanche 9:00 &#8211; 05:00 9:00 &#8211; 05:00 9:00 &#8211; 05:00 9:00 &#8211; 05:00&hellip;<\/p>\n","protected":false},"author":1,"featured_media":0,"parent":0,"menu_order":0,"comment_status":"closed","ping_status":"closed","template":"","meta":{"footnotes":""},"class_list":["post-1867","page","type-page","status-publish","hentry"],"yoast_head":"<!-- This site is optimized with the Yoast SEO plugin v27.6 - https:\/\/yoast.com\/product\/yoast-seo-wordpress\/ -->\n<title>Soumission gratuite | Ombrasole Awnings<\/title>\n<meta name=\"robots\" content=\"index, follow, max-snippet:-1, max-image-preview:large, max-video-preview:-1\" \/>\n<link rel=\"canonical\" href=\"https:\/\/ombrasole.com\/fr\/estimation-gratuite\/\" \/>\n<meta property=\"og:locale\" content=\"fr_FR\" \/>\n<meta property=\"og:type\" content=\"article\" \/>\n<meta property=\"og:title\" content=\"Soumission gratuite | Ombrasole Awnings\" \/>\n<meta property=\"og:description\" content=\"DEVIS GRATUIT Parlez \u00e0 nos experts Notre \u00e9quipe d&rsquo;experts vous fournira une \u00e9valuation personnalis\u00e9e adapt\u00e9e \u00e0 vos besoins et pr\u00e9f\u00e9rences sp\u00e9cifiques. Visitez notre salle d&rsquo;exposition 8460, rue Pascal-Gagnon Saint-L\u00e9onard, Montr\u00e9al Qu\u00e9bec, H1P 1Y4, Canada Heures d&rsquo;ouverture Lundi Mardi Mercredi Jeudi Vendredi Samedi Dimanche 9:00 &#8211; 05:00 9:00 &#8211; 05:00 9:00 &#8211; 05:00 9:00 &#8211; 05:00&hellip;\" \/>\n<meta property=\"og:url\" content=\"https:\/\/ombrasole.com\/fr\/estimation-gratuite\/\" \/>\n<meta property=\"og:site_name\" content=\"Ombrasole Awnings\" \/>\n<meta property=\"article:publisher\" content=\"https:\/\/www.facebook.com\/ombrasole\/\" \/>\n<meta property=\"article:modified_time\" content=\"2026-03-02T15:55:03+00:00\" \/>\n<meta property=\"og:image\" content=\"https:\/\/ombrasole.com\/wp-content\/uploads\/2024\/03\/Copie-de-Photo-6-of-9-scaled.jpg\" \/>\n\t<meta property=\"og:image:width\" content=\"2560\" \/>\n\t<meta property=\"og:image:height\" content=\"1244\" \/>\n\t<meta property=\"og:image:type\" content=\"image\/jpeg\" \/>\n<meta name=\"twitter:card\" content=\"summary_large_image\" \/>\n<script type=\"application\/ld+json\" class=\"yoast-schema-graph\">{\"@context\":\"https:\\\/\\\/schema.org\",\"@graph\":[{\"@type\":\"WebPage\",\"@id\":\"https:\\\/\\\/ombrasole.com\\\/fr\\\/estimation-gratuite\\\/\",\"url\":\"https:\\\/\\\/ombrasole.com\\\/fr\\\/estimation-gratuite\\\/\",\"name\":\"Soumission gratuite | Ombrasole Awnings\",\"isPartOf\":{\"@id\":\"https:\\\/\\\/ombrasole.com\\\/fr\\\/#website\"},\"datePublished\":\"2024-01-04T23:45:16+00:00\",\"dateModified\":\"2026-03-02T15:55:03+00:00\",\"breadcrumb\":{\"@id\":\"https:\\\/\\\/ombrasole.com\\\/fr\\\/estimation-gratuite\\\/#breadcrumb\"},\"inLanguage\":\"fr-FR\",\"potentialAction\":[{\"@type\":\"ReadAction\",\"target\":[\"https:\\\/\\\/ombrasole.com\\\/fr\\\/estimation-gratuite\\\/\"]}]},{\"@type\":\"BreadcrumbList\",\"@id\":\"https:\\\/\\\/ombrasole.com\\\/fr\\\/estimation-gratuite\\\/#breadcrumb\",\"itemListElement\":[{\"@type\":\"ListItem\",\"position\":1,\"name\":\"Home\",\"item\":\"https:\\\/\\\/ombrasole.com\\\/fr\\\/\"},{\"@type\":\"ListItem\",\"position\":2,\"name\":\"Soumission gratuite\"}]},{\"@type\":\"WebSite\",\"@id\":\"https:\\\/\\\/ombrasole.com\\\/fr\\\/#website\",\"url\":\"https:\\\/\\\/ombrasole.com\\\/fr\\\/\",\"name\":\"Ombrasole\",\"description\":\"Custom Made Awnings In Montreal, Our Style Makes The Difference\",\"publisher\":{\"@id\":\"https:\\\/\\\/ombrasole.com\\\/fr\\\/#organization\"},\"potentialAction\":[{\"@type\":\"SearchAction\",\"target\":{\"@type\":\"EntryPoint\",\"urlTemplate\":\"https:\\\/\\\/ombrasole.com\\\/fr\\\/?s={search_term_string}\"},\"query-input\":{\"@type\":\"PropertyValueSpecification\",\"valueRequired\":true,\"valueName\":\"search_term_string\"}}],\"inLanguage\":\"fr-FR\"},{\"@type\":\"Organization\",\"@id\":\"https:\\\/\\\/ombrasole.com\\\/fr\\\/#organization\",\"name\":\"Ombrasole\",\"alternateName\":\"Ombrasole Awnings\",\"url\":\"https:\\\/\\\/ombrasole.com\\\/fr\\\/\",\"logo\":{\"@type\":\"ImageObject\",\"inLanguage\":\"fr-FR\",\"@id\":\"https:\\\/\\\/ombrasole.com\\\/fr\\\/#\\\/schema\\\/logo\\\/image\\\/\",\"url\":\"https:\\\/\\\/ombrasole.com\\\/wp-content\\\/uploads\\\/2024\\\/01\\\/Ombrasole_logo_white.png\",\"contentUrl\":\"https:\\\/\\\/ombrasole.com\\\/wp-content\\\/uploads\\\/2024\\\/01\\\/Ombrasole_logo_white.png\",\"width\":328,\"height\":90,\"caption\":\"Ombrasole\"},\"image\":{\"@id\":\"https:\\\/\\\/ombrasole.com\\\/fr\\\/#\\\/schema\\\/logo\\\/image\\\/\"},\"sameAs\":[\"https:\\\/\\\/www.facebook.com\\\/ombrasole\\\/\"]}]}<\/script>\n<!-- \/ Yoast SEO plugin. -->","yoast_head_json":{"title":"Soumission gratuite | Ombrasole Awnings","robots":{"index":"index","follow":"follow","max-snippet":"max-snippet:-1","max-image-preview":"max-image-preview:large","max-video-preview":"max-video-preview:-1"},"canonical":"https:\/\/ombrasole.com\/fr\/estimation-gratuite\/","og_locale":"fr_FR","og_type":"article","og_title":"Soumission gratuite | Ombrasole Awnings","og_description":"DEVIS GRATUIT Parlez \u00e0 nos experts Notre \u00e9quipe d&rsquo;experts vous fournira une \u00e9valuation personnalis\u00e9e adapt\u00e9e \u00e0 vos besoins et pr\u00e9f\u00e9rences sp\u00e9cifiques. Visitez notre salle d&rsquo;exposition 8460, rue Pascal-Gagnon Saint-L\u00e9onard, Montr\u00e9al Qu\u00e9bec, H1P 1Y4, Canada Heures d&rsquo;ouverture Lundi Mardi Mercredi Jeudi Vendredi Samedi Dimanche 9:00 &#8211; 05:00 9:00 &#8211; 05:00 9:00 &#8211; 05:00 9:00 &#8211; 05:00&hellip;","og_url":"https:\/\/ombrasole.com\/fr\/estimation-gratuite\/","og_site_name":"Ombrasole Awnings","article_publisher":"https:\/\/www.facebook.com\/ombrasole\/","article_modified_time":"2026-03-02T15:55:03+00:00","og_image":[{"width":2560,"height":1244,"url":"https:\/\/ombrasole.com\/wp-content\/uploads\/2024\/03\/Copie-de-Photo-6-of-9-scaled.jpg","type":"image\/jpeg"}],"twitter_card":"summary_large_image","schema":{"@context":"https:\/\/schema.org","@graph":[{"@type":"WebPage","@id":"https:\/\/ombrasole.com\/fr\/estimation-gratuite\/","url":"https:\/\/ombrasole.com\/fr\/estimation-gratuite\/","name":"Soumission gratuite | Ombrasole Awnings","isPartOf":{"@id":"https:\/\/ombrasole.com\/fr\/#website"},"datePublished":"2024-01-04T23:45:16+00:00","dateModified":"2026-03-02T15:55:03+00:00","breadcrumb":{"@id":"https:\/\/ombrasole.com\/fr\/estimation-gratuite\/#breadcrumb"},"inLanguage":"fr-FR","potentialAction":[{"@type":"ReadAction","target":["https:\/\/ombrasole.com\/fr\/estimation-gratuite\/"]}]},{"@type":"BreadcrumbList","@id":"https:\/\/ombrasole.com\/fr\/estimation-gratuite\/#breadcrumb","itemListElement":[{"@type":"ListItem","position":1,"name":"Home","item":"https:\/\/ombrasole.com\/fr\/"},{"@type":"ListItem","position":2,"name":"Soumission gratuite"}]},{"@type":"WebSite","@id":"https:\/\/ombrasole.com\/fr\/#website","url":"https:\/\/ombrasole.com\/fr\/","name":"Ombrasole","description":"Custom Made Awnings In Montreal, Our Style Makes The Difference","publisher":{"@id":"https:\/\/ombrasole.com\/fr\/#organization"},"potentialAction":[{"@type":"SearchAction","target":{"@type":"EntryPoint","urlTemplate":"https:\/\/ombrasole.com\/fr\/?s={search_term_string}"},"query-input":{"@type":"PropertyValueSpecification","valueRequired":true,"valueName":"search_term_string"}}],"inLanguage":"fr-FR"},{"@type":"Organization","@id":"https:\/\/ombrasole.com\/fr\/#organization","name":"Ombrasole","alternateName":"Ombrasole Awnings","url":"https:\/\/ombrasole.com\/fr\/","logo":{"@type":"ImageObject","inLanguage":"fr-FR","@id":"https:\/\/ombrasole.com\/fr\/#\/schema\/logo\/image\/","url":"https:\/\/ombrasole.com\/wp-content\/uploads\/2024\/01\/Ombrasole_logo_white.png","contentUrl":"https:\/\/ombrasole.com\/wp-content\/uploads\/2024\/01\/Ombrasole_logo_white.png","width":328,"height":90,"caption":"Ombrasole"},"image":{"@id":"https:\/\/ombrasole.com\/fr\/#\/schema\/logo\/image\/"},"sameAs":["https:\/\/www.facebook.com\/ombrasole\/"]}]}},"_links":{"self":[{"href":"https:\/\/ombrasole.com\/fr\/wp-json\/wp\/v2\/pages\/1867","targetHints":{"allow":["GET"]}}],"collection":[{"href":"https:\/\/ombrasole.com\/fr\/wp-json\/wp\/v2\/pages"}],"about":[{"href":"https:\/\/ombrasole.com\/fr\/wp-json\/wp\/v2\/types\/page"}],"author":[{"embeddable":true,"href":"https:\/\/ombrasole.com\/fr\/wp-json\/wp\/v2\/users\/1"}],"replies":[{"embeddable":true,"href":"https:\/\/ombrasole.com\/fr\/wp-json\/wp\/v2\/comments?post=1867"}],"version-history":[{"count":0,"href":"https:\/\/ombrasole.com\/fr\/wp-json\/wp\/v2\/pages\/1867\/revisions"}],"wp:attachment":[{"href":"https:\/\/ombrasole.com\/fr\/wp-json\/wp\/v2\/media?parent=1867"}],"curies":[{"name":"wp","href":"https:\/\/api.w.org\/{rel}","templated":true}]}}