{"id":1866,"date":"2024-01-11T23:20:10","date_gmt":"2024-01-11T23:20:10","guid":{"rendered":"https:\/\/ombrasole.wpenginepowered.com\/residentiel-meubles-de-jardin\/"},"modified":"2025-04-17T14:19:25","modified_gmt":"2025-04-17T14:19:25","slug":"residentiel-meubles-de-jardin","status":"publish","type":"page","link":"https:\/\/ombrasole.com\/fr\/residentiel\/meubles-de-jardin\/","title":{"rendered":"R\u00e9sidentiel &#8211; Meubles de jardin"},"content":{"rendered":"\n<h4>\n\t\tLIBERTY &amp; GIOTTO\n\t<\/h4>\n<h1>\n\t\tSur mesure<br \/>Meubles de terrasse\n\t<\/h1>\n\t\t\t<a href=\"\/free-estimate\/\" target=\"_self\">\n\t\t\t\t\t\t\tSoumission gratuite\n\t\t\t\t\t<\/a>\n<h2>\n\t\tL&rsquo;\u00e9l\u00e9gance sur mesure pour votre jardin et votre terrasse\n\t<\/h2>\n\t<p>Le mobilier de jardin sur mesure d&rsquo;Ombrasole est plus qu&rsquo;un simple produit &#8211; c&rsquo;est le reflet de vos go\u00fbts personnels et d&rsquo;un engagement en faveur de la qualit\u00e9. Con\u00e7us pour les espaces r\u00e9sidentiels et commerciaux, nos meubles sont adapt\u00e9s \u00e0 vos sp\u00e9cifications, offrant une exp\u00e9rience ext\u00e9rieure unique et luxueuse.<\/p>\n\t\t\t\t<img loading=\"lazy\" decoding=\"async\" src=\"https:\/\/ombrasole.com\/wp-content\/uploads\/bb-plugin\/cache\/3-panorama-d32af4765a901b7dd074641935ee1720-.png\" alt=\"3\" itemprop=\"image\" height=\"600\" width=\"600\" title=\"3\" onerror=\"this.style.display='none'\"  \/>\n<h5>Auvents sur mesure \u00e0 Montr\u00e9al<\/h5><p>Enti\u00e8rement con\u00e7u et fabriqu\u00e9 dans notre usine de Montr\u00e9al ; promesse d&rsquo;une livraison et d&rsquo;une installation rapides.<\/p>\n\t\t\t\t<img loading=\"lazy\" decoding=\"async\" src=\"https:\/\/ombrasole.com\/wp-content\/uploads\/bb-plugin\/cache\/2-panorama-d885c163b9785ffe7f10521ba643cb18-.png\" alt=\"2\" itemprop=\"image\" height=\"600\" width=\"600\" title=\"2\" onerror=\"this.style.display='none'\"  \/>\n<h5>Mat\u00e9riaux r\u00e9sistants de haute qualit\u00e9<\/h5><p>Construit en aluminium extrud\u00e9 r\u00e9sistant \u00e0 la rouille et avec des raccords en acier inoxydable.<\/p>\n\t\t\t\t<img loading=\"lazy\" decoding=\"async\" src=\"https:\/\/ombrasole.com\/wp-content\/uploads\/bb-plugin\/cache\/1-panorama-b29cb3db784423b02bfc996834dcb08a-.png\" alt=\"1\" itemprop=\"image\" height=\"600\" width=\"600\" title=\"1\" onerror=\"this.style.display='none'\"  \/>\n<h5>Service rapide et garanties solides<\/h5><p>Garantie de 15 ans sur la structure en aluminium et de 10 ans sur les tissus.<\/p>\n\t\t\t\t<img loading=\"lazy\" decoding=\"async\" src=\"https:\/\/ombrasole.com\/wp-content\/uploads\/bb-plugin\/cache\/4-panorama-7ca450a1f2183e027615d2001680ac77-.png\" alt=\"4\" itemprop=\"image\" height=\"600\" width=\"600\" title=\"4\" onerror=\"this.style.display='none'\"  \/>\n<h5>Stockage sans effort, aucun service n&rsquo;est requis<\/h5><p>Il suffit de ranger les coussins.<\/p>\n<h2>\n\t\tLiberty and Giotto : Mobilier de jardin ext\u00e9rieur sur mesure\n\t<\/h2>\n\t<p>D\u00e9couvrez l&rsquo;univers du mobilier de jardin sur mesure d&rsquo;Ombrasole, o\u00f9 chaque pi\u00e8ce est un m\u00e9lange unique de design italien et de durabilit\u00e9 canadienne. Con\u00e7us pour r\u00e9pondre aux go\u00fbts individuels et aux exigences des espaces ext\u00e9rieurs, nos meubles sont l&rsquo;incarnation du luxe personnalis\u00e9.<\/p>\n\t<h3>Con\u00e7u selon vos sp\u00e9cifications<\/h3>\n<p>Chaque pi\u00e8ce Ombrasole est le r\u00e9sultat d&rsquo;un artisanat minutieux, adapt\u00e9 \u00e0 vos pr\u00e9f\u00e9rences. Que ce soit une taille sp\u00e9cifique, une couleur ou un tissu, votre mobilier de jardin est fabriqu\u00e9 sur mesure, garantissant un ajustement parfait pour votre espace ext\u00e9rieur.<\/p>\n<hr \/>\n<h3>\u00c9l\u00e9gance sans effort<\/h3>\n<p>Notre mobilier est con\u00e7u pour la facilit\u00e9 &#8211; de l&rsquo;aluminium r\u00e9sistant \u00e0 la rouille et sans soudure \u00e0 des processus d&rsquo;assemblage simples. Nous privil\u00e9gions votre commodit\u00e9 sans compromettre le style.<\/p>\n<hr \/>\n<h3>Confort in\u00e9gal\u00e9<\/h3>\n<p>Nous allons au-del\u00e0 des tailles standard. Nos cadres de meubles sont con\u00e7us sur mesure pour \u00eatre plus larges et plus profonds, offrant un confort exceptionnel adapt\u00e9 \u00e0 vos besoins de relaxation.<\/p>\n<hr \/>\n<h3>Personnalisation r\u00e9sistante aux intemp\u00e9ries<\/h3>\n<p>Choisissez parmi plus de 300 couleurs de toile acrylique Recasens, reconnue pour sa r\u00e9sistance aux intemp\u00e9ries et sa long\u00e9vit\u00e9, avec une garantie limit\u00e9e de 10 ans pour la d\u00e9coloration. Personnalisez pour correspondre \u00e0 votre d\u00e9cor ext\u00e9rieur.<\/p>\n<hr \/>\n<h3>Commodit\u00e9 de nettoyage<\/h3>\n<p>Des coussins avec des housses \u00e0 fermeture \u00e9clair permettent un entretien facile, assurant que votre mobilier personnalis\u00e9 reste toujours impeccable.<\/p>\n<hr \/>\n<h3>Durabilit\u00e9 esth\u00e9tique<\/h3>\n<p>Nos tables basses en aluminium personnalis\u00e9es, surmont\u00e9es de vitre tremp\u00e9e de 12MM ou en option un granit noir \u00e9l\u00e9gant , sont aussi des mat\u00e9riaux tr\u00e8s durables, compl\u00e9tant parfaitement votre cadre ext\u00e9rieur personnalis\u00e9.<\/p>\n<h4>\n\t\tTISSUS ET FOURNISSEURS DE HAUTE QUALIT\u00c9\n\t<\/h4>\n\t\t\t\t<a href=\"https:\/\/lascan.ca\/classement-produits\/acrylic-fabric\/?lang=en\"  target=\"_blank\" rel=\"noopener\"  itemprop=\"url\">\n\t\t\t\t<img loading=\"lazy\" decoding=\"async\" src=\"https:\/\/ombrasole.com\/wp-content\/uploads\/2024\/01\/Untitled-design-12.png\" alt=\"Untitled design (12)\" itemprop=\"image\" height=\"150\" width=\"150\" title=\"Untitled design (12)\" onerror=\"this.style.display='none'\"  \/>\n\t\t\t\t<\/a>\n\t\t\t\t<a href=\"https:\/\/global.sunbrella.com\/fr-fr\/fabrics\/shade\"  target=\"_blank\" rel=\"noopener\"  itemprop=\"url\">\n\t\t\t\t<img loading=\"lazy\" decoding=\"async\" src=\"https:\/\/ombrasole.com\/wp-content\/uploads\/2024\/01\/Untitled-design-10.png\" alt=\"Untitled design (10)\" itemprop=\"image\" height=\"150\" width=\"150\" title=\"Untitled design (10)\" onerror=\"this.style.display='none'\"  \/>\n\t\t\t\t<\/a>\n<h2>\n\t\tObtenez un devis gratuit pour votre solution d&rsquo;auvent personnalis\u00e9e\n\t<\/h2>\n\t\t\t<a href=\"https:\/\/ombrasole.com\/free-estimate\/\" target=\"_self\">\n\t\t\t\t\t\t\tConsultez nos experts\n\t\t\t\t\t<\/a>\n\n","protected":false},"excerpt":{"rendered":"<p>LIBERTY &amp; GIOTTO Sur mesureMeubles de terrasse Soumission gratuite L&rsquo;\u00e9l\u00e9gance sur mesure pour votre jardin et votre terrasse Le mobilier de jardin sur mesure d&rsquo;Ombrasole est plus qu&rsquo;un simple produit &#8211; c&rsquo;est le reflet de vos go\u00fbts personnels et d&rsquo;un engagement en faveur de la qualit\u00e9. Con\u00e7us pour les espaces r\u00e9sidentiels et commerciaux, nos meubles&hellip;<\/p>\n","protected":false},"author":1,"featured_media":0,"parent":0,"menu_order":0,"comment_status":"closed","ping_status":"closed","template":"","meta":{"footnotes":""},"class_list":["post-1866","page","type-page","status-publish","hentry"],"yoast_head":"<!-- This site is optimized with the Yoast SEO plugin v27.3 - https:\/\/yoast.com\/product\/yoast-seo-wordpress\/ -->\n<title>Meubles de jardin et patio fait sur mesure | Ombrasole Awnings<\/title>\n<meta name=\"description\" content=\"Le mobilier de jardin sur mesure d&#039;Ombrasole est plus qu&#039;un simple produit - c&#039;est le reflet de vos go\u00fbts personnels et d&#039;un engagement en faveur de la qualit\u00e9. Le mobilier de jardin sur mesure d&#039;Ombrasole est plus qu&#039;un simple produit - c&#039;est le reflet de vos go\u00fbts personnels et d&#039;un engagement en faveur de la qualit\u00e9.\" \/>\n<meta name=\"robots\" content=\"index, follow, max-snippet:-1, max-image-preview:large, max-video-preview:-1\" \/>\n<link rel=\"canonical\" href=\"https:\/\/ombrasole.com\/fr\/residentiel\/meubles-de-jardin\/\" \/>\n<meta property=\"og:locale\" content=\"fr_FR\" \/>\n<meta property=\"og:type\" content=\"article\" \/>\n<meta property=\"og:title\" content=\"Meubles de jardin et patio fait sur mesure | Ombrasole Awnings\" \/>\n<meta property=\"og:description\" content=\"Le mobilier de jardin sur mesure d&#039;Ombrasole est plus qu&#039;un simple produit - c&#039;est le reflet de vos go\u00fbts personnels et d&#039;un engagement en faveur de la qualit\u00e9. Le mobilier de jardin sur mesure d&#039;Ombrasole est plus qu&#039;un simple produit - c&#039;est le reflet de vos go\u00fbts personnels et d&#039;un engagement en faveur de la qualit\u00e9.\" \/>\n<meta property=\"og:url\" content=\"https:\/\/ombrasole.com\/fr\/residentiel\/meubles-de-jardin\/\" \/>\n<meta property=\"og:site_name\" content=\"Ombrasole Awnings\" \/>\n<meta property=\"article:publisher\" content=\"https:\/\/www.facebook.com\/ombrasole\/\" \/>\n<meta property=\"article:modified_time\" content=\"2025-04-17T14:19:25+00:00\" \/>\n<meta property=\"og:image\" content=\"https:\/\/ombrasole.com\/wp-content\/uploads\/bb-plugin\/cache\/3-panorama-d32af4765a901b7dd074641935ee1720-.png\" \/>\n<meta name=\"twitter:card\" content=\"summary_large_image\" \/>\n<meta name=\"twitter:label1\" content=\"Dur\u00e9e de lecture estim\u00e9e\" \/>\n\t<meta name=\"twitter:data1\" content=\"3 minutes\" \/>\n<script type=\"application\/ld+json\" class=\"yoast-schema-graph\">{\"@context\":\"https:\\\/\\\/schema.org\",\"@graph\":[{\"@type\":\"WebPage\",\"@id\":\"https:\\\/\\\/ombrasole.com\\\/fr\\\/residentiel\\\/meubles-de-jardin\\\/\",\"url\":\"https:\\\/\\\/ombrasole.com\\\/fr\\\/residentiel\\\/meubles-de-jardin\\\/\",\"name\":\"Meubles de jardin et patio fait sur mesure | Ombrasole Awnings\",\"isPartOf\":{\"@id\":\"https:\\\/\\\/ombrasole.com\\\/fr\\\/#website\"},\"primaryImageOfPage\":{\"@id\":\"https:\\\/\\\/ombrasole.com\\\/fr\\\/residentiel\\\/meubles-de-jardin\\\/#primaryimage\"},\"image\":{\"@id\":\"https:\\\/\\\/ombrasole.com\\\/fr\\\/residentiel\\\/meubles-de-jardin\\\/#primaryimage\"},\"thumbnailUrl\":\"https:\\\/\\\/ombrasole.com\\\/wp-content\\\/uploads\\\/bb-plugin\\\/cache\\\/3-panorama-d32af4765a901b7dd074641935ee1720-.png\",\"datePublished\":\"2024-01-11T23:20:10+00:00\",\"dateModified\":\"2025-04-17T14:19:25+00:00\",\"description\":\"Le mobilier de jardin sur mesure d'Ombrasole est plus qu'un simple produit - c'est le reflet de vos go\u00fbts personnels et d'un engagement en faveur de la qualit\u00e9. Le mobilier de jardin sur mesure d'Ombrasole est plus qu'un simple produit - c'est le reflet de vos go\u00fbts personnels et d'un engagement en faveur de la qualit\u00e9.\",\"breadcrumb\":{\"@id\":\"https:\\\/\\\/ombrasole.com\\\/fr\\\/residentiel\\\/meubles-de-jardin\\\/#breadcrumb\"},\"inLanguage\":\"fr-FR\",\"potentialAction\":[{\"@type\":\"ReadAction\",\"target\":[\"https:\\\/\\\/ombrasole.com\\\/fr\\\/residentiel\\\/meubles-de-jardin\\\/\"]}]},{\"@type\":\"ImageObject\",\"inLanguage\":\"fr-FR\",\"@id\":\"https:\\\/\\\/ombrasole.com\\\/fr\\\/residentiel\\\/meubles-de-jardin\\\/#primaryimage\",\"url\":\"https:\\\/\\\/ombrasole.com\\\/wp-content\\\/uploads\\\/bb-plugin\\\/cache\\\/3-panorama-d32af4765a901b7dd074641935ee1720-.png\",\"contentUrl\":\"https:\\\/\\\/ombrasole.com\\\/wp-content\\\/uploads\\\/bb-plugin\\\/cache\\\/3-panorama-d32af4765a901b7dd074641935ee1720-.png\"},{\"@type\":\"BreadcrumbList\",\"@id\":\"https:\\\/\\\/ombrasole.com\\\/fr\\\/residentiel\\\/meubles-de-jardin\\\/#breadcrumb\",\"itemListElement\":[{\"@type\":\"ListItem\",\"position\":1,\"name\":\"Home\",\"item\":\"https:\\\/\\\/ombrasole.com\\\/fr\\\/\"},{\"@type\":\"ListItem\",\"position\":2,\"name\":\"R\u00e9sidentiel &#8211; Meubles de jardin\"}]},{\"@type\":\"WebSite\",\"@id\":\"https:\\\/\\\/ombrasole.com\\\/fr\\\/#website\",\"url\":\"https:\\\/\\\/ombrasole.com\\\/fr\\\/\",\"name\":\"Ombrasole\",\"description\":\"Custom Made Awnings In Montreal, Our Style Makes The Difference\",\"publisher\":{\"@id\":\"https:\\\/\\\/ombrasole.com\\\/fr\\\/#organization\"},\"potentialAction\":[{\"@type\":\"SearchAction\",\"target\":{\"@type\":\"EntryPoint\",\"urlTemplate\":\"https:\\\/\\\/ombrasole.com\\\/fr\\\/?s={search_term_string}\"},\"query-input\":{\"@type\":\"PropertyValueSpecification\",\"valueRequired\":true,\"valueName\":\"search_term_string\"}}],\"inLanguage\":\"fr-FR\"},{\"@type\":\"Organization\",\"@id\":\"https:\\\/\\\/ombrasole.com\\\/fr\\\/#organization\",\"name\":\"Ombrasole\",\"alternateName\":\"Ombrasole Awnings\",\"url\":\"https:\\\/\\\/ombrasole.com\\\/fr\\\/\",\"logo\":{\"@type\":\"ImageObject\",\"inLanguage\":\"fr-FR\",\"@id\":\"https:\\\/\\\/ombrasole.com\\\/fr\\\/#\\\/schema\\\/logo\\\/image\\\/\",\"url\":\"https:\\\/\\\/ombrasole.com\\\/wp-content\\\/uploads\\\/2024\\\/01\\\/Ombrasole_logo_white.png\",\"contentUrl\":\"https:\\\/\\\/ombrasole.com\\\/wp-content\\\/uploads\\\/2024\\\/01\\\/Ombrasole_logo_white.png\",\"width\":328,\"height\":90,\"caption\":\"Ombrasole\"},\"image\":{\"@id\":\"https:\\\/\\\/ombrasole.com\\\/fr\\\/#\\\/schema\\\/logo\\\/image\\\/\"},\"sameAs\":[\"https:\\\/\\\/www.facebook.com\\\/ombrasole\\\/\"]}]}<\/script>\n<!-- \/ Yoast SEO plugin. -->","yoast_head_json":{"title":"Meubles de jardin et patio fait sur mesure | Ombrasole Awnings","description":"Le mobilier de jardin sur mesure d'Ombrasole est plus qu'un simple produit - c'est le reflet de vos go\u00fbts personnels et d'un engagement en faveur de la qualit\u00e9. Le mobilier de jardin sur mesure d'Ombrasole est plus qu'un simple produit - c'est le reflet de vos go\u00fbts personnels et d'un engagement en faveur de la qualit\u00e9.","robots":{"index":"index","follow":"follow","max-snippet":"max-snippet:-1","max-image-preview":"max-image-preview:large","max-video-preview":"max-video-preview:-1"},"canonical":"https:\/\/ombrasole.com\/fr\/residentiel\/meubles-de-jardin\/","og_locale":"fr_FR","og_type":"article","og_title":"Meubles de jardin et patio fait sur mesure | Ombrasole Awnings","og_description":"Le mobilier de jardin sur mesure d'Ombrasole est plus qu'un simple produit - c'est le reflet de vos go\u00fbts personnels et d'un engagement en faveur de la qualit\u00e9. Le mobilier de jardin sur mesure d'Ombrasole est plus qu'un simple produit - c'est le reflet de vos go\u00fbts personnels et d'un engagement en faveur de la qualit\u00e9.","og_url":"https:\/\/ombrasole.com\/fr\/residentiel\/meubles-de-jardin\/","og_site_name":"Ombrasole Awnings","article_publisher":"https:\/\/www.facebook.com\/ombrasole\/","article_modified_time":"2025-04-17T14:19:25+00:00","og_image":[{"url":"https:\/\/ombrasole.com\/wp-content\/uploads\/bb-plugin\/cache\/3-panorama-d32af4765a901b7dd074641935ee1720-.png","type":"","width":"","height":""}],"twitter_card":"summary_large_image","twitter_misc":{"Dur\u00e9e de lecture estim\u00e9e":"3 minutes"},"schema":{"@context":"https:\/\/schema.org","@graph":[{"@type":"WebPage","@id":"https:\/\/ombrasole.com\/fr\/residentiel\/meubles-de-jardin\/","url":"https:\/\/ombrasole.com\/fr\/residentiel\/meubles-de-jardin\/","name":"Meubles de jardin et patio fait sur mesure | Ombrasole Awnings","isPartOf":{"@id":"https:\/\/ombrasole.com\/fr\/#website"},"primaryImageOfPage":{"@id":"https:\/\/ombrasole.com\/fr\/residentiel\/meubles-de-jardin\/#primaryimage"},"image":{"@id":"https:\/\/ombrasole.com\/fr\/residentiel\/meubles-de-jardin\/#primaryimage"},"thumbnailUrl":"https:\/\/ombrasole.com\/wp-content\/uploads\/bb-plugin\/cache\/3-panorama-d32af4765a901b7dd074641935ee1720-.png","datePublished":"2024-01-11T23:20:10+00:00","dateModified":"2025-04-17T14:19:25+00:00","description":"Le mobilier de jardin sur mesure d'Ombrasole est plus qu'un simple produit - c'est le reflet de vos go\u00fbts personnels et d'un engagement en faveur de la qualit\u00e9. Le mobilier de jardin sur mesure d'Ombrasole est plus qu'un simple produit - c'est le reflet de vos go\u00fbts personnels et d'un engagement en faveur de la qualit\u00e9.","breadcrumb":{"@id":"https:\/\/ombrasole.com\/fr\/residentiel\/meubles-de-jardin\/#breadcrumb"},"inLanguage":"fr-FR","potentialAction":[{"@type":"ReadAction","target":["https:\/\/ombrasole.com\/fr\/residentiel\/meubles-de-jardin\/"]}]},{"@type":"ImageObject","inLanguage":"fr-FR","@id":"https:\/\/ombrasole.com\/fr\/residentiel\/meubles-de-jardin\/#primaryimage","url":"https:\/\/ombrasole.com\/wp-content\/uploads\/bb-plugin\/cache\/3-panorama-d32af4765a901b7dd074641935ee1720-.png","contentUrl":"https:\/\/ombrasole.com\/wp-content\/uploads\/bb-plugin\/cache\/3-panorama-d32af4765a901b7dd074641935ee1720-.png"},{"@type":"BreadcrumbList","@id":"https:\/\/ombrasole.com\/fr\/residentiel\/meubles-de-jardin\/#breadcrumb","itemListElement":[{"@type":"ListItem","position":1,"name":"Home","item":"https:\/\/ombrasole.com\/fr\/"},{"@type":"ListItem","position":2,"name":"R\u00e9sidentiel &#8211; Meubles de jardin"}]},{"@type":"WebSite","@id":"https:\/\/ombrasole.com\/fr\/#website","url":"https:\/\/ombrasole.com\/fr\/","name":"Ombrasole","description":"Custom Made Awnings In Montreal, Our Style Makes The Difference","publisher":{"@id":"https:\/\/ombrasole.com\/fr\/#organization"},"potentialAction":[{"@type":"SearchAction","target":{"@type":"EntryPoint","urlTemplate":"https:\/\/ombrasole.com\/fr\/?s={search_term_string}"},"query-input":{"@type":"PropertyValueSpecification","valueRequired":true,"valueName":"search_term_string"}}],"inLanguage":"fr-FR"},{"@type":"Organization","@id":"https:\/\/ombrasole.com\/fr\/#organization","name":"Ombrasole","alternateName":"Ombrasole Awnings","url":"https:\/\/ombrasole.com\/fr\/","logo":{"@type":"ImageObject","inLanguage":"fr-FR","@id":"https:\/\/ombrasole.com\/fr\/#\/schema\/logo\/image\/","url":"https:\/\/ombrasole.com\/wp-content\/uploads\/2024\/01\/Ombrasole_logo_white.png","contentUrl":"https:\/\/ombrasole.com\/wp-content\/uploads\/2024\/01\/Ombrasole_logo_white.png","width":328,"height":90,"caption":"Ombrasole"},"image":{"@id":"https:\/\/ombrasole.com\/fr\/#\/schema\/logo\/image\/"},"sameAs":["https:\/\/www.facebook.com\/ombrasole\/"]}]}},"_links":{"self":[{"href":"https:\/\/ombrasole.com\/fr\/wp-json\/wp\/v2\/pages\/1866","targetHints":{"allow":["GET"]}}],"collection":[{"href":"https:\/\/ombrasole.com\/fr\/wp-json\/wp\/v2\/pages"}],"about":[{"href":"https:\/\/ombrasole.com\/fr\/wp-json\/wp\/v2\/types\/page"}],"author":[{"embeddable":true,"href":"https:\/\/ombrasole.com\/fr\/wp-json\/wp\/v2\/users\/1"}],"replies":[{"embeddable":true,"href":"https:\/\/ombrasole.com\/fr\/wp-json\/wp\/v2\/comments?post=1866"}],"version-history":[{"count":0,"href":"https:\/\/ombrasole.com\/fr\/wp-json\/wp\/v2\/pages\/1866\/revisions"}],"wp:attachment":[{"href":"https:\/\/ombrasole.com\/fr\/wp-json\/wp\/v2\/media?parent=1866"}],"curies":[{"name":"wp","href":"https:\/\/api.w.org\/{rel}","templated":true}]}}