{"id":1865,"date":"2024-01-24T01:08:13","date_gmt":"2024-01-24T01:08:13","guid":{"rendered":"https:\/\/ombrasole.wpenginepowered.com\/commercial-abri-dhiver\/"},"modified":"2025-04-11T18:33:25","modified_gmt":"2025-04-11T18:33:25","slug":"commercial-abri-dhiver","status":"publish","type":"page","link":"https:\/\/ombrasole.com\/fr\/commercial\/abri-hiver-fixes\/","title":{"rendered":"Commercial &#8211; Abri d&rsquo;hiver"},"content":{"rendered":"\n<h4>\n\t\tCOMMERCIAL\n\t<\/h4>\n<h1>\n\t\tAbris d&rsquo;hiver<br \/>pour commerces\n\t<\/h1>\n\t\t\t<a href=\"\/free-estimate\/\" target=\"_self\">\n\t\t\t\t\t\t\tSoumission gratuite\n\t\t\t\t\t<\/a>\n<h2>\n\t\tProt\u00e9gez les entr\u00e9es de votre entreprise avec nos abris d&rsquo;hiver sur mesure\n\t<\/h2>\n\t<p>Les abris d&rsquo;hiver sur mesure d&rsquo;Ombrasole sont sp\u00e9cialement con\u00e7us pour prot\u00e9ger les entr\u00e9es de votre entreprise pendant les mois d&rsquo;hiver rigoureux. Ces abris constituent une solution pratique et \u00e9l\u00e9gante pour d\u00e9neiger et d\u00e9glacer vos entr\u00e9es commerciales, garantissant ainsi un point d&rsquo;acc\u00e8s s\u00fbr et accueillant pour les clients et les employ\u00e9s.<\/p>\n\t\t\t\t<img loading=\"lazy\" decoding=\"async\" src=\"https:\/\/ombrasole.com\/wp-content\/uploads\/bb-plugin\/cache\/3-panorama-d32af4765a901b7dd074641935ee1720-.png\" alt=\"3\" itemprop=\"image\" height=\"600\" width=\"600\" title=\"3\" onerror=\"this.style.display='none'\"  \/>\n<h5>Auvents sur mesure \u00e0 Montr\u00e9al<\/h5><p>Enti\u00e8rement con\u00e7u et fabriqu\u00e9 dans notre usine de Montr\u00e9al ; promesse d&rsquo;une livraison et d&rsquo;une installation rapides.<\/p>\n\t\t\t\t<img loading=\"lazy\" decoding=\"async\" src=\"https:\/\/ombrasole.com\/wp-content\/uploads\/bb-plugin\/cache\/2-panorama-d885c163b9785ffe7f10521ba643cb18-.png\" alt=\"2\" itemprop=\"image\" height=\"600\" width=\"600\" title=\"2\" onerror=\"this.style.display='none'\"  \/>\n<h5>Mat\u00e9riaux r\u00e9sistants de haute qualit\u00e9<\/h5><p>Construit en aluminium extrud\u00e9 r\u00e9sistant \u00e0 la rouille et avec des raccords en acier inoxydable.<\/p>\n\t\t\t\t<img loading=\"lazy\" decoding=\"async\" src=\"https:\/\/ombrasole.com\/wp-content\/uploads\/bb-plugin\/cache\/1-panorama-b29cb3db784423b02bfc996834dcb08a-.png\" alt=\"1\" itemprop=\"image\" height=\"600\" width=\"600\" title=\"1\" onerror=\"this.style.display='none'\"  \/>\n<h5>Service rapide et garanties solides<\/h5><p>Garantie de 15 ans sur les tissus en vinyle Serge Ferrari.<\/p>\n\t\t\t\t<img loading=\"lazy\" decoding=\"async\" src=\"https:\/\/ombrasole.com\/wp-content\/uploads\/bb-plugin\/cache\/4-panorama-7ca450a1f2183e027615d2001680ac77-.png\" alt=\"4\" itemprop=\"image\" height=\"600\" width=\"600\" title=\"4\" onerror=\"this.style.display='none'\"  \/>\n<h5>Stockage sans effort, aucun service n&rsquo;est requis<\/h5><p>Nos mod\u00e8les r\u00e9sistent \u00e0 l&rsquo;hiver et se rangent eux-m\u00eames pour un entretien sans effort.<\/p>\n<h2>\n\t\tAbris d&rsquo;hiver commerciaux sur mesure\n\t<\/h2>\n\t<p>Les abris d&rsquo;hiver sur mesure d&rsquo;Ombrasole, destin\u00e9s \u00e0 un usage commercial, sont plus qu&rsquo;une simple n\u00e9cessit\u00e9 saisonni\u00e8re ; ils constituent un investissement dans la fonctionnalit\u00e9 et l&rsquo;attrait esth\u00e9tique de votre entreprise. Prot\u00e9gez vos entr\u00e9es avec style, s\u00e9curit\u00e9 et durabilit\u00e9 cet hiver avec Ombrasole.<\/p>\n\t<h3>Durabilit\u00e9 de niveau commercial : Conception robuste des abris Ombrasole<\/h3>\n<p>Les abris d&rsquo;hiver d&rsquo;Ombrasole sont construits avec des mat\u00e9riaux de qualit\u00e9 commerciale, garantissant leur r\u00e9sistance aux fortes chutes de neige, au gel et aux vents hivernaux. Nos abris sont con\u00e7us pour endurer les rigueurs d&rsquo;un environnement commercial, offrant une protection fiable saison apr\u00e8s saison.<\/p>\n<hr \/>\n<h3>Attrait esth\u00e9tique sur mesure : Adapt\u00e9 \u00e0 votre marque<\/h3>\n<p>Reconnaissant l&rsquo;importance de l&rsquo;image de marque, Ombrasole propose des abris personnalisables pour s&rsquo;aligner sur l&rsquo;esth\u00e9tique de votre entreprise. De la s\u00e9lection des mat\u00e9riaux au choix des couleurs et des styles, nos abris sont con\u00e7us pour am\u00e9liorer l&rsquo;attrait visuel de vos entr\u00e9es commerciales.<\/p>\n<hr \/>\n<h3>Installation simplifi\u00e9e : Efficace et s\u00e9curis\u00e9e<\/h3>\n<p>L&rsquo;efficacit\u00e9 est la cl\u00e9 dans un cadre professionnel, et nos abris d&rsquo;hiver sont con\u00e7us pour une installation rapide et s\u00e9curis\u00e9e. Cette configuration sans tracas assure une perturbation minimale de vos op\u00e9rations commerciales, offrant une solution imm\u00e9diate aux d\u00e9fis de la m\u00e9t\u00e9o hivernale.<\/p>\n<hr \/>\n<h3>Utilisation multifonctionnelle : Extension de votre espace commercial<\/h3>\n<p>Au-del\u00e0 de la protection, les abris d&rsquo;hiver d&rsquo;Ombrasole peuvent servir d&rsquo;extension \u00e0 votre espace commercial. Utilisez-les pour un stockage suppl\u00e9mentaire, un espace de r\u00e9ception ext\u00e9rieur ou simplement pour fournir un abri aux clients pendant les intemp\u00e9ries dans les zones ext\u00e9rieures.<\/p>\n<hr \/>\n<h3>Mat\u00e9riaux de haute qualit\u00e9 et r\u00e9sistants<\/h3>\n<p>Nos abris d&rsquo;entr\u00e9e et auvents sont faits d&rsquo;aluminium naturel et de toile en vinyle. Les couvertures en vinyle de Serge Ferrari prot\u00e8gent contre le soleil, les intemp\u00e9ries et la neige.<\/p>\n<h4>\n\t\tTISSUS ET FOURNISSEURS DE HAUTE QUALIT\u00c9\n\t<\/h4>\n\t\t\t\t<a href=\"https:\/\/ombrasole.com\/wp-content\/uploads\/2024\/02\/sergeFerrariCatalog-1.pdf\"  target=\"_blank\" rel=\"noopener\"  itemprop=\"url\">\n\t\t\t\t<img loading=\"lazy\" decoding=\"async\" src=\"https:\/\/ombrasole.com\/wp-content\/uploads\/2024\/01\/serge-ferrari.png\" alt=\"serge ferrari\" itemprop=\"image\" height=\"150\" width=\"150\" title=\"serge ferrari\" onerror=\"this.style.display='none'\"  \/>\n\t\t\t\t<\/a>\n\t\t\t\t<a href=\"https:\/\/ombrasole.com\/wp-content\/uploads\/2024\/02\/soltisCatalog-1.pdf\"  target=\"_blank\" rel=\"noopener\"  itemprop=\"url\">\n\t\t\t\t<img loading=\"lazy\" decoding=\"async\" src=\"https:\/\/ombrasole.com\/wp-content\/uploads\/2024\/02\/soltis-logo-1.jpg\" alt=\"soltis-logo\" itemprop=\"image\" height=\"97\" width=\"314\" title=\"soltis-logo\" onerror=\"this.style.display='none'\"  \/>\n\t\t\t\t<\/a>\n<h2>\n\t\tObtenez un devis gratuit pour votre solution d&rsquo;auvent personnalis\u00e9e\n\t<\/h2>\n\t\t\t<a href=\"https:\/\/ombrasole.com\/free-estimate\/\" target=\"_self\">\n\t\t\t\t\t\t\tConsultez nos experts\n\t\t\t\t\t<\/a>\n\n","protected":false},"excerpt":{"rendered":"<p>COMMERCIAL Abris d&rsquo;hiverpour commerces Soumission gratuite Prot\u00e9gez les entr\u00e9es de votre entreprise avec nos abris d&rsquo;hiver sur mesure Les abris d&rsquo;hiver sur mesure d&rsquo;Ombrasole sont sp\u00e9cialement con\u00e7us pour prot\u00e9ger les entr\u00e9es de votre entreprise pendant les mois d&rsquo;hiver rigoureux. Ces abris constituent une solution pratique et \u00e9l\u00e9gante pour d\u00e9neiger et d\u00e9glacer vos entr\u00e9es commerciales, garantissant&hellip;<\/p>\n","protected":false},"author":1,"featured_media":0,"parent":0,"menu_order":0,"comment_status":"closed","ping_status":"closed","template":"","meta":{"footnotes":""},"class_list":["post-1865","page","type-page","status-publish","hentry"],"yoast_head":"<!-- This site is optimized with the Yoast SEO plugin v27.3 - https:\/\/yoast.com\/product\/yoast-seo-wordpress\/ -->\n<title>Abris d&#039;hiver pour commerces et entreprises | Ombrasole Awnings<\/title>\n<meta name=\"description\" content=\"Les abris d&#039;hiver sur mesure d&#039;Ombrasole sont sp\u00e9cialement con\u00e7us pour prot\u00e9ger les entr\u00e9es de votre entreprise pendant les mois d&#039;hiver rigoureux. Les abris d&#039;hiver sur mesure d&#039;Ombrasole sont sp\u00e9cialement con\u00e7us pour prot\u00e9ger les entr\u00e9es de votre entreprise pendant les mois d&#039;hiver rigoureux.\" \/>\n<meta name=\"robots\" content=\"index, follow, max-snippet:-1, max-image-preview:large, max-video-preview:-1\" \/>\n<link rel=\"canonical\" href=\"https:\/\/ombrasole.com\/fr\/commercial\/abri-hiver-fixes\/\" \/>\n<meta property=\"og:locale\" content=\"fr_FR\" \/>\n<meta property=\"og:type\" content=\"article\" \/>\n<meta property=\"og:title\" content=\"Abris d&#039;hiver pour commerces et entreprises | Ombrasole Awnings\" \/>\n<meta property=\"og:description\" content=\"Les abris d&#039;hiver sur mesure d&#039;Ombrasole sont sp\u00e9cialement con\u00e7us pour prot\u00e9ger les entr\u00e9es de votre entreprise pendant les mois d&#039;hiver rigoureux. Les abris d&#039;hiver sur mesure d&#039;Ombrasole sont sp\u00e9cialement con\u00e7us pour prot\u00e9ger les entr\u00e9es de votre entreprise pendant les mois d&#039;hiver rigoureux.\" \/>\n<meta property=\"og:url\" content=\"https:\/\/ombrasole.com\/fr\/commercial\/abri-hiver-fixes\/\" \/>\n<meta property=\"og:site_name\" content=\"Ombrasole Awnings\" \/>\n<meta property=\"article:publisher\" content=\"https:\/\/www.facebook.com\/ombrasole\/\" \/>\n<meta property=\"article:modified_time\" content=\"2025-04-11T18:33:25+00:00\" \/>\n<meta property=\"og:image\" content=\"https:\/\/ombrasole.com\/wp-content\/uploads\/bb-plugin\/cache\/3-panorama-d32af4765a901b7dd074641935ee1720-.png\" \/>\n<meta name=\"twitter:card\" content=\"summary_large_image\" \/>\n<meta name=\"twitter:label1\" content=\"Dur\u00e9e de lecture estim\u00e9e\" \/>\n\t<meta name=\"twitter:data1\" content=\"3 minutes\" \/>\n<script type=\"application\/ld+json\" class=\"yoast-schema-graph\">{\"@context\":\"https:\\\/\\\/schema.org\",\"@graph\":[{\"@type\":\"WebPage\",\"@id\":\"https:\\\/\\\/ombrasole.com\\\/fr\\\/commercial\\\/abri-hiver-fixes\\\/\",\"url\":\"https:\\\/\\\/ombrasole.com\\\/fr\\\/commercial\\\/abri-hiver-fixes\\\/\",\"name\":\"Abris d'hiver pour commerces et entreprises | Ombrasole Awnings\",\"isPartOf\":{\"@id\":\"https:\\\/\\\/ombrasole.com\\\/fr\\\/#website\"},\"primaryImageOfPage\":{\"@id\":\"https:\\\/\\\/ombrasole.com\\\/fr\\\/commercial\\\/abri-hiver-fixes\\\/#primaryimage\"},\"image\":{\"@id\":\"https:\\\/\\\/ombrasole.com\\\/fr\\\/commercial\\\/abri-hiver-fixes\\\/#primaryimage\"},\"thumbnailUrl\":\"https:\\\/\\\/ombrasole.com\\\/wp-content\\\/uploads\\\/bb-plugin\\\/cache\\\/3-panorama-d32af4765a901b7dd074641935ee1720-.png\",\"datePublished\":\"2024-01-24T01:08:13+00:00\",\"dateModified\":\"2025-04-11T18:33:25+00:00\",\"description\":\"Les abris d'hiver sur mesure d'Ombrasole sont sp\u00e9cialement con\u00e7us pour prot\u00e9ger les entr\u00e9es de votre entreprise pendant les mois d'hiver rigoureux. Les abris d'hiver sur mesure d'Ombrasole sont sp\u00e9cialement con\u00e7us pour prot\u00e9ger les entr\u00e9es de votre entreprise pendant les mois d'hiver rigoureux.\",\"breadcrumb\":{\"@id\":\"https:\\\/\\\/ombrasole.com\\\/fr\\\/commercial\\\/abri-hiver-fixes\\\/#breadcrumb\"},\"inLanguage\":\"fr-FR\",\"potentialAction\":[{\"@type\":\"ReadAction\",\"target\":[\"https:\\\/\\\/ombrasole.com\\\/fr\\\/commercial\\\/abri-hiver-fixes\\\/\"]}]},{\"@type\":\"ImageObject\",\"inLanguage\":\"fr-FR\",\"@id\":\"https:\\\/\\\/ombrasole.com\\\/fr\\\/commercial\\\/abri-hiver-fixes\\\/#primaryimage\",\"url\":\"https:\\\/\\\/ombrasole.com\\\/wp-content\\\/uploads\\\/bb-plugin\\\/cache\\\/3-panorama-d32af4765a901b7dd074641935ee1720-.png\",\"contentUrl\":\"https:\\\/\\\/ombrasole.com\\\/wp-content\\\/uploads\\\/bb-plugin\\\/cache\\\/3-panorama-d32af4765a901b7dd074641935ee1720-.png\"},{\"@type\":\"BreadcrumbList\",\"@id\":\"https:\\\/\\\/ombrasole.com\\\/fr\\\/commercial\\\/abri-hiver-fixes\\\/#breadcrumb\",\"itemListElement\":[{\"@type\":\"ListItem\",\"position\":1,\"name\":\"Home\",\"item\":\"https:\\\/\\\/ombrasole.com\\\/fr\\\/\"},{\"@type\":\"ListItem\",\"position\":2,\"name\":\"Commercial &#8211; Abri d&rsquo;hiver\"}]},{\"@type\":\"WebSite\",\"@id\":\"https:\\\/\\\/ombrasole.com\\\/fr\\\/#website\",\"url\":\"https:\\\/\\\/ombrasole.com\\\/fr\\\/\",\"name\":\"Ombrasole\",\"description\":\"Custom Made Awnings In Montreal, Our Style Makes The Difference\",\"publisher\":{\"@id\":\"https:\\\/\\\/ombrasole.com\\\/fr\\\/#organization\"},\"potentialAction\":[{\"@type\":\"SearchAction\",\"target\":{\"@type\":\"EntryPoint\",\"urlTemplate\":\"https:\\\/\\\/ombrasole.com\\\/fr\\\/?s={search_term_string}\"},\"query-input\":{\"@type\":\"PropertyValueSpecification\",\"valueRequired\":true,\"valueName\":\"search_term_string\"}}],\"inLanguage\":\"fr-FR\"},{\"@type\":\"Organization\",\"@id\":\"https:\\\/\\\/ombrasole.com\\\/fr\\\/#organization\",\"name\":\"Ombrasole\",\"alternateName\":\"Ombrasole Awnings\",\"url\":\"https:\\\/\\\/ombrasole.com\\\/fr\\\/\",\"logo\":{\"@type\":\"ImageObject\",\"inLanguage\":\"fr-FR\",\"@id\":\"https:\\\/\\\/ombrasole.com\\\/fr\\\/#\\\/schema\\\/logo\\\/image\\\/\",\"url\":\"https:\\\/\\\/ombrasole.com\\\/wp-content\\\/uploads\\\/2024\\\/01\\\/Ombrasole_logo_white.png\",\"contentUrl\":\"https:\\\/\\\/ombrasole.com\\\/wp-content\\\/uploads\\\/2024\\\/01\\\/Ombrasole_logo_white.png\",\"width\":328,\"height\":90,\"caption\":\"Ombrasole\"},\"image\":{\"@id\":\"https:\\\/\\\/ombrasole.com\\\/fr\\\/#\\\/schema\\\/logo\\\/image\\\/\"},\"sameAs\":[\"https:\\\/\\\/www.facebook.com\\\/ombrasole\\\/\"]}]}<\/script>\n<!-- \/ Yoast SEO plugin. -->","yoast_head_json":{"title":"Abris d'hiver pour commerces et entreprises | Ombrasole Awnings","description":"Les abris d'hiver sur mesure d'Ombrasole sont sp\u00e9cialement con\u00e7us pour prot\u00e9ger les entr\u00e9es de votre entreprise pendant les mois d'hiver rigoureux. Les abris d'hiver sur mesure d'Ombrasole sont sp\u00e9cialement con\u00e7us pour prot\u00e9ger les entr\u00e9es de votre entreprise pendant les mois d'hiver rigoureux.","robots":{"index":"index","follow":"follow","max-snippet":"max-snippet:-1","max-image-preview":"max-image-preview:large","max-video-preview":"max-video-preview:-1"},"canonical":"https:\/\/ombrasole.com\/fr\/commercial\/abri-hiver-fixes\/","og_locale":"fr_FR","og_type":"article","og_title":"Abris d'hiver pour commerces et entreprises | Ombrasole Awnings","og_description":"Les abris d'hiver sur mesure d'Ombrasole sont sp\u00e9cialement con\u00e7us pour prot\u00e9ger les entr\u00e9es de votre entreprise pendant les mois d'hiver rigoureux. Les abris d'hiver sur mesure d'Ombrasole sont sp\u00e9cialement con\u00e7us pour prot\u00e9ger les entr\u00e9es de votre entreprise pendant les mois d'hiver rigoureux.","og_url":"https:\/\/ombrasole.com\/fr\/commercial\/abri-hiver-fixes\/","og_site_name":"Ombrasole Awnings","article_publisher":"https:\/\/www.facebook.com\/ombrasole\/","article_modified_time":"2025-04-11T18:33:25+00:00","og_image":[{"url":"https:\/\/ombrasole.com\/wp-content\/uploads\/bb-plugin\/cache\/3-panorama-d32af4765a901b7dd074641935ee1720-.png","type":"","width":"","height":""}],"twitter_card":"summary_large_image","twitter_misc":{"Dur\u00e9e de lecture estim\u00e9e":"3 minutes"},"schema":{"@context":"https:\/\/schema.org","@graph":[{"@type":"WebPage","@id":"https:\/\/ombrasole.com\/fr\/commercial\/abri-hiver-fixes\/","url":"https:\/\/ombrasole.com\/fr\/commercial\/abri-hiver-fixes\/","name":"Abris d'hiver pour commerces et entreprises | Ombrasole Awnings","isPartOf":{"@id":"https:\/\/ombrasole.com\/fr\/#website"},"primaryImageOfPage":{"@id":"https:\/\/ombrasole.com\/fr\/commercial\/abri-hiver-fixes\/#primaryimage"},"image":{"@id":"https:\/\/ombrasole.com\/fr\/commercial\/abri-hiver-fixes\/#primaryimage"},"thumbnailUrl":"https:\/\/ombrasole.com\/wp-content\/uploads\/bb-plugin\/cache\/3-panorama-d32af4765a901b7dd074641935ee1720-.png","datePublished":"2024-01-24T01:08:13+00:00","dateModified":"2025-04-11T18:33:25+00:00","description":"Les abris d'hiver sur mesure d'Ombrasole sont sp\u00e9cialement con\u00e7us pour prot\u00e9ger les entr\u00e9es de votre entreprise pendant les mois d'hiver rigoureux. Les abris d'hiver sur mesure d'Ombrasole sont sp\u00e9cialement con\u00e7us pour prot\u00e9ger les entr\u00e9es de votre entreprise pendant les mois d'hiver rigoureux.","breadcrumb":{"@id":"https:\/\/ombrasole.com\/fr\/commercial\/abri-hiver-fixes\/#breadcrumb"},"inLanguage":"fr-FR","potentialAction":[{"@type":"ReadAction","target":["https:\/\/ombrasole.com\/fr\/commercial\/abri-hiver-fixes\/"]}]},{"@type":"ImageObject","inLanguage":"fr-FR","@id":"https:\/\/ombrasole.com\/fr\/commercial\/abri-hiver-fixes\/#primaryimage","url":"https:\/\/ombrasole.com\/wp-content\/uploads\/bb-plugin\/cache\/3-panorama-d32af4765a901b7dd074641935ee1720-.png","contentUrl":"https:\/\/ombrasole.com\/wp-content\/uploads\/bb-plugin\/cache\/3-panorama-d32af4765a901b7dd074641935ee1720-.png"},{"@type":"BreadcrumbList","@id":"https:\/\/ombrasole.com\/fr\/commercial\/abri-hiver-fixes\/#breadcrumb","itemListElement":[{"@type":"ListItem","position":1,"name":"Home","item":"https:\/\/ombrasole.com\/fr\/"},{"@type":"ListItem","position":2,"name":"Commercial &#8211; Abri d&rsquo;hiver"}]},{"@type":"WebSite","@id":"https:\/\/ombrasole.com\/fr\/#website","url":"https:\/\/ombrasole.com\/fr\/","name":"Ombrasole","description":"Custom Made Awnings In Montreal, Our Style Makes The Difference","publisher":{"@id":"https:\/\/ombrasole.com\/fr\/#organization"},"potentialAction":[{"@type":"SearchAction","target":{"@type":"EntryPoint","urlTemplate":"https:\/\/ombrasole.com\/fr\/?s={search_term_string}"},"query-input":{"@type":"PropertyValueSpecification","valueRequired":true,"valueName":"search_term_string"}}],"inLanguage":"fr-FR"},{"@type":"Organization","@id":"https:\/\/ombrasole.com\/fr\/#organization","name":"Ombrasole","alternateName":"Ombrasole Awnings","url":"https:\/\/ombrasole.com\/fr\/","logo":{"@type":"ImageObject","inLanguage":"fr-FR","@id":"https:\/\/ombrasole.com\/fr\/#\/schema\/logo\/image\/","url":"https:\/\/ombrasole.com\/wp-content\/uploads\/2024\/01\/Ombrasole_logo_white.png","contentUrl":"https:\/\/ombrasole.com\/wp-content\/uploads\/2024\/01\/Ombrasole_logo_white.png","width":328,"height":90,"caption":"Ombrasole"},"image":{"@id":"https:\/\/ombrasole.com\/fr\/#\/schema\/logo\/image\/"},"sameAs":["https:\/\/www.facebook.com\/ombrasole\/"]}]}},"_links":{"self":[{"href":"https:\/\/ombrasole.com\/fr\/wp-json\/wp\/v2\/pages\/1865","targetHints":{"allow":["GET"]}}],"collection":[{"href":"https:\/\/ombrasole.com\/fr\/wp-json\/wp\/v2\/pages"}],"about":[{"href":"https:\/\/ombrasole.com\/fr\/wp-json\/wp\/v2\/types\/page"}],"author":[{"embeddable":true,"href":"https:\/\/ombrasole.com\/fr\/wp-json\/wp\/v2\/users\/1"}],"replies":[{"embeddable":true,"href":"https:\/\/ombrasole.com\/fr\/wp-json\/wp\/v2\/comments?post=1865"}],"version-history":[{"count":0,"href":"https:\/\/ombrasole.com\/fr\/wp-json\/wp\/v2\/pages\/1865\/revisions"}],"wp:attachment":[{"href":"https:\/\/ombrasole.com\/fr\/wp-json\/wp\/v2\/media?parent=1865"}],"curies":[{"name":"wp","href":"https:\/\/api.w.org\/{rel}","templated":true}]}}