{"id":1862,"date":"2024-01-31T00:18:35","date_gmt":"2024-01-31T00:18:35","guid":{"rendered":"https:\/\/ombrasole.wpenginepowered.com\/bulletin-dinformation\/"},"modified":"2024-12-11T17:25:18","modified_gmt":"2024-12-11T17:25:18","slug":"bulletin-dinformation","status":"publish","type":"page","link":"https:\/\/ombrasole.com\/fr\/bulletin-dinformation\/","title":{"rendered":"Bulletin d&rsquo;information"},"content":{"rendered":"\n<h4>\n\t\tLETTRE D&rsquo;INFORMATION\n\t<\/h4>\n<h1>\n\t\tS&rsquo;abonner \u00e0 notre lettre d&rsquo;information\n\t<\/h1>\n\t<p>Restez \u00e0 l&rsquo;avant-garde dans le domaine des stores : Inscrivez-vous d\u00e8s maintenant pour recevoir des informations et des promotions exclusives de la part d&rsquo;Ombrasole.<\/p>\n\tJe souhaite recevoir des nouvelles et des promotions de la part d&rsquo;auvents Ombrasole.<br \/>\nEn cliquant sur le bouton Soumettre ci-dessus, vous autorisez Ombrasole Inc. \u00e0 stocker et \u00e0 traiter les informations personnelles soumises ci-dessus afin de vous fournir le contenu demand\u00e9\n\n","protected":false},"excerpt":{"rendered":"<p>LETTRE D&rsquo;INFORMATION S&rsquo;abonner \u00e0 notre lettre d&rsquo;information Restez \u00e0 l&rsquo;avant-garde dans le domaine des stores : Inscrivez-vous d\u00e8s maintenant pour recevoir des informations et des promotions exclusives de la part d&rsquo;Ombrasole. Je souhaite recevoir des nouvelles et des promotions de la part d&rsquo;auvents Ombrasole. En cliquant sur le bouton Soumettre ci-dessus, vous autorisez Ombrasole Inc.&hellip;<\/p>\n","protected":false},"author":1,"featured_media":0,"parent":0,"menu_order":0,"comment_status":"closed","ping_status":"closed","template":"","meta":{"footnotes":""},"class_list":["post-1862","page","type-page","status-publish","hentry"],"yoast_head":"<!-- This site is optimized with the Yoast SEO plugin v27.4 - https:\/\/yoast.com\/product\/yoast-seo-wordpress\/ -->\n<title>Infolettre<\/title>\n<meta name=\"robots\" content=\"index, follow, max-snippet:-1, max-image-preview:large, max-video-preview:-1\" \/>\n<link rel=\"canonical\" href=\"https:\/\/ombrasole.com\/fr\/bulletin-dinformation\/\" \/>\n<meta property=\"og:locale\" content=\"fr_FR\" \/>\n<meta property=\"og:type\" content=\"article\" \/>\n<meta property=\"og:title\" content=\"Infolettre\" \/>\n<meta property=\"og:description\" content=\"LETTRE D&rsquo;INFORMATION S&rsquo;abonner \u00e0 notre lettre d&rsquo;information Restez \u00e0 l&rsquo;avant-garde dans le domaine des stores : Inscrivez-vous d\u00e8s maintenant pour recevoir des informations et des promotions exclusives de la part d&rsquo;Ombrasole. Je souhaite recevoir des nouvelles et des promotions de la part d&rsquo;auvents Ombrasole. En cliquant sur le bouton Soumettre ci-dessus, vous autorisez Ombrasole Inc.&hellip;\" \/>\n<meta property=\"og:url\" content=\"https:\/\/ombrasole.com\/fr\/bulletin-dinformation\/\" \/>\n<meta property=\"og:site_name\" content=\"Ombrasole Awnings\" \/>\n<meta property=\"article:publisher\" content=\"https:\/\/www.facebook.com\/ombrasole\/\" \/>\n<meta property=\"article:modified_time\" content=\"2024-12-11T17:25:18+00:00\" \/>\n<meta property=\"og:image\" content=\"https:\/\/ombrasole.com\/wp-content\/uploads\/2024\/03\/Copie-de-Photo-6-of-9-scaled.jpg\" \/>\n\t<meta property=\"og:image:width\" content=\"2560\" \/>\n\t<meta property=\"og:image:height\" content=\"1244\" \/>\n\t<meta property=\"og:image:type\" content=\"image\/jpeg\" \/>\n<meta name=\"twitter:card\" content=\"summary_large_image\" \/>\n<script type=\"application\/ld+json\" class=\"yoast-schema-graph\">{\"@context\":\"https:\\\/\\\/schema.org\",\"@graph\":[{\"@type\":\"WebPage\",\"@id\":\"https:\\\/\\\/ombrasole.com\\\/fr\\\/bulletin-dinformation\\\/\",\"url\":\"https:\\\/\\\/ombrasole.com\\\/fr\\\/bulletin-dinformation\\\/\",\"name\":\"Infolettre\",\"isPartOf\":{\"@id\":\"https:\\\/\\\/ombrasole.com\\\/fr\\\/#website\"},\"datePublished\":\"2024-01-31T00:18:35+00:00\",\"dateModified\":\"2024-12-11T17:25:18+00:00\",\"breadcrumb\":{\"@id\":\"https:\\\/\\\/ombrasole.com\\\/fr\\\/bulletin-dinformation\\\/#breadcrumb\"},\"inLanguage\":\"fr-FR\",\"potentialAction\":[{\"@type\":\"ReadAction\",\"target\":[\"https:\\\/\\\/ombrasole.com\\\/fr\\\/bulletin-dinformation\\\/\"]}]},{\"@type\":\"BreadcrumbList\",\"@id\":\"https:\\\/\\\/ombrasole.com\\\/fr\\\/bulletin-dinformation\\\/#breadcrumb\",\"itemListElement\":[{\"@type\":\"ListItem\",\"position\":1,\"name\":\"Home\",\"item\":\"https:\\\/\\\/ombrasole.com\\\/fr\\\/\"},{\"@type\":\"ListItem\",\"position\":2,\"name\":\"Bulletin d&rsquo;information\"}]},{\"@type\":\"WebSite\",\"@id\":\"https:\\\/\\\/ombrasole.com\\\/fr\\\/#website\",\"url\":\"https:\\\/\\\/ombrasole.com\\\/fr\\\/\",\"name\":\"Ombrasole\",\"description\":\"Custom Made Awnings In Montreal, Our Style Makes The Difference\",\"publisher\":{\"@id\":\"https:\\\/\\\/ombrasole.com\\\/fr\\\/#organization\"},\"potentialAction\":[{\"@type\":\"SearchAction\",\"target\":{\"@type\":\"EntryPoint\",\"urlTemplate\":\"https:\\\/\\\/ombrasole.com\\\/fr\\\/?s={search_term_string}\"},\"query-input\":{\"@type\":\"PropertyValueSpecification\",\"valueRequired\":true,\"valueName\":\"search_term_string\"}}],\"inLanguage\":\"fr-FR\"},{\"@type\":\"Organization\",\"@id\":\"https:\\\/\\\/ombrasole.com\\\/fr\\\/#organization\",\"name\":\"Ombrasole\",\"alternateName\":\"Ombrasole Awnings\",\"url\":\"https:\\\/\\\/ombrasole.com\\\/fr\\\/\",\"logo\":{\"@type\":\"ImageObject\",\"inLanguage\":\"fr-FR\",\"@id\":\"https:\\\/\\\/ombrasole.com\\\/fr\\\/#\\\/schema\\\/logo\\\/image\\\/\",\"url\":\"https:\\\/\\\/ombrasole.com\\\/wp-content\\\/uploads\\\/2024\\\/01\\\/Ombrasole_logo_white.png\",\"contentUrl\":\"https:\\\/\\\/ombrasole.com\\\/wp-content\\\/uploads\\\/2024\\\/01\\\/Ombrasole_logo_white.png\",\"width\":328,\"height\":90,\"caption\":\"Ombrasole\"},\"image\":{\"@id\":\"https:\\\/\\\/ombrasole.com\\\/fr\\\/#\\\/schema\\\/logo\\\/image\\\/\"},\"sameAs\":[\"https:\\\/\\\/www.facebook.com\\\/ombrasole\\\/\"]}]}<\/script>\n<!-- \/ Yoast SEO plugin. -->","yoast_head_json":{"title":"Infolettre","robots":{"index":"index","follow":"follow","max-snippet":"max-snippet:-1","max-image-preview":"max-image-preview:large","max-video-preview":"max-video-preview:-1"},"canonical":"https:\/\/ombrasole.com\/fr\/bulletin-dinformation\/","og_locale":"fr_FR","og_type":"article","og_title":"Infolettre","og_description":"LETTRE D&rsquo;INFORMATION S&rsquo;abonner \u00e0 notre lettre d&rsquo;information Restez \u00e0 l&rsquo;avant-garde dans le domaine des stores : Inscrivez-vous d\u00e8s maintenant pour recevoir des informations et des promotions exclusives de la part d&rsquo;Ombrasole. Je souhaite recevoir des nouvelles et des promotions de la part d&rsquo;auvents Ombrasole. En cliquant sur le bouton Soumettre ci-dessus, vous autorisez Ombrasole Inc.&hellip;","og_url":"https:\/\/ombrasole.com\/fr\/bulletin-dinformation\/","og_site_name":"Ombrasole Awnings","article_publisher":"https:\/\/www.facebook.com\/ombrasole\/","article_modified_time":"2024-12-11T17:25:18+00:00","og_image":[{"width":2560,"height":1244,"url":"https:\/\/ombrasole.com\/wp-content\/uploads\/2024\/03\/Copie-de-Photo-6-of-9-scaled.jpg","type":"image\/jpeg"}],"twitter_card":"summary_large_image","schema":{"@context":"https:\/\/schema.org","@graph":[{"@type":"WebPage","@id":"https:\/\/ombrasole.com\/fr\/bulletin-dinformation\/","url":"https:\/\/ombrasole.com\/fr\/bulletin-dinformation\/","name":"Infolettre","isPartOf":{"@id":"https:\/\/ombrasole.com\/fr\/#website"},"datePublished":"2024-01-31T00:18:35+00:00","dateModified":"2024-12-11T17:25:18+00:00","breadcrumb":{"@id":"https:\/\/ombrasole.com\/fr\/bulletin-dinformation\/#breadcrumb"},"inLanguage":"fr-FR","potentialAction":[{"@type":"ReadAction","target":["https:\/\/ombrasole.com\/fr\/bulletin-dinformation\/"]}]},{"@type":"BreadcrumbList","@id":"https:\/\/ombrasole.com\/fr\/bulletin-dinformation\/#breadcrumb","itemListElement":[{"@type":"ListItem","position":1,"name":"Home","item":"https:\/\/ombrasole.com\/fr\/"},{"@type":"ListItem","position":2,"name":"Bulletin d&rsquo;information"}]},{"@type":"WebSite","@id":"https:\/\/ombrasole.com\/fr\/#website","url":"https:\/\/ombrasole.com\/fr\/","name":"Ombrasole","description":"Custom Made Awnings In Montreal, Our Style Makes The Difference","publisher":{"@id":"https:\/\/ombrasole.com\/fr\/#organization"},"potentialAction":[{"@type":"SearchAction","target":{"@type":"EntryPoint","urlTemplate":"https:\/\/ombrasole.com\/fr\/?s={search_term_string}"},"query-input":{"@type":"PropertyValueSpecification","valueRequired":true,"valueName":"search_term_string"}}],"inLanguage":"fr-FR"},{"@type":"Organization","@id":"https:\/\/ombrasole.com\/fr\/#organization","name":"Ombrasole","alternateName":"Ombrasole Awnings","url":"https:\/\/ombrasole.com\/fr\/","logo":{"@type":"ImageObject","inLanguage":"fr-FR","@id":"https:\/\/ombrasole.com\/fr\/#\/schema\/logo\/image\/","url":"https:\/\/ombrasole.com\/wp-content\/uploads\/2024\/01\/Ombrasole_logo_white.png","contentUrl":"https:\/\/ombrasole.com\/wp-content\/uploads\/2024\/01\/Ombrasole_logo_white.png","width":328,"height":90,"caption":"Ombrasole"},"image":{"@id":"https:\/\/ombrasole.com\/fr\/#\/schema\/logo\/image\/"},"sameAs":["https:\/\/www.facebook.com\/ombrasole\/"]}]}},"_links":{"self":[{"href":"https:\/\/ombrasole.com\/fr\/wp-json\/wp\/v2\/pages\/1862","targetHints":{"allow":["GET"]}}],"collection":[{"href":"https:\/\/ombrasole.com\/fr\/wp-json\/wp\/v2\/pages"}],"about":[{"href":"https:\/\/ombrasole.com\/fr\/wp-json\/wp\/v2\/types\/page"}],"author":[{"embeddable":true,"href":"https:\/\/ombrasole.com\/fr\/wp-json\/wp\/v2\/users\/1"}],"replies":[{"embeddable":true,"href":"https:\/\/ombrasole.com\/fr\/wp-json\/wp\/v2\/comments?post=1862"}],"version-history":[{"count":0,"href":"https:\/\/ombrasole.com\/fr\/wp-json\/wp\/v2\/pages\/1862\/revisions"}],"wp:attachment":[{"href":"https:\/\/ombrasole.com\/fr\/wp-json\/wp\/v2\/media?parent=1862"}],"curies":[{"name":"wp","href":"https:\/\/api.w.org\/{rel}","templated":true}]}}